{"id":919,"date":"2025-08-27T16:05:43","date_gmt":"2025-08-27T08:05:43","guid":{"rendered":"https:\/\/corn-machines.com\/?post_type=product&#038;p=919"},"modified":"2025-09-05T17:02:32","modified_gmt":"2025-09-05T09:02:32","slug":"stainless-steel-milling-machine","status":"publish","type":"product","link":"https:\/\/corn-machines.com\/es\/product\/stainless-steel-milling-machine\/","title":{"rendered":"Fresadora de acero inoxidable"},"content":{"rendered":"<p class=\"translation-block\">La <strong>m\u00e1quina de molienda de acero inoxidable<\/strong> est\u00e1 dise\u00f1ada para moler diversos granos en polvo fino. El producto terminado t\u00edpicamente tiene un tama\u00f1o de part\u00edcula de 20-120 mallas. Es vers\u00e1til y puede utilizarse para procesar ma\u00edz, trigo, especias, granos de caf\u00e9, chiles y m\u00e1s.<\/p>    <p>Nuestro molino de ma\u00edz es f\u00e1cil de operar y altamente eficiente, con una capacidad m\u00e1xima de 1500 kg\/h. Por lo tanto, es popular en varios pa\u00edses. Ha sido exportado a pa\u00edses como Nigeria e India. Si est\u00e1 buscando un molino de granos, cont\u00e1ctenos y le proporcionaremos el mejor precio y la mayor calidad.<\/p>    <figure class=\"wp-block-embed is-type-video is-provider-youtube wp-block-embed-youtube wp-embed-aspect-16-9 wp-has-aspect-ratio\"><div class=\"wp-block-embed__wrapper\"> <iframe loading=\"lazy\" title=\"Mejor m\u00e1quina de molienda de acero inoxidable y \u00bfc\u00f3mo funciona la m\u00e1quina de molienda de acero inoxidable?#molienda\" width=\"500\" height=\"281\" src=\"https:\/\/www.youtube.com\/embed\/djN5FJNMrys?feature=oembed\" frameborder=\"0\" allow=\"accelerometer; autoplay; clipboard-write; encrypted-media; gyroscope; picture-in-picture; web-share\" referrerpolicy=\"strict-origin-when-cross-origin\" allowfullscreen><\/iframe> <\/div><figcaption class=\"wp-element-caption\">proceso de trabajo del molino de molienda de acero inoxidable<\/figcaption><\/figure>    <h2 class=\"wp-block-heading\"><strong>Ventajas del molino de acero inoxidable<\/strong><\/h2>    <ul class=\"wp-block-list\"> <li>La producci\u00f3n m\u00e1xima de la m\u00e1quina de molienda de acero inoxidable puede alcanzar <strong>1500kg\/h<\/strong>. Es adecuado para la producci\u00f3n en todas las escalas, y puede elegir el modelo que se adapte a sus necesidades.<\/li>    <li>El tama\u00f1o de part\u00edcula del producto terminado se mantiene estable en <strong>malla 20-120<\/strong>, cubriendo necesidades de molienda gruesa a fina. Puede ajustarla seg\u00fan las necesidades de diferentes escenarios.<\/li>    <li>El molino de harina de ma\u00edz Taizy tiene un<strong> amplio rango de aplicaciones<\/strong>. It can process corn, chili peppers, coffee beans, ginger, and beans, achieving &#8220;one machine, multiple uses.&#8221; <\/li>    <li>Nuestro molinillo de acero inoxidable est\u00e1 hecho de un material estable que no reacciona con los ingredientes alimentarios, cumple con los est\u00e1ndares de calidad alimentaria y garantiza la seguridad. Tambi\u00e9n es resistente a la corrosi\u00f3n, por lo que tiene un <strong>larga vida \u00fatil<\/strong>.<\/li> <\/ul>    <figure class=\"wp-block-gallery has-nested-images columns-default is-cropped wp-block-gallery-2 is-layout-flex wp-block-gallery-is-layout-flex\"> <figure class=\"wp-block-image size-large\"><img loading=\"lazy\" decoding=\"async\" width=\"720\" height=\"540\" data-id=\"920\" src=\"https:\/\/corn-machines.com\/wp-content\/uploads\/2025\/08\/stainless-steel-grinding-machine.webp\" alt=\"m\u00e1quina de molienda de acero inoxidable\" class=\"wp-image-920\" srcset=\"https:\/\/corn-machines.com\/wp-content\/uploads\/2025\/08\/stainless-steel-grinding-machine.webp 720w, https:\/\/corn-machines.com\/wp-content\/uploads\/2025\/08\/stainless-steel-grinding-machine-300x225.webp 300w, https:\/\/corn-machines.com\/wp-content\/uploads\/2025\/08\/stainless-steel-grinding-machine-16x12.webp 16w\" sizes=\"auto, (max-width: 720px) 100vw, 720px\" \/><figcaption class=\"wp-element-caption\">m\u00e1quina de molienda de acero inoxidable<\/figcaption><\/figure>    <figure class=\"wp-block-image size-large\"><img loading=\"lazy\" decoding=\"async\" width=\"720\" height=\"540\" data-id=\"921\" src=\"https:\/\/corn-machines.com\/wp-content\/uploads\/2025\/08\/detail-of-corn-milling-machine.webp\" alt=\"detalle de la m\u00e1quina de molienda de ma\u00edz\" class=\"wp-image-921\" srcset=\"https:\/\/corn-machines.com\/wp-content\/uploads\/2025\/08\/detail-of-corn-milling-machine.webp 720w, https:\/\/corn-machines.com\/wp-content\/uploads\/2025\/08\/detail-of-corn-milling-machine-300x225.webp 300w, https:\/\/corn-machines.com\/wp-content\/uploads\/2025\/08\/detail-of-corn-milling-machine-16x12.webp 16w\" sizes=\"auto, (max-width: 720px) 100vw, 720px\" \/><figcaption class=\"wp-element-caption\">detalle de la m\u00e1quina de molienda de ma\u00edz<\/figcaption><\/figure> <\/figure>    <h2 class=\"wp-block-heading\"><strong>Tipos y par\u00e1metros del molino de acero inoxidable<\/strong><\/h2>    <p>Para satisfacer las necesidades de diferentes clientes, ofrecemos dos tipos de molinos de harina de granos: molino de harina de acero inoxidable y molino peque\u00f1o de acero inoxidable. Las im\u00e1genes y los par\u00e1metros de estos dos tipos son los siguientes:<\/p>    <p class=\"translation-block\"><strong>Molino de harina de acero inoxidable<\/strong><\/p>    <p>Esta m\u00e1quina tiene cinco modelos: 15B, 20B, 30B, 40B y 50B. Sus par\u00e1metros espec\u00edficos son los siguientes:<\/p>    <figure class=\"wp-block-table\"><table class=\"has-fixed-layout\"><tbody><tr><td>Modelo<\/td><td>15B<\/td><td>20B<\/td><td>30B<\/td><td>40B<\/td><td>50B<\/td><\/tr><tr><td>Material<\/td><td>SUS 304<\/td><td>SUS 304<\/td><td>SUS 304<\/td><td>SUS 304<\/td><td>SUS 304<\/td><\/tr><tr><td>Fuerza<\/td><td>2,2 kw<\/td><td>4kw<\/td><td>7,5 kw<\/td><td>11kw<\/td><td>18,5kw<\/td><\/tr><tr><td>Velocidad de rotaci\u00f3n<\/td><td>6000r\/m<\/td><td>4500r\/m<\/td><td>3800r\/m<\/td><td>3400r\/m<\/td><td>3200r\/m<\/td><\/tr><tr><td>Tama\u00f1o del material<\/td><td>&lt;8mm<\/td><td>&lt;8mm<\/td><td>&lt;10mm<\/td><td>&lt;12mm<\/td><td>&lt;14mm<\/td><\/tr><tr><td>Capacidad<\/td><td>10-60kg\/h<\/td><td>60-150kg\/h<\/td><td>100-300kg\/h<\/td><td>160-800kg\/h<\/td><td>500-1500kg\/h<\/td><\/tr><tr><td>Finura<\/td><td>20-120 mallas<\/td><td>20-120 mallas<\/td><td>20-120 mallas<\/td><td>20-120 mallas<\/td><td>20-120 mallas<\/td><\/tr><tr><td>Peso<\/td><td>150 kilos<\/td><td>280kg<\/td><td>340kg<\/td><td>450kg<\/td><td>530kg<\/td><\/tr><\/tbody><\/table><figcaption class=\"wp-element-caption\">par\u00e1metros del molino de harina de acero inoxidable <\/figcaption><\/figure>   <div class=\"wp-block-image\"> <figure class=\"aligncenter size-full\"><img loading=\"lazy\" decoding=\"async\" width=\"720\" height=\"540\" src=\"https:\/\/corn-machines.com\/wp-content\/uploads\/2025\/08\/stainless-steel-milling-machine.webp\" alt=\"molino de acero inoxidable\" class=\"wp-image-922\" srcset=\"https:\/\/corn-machines.com\/wp-content\/uploads\/2025\/08\/stainless-steel-milling-machine.webp 720w, https:\/\/corn-machines.com\/wp-content\/uploads\/2025\/08\/stainless-steel-milling-machine-300x225.webp 300w, https:\/\/corn-machines.com\/wp-content\/uploads\/2025\/08\/stainless-steel-milling-machine-16x12.webp 16w\" sizes=\"auto, (max-width: 720px) 100vw, 720px\" \/><figcaption class=\"wp-element-caption\">molino de acero inoxidable<\/figcaption><\/figure> <\/div>   <p class=\"translation-block\"><strong>Molino peque\u00f1o de acero inoxidable<\/strong><\/p>    <p>Esta m\u00e1quina tiene tres modelos: HAO-1200, HAO-2200 y HAO-3000. Los par\u00e1metros espec\u00edficos son los siguientes:<\/p>    <figure class=\"wp-block-table\"><table class=\"has-fixed-layout\"><tbody><tr><td>Modelo<\/td><td>HAO-1200<\/td><td>HAO-2200<\/td><td>HAO-3000<\/td><\/tr><tr><td>Fuerza<\/td><td>1,1kw<\/td><td>2,2 kw<\/td><td>3kw<\/td><\/tr><tr><td>Velocidad de rotaci\u00f3n<\/td><td>1400r\/m<\/td><td>1420r\/m<\/td><td>1420r\/m<\/td><\/tr><tr><td>Capacidad<\/td><td>15-40kg\/h<\/td><td>30-50kg\/h<\/td><td>30-60kg\/h<\/td><\/tr><tr><td>Finura<\/td><td>50-200 mallas<\/td><td>50-200 mallas<\/td><td>50-200 mallas<\/td><\/tr><tr><td>Tama\u00f1o de la m\u00e1quina<\/td><td>47*22*34cm<\/td><td>55*28*41cm<\/td><td>60*30*46cm<\/td><\/tr><tr><td>Peso de la m\u00e1quina<\/td><td>30kg<\/td><td>40kg<\/td><td>48kg<\/td><\/tr><\/tbody><\/table><figcaption class=\"wp-element-caption\">par\u00e1metros del molino peque\u00f1o de acero<\/figcaption><\/figure>   <div class=\"wp-block-image\"> <figure class=\"aligncenter size-full\"><img loading=\"lazy\" decoding=\"async\" width=\"720\" height=\"540\" src=\"https:\/\/corn-machines.com\/wp-content\/uploads\/2025\/08\/Small-stainless-steel-milling-machine.webp\" alt=\"molino peque\u00f1o de acero inoxidable\" class=\"wp-image-923\" srcset=\"https:\/\/corn-machines.com\/wp-content\/uploads\/2025\/08\/Small-stainless-steel-milling-machine.webp 720w, https:\/\/corn-machines.com\/wp-content\/uploads\/2025\/08\/Small-stainless-steel-milling-machine-300x225.webp 300w, https:\/\/corn-machines.com\/wp-content\/uploads\/2025\/08\/Small-stainless-steel-milling-machine-16x12.webp 16w\" sizes=\"auto, (max-width: 720px) 100vw, 720px\" \/><figcaption class=\"wp-element-caption\">molino peque\u00f1o de acero inoxidable<\/figcaption><\/figure> <\/div>   <h2 class=\"wp-block-heading\"><strong>Estructura del molino de granos<\/strong><\/h2>    <div class=\"wp-block-media-text is-stacked-on-mobile\"><figure class=\"wp-block-media-text__media\"><img loading=\"lazy\" decoding=\"async\" width=\"540\" height=\"720\" src=\"https:\/\/corn-machines.com\/wp-content\/uploads\/2025\/08\/stainless-steel-grinding-mill.webp\" alt=\"molino de molienda de acero inoxidable\" class=\"wp-image-924 size-full\" srcset=\"https:\/\/corn-machines.com\/wp-content\/uploads\/2025\/08\/stainless-steel-grinding-mill.webp 540w, https:\/\/corn-machines.com\/wp-content\/uploads\/2025\/08\/stainless-steel-grinding-mill-225x300.webp 225w, https:\/\/corn-machines.com\/wp-content\/uploads\/2025\/08\/stainless-steel-grinding-mill-9x12.webp 9w\" sizes=\"auto, (max-width: 540px) 100vw, 540px\" \/><\/figure><div class=\"wp-block-media-text__content\"> <p>La estructura general del molino de acero inoxidable es muy simple, consta de los siguientes componentes principales:<\/p>    <ul class=\"wp-block-list\"> <li>Entrada<\/li>    <li>Ajuste de velocidad<\/li>    <li>Cavidad de trituraci\u00f3n<\/li>    <li>Tuerca suelta<\/li>    <li>Bot\u00f3n de interruptor<\/li>    <li>Salida<\/li> <\/ul> <\/div><\/div>    <h2 class=\"wp-block-heading\"><strong>Principio de funcionamiento del molino de granos<\/strong><\/h2>    <p>Este pulverizador utiliza el movimiento relativo entre un disco dentado m\u00f3vil y uno fijo para pulverizar el material a trav\u00e9s del impacto, cizallamiento, fricci\u00f3n y colisi\u00f3n de los dientes. El material pulverizado se descarga directamente de la c\u00e1mara de pulverizaci\u00f3n.<\/p>    <p>El tama\u00f1o de part\u00edcula final del producto de esta m\u00e1quina est\u00e1 determinado por el tamiz, que se puede cambiar para adaptarlo al tama\u00f1o de part\u00edcula deseado.<\/p>    <figure class=\"wp-block-gallery has-nested-images columns-default is-cropped wp-block-gallery-3 is-layout-flex wp-block-gallery-is-layout-flex\"> <figure class=\"wp-block-image size-full\"><img loading=\"lazy\" decoding=\"async\" width=\"540\" height=\"720\" data-id=\"934\" src=\"https:\/\/corn-machines.com\/wp-content\/uploads\/2025\/08\/\u56fe\u7247\u6587\u5b57\u4fee\u6539-tuya_\u7ed3\u679c.webp\" alt=\"detalle de la m\u00e1quina de molino de harina de acero inoxidable\" class=\"wp-image-934\" srcset=\"https:\/\/corn-machines.com\/wp-content\/uploads\/2025\/08\/\u56fe\u7247\u6587\u5b57\u4fee\u6539-tuya_\u7ed3\u679c.webp 540w, https:\/\/corn-machines.com\/wp-content\/uploads\/2025\/08\/\u56fe\u7247\u6587\u5b57\u4fee\u6539-tuya_\u7ed3\u679c-225x300.webp 225w, https:\/\/corn-machines.com\/wp-content\/uploads\/2025\/08\/\u56fe\u7247\u6587\u5b57\u4fee\u6539-tuya_\u7ed3\u679c-9x12.webp 9w\" sizes=\"auto, (max-width: 540px) 100vw, 540px\" \/><figcaption class=\"wp-element-caption\">detalle de la m\u00e1quina de molino de harina de acero inoxidable<\/figcaption><\/figure>    <figure class=\"wp-block-image size-large\"><img loading=\"lazy\" decoding=\"async\" width=\"540\" height=\"720\" data-id=\"925\" src=\"https:\/\/corn-machines.com\/wp-content\/uploads\/2025\/08\/detail-of-small-grain-milling-machine.webp\" alt=\"detalle del molino de granos peque\u00f1o\" class=\"wp-image-925\" srcset=\"https:\/\/corn-machines.com\/wp-content\/uploads\/2025\/08\/detail-of-small-grain-milling-machine.webp 540w, https:\/\/corn-machines.com\/wp-content\/uploads\/2025\/08\/detail-of-small-grain-milling-machine-225x300.webp 225w, https:\/\/corn-machines.com\/wp-content\/uploads\/2025\/08\/detail-of-small-grain-milling-machine-9x12.webp 9w\" sizes=\"auto, (max-width: 540px) 100vw, 540px\" \/><figcaption class=\"wp-element-caption\">detalles del molino de granos peque\u00f1o<\/figcaption><\/figure>    <figure class=\"wp-block-image size-large\"><img loading=\"lazy\" decoding=\"async\" width=\"540\" height=\"720\" data-id=\"926\" src=\"https:\/\/corn-machines.com\/wp-content\/uploads\/2025\/08\/sieve-of-stainless-steel-small-mill.webp\" alt=\"tamiz del molino peque\u00f1o de acero inoxidable\" class=\"wp-image-926\" srcset=\"https:\/\/corn-machines.com\/wp-content\/uploads\/2025\/08\/sieve-of-stainless-steel-small-mill.webp 540w, https:\/\/corn-machines.com\/wp-content\/uploads\/2025\/08\/sieve-of-stainless-steel-small-mill-225x300.webp 225w, https:\/\/corn-machines.com\/wp-content\/uploads\/2025\/08\/sieve-of-stainless-steel-small-mill-9x12.webp 9w\" sizes=\"auto, (max-width: 540px) 100vw, 540px\" \/><figcaption class=\"wp-element-caption\">tamiz del molino peque\u00f1o de acero inoxidable<\/figcaption><\/figure> <\/figure>    <h2 class=\"wp-block-heading\"><strong>Aplicaci\u00f3n de la m\u00e1quina molinillo de acero inoxidable<\/strong><\/h2>    <p>El molino de acero inoxidable Taizy tiene una amplia gama de aplicaciones, como granos de caf\u00e9, jengibre, granos de pimienta, soja, chiles, hierbas, etc.<\/p>    <figure class=\"wp-block-gallery has-nested-images columns-default is-cropped wp-block-gallery-4 is-layout-flex wp-block-gallery-is-layout-flex\"> <figure class=\"wp-block-image size-large\"><img loading=\"lazy\" decoding=\"async\" width=\"720\" height=\"540\" data-id=\"930\" src=\"https:\/\/corn-machines.com\/wp-content\/uploads\/2025\/08\/application-of-stainless-steel-flour-mill-machine.webp\" alt=\"aplicaci\u00f3n de la m\u00e1quina de molino de harina de acero inoxidable\" class=\"wp-image-930\" srcset=\"https:\/\/corn-machines.com\/wp-content\/uploads\/2025\/08\/application-of-stainless-steel-flour-mill-machine.webp 720w, https:\/\/corn-machines.com\/wp-content\/uploads\/2025\/08\/application-of-stainless-steel-flour-mill-machine-300x225.webp 300w, https:\/\/corn-machines.com\/wp-content\/uploads\/2025\/08\/application-of-stainless-steel-flour-mill-machine-16x12.webp 16w\" sizes=\"auto, (max-width: 720px) 100vw, 720px\" \/><figcaption class=\"wp-element-caption\">aplicaci\u00f3n de la m\u00e1quina de molino de harina de acero inoxidable<\/figcaption><\/figure>    <figure class=\"wp-block-image size-large\"><img loading=\"lazy\" decoding=\"async\" width=\"720\" height=\"540\" data-id=\"931\" src=\"https:\/\/corn-machines.com\/wp-content\/uploads\/2025\/08\/application-of-stainless-steel-milling-machine.webp\" alt=\"aplicaci\u00f3n de la m\u00e1quina de molienda de acero inoxidable\" class=\"wp-image-931\" srcset=\"https:\/\/corn-machines.com\/wp-content\/uploads\/2025\/08\/application-of-stainless-steel-milling-machine.webp 720w, https:\/\/corn-machines.com\/wp-content\/uploads\/2025\/08\/application-of-stainless-steel-milling-machine-300x225.webp 300w, https:\/\/corn-machines.com\/wp-content\/uploads\/2025\/08\/application-of-stainless-steel-milling-machine-16x12.webp 16w\" sizes=\"auto, (max-width: 720px) 100vw, 720px\" \/><figcaption class=\"wp-element-caption\">aplicaci\u00f3n de la m\u00e1quina de molienda de acero inoxidable<\/figcaption><\/figure> <\/figure>    <h2 class=\"wp-block-heading\"><strong>\u00bfCu\u00e1l es el precio del molino de ma\u00edz?<\/strong><\/h2>    <p>Ofrecemos una variedad de modelos de molinos de granos y ma\u00edz. Varios factores determinan el precio del molino de granos.<\/p>    <ul class=\"wp-block-list\"> <li>Primero, el modelo de la m\u00e1quina. Los diferentes modelos producen diferentes niveles de finura del producto terminado y eficiencia de procesamiento, lo que resulta en variaciones de precio.<\/li>    <li>Segundo, los accesorios de la m\u00e1quina. Por ejemplo, si necesita comprar piezas consumibles adicionales (como tamices) o equipos auxiliares (como dispositivos de manipulaci\u00f3n de materiales). En ese caso, los costos de los accesorios correspondientes se agregar\u00e1n al precio base.<\/li>    <li>Adem\u00e1s, el pa\u00eds de destino. Esto se relaciona principalmente con las tarifas de flete mar\u00edtimo internacional, que var\u00edan seg\u00fan el destino y afectan directamente el precio total de la m\u00e1quina.<\/li> <\/ul>    <figure class=\"wp-block-gallery has-nested-images columns-default is-cropped wp-block-gallery-5 is-layout-flex wp-block-gallery-is-layout-flex\"> <figure class=\"wp-block-image size-large\"><img loading=\"lazy\" decoding=\"async\" width=\"540\" height=\"720\" data-id=\"928\" src=\"https:\/\/corn-machines.com\/wp-content\/uploads\/2025\/08\/stainless-steel-grinder-machine.webp\" alt=\"m\u00e1quina molinillo de acero inoxidable\" class=\"wp-image-928\" srcset=\"https:\/\/corn-machines.com\/wp-content\/uploads\/2025\/08\/stainless-steel-grinder-machine.webp 540w, https:\/\/corn-machines.com\/wp-content\/uploads\/2025\/08\/stainless-steel-grinder-machine-225x300.webp 225w, https:\/\/corn-machines.com\/wp-content\/uploads\/2025\/08\/stainless-steel-grinder-machine-9x12.webp 9w\" sizes=\"auto, (max-width: 540px) 100vw, 540px\" \/><figcaption class=\"wp-element-caption\">m\u00e1quina molinillo de acero inoxidable<\/figcaption><\/figure>    <figure class=\"wp-block-image size-large\"><img loading=\"lazy\" decoding=\"async\" width=\"540\" height=\"720\" data-id=\"929\" src=\"https:\/\/corn-machines.com\/wp-content\/uploads\/2025\/08\/stainless-steel-small-mill.webp\" alt=\"molino peque\u00f1o de acero inoxidable\" class=\"wp-image-929\" srcset=\"https:\/\/corn-machines.com\/wp-content\/uploads\/2025\/08\/stainless-steel-small-mill.webp 540w, https:\/\/corn-machines.com\/wp-content\/uploads\/2025\/08\/stainless-steel-small-mill-225x300.webp 225w, https:\/\/corn-machines.com\/wp-content\/uploads\/2025\/08\/stainless-steel-small-mill-9x12.webp 9w\" sizes=\"auto, (max-width: 540px) 100vw, 540px\" \/><figcaption class=\"wp-element-caption\">molino peque\u00f1o de acero inoxidable<\/figcaption><\/figure> <\/figure>    <h2 class=\"wp-block-heading\"><strong>\u00bfPor qu\u00e9 elegirnos como su proveedor?<\/strong><\/h2>    <p class=\"translation-block\">Taizy es una empresa especializada en equipos para el procesamiento de productos agr\u00edcolas. Ofrecemos una gama completa de m\u00e1quinas, incluyendo m\u00e1quina de molienda de acero inoxidable, <a href=\"https:\/\/corn-machines.com\/es\/product\/mini-corn-harvesting-machine-maize-picker-machine\/\">cosechadora de ma\u00edz<\/a>, <a href=\"https:\/\/corn-machines.com\/es\/product\/grain-dryer\/\">secador de ma\u00edz<\/a>, <a href=\"https:\/\/corn-machines.com\/es\/product\/fresh-corn-thresher-sweet-corn-sheller\/\">desgranadora de ma\u00edz<\/a>, y <a href=\"https:\/\/corn-machines.com\/es\/product\/corn-grits-machine\/\">m\u00e1quina de molienda de s\u00e9mola de ma\u00edz<\/a>. <\/p>    <p>Ofrecemos un servicio integral para nuestros clientes. Nuestros clientes abarcan todo el mundo, con nuestro mayor volumen de ventas de equipos para el procesamiento de ma\u00edz en pa\u00edses como Italia, Bangladesh, Turqu\u00eda, Dub\u00e1i, Estados Unidos, Nigeria y Ecuador. Hemos recibido elogios un\u00e1nimes de nuestros clientes.<\/p>    <p> Si hay alguna m\u00e1quina que te interese, cont\u00e1ctanos ahora y te proporcionaremos el mejor servicio y la soluci\u00f3n m\u00e1s eficaz.<\/p>","protected":false},"excerpt":{"rendered":"<p>Este art\u00edculo presenta principalmente la fresadora de acero inoxidable, incluidas sus funciones, ventajas, modelos, etc. La introducci\u00f3n integral proporciona una referencia para los clientes que la necesiten.<\/p>","protected":false},"author":1,"featured_media":933,"parent":0,"template":"","tags":[42,76,43],"product-type":[5],"class_list":["post-919","product","type-product","status-publish","has-post-thumbnail","hentry","tag-corn","tag-corn-milling","tag-maize","product-type-maize-grits-milling-machine"],"_links":{"self":[{"href":"https:\/\/corn-machines.com\/es\/wp-json\/wp\/v2\/product\/919","targetHints":{"allow":["GET"]}}],"collection":[{"href":"https:\/\/corn-machines.com\/es\/wp-json\/wp\/v2\/product"}],"about":[{"href":"https:\/\/corn-machines.com\/es\/wp-json\/wp\/v2\/types\/product"}],"author":[{"embeddable":true,"href":"https:\/\/corn-machines.com\/es\/wp-json\/wp\/v2\/users\/1"}],"wp:featuredmedia":[{"embeddable":true,"href":"https:\/\/corn-machines.com\/es\/wp-json\/wp\/v2\/media\/933"}],"wp:attachment":[{"href":"https:\/\/corn-machines.com\/es\/wp-json\/wp\/v2\/media?parent=919"}],"wp:term":[{"taxonomy":"post_tag","embeddable":true,"href":"https:\/\/corn-machines.com\/es\/wp-json\/wp\/v2\/tags?post=919"},{"taxonomy":"product-type","embeddable":true,"href":"https:\/\/corn-machines.com\/es\/wp-json\/wp\/v2\/product-type?post=919"}],"curies":[{"name":"wp","href":"https:\/\/api.w.org\/{rel}","templated":true}]}}