{"id":877,"date":"2025-08-21T15:12:18","date_gmt":"2025-08-21T07:12:18","guid":{"rendered":"https:\/\/corn-machines.com\/?post_type=product&#038;p=877"},"modified":"2025-08-29T16:05:41","modified_gmt":"2025-08-29T08:05:41","slug":"corn-cutter-machine","status":"publish","type":"product","link":"https:\/\/corn-machines.com\/es\/product\/corn-cutter-machine\/","title":{"rendered":"M\u00e1quina cortadora de ma\u00edz autom\u00e1tica"},"content":{"rendered":"<p class=\"translation-block\">El <strong>cortador de ma\u00edz<\/strong><span style=\"margin: 0px;padding: 0px\"><strong>m\u00e1quina<\/strong> puede<\/span> eliminar r\u00e1pidamente la cabeza y la cola del ma\u00edz. Tiene alta eficiencia y puede procesar ma\u00edz a una velocidad de 3000-5000 mazorcas por hora. La longitud del ma\u00edz procesado se puede personalizar de acuerdo a sus necesidades, y la longitud m\u00e1s corta es de 15cm.<\/p>    <p>El ma\u00edz al que se le ha quitado la cabeza y la cola se puede procesar en alimentos o vender directamente como ingrediente. Por lo tanto, el eliminador de cabeza y cola de ma\u00edz es popular tanto en la industria agr\u00edcola como en la alimentaria. Se ha exportado a la India, Nigeria y otros pa\u00edses y ha recibido elogios un\u00e1nimes. Si necesita la m\u00e1quina cortadora de ma\u00edz, cont\u00e1ctenos ahora para obtener m\u00e1s informaci\u00f3n.<\/p>    <figure class=\"wp-block-embed is-type-video is-provider-youtube wp-block-embed-youtube wp-embed-aspect-16-9 wp-has-aspect-ratio\"><div class=\"wp-block-embed__wrapper\"> <iframe loading=\"lazy\" title=\"\ud83c\udf3d\ud83c\udf3dM\u00e1quina Cortadora de Ma\u00edz M\u00e1s Vendida | \u00bfC\u00f3mo Funciona la M\u00e1quina para Quitar la Cabeza y la Cola del Ma\u00edz Fresco?#corn\" width=\"500\" height=\"281\" src=\"https:\/\/www.youtube.com\/embed\/Tr77gb29nc8?feature=oembed\" frameborder=\"0\" allow=\"accelerometer; autoplay; clipboard-write; encrypted-media; gyroscope; picture-in-picture; web-share\" referrerpolicy=\"strict-origin-when-cross-origin\" allowfullscreen><\/iframe> <\/div><figcaption class=\"wp-element-caption\">video de trabajo de la m\u00e1quina para quitar la cabeza y la cola del ma\u00edz<\/figcaption><\/figure>    <h2 class=\"wp-block-heading\"><strong>Ventajas de la m\u00e1quina para quitar la cabeza y la cola del ma\u00edz<\/strong><\/h2>    <ul class=\"wp-block-list\"> <li>El cuerpo del congelado <strong>m\u00e1quina cortadora de ma\u00edz<\/strong> est\u00e1 hecho de <strong>Acero inoxidable 304<\/strong>, que <span style=\"box-sizing: border-box; margin: 0px; padding: 0px;\">ofrece una fuerte resistencia a la corrosi\u00f3n y resistencia al desgaste<\/span>e, resultando en una vida \u00fatil m\u00e1s larga para el equipo.<\/li>    <li>Tiene <strong>fuerte aplicabilidad<\/strong> y puede manejar materias primas en diferentes estados, como ma\u00edz sin c\u00e1scara, ma\u00edz congelado y ma\u00edz fresco, sin tratamiento previo adicional (como descongelar y pelar), reduciendo el proceso y mejorando la eficiencia del procesamiento.<\/li>    <li>Nuestra m\u00e1quina de corte de ma\u00edz <strong>soporta ajuste de longitud del ma\u00edz<\/strong>. Puede remover con precisi\u00f3n la cabeza y la cola seg\u00fan los requisitos del procesamiento, reduciendo el desperdicio de materia prima y asegurando la consistencia del producto final.<\/li>    <li>La m\u00e1quina de corte de ma\u00edz Taziy reemplaza la eliminaci\u00f3n manual de la cabeza y la cola, en gran medida<strong> mejora la velocidad de procesamiento y reduce los costos laborales<\/strong>. Es especialmente adecuado para escenarios de producci\u00f3n a gran escala y en masa (como enlatadoras y f\u00e1bricas de alimentos congelados r\u00e1pidos).<\/li>    <li>La m\u00e1quina de eliminaci\u00f3n de cabeza y cola de ma\u00edz tiene un <strong>fuerte combinaci\u00f3n<\/strong>, y puede ser utilizada con otros equipos de procesamiento (como el <a href=\"https:\/\/corn-machines.com\/es\/product\/sweet-corn-cutter-machine\/\">m\u00e1quina cortadora de ma\u00edz dulce<\/a>, m\u00e1quina de envasado), que puede mejorar mejor la capacidad de producci\u00f3n general.<\/li> <\/ul>   <div class=\"wp-block-image\"> <figure class=\"aligncenter size-full\"><img loading=\"lazy\" decoding=\"async\" width=\"720\" height=\"540\" src=\"https:\/\/corn-machines.com\/wp-content\/uploads\/2025\/08\/corn-head-and-tail-removing-machine.webp\" alt=\"m\u00e1quina para quitar la cabeza y la cola del ma\u00edz\" class=\"wp-image-879\" srcset=\"https:\/\/corn-machines.com\/wp-content\/uploads\/2025\/08\/corn-head-and-tail-removing-machine.webp 720w, https:\/\/corn-machines.com\/wp-content\/uploads\/2025\/08\/corn-head-and-tail-removing-machine-300x225.webp 300w, https:\/\/corn-machines.com\/wp-content\/uploads\/2025\/08\/corn-head-and-tail-removing-machine-16x12.webp 16w\" sizes=\"auto, (max-width: 720px) 100vw, 720px\" \/><figcaption class=\"wp-element-caption\">m\u00e1quina para quitar la cabeza y la cola del ma\u00edz<\/figcaption><\/figure> <\/div>   <h2 class=\"wp-block-heading\"><strong>Par\u00e1metros de la m\u00e1quina cortadora de ma\u00edz<\/strong><\/h2>    <figure class=\"wp-block-table\"><table class=\"has-fixed-layout\"><tbody><tr><td>Modelo<\/td><td> Cortadora de ma\u00edz de una fila<\/td><td>Cortadora de ma\u00edz de dos filas<\/td><\/tr><tr><td>Fuerza<\/td><td>1,5 kW<\/td><td>1,5 kW<\/td><\/tr><tr><td>Peso<\/td><td>350 kilos<\/td><td>\/<\/td><\/tr><tr><td>Tama\u00f1o<\/td><td>2600*750*1200mm<\/td><td>7000*1700*1900mm<\/td><\/tr><tr><td>Material del cuerpo<\/td><td>Acero inoxidable 304<\/td><td>Acero inoxidable 304<\/td><\/tr><tr><td>Capacidad de producci\u00f3n<\/td><td>3000 mazorcas\/h<\/td><td>5000 mazorcas\/h<\/td><\/tr><\/tbody><\/table><figcaption class=\"wp-element-caption\">par\u00e1metros de la m\u00e1quina para quitar la cabeza y la cola del ma\u00edz<\/figcaption><\/figure>    <h2 class=\"wp-block-heading\"><strong>Aplicaci\u00f3n del removedor de cabeza y cola de ma\u00edz<\/strong><\/h2>    <p class=\"translation-block\">La<strong> m\u00e1quina cortadora de ma\u00edz<\/strong> es altamente adaptable y adecuada para varios tipos de ma\u00edz, como ma\u00edz con c\u00e1scara, ma\u00edz congelado, ma\u00edz fresco, etc. El ma\u00edz procesado por la m\u00e1quina removedora de cabeza y cola de ma\u00edz tiene una amplia gama de aplicaciones:<\/p>    <ul class=\"wp-block-list\"> <li><strong>Producci\u00f3n de alimentos enlatados<\/strong>: Cuando enlatamos ma\u00edz dulce, la cabeza (que es m\u00e1s dura y tiene una textura pobre) y la cola (que puede contener seda o partes le\u00f1osas) deben ser removidas para garantizar un sabor uniforme y una apariencia ordenada.<\/li>    <li><strong>Procesamiento de alimentos congelados<\/strong>: Cuando se procesa ma\u00edz fresco o con cubierta, despu\u00e9s de quitar la cabeza y la cola, el ma\u00edz puede ser cortado en segmentos (como segmentos de ma\u00edz congelado) o desgranar (como granos de ma\u00edz congelados) para cumplir con los requisitos estandarizados de supermercados, restaurantes y otros canales.<\/li>    <li><strong>Producci\u00f3n de alimentos para aperitivos<\/strong>: La preprocesamiento de productos como chips de ma\u00edz y snacks de mazorca elimina partes no deseadas, garantiza la calidad de la materia prima y mejora la eficiencia del procesamiento posterior (como fre\u00edr y sazonar).<\/li>    <li><strong>Procesamiento de alimentos preparados<\/strong>: El ma\u00edz procesado por el <strong>m\u00e1quina cortadora de ma\u00edz<\/strong> puede ser envasado al vac\u00edo directamente como alimento preparado despu\u00e9s de cocerlo.<\/li> <\/ul>    <figure class=\"wp-block-gallery has-nested-images columns-default is-cropped wp-block-gallery-2 is-layout-flex wp-block-gallery-is-layout-flex\"> <figure class=\"wp-block-image size-large\"><img loading=\"lazy\" decoding=\"async\" width=\"720\" height=\"540\" data-id=\"882\" src=\"https:\/\/corn-machines.com\/wp-content\/uploads\/2025\/08\/appliction-of-fresh-corn-cuttre.webp\" alt=\"aplicaci\u00f3n de la cortadora de ma\u00edz fresco\" class=\"wp-image-882\" srcset=\"https:\/\/corn-machines.com\/wp-content\/uploads\/2025\/08\/appliction-of-fresh-corn-cuttre.webp 720w, https:\/\/corn-machines.com\/wp-content\/uploads\/2025\/08\/appliction-of-fresh-corn-cuttre-300x225.webp 300w, https:\/\/corn-machines.com\/wp-content\/uploads\/2025\/08\/appliction-of-fresh-corn-cuttre-16x12.webp 16w\" sizes=\"auto, (max-width: 720px) 100vw, 720px\" \/><figcaption class=\"wp-element-caption\">aplicaci\u00f3n de la cortadora de ma\u00edz fresco<\/figcaption><\/figure>    <figure class=\"wp-block-image size-large\"><img loading=\"lazy\" decoding=\"async\" width=\"720\" height=\"540\" data-id=\"880\" src=\"https:\/\/corn-machines.com\/wp-content\/uploads\/2025\/08\/application-of-dry-maize-cutter.webp\" alt=\"aplicaci\u00f3n de la cortadora de ma\u00edz seco\" class=\"wp-image-880\" srcset=\"https:\/\/corn-machines.com\/wp-content\/uploads\/2025\/08\/application-of-dry-maize-cutter.webp 720w, https:\/\/corn-machines.com\/wp-content\/uploads\/2025\/08\/application-of-dry-maize-cutter-300x225.webp 300w, https:\/\/corn-machines.com\/wp-content\/uploads\/2025\/08\/application-of-dry-maize-cutter-16x12.webp 16w\" sizes=\"auto, (max-width: 720px) 100vw, 720px\" \/><figcaption class=\"wp-element-caption\">aplicaci\u00f3n de la cortadora de ma\u00edz seco<\/figcaption><\/figure>    <figure class=\"wp-block-image size-large\"><img loading=\"lazy\" decoding=\"async\" width=\"720\" height=\"540\" data-id=\"881\" src=\"https:\/\/corn-machines.com\/wp-content\/uploads\/2025\/08\/application-of-frozen-corn-cutting-machine.webp\" alt=\"aplicaci\u00f3n de la m\u00e1quina cortadora de ma\u00edz congelado\" class=\"wp-image-881\" srcset=\"https:\/\/corn-machines.com\/wp-content\/uploads\/2025\/08\/application-of-frozen-corn-cutting-machine.webp 720w, https:\/\/corn-machines.com\/wp-content\/uploads\/2025\/08\/application-of-frozen-corn-cutting-machine-300x225.webp 300w, https:\/\/corn-machines.com\/wp-content\/uploads\/2025\/08\/application-of-frozen-corn-cutting-machine-16x12.webp 16w\" sizes=\"auto, (max-width: 720px) 100vw, 720px\" \/><figcaption class=\"wp-element-caption\">aplicaci\u00f3n de la m\u00e1quina cortadora de ma\u00edz congelado<\/figcaption><\/figure> <\/figure>    <h2 class=\"wp-block-heading\"><strong>Consideraciones antes de comprar una cortadora de ma\u00edz<\/strong><\/h2>    <ol class=\"wp-block-list\"> <li>Antes de comprar, debe tener claro el tipo de ma\u00edz que desea procesar. Esta m\u00e1quina es adecuada tanto para ma\u00edz fresco como congelado, pero las cuchillas que se utilizan para cortar ma\u00edz congelado y fresco son diferentes. Debe comprar seg\u00fan sus necesidades.<\/li>    <li>Aclare la longitud final esperada del ma\u00edz antes de la compra. La longitud final del ma\u00edz requiere diferentes tama\u00f1os de bandejas de ma\u00edz. La longitud de la bandeja de ma\u00edz es la longitud m\u00e1s corta del ma\u00edz.<\/li>    <li>Antes de comprar, necesitas conocer tu volumen de producci\u00f3n objetivo. Esto <strong>m\u00e1quina cortadora de ma\u00edz<\/strong> est\u00e1 disponible en modelos de fila simple y doble. La capacidad de producci\u00f3n del cortador de ma\u00edz de fila simple es de 3000 mazorcas\/h, y la capacidad del cortador de ma\u00edz de doble fila es de 5000 mazorcas\/h. Puedes elegir seg\u00fan tu escala de producci\u00f3n.<\/li> <\/ol>    <figure class=\"wp-block-gallery has-nested-images columns-default is-cropped wp-block-gallery-3 is-layout-flex wp-block-gallery-is-layout-flex\"> <figure class=\"wp-block-image size-large\"><img loading=\"lazy\" decoding=\"async\" width=\"720\" height=\"540\" data-id=\"883\" src=\"https:\/\/corn-machines.com\/wp-content\/uploads\/2025\/08\/corn-cutting-machine.webp\" alt=\"m\u00e1quina cortadora de ma\u00edz\" class=\"wp-image-883\" srcset=\"https:\/\/corn-machines.com\/wp-content\/uploads\/2025\/08\/corn-cutting-machine.webp 720w, https:\/\/corn-machines.com\/wp-content\/uploads\/2025\/08\/corn-cutting-machine-300x225.webp 300w, https:\/\/corn-machines.com\/wp-content\/uploads\/2025\/08\/corn-cutting-machine-16x12.webp 16w\" sizes=\"auto, (max-width: 720px) 100vw, 720px\" \/><figcaption class=\"wp-element-caption\">m\u00e1quina cortadora de ma\u00edz<\/figcaption><\/figure>    <figure class=\"wp-block-image size-large\"><img loading=\"lazy\" decoding=\"async\" width=\"720\" height=\"540\" data-id=\"884\" src=\"https:\/\/corn-machines.com\/wp-content\/uploads\/2025\/08\/single-row-corn-cuttre.webp\" alt=\"Cortadora de ma\u00edz de una fila\" class=\"wp-image-884\" srcset=\"https:\/\/corn-machines.com\/wp-content\/uploads\/2025\/08\/single-row-corn-cuttre.webp 720w, https:\/\/corn-machines.com\/wp-content\/uploads\/2025\/08\/single-row-corn-cuttre-300x225.webp 300w, https:\/\/corn-machines.com\/wp-content\/uploads\/2025\/08\/single-row-corn-cuttre-16x12.webp 16w\" sizes=\"auto, (max-width: 720px) 100vw, 720px\" \/><figcaption class=\"wp-element-caption\">Cortadora de ma\u00edz de una fila<\/figcaption><\/figure>    <figure class=\"wp-block-image size-large\"><img loading=\"lazy\" decoding=\"async\" width=\"720\" height=\"540\" data-id=\"885\" src=\"https:\/\/corn-machines.com\/wp-content\/uploads\/2025\/08\/double-corn-head-and-tail-remover.webp\" alt=\"Removedor de cabeza y cola de ma\u00edz doble\" class=\"wp-image-885\" srcset=\"https:\/\/corn-machines.com\/wp-content\/uploads\/2025\/08\/double-corn-head-and-tail-remover.webp 720w, https:\/\/corn-machines.com\/wp-content\/uploads\/2025\/08\/double-corn-head-and-tail-remover-300x225.webp 300w, https:\/\/corn-machines.com\/wp-content\/uploads\/2025\/08\/double-corn-head-and-tail-remover-16x12.webp 16w\" sizes=\"auto, (max-width: 720px) 100vw, 720px\" \/><figcaption class=\"wp-element-caption\">Removedor de cabeza y cola de ma\u00edz doble<\/figcaption><\/figure> <\/figure>    <h2 class=\"wp-block-heading\"><strong>\u00bfPor qu\u00e9 elegirnos como su proveedor?<\/strong><\/h2>    <p class=\"translation-block\">Taizy es una empresa moderna de equipos de procesamiento de ma\u00edz. Ofrecemos una gama completa de equipos y servicios integrales a los productores de ma\u00edz, garantizando tranquilidad y ahorro de tiempo. Adem\u00e1s de la <strong>m\u00e1quina cortadora de ma\u00edz<\/strong>, tambi\u00e9n ofrecemos <a href=\"https:\/\/corn-machines.com\/es\/product\/automated-corn-sowing-machine\/\">sembradora de ma\u00edz<\/a>, <a href=\"https:\/\/corn-machines.com\/es\/product\/corn-harvester-machine\/\">cosechadora de ma\u00edz<\/a>, <a href=\"https:\/\/corn-machines.com\/es\/product\/mobile-grain-dryer-for-drying-grain\/\">secadora de ma\u00edz<\/a>, y m\u00e1s. Si tiene alguna necesidad, \u00a1bienvenido a contactarnos y le brindaremos el servicio y equipo m\u00e1s profesional!<\/p>","protected":false},"excerpt":{"rendered":"<p>Este art\u00edculo presenta principalmente las funciones, ventajas y aplicaciones de la cortadora de ma\u00edz. Proporciona una referencia para los clientes que la necesiten.<\/p>","protected":false},"author":1,"featured_media":878,"parent":0,"template":"","tags":[42,70,43],"product-type":[71],"class_list":["post-877","product","type-product","status-publish","has-post-thumbnail","hentry","tag-corn","tag-corn-cutting","tag-maize","product-type-corn-cutting-machine"],"_links":{"self":[{"href":"https:\/\/corn-machines.com\/es\/wp-json\/wp\/v2\/product\/877","targetHints":{"allow":["GET"]}}],"collection":[{"href":"https:\/\/corn-machines.com\/es\/wp-json\/wp\/v2\/product"}],"about":[{"href":"https:\/\/corn-machines.com\/es\/wp-json\/wp\/v2\/types\/product"}],"author":[{"embeddable":true,"href":"https:\/\/corn-machines.com\/es\/wp-json\/wp\/v2\/users\/1"}],"wp:featuredmedia":[{"embeddable":true,"href":"https:\/\/corn-machines.com\/es\/wp-json\/wp\/v2\/media\/878"}],"wp:attachment":[{"href":"https:\/\/corn-machines.com\/es\/wp-json\/wp\/v2\/media?parent=877"}],"wp:term":[{"taxonomy":"post_tag","embeddable":true,"href":"https:\/\/corn-machines.com\/es\/wp-json\/wp\/v2\/tags?post=877"},{"taxonomy":"product-type","embeddable":true,"href":"https:\/\/corn-machines.com\/es\/wp-json\/wp\/v2\/product-type?post=877"}],"curies":[{"name":"wp","href":"https:\/\/api.w.org\/{rel}","templated":true}]}}