{"id":857,"date":"2025-08-20T16:09:27","date_gmt":"2025-08-20T08:09:27","guid":{"rendered":"https:\/\/corn-machines.com\/?post_type=product&#038;p=857"},"modified":"2025-08-29T15:55:16","modified_gmt":"2025-08-29T07:55:16","slug":"sweet-corn-cutter-machine","status":"publish","type":"product","link":"https:\/\/corn-machines.com\/es\/product\/sweet-corn-cutter-machine\/","title":{"rendered":"M\u00e1quina cortadora de ma\u00edz dulce para procesar ma\u00edz"},"content":{"rendered":"<p class=\"translation-block\">La <strong>m\u00e1quina cortadora de ma\u00edz dulce<\/strong> puede procesar r\u00e1pida y eficientemente el ma\u00edz fresco en segmentos de longitud uniforme. Las longitudes comunes de los segmentos de ma\u00edz dulce son 3 cm, 5 cm y 7 cm (la longitud se puede personalizar seg\u00fan sus necesidades). Puede cortar ma\u00edz y una variedad de verduras como zanahorias y pepinos.<\/p>    <p>Su capacidad puede alcanzar 500 kg\/h, lo que puede ahorrar mucho tiempo y mano de obra. Ha sido exportado a Vietnam, India y otras regiones, y ha recibido elogios un\u00e1nimes de los clientes. Si est\u00e1 buscando la m\u00e1quina cortadora de ma\u00edz, cont\u00e1ctenos ahora, y le proporcionaremos informaci\u00f3n detallada.<\/p>    <figure class=\"wp-block-embed is-type-video is-provider-youtube wp-block-embed-youtube wp-embed-aspect-16-9 wp-has-aspect-ratio\"><div class=\"wp-block-embed__wrapper\"> <iframe loading=\"lazy\" title=\"M\u00e1quina autom\u00e1tica para cortar ma\u00edz | \u00bfC\u00f3mo funciona la m\u00e1quina cortadora de ma\u00edz dulce? #procesamientodemais #ma\u00edz\" width=\"500\" height=\"281\" src=\"https:\/\/www.youtube.com\/embed\/k-undA0xvkc?feature=oembed\" frameborder=\"0\" allow=\"accelerometer; autoplay; clipboard-write; encrypted-media; gyroscope; picture-in-picture; web-share\" referrerpolicy=\"strict-origin-when-cross-origin\" allowfullscreen><\/iframe> <\/div><figcaption class=\"wp-element-caption\">proceso de trabajo de la cortadora de ma\u00edz fresco<\/figcaption><\/figure>    <h2 class=\"wp-block-heading\"><strong>Ventajas de la m\u00e1quina cortadora de ma\u00edz<\/strong><\/h2>    <ul class=\"wp-block-list\"> <li><strong>Larga vida \u00fatil<\/strong>: La estructura de la cortadora de ma\u00edz est\u00e1 hecha de acero inoxidable 304, que no solo es limpio y sanitario, sino que tambi\u00e9n no es f\u00e1cil de da\u00f1ar y tiene una larga vida \u00fatil.<\/li>    <li><strong>Corte uniforme<\/strong>: En comparaci\u00f3n con el corte manual con cuchillo, <strong>m\u00e1quina cortadora de ma\u00edz dulce<\/strong> tiene un espacio fijo entre las cuchillas y una velocidad de cinta transportadora para cortar el ma\u00edz en longitudes uniformes.<\/li>    <li><strong>Longitud controlable<\/strong>: La longitud de corte se puede ajustar para cumplir con las especificaciones de diferentes escenarios.<\/li>    <li><strong>F\u00e1cil de operar<\/strong>: La cortadora moderna de mazorcas de ma\u00edz es sencilla de operar. Simplemente coloque el ma\u00edz en la tolva de alimentaci\u00f3n, y la m\u00e1quina transfiere y corta autom\u00e1ticamente el ma\u00edz. No se requiere una capacitaci\u00f3n extensa.<\/li>    <li><strong>F\u00e1cil de mantener<\/strong>: Los componentes principales del segmentador de ma\u00edz, como las cuchillas, son f\u00e1cilmente desmontables y reemplazables, simplificando el mantenimiento rutinario. <\/li>    <li><strong>Amplia gama de aplicaciones<\/strong>: La cortadora de ma\u00edz Taizy tiene una amplia gama de aplicaciones y puede usarse para cortar diferentes tipos de ma\u00edz, as\u00ed como para procesar varias verduras como zanahorias y calabacines.<\/li> <\/ul>    <figure class=\"wp-block-gallery has-nested-images columns-default is-cropped wp-block-gallery-2 is-layout-flex wp-block-gallery-is-layout-flex\"> <figure class=\"wp-block-image size-large\"><img loading=\"lazy\" decoding=\"async\" width=\"720\" height=\"540\" data-id=\"859\" src=\"https:\/\/corn-machines.com\/wp-content\/uploads\/2025\/08\/maize-cutting-machine.webp\" alt=\"m\u00e1quina cortadora de ma\u00edz\" class=\"wp-image-859\" srcset=\"https:\/\/corn-machines.com\/wp-content\/uploads\/2025\/08\/maize-cutting-machine.webp 720w, https:\/\/corn-machines.com\/wp-content\/uploads\/2025\/08\/maize-cutting-machine-300x225.webp 300w, https:\/\/corn-machines.com\/wp-content\/uploads\/2025\/08\/maize-cutting-machine-16x12.webp 16w\" sizes=\"auto, (max-width: 720px) 100vw, 720px\" \/><figcaption class=\"wp-element-caption\">m\u00e1quina cortadora de ma\u00edz<\/figcaption><\/figure>    <figure class=\"wp-block-image size-large\"><img loading=\"lazy\" decoding=\"async\" width=\"720\" height=\"540\" data-id=\"860\" src=\"https:\/\/corn-machines.com\/wp-content\/uploads\/2025\/08\/sweet-corn-cutting-machine.webp\" alt=\"m\u00e1quina cortadora de ma\u00edz dulce\" class=\"wp-image-860\" srcset=\"https:\/\/corn-machines.com\/wp-content\/uploads\/2025\/08\/sweet-corn-cutting-machine.webp 720w, https:\/\/corn-machines.com\/wp-content\/uploads\/2025\/08\/sweet-corn-cutting-machine-300x225.webp 300w, https:\/\/corn-machines.com\/wp-content\/uploads\/2025\/08\/sweet-corn-cutting-machine-16x12.webp 16w\" sizes=\"auto, (max-width: 720px) 100vw, 720px\" \/><figcaption class=\"wp-element-caption\">m\u00e1quina cortadora de ma\u00edz dulce<\/figcaption><\/figure> <\/figure>    <h2 class=\"wp-block-heading\"><strong>Estructura de la cortadora de ma\u00edz dulce<\/strong><\/h2>    <p class=\"translation-block\">La estructura de la <strong>m\u00e1quina cortadora de ma\u00edz dulce<\/strong> es muy simple, generalmente consta de una caja de control, una cinta transportadora, un dispositivo de corte, etc.<\/p>    <ul class=\"wp-block-list\"> <li><strong>Caja de control<\/strong>: La caja de control controla principalmente el funcionamiento de la m\u00e1quina cortadora de ma\u00edz y contiene interruptores para cortar, transportar y levantar.<\/li>    <li><strong>Transportador<\/strong>: El sistema de transporte lleva el ma\u00edz (ya sea en una sola fila o en doble fila). La cortadora de ma\u00edz de una sola fila tiene una eficiencia de 1500 mazorcas\/h, mientras que la de doble fila puede procesar 3000 mazorcas\/h.<\/li>    <li><strong>Mecanismo de corte<\/strong>: The cutter&#8217;s main function is to cut the corn into uniform lengths (the length of the segments is adjustable).<\/li> <\/ul>    <figure class=\"wp-block-gallery has-nested-images columns-default is-cropped wp-block-gallery-3 is-layout-flex wp-block-gallery-is-layout-flex\"> <figure class=\"wp-block-image size-large\"><img loading=\"lazy\" decoding=\"async\" width=\"720\" height=\"540\" data-id=\"861\" src=\"https:\/\/corn-machines.com\/wp-content\/uploads\/2025\/08\/control-box-of-maize-cutter.webp\" alt=\"caja de control de la cortadora de ma\u00edz\" class=\"wp-image-861\" srcset=\"https:\/\/corn-machines.com\/wp-content\/uploads\/2025\/08\/control-box-of-maize-cutter.webp 720w, https:\/\/corn-machines.com\/wp-content\/uploads\/2025\/08\/control-box-of-maize-cutter-300x225.webp 300w, https:\/\/corn-machines.com\/wp-content\/uploads\/2025\/08\/control-box-of-maize-cutter-16x12.webp 16w\" sizes=\"auto, (max-width: 720px) 100vw, 720px\" \/><figcaption class=\"wp-element-caption\">caja de control de la cortadora de ma\u00edz<\/figcaption><\/figure>    <figure class=\"wp-block-image size-large\"><img loading=\"lazy\" decoding=\"async\" width=\"720\" height=\"540\" data-id=\"862\" src=\"https:\/\/corn-machines.com\/wp-content\/uploads\/2025\/08\/conveying-device-of-corn-cutter.webp\" alt=\"dispositivo transportador de la cortadora de ma\u00edz\" class=\"wp-image-862\" srcset=\"https:\/\/corn-machines.com\/wp-content\/uploads\/2025\/08\/conveying-device-of-corn-cutter.webp 720w, https:\/\/corn-machines.com\/wp-content\/uploads\/2025\/08\/conveying-device-of-corn-cutter-300x225.webp 300w, https:\/\/corn-machines.com\/wp-content\/uploads\/2025\/08\/conveying-device-of-corn-cutter-16x12.webp 16w\" sizes=\"auto, (max-width: 720px) 100vw, 720px\" \/><figcaption class=\"wp-element-caption\">dispositivo transportador de la cortadora de ma\u00edz<\/figcaption><\/figure>    <figure class=\"wp-block-image size-large\"><img loading=\"lazy\" decoding=\"async\" width=\"720\" height=\"540\" data-id=\"868\" src=\"https:\/\/corn-machines.com\/wp-content\/uploads\/2025\/08\/blade-of-automatic-corn-cutter.webp\" alt=\"cuchilla de la cortadora autom\u00e1tica de ma\u00edz\" class=\"wp-image-868\" srcset=\"https:\/\/corn-machines.com\/wp-content\/uploads\/2025\/08\/blade-of-automatic-corn-cutter.webp 720w, https:\/\/corn-machines.com\/wp-content\/uploads\/2025\/08\/blade-of-automatic-corn-cutter-300x225.webp 300w, https:\/\/corn-machines.com\/wp-content\/uploads\/2025\/08\/blade-of-automatic-corn-cutter-16x12.webp 16w\" sizes=\"auto, (max-width: 720px) 100vw, 720px\" \/><figcaption class=\"wp-element-caption\">cuchilla de la cortadora autom\u00e1tica de ma\u00edz<\/figcaption><\/figure> <\/figure>    <h2 class=\"wp-block-heading\"><strong>Par\u00e1metros de la m\u00e1quina cortadora de ma\u00edz<\/strong><\/h2>    <figure class=\"wp-block-table\"><table class=\"has-fixed-layout\"><tbody><tr><td>Modelo<\/td><td>TZ-1<\/td><\/tr><tr><td>Fuerza<\/td><td>3kw<\/td><\/tr><tr><td>Voltaje<\/td><td>380v\/50hz<\/td><\/tr><tr><td>Capacidad <\/td><td>500kg\/h<\/td><\/tr><tr><td>Tama\u00f1o<\/td><td>2300*800*850mm<\/td><\/tr><tr><td>Peso<\/td><td>300kg<\/td><\/tr><tr><td>cantidad de cuchillas<\/td><td>2 uds.<\/td><\/tr><\/tbody><\/table><figcaption class=\"wp-element-caption\"><strong>par\u00e1metros de la m\u00e1quina cortadora de ma\u00edz<\/strong><\/figcaption><\/figure>    <h2 class=\"wp-block-heading\"><strong>Aplicaci\u00f3n de la m\u00e1quina cortadora de mazorcas de ma\u00edz<\/strong><\/h2>    <p class=\"translation-block\">La aplicaci\u00f3n de la <strong>m\u00e1quina cortadora de ma\u00edz dulce<\/strong> es muy amplia. Puede procesar varios tipos de ma\u00edz, como ma\u00edz fresco, ma\u00edz congelado, ma\u00edz seco, ma\u00edz dulce y ma\u00edz pegajoso. Adem\u00e1s, la cortadora de ma\u00edz tambi\u00e9n se puede utilizar para cortar diversas verduras como pepinos, zanahorias y berenjenas.<\/p>    <figure class=\"wp-block-gallery has-nested-images columns-default is-cropped wp-block-gallery-4 is-layout-flex wp-block-gallery-is-layout-flex\"> <figure class=\"wp-block-image size-large\"><img loading=\"lazy\" decoding=\"async\" width=\"720\" height=\"540\" data-id=\"863\" src=\"https:\/\/corn-machines.com\/wp-content\/uploads\/2025\/08\/application-of-corn-cob-cutter.webp\" alt=\"aplicaci\u00f3n de la cortadora de mazorcas de ma\u00edz\" class=\"wp-image-863\" srcset=\"https:\/\/corn-machines.com\/wp-content\/uploads\/2025\/08\/application-of-corn-cob-cutter.webp 720w, https:\/\/corn-machines.com\/wp-content\/uploads\/2025\/08\/application-of-corn-cob-cutter-300x225.webp 300w, https:\/\/corn-machines.com\/wp-content\/uploads\/2025\/08\/application-of-corn-cob-cutter-16x12.webp 16w\" sizes=\"auto, (max-width: 720px) 100vw, 720px\" \/><figcaption class=\"wp-element-caption\">aplicaci\u00f3n de la cortadora de mazorcas de ma\u00edz<\/figcaption><\/figure>    <figure class=\"wp-block-image size-large\"><img loading=\"lazy\" decoding=\"async\" width=\"720\" height=\"540\" data-id=\"864\" src=\"https:\/\/corn-machines.com\/wp-content\/uploads\/2025\/08\/application-of-maize-cutter.webp\" alt=\"aplicaci\u00f3n de la cortadora de ma\u00edz\" class=\"wp-image-864\" srcset=\"https:\/\/corn-machines.com\/wp-content\/uploads\/2025\/08\/application-of-maize-cutter.webp 720w, https:\/\/corn-machines.com\/wp-content\/uploads\/2025\/08\/application-of-maize-cutter-300x225.webp 300w, https:\/\/corn-machines.com\/wp-content\/uploads\/2025\/08\/application-of-maize-cutter-16x12.webp 16w\" sizes=\"auto, (max-width: 720px) 100vw, 720px\" \/><figcaption class=\"wp-element-caption\">aplicaci\u00f3n de la cortadora de ma\u00edz<\/figcaption><\/figure>    <figure class=\"wp-block-image size-large\"><img loading=\"lazy\" decoding=\"async\" width=\"720\" height=\"540\" data-id=\"865\" src=\"https:\/\/corn-machines.com\/wp-content\/uploads\/2025\/08\/appliction-of-sweet-corn-cutter.webp\" alt=\"aplicaci\u00f3n de la cortadora de ma\u00edz dulce\" class=\"wp-image-865\" srcset=\"https:\/\/corn-machines.com\/wp-content\/uploads\/2025\/08\/appliction-of-sweet-corn-cutter.webp 720w, https:\/\/corn-machines.com\/wp-content\/uploads\/2025\/08\/appliction-of-sweet-corn-cutter-300x225.webp 300w, https:\/\/corn-machines.com\/wp-content\/uploads\/2025\/08\/appliction-of-sweet-corn-cutter-16x12.webp 16w\" sizes=\"auto, (max-width: 720px) 100vw, 720px\" \/><figcaption class=\"wp-element-caption\">aplicaci\u00f3n de la cortadora de ma\u00edz dulce<\/figcaption><\/figure> <\/figure>    <h2 class=\"wp-block-heading\"><strong>Preguntas frecuentes sobre la cortadora autom\u00e1tica de ma\u00edz<\/strong><\/h2>   <div id=\"rank-math-faq\" class=\"rank-math-block\"> <div class=\"rank-math-list\"> <div id=\"faq-question-1755670962546\" class=\"rank-math-list-item\"> <h3 class=\"rank-math-question\">\u00bfQu\u00e9 tipo de ma\u00edz puede cortar la cortadora de ma\u00edz?<\/h3> <div class=\"rank-math-answer\">  <p>Todo tipo de ma\u00edz, como ma\u00edz fresco, ma\u00edz seco, ma\u00edz pegajoso, etc.<\/p>  <\/div> <\/div> <div id=\"faq-question-1755671090690\" class=\"rank-math-list-item\"> <h3 class=\"rank-math-question\">\u00bfSe puede ajustar la longitud de los segmentos de ma\u00edz?<\/h3> <div class=\"rank-math-answer\">  <p>La longitud de los segmentos de ma\u00edz suele ser de 3 cm, 5 cm y 7 cm, que se puede ajustar seg\u00fan sus necesidades<\/p>  <\/div> <\/div> <div id=\"faq-question-1755671367710\" class=\"rank-math-list-item\"> <h3 class=\"rank-math-question\">\u00bfCu\u00e1l es el material de la m\u00e1quina? \u00bfEs f\u00e1cil de da\u00f1ar?<\/h3> <div class=\"rank-math-answer\">  <p>Toda la m\u00e1quina cortadora de ma\u00edz est\u00e1 hecha de acero inoxidable 304, que no se da\u00f1a f\u00e1cilmente y tiene una larga vida \u00fatil.<\/p>  <\/div> <\/div> <div id=\"faq-question-1755671528074\" class=\"rank-math-list-item\"> <h3 class=\"rank-math-question\">\u00bfEs dif\u00edcil operar la m\u00e1quina cortadora de ma\u00edz dulce?<\/h3> <div class=\"rank-math-answer\">  <p>La m\u00e1quina es muy f\u00e1cil de operar y no requiere t\u00e9cnicos especializados. Proporcionaremos el tutorial en video sobre c\u00f3mo operar la m\u00e1quina.<\/p>  <\/div> <\/div> <div id=\"faq-question-1755676936997\" class=\"rank-math-list-item\"> <h3 class=\"rank-math-question\">\u00bfC\u00f3mo limpiar el cortador de ma\u00edz?<\/h3> <div class=\"rank-math-answer\">  <p>La m\u00e1quina cortadora de ma\u00edz dulce es muy f\u00e1cil de limpiar y se puede enjuagar directamente con agua limpia.<\/p>  <\/div> <\/div> <\/div> <\/div>   <h2 class=\"wp-block-heading\"><strong>Caso de \u00e9xito de la m\u00e1quina cortadora de ma\u00edz dulce<\/strong><\/h2>    <p class=\"translation-block\"><strong>Se envi\u00f3 la cortadora de ma\u00edz dulce TZ-1 a Vietnam<\/strong><\/p>    <p>Nuestro cliente es el propietario de una f\u00e1brica local de procesamiento de productos agr\u00edcolas en Vietnam. Esta f\u00e1brica procesa y vende principalmente ma\u00edz, arroz y otros productos agr\u00edcolas. Explic\u00f3 que estaban expandi\u00e9ndose, pero su m\u00e9todo de corte manual era ineficiente y costoso. <\/p>    <p>Entonces, se contact\u00f3 con nosotros e pregunt\u00f3 por la cortadora de ma\u00edz Taizy. Le presentamos las caracter\u00edsticas y detalles de la m\u00e1quina, y le enviamos el video de la m\u00e1quina en acci\u00f3n. El cliente expres\u00f3 una gran satisfacci\u00f3n y decidi\u00f3 realizar un pedido de inmediato.<\/p>    <p>La cortadora de ma\u00edz lleg\u00f3 a Vietnam a tiempo. Despu\u00e9s de un mes de uso, el cliente dijo que la m\u00e1quina super\u00f3 sus expectativas. No solo produjo cortes uniformes, sino que tambi\u00e9n fue muy eficiente, ahorrando el 30% del tiempo requerido para cortar el ma\u00edz y reduciendo los costos de mano de obra.<\/p>    <figure class=\"wp-block-gallery has-nested-images columns-default is-cropped wp-block-gallery-5 is-layout-flex wp-block-gallery-is-layout-flex\"> <figure class=\"wp-block-image size-large\"><img loading=\"lazy\" decoding=\"async\" width=\"540\" height=\"720\" data-id=\"867\" src=\"https:\/\/corn-machines.com\/wp-content\/uploads\/2025\/08\/sweet-corn-cutter-packaging.webp\" alt=\"embalaje de la cortadora de ma\u00edz dulce\" class=\"wp-image-867\" srcset=\"https:\/\/corn-machines.com\/wp-content\/uploads\/2025\/08\/sweet-corn-cutter-packaging.webp 540w, https:\/\/corn-machines.com\/wp-content\/uploads\/2025\/08\/sweet-corn-cutter-packaging-225x300.webp 225w, https:\/\/corn-machines.com\/wp-content\/uploads\/2025\/08\/sweet-corn-cutter-packaging-9x12.webp 9w\" sizes=\"auto, (max-width: 540px) 100vw, 540px\" \/><figcaption class=\"wp-element-caption\">embalaje de la cortadora de ma\u00edz dulce<\/figcaption><\/figure>    <figure class=\"wp-block-image size-large\"><img loading=\"lazy\" decoding=\"async\" width=\"540\" height=\"720\" data-id=\"866\" src=\"https:\/\/corn-machines.com\/wp-content\/uploads\/2025\/08\/corn-cutter-packaging.webp\" alt=\"embalaje de la cortadora de ma\u00edz\" class=\"wp-image-866\" srcset=\"https:\/\/corn-machines.com\/wp-content\/uploads\/2025\/08\/corn-cutter-packaging.webp 540w, https:\/\/corn-machines.com\/wp-content\/uploads\/2025\/08\/corn-cutter-packaging-225x300.webp 225w, https:\/\/corn-machines.com\/wp-content\/uploads\/2025\/08\/corn-cutter-packaging-9x12.webp 9w\" sizes=\"auto, (max-width: 540px) 100vw, 540px\" \/><figcaption class=\"wp-element-caption\">embalaje de la cortadora de ma\u00edz<\/figcaption><\/figure> <\/figure>    <h2 class=\"wp-block-heading\"><strong>\u00a1Cont\u00e1ctanos ahora!<\/strong><\/h2>    <p class=\"translation-block\">Nuestra empresa se especializa en la producci\u00f3n de maquinaria agr\u00edcola moderna. Adem\u00e1s de la m\u00e1quina cortadora de ma\u00edz dulce, tambi\u00e9n ofrecemos otras m\u00e1quinas como <a href=\"https:\/\/corn-machines.com\/es\/product\/automated-corn-sowing-machine\/\">plantadora de ma\u00edz<\/a>, <a href=\"https:\/\/corn-machines.com\/es\/product\/mini-corn-harvesting-machine-maize-picker-machine\/\">cosechadora de ma\u00edz<\/a>, <a href=\"https:\/\/corn-machines.com\/es\/product\/multifunctional-corn-thresher\/\">trilladora de ma\u00edz<\/a>, etc. <\/p>    <p>Invertimos un tiempo y esfuerzo significativos en el desarrollo de equipos que satisfacen las demandas de la producci\u00f3n agr\u00edcola moderna, maximizando la eficiencia de la producci\u00f3n agr\u00edcola. Si necesita la m\u00e1quina, cont\u00e1ctenos ahora, y le proporcionaremos el equipo y los servicios m\u00e1s profesionales.<\/p>","protected":false},"excerpt":{"rendered":"<p>Este art\u00edculo presenta principalmente la m\u00e1quina cortadora de ma\u00edz dulce, incluyendo sus par\u00e1metros detallados, estructura, ventajas y aplicaciones, etc. Proporciona una referencia para los clientes que necesitan una m\u00e1quina segmentadora de ma\u00edz.<\/p>","protected":false},"author":1,"featured_media":858,"parent":0,"template":"","tags":[42,70,43],"product-type":[71],"class_list":["post-857","product","type-product","status-publish","has-post-thumbnail","hentry","tag-corn","tag-corn-cutting","tag-maize","product-type-corn-cutting-machine"],"_links":{"self":[{"href":"https:\/\/corn-machines.com\/es\/wp-json\/wp\/v2\/product\/857","targetHints":{"allow":["GET"]}}],"collection":[{"href":"https:\/\/corn-machines.com\/es\/wp-json\/wp\/v2\/product"}],"about":[{"href":"https:\/\/corn-machines.com\/es\/wp-json\/wp\/v2\/types\/product"}],"author":[{"embeddable":true,"href":"https:\/\/corn-machines.com\/es\/wp-json\/wp\/v2\/users\/1"}],"wp:featuredmedia":[{"embeddable":true,"href":"https:\/\/corn-machines.com\/es\/wp-json\/wp\/v2\/media\/858"}],"wp:attachment":[{"href":"https:\/\/corn-machines.com\/es\/wp-json\/wp\/v2\/media?parent=857"}],"wp:term":[{"taxonomy":"post_tag","embeddable":true,"href":"https:\/\/corn-machines.com\/es\/wp-json\/wp\/v2\/tags?post=857"},{"taxonomy":"product-type","embeddable":true,"href":"https:\/\/corn-machines.com\/es\/wp-json\/wp\/v2\/product-type?post=857"}],"curies":[{"name":"wp","href":"https:\/\/api.w.org\/{rel}","templated":true}]}}