{"id":783,"date":"2025-08-12T18:24:10","date_gmt":"2025-08-12T10:24:10","guid":{"rendered":"https:\/\/corn-machines.com\/?post_type=product&#038;p=783"},"modified":"2025-11-27T16:18:10","modified_gmt":"2025-11-27T08:18:10","slug":"corn-peeling-machine","status":"publish","type":"product","link":"https:\/\/corn-machines.com\/es\/product\/corn-peeling-machine\/","title":{"rendered":"M\u00e1quina desgranadora para eliminar la piel del ma\u00edz"},"content":{"rendered":"<p class=\"translation-block\">La <strong>m\u00e1quina peladora de ma\u00edz<\/strong> se utiliza para quitar la c\u00e1scara y el germen del ma\u00edz y triturarlo en peque\u00f1os granos. Los granos resultantes son uniformes y lisos, libres de germen negro y salvado. El ma\u00edz pelado tiene un sabor agradable y se procesa f\u00e1cilmente en harina de ma\u00edz y varios aperitivos. La m\u00e1quina peladora de ma\u00edz tiene una alta eficiencia, y su capacidad puede alcanzar 300-800 kg\/h.<\/p>    <p>Nuestra m\u00e1quina peladora de ma\u00edz tiene las ventajas de alta eficiencia, operaci\u00f3n simple y productos terminados excelentes. Por lo tanto, es muy popular en varios lugares. Por ejemplo, se han enviado 30 m\u00e1quinas peladoras de ma\u00edz a Burkina Faso, y la retroalimentaci\u00f3n del cliente es muy buena.<\/p>    <figure class=\"wp-block-embed is-type-video is-provider-youtube wp-block-embed-youtube wp-embed-aspect-16-9 wp-has-aspect-ratio\"><div class=\"wp-block-embed__wrapper\"> <iframe loading=\"lazy\" title=\"[Alta Eficiencia M\u00e1quina de Pelado de Ma\u00edz | \u00bfC\u00f3mo funciona la M\u00e1quina de Pelado de Granos de Ma\u00edz?#agriculture]\" width=\"500\" height=\"281\" src=\"https:\/\/www.youtube.com\/embed\/ZY_oyhSynDk?feature=oembed\" frameborder=\"0\" allow=\"accelerometer; autoplay; clipboard-write; encrypted-media; gyroscope; picture-in-picture; web-share\" referrerpolicy=\"strict-origin-when-cross-origin\" allowfullscreen><\/iframe> <\/div><figcaption class=\"wp-element-caption\">proceso de trabajo de la m\u00e1quina peladora de ma\u00edz<\/figcaption><\/figure>    <h2 class=\"wp-block-heading\"><strong>Par\u00e1metros y modelos de la m\u00e1quina peladora de ma\u00edz<\/strong><\/h2>    <p class=\"translation-block\">Nuestras <strong>m\u00e1quinas peladoras de ma\u00edz<\/strong> est\u00e1n disponibles en dos modelos: la CP-90 y la CP-120. La CP-90 tiene una capacidad de 300-500 kg\/h, mientras que la CP-120 tiene una capacidad de 700-800 kg\/h. Puede elegir la m\u00e1quina peladora de ma\u00edz seg\u00fan su escala de producci\u00f3n y necesidades.<\/p>    <figure class=\"wp-block-table\"><table class=\"has-fixed-layout\"><tbody><tr><td>Modelo<\/td><td>CP-90<\/td><td>CP-120<\/td><\/tr><tr><td>Fuerza<\/td><td>5.5kw<\/td><td>7.5-11kw<\/td><\/tr><tr><td>Capacidad<\/td><td>300-500kg\/h<\/td><td>700-800kg\/h<\/td><\/tr><tr><td>Peso<\/td><td>100 kilos<\/td><td>135kg<\/td><\/tr><tr><td>Tama\u00f1o<\/td><td>660*450*1020mm<\/td><td>880*550*1200mm<\/td><\/tr><\/tbody><\/table><figcaption class=\"wp-element-caption\">par\u00e1metros de la m\u00e1quina peladora de piel de ma\u00edz<\/figcaption><\/figure>    <h2 class=\"wp-block-heading\"><strong>Estructura de la peladora de ma\u00edz<\/strong><\/h2>    <p class=\"translation-block\">Esta <strong>m\u00e1quina peladora de ma\u00edz<\/strong> presenta un dise\u00f1o compacto, un tama\u00f1o relativamente peque\u00f1o y es f\u00e1cil de operar. Puede ser alimentada por un motor di\u00e9sel o un motor el\u00e9ctrico, lo que permite una variedad de potencias para satisfacer las diversas necesidades de los clientes. La m\u00e1quina generalmente consta de un alimentador, un tornillo para controlar la velocidad de alimentaci\u00f3n, cuchillas peladoras, una salida de piel y una salida de producto terminado.<\/p>   <div class=\"wp-block-image\"> <figure class=\"aligncenter size-full\"><img loading=\"lazy\" decoding=\"async\" width=\"720\" height=\"540\" src=\"https:\/\/corn-machines.com\/wp-content\/uploads\/2025\/08\/structure-of-maize-peeler.webp\" alt=\"estructura de la peladora de ma\u00edz\" class=\"wp-image-784\" srcset=\"https:\/\/corn-machines.com\/wp-content\/uploads\/2025\/08\/structure-of-maize-peeler.webp 720w, https:\/\/corn-machines.com\/wp-content\/uploads\/2025\/08\/structure-of-maize-peeler-300x225.webp 300w, https:\/\/corn-machines.com\/wp-content\/uploads\/2025\/08\/structure-of-maize-peeler-16x12.webp 16w\" sizes=\"auto, (max-width: 720px) 100vw, 720px\" \/><figcaption class=\"wp-element-caption\">estructura de la peladora de ma\u00edz<\/figcaption><\/figure> <\/div>   <h2 class=\"wp-block-heading\"><strong>Aplicaci\u00f3n de la m\u00e1quina peladora de ma\u00edz<\/strong><\/h2>    <p class=\"translation-block\">Despu\u00e9s de pelar, los granos de ma\u00edz son uniformes en tama\u00f1o, lisos y libres de impurezas. El ma\u00edz pelado tiene un sabor agradable y se procesa f\u00e1cilmente en harina de ma\u00edz, s\u00e9mola de ma\u00edz y m\u00e1s. La <strong>m\u00e1quina peladora de ma\u00edz<\/strong> no solo es adecuada para plantas de procesamiento de granos peque\u00f1os y alimentos, sino que tambi\u00e9n se puede utilizar como herramienta peladora de ma\u00edz para uso dom\u00e9stico.<\/p>    <figure class=\"wp-block-gallery has-nested-images columns-default is-cropped wp-block-gallery-2 is-layout-flex wp-block-gallery-is-layout-flex\"> <figure class=\"wp-block-image size-large\"><img loading=\"lazy\" decoding=\"async\" width=\"720\" height=\"540\" data-id=\"791\" src=\"https:\/\/corn-machines.com\/wp-content\/uploads\/2025\/08\/effect-of-corn-peeling-machine.webp\" alt=\"efecto de la m\u00e1quina peladora de ma\u00edz\" class=\"wp-image-791\" srcset=\"https:\/\/corn-machines.com\/wp-content\/uploads\/2025\/08\/effect-of-corn-peeling-machine.webp 720w, https:\/\/corn-machines.com\/wp-content\/uploads\/2025\/08\/effect-of-corn-peeling-machine-300x225.webp 300w, https:\/\/corn-machines.com\/wp-content\/uploads\/2025\/08\/effect-of-corn-peeling-machine-16x12.webp 16w\" sizes=\"auto, (max-width: 720px) 100vw, 720px\" \/><figcaption class=\"wp-element-caption\">efecto de la m\u00e1quina peladora de ma\u00edz<\/figcaption><\/figure>    <figure class=\"wp-block-image size-large\"><img loading=\"lazy\" decoding=\"async\" width=\"720\" height=\"540\" data-id=\"785\" src=\"https:\/\/corn-machines.com\/wp-content\/uploads\/2025\/08\/application-of-corn-peeler-machine.webp\" alt=\"aplicaci\u00f3n de la m\u00e1quina peladora de ma\u00edz\" class=\"wp-image-785\" srcset=\"https:\/\/corn-machines.com\/wp-content\/uploads\/2025\/08\/application-of-corn-peeler-machine.webp 720w, https:\/\/corn-machines.com\/wp-content\/uploads\/2025\/08\/application-of-corn-peeler-machine-300x225.webp 300w, https:\/\/corn-machines.com\/wp-content\/uploads\/2025\/08\/application-of-corn-peeler-machine-16x12.webp 16w\" sizes=\"auto, (max-width: 720px) 100vw, 720px\" \/><figcaption class=\"wp-element-caption\">aplicaci\u00f3n de la m\u00e1quina peladora de ma\u00edz<\/figcaption><\/figure> <\/figure>    <h2 class=\"wp-block-heading\"><strong>Ventajas de la peladora autom\u00e1tica de ma\u00edz<\/strong><\/h2>    <p>Puede completar r\u00e1pidamente el trabajo de pelado de ma\u00edz, acortando significativamente el tiempo de cosecha y reduciendo los costos de mano de obra; adem\u00e1s, las trilladoras modernas tambi\u00e9n tienen las ventajas de una fuerte adaptabilidad y una operaci\u00f3n sencilla.<\/p>    <ul class=\"wp-block-list\"> <li>En comparaci\u00f3n con el pelado manual tradicional, la <strong>m\u00e1quina peladora de ma\u00edz<\/strong> puede completar el proceso de descascarillado a una velocidad m\u00e1s r\u00e1pida, con <strong>una capacidad de 300-800 kg\/h<\/strong>, acortando significativamente el tiempo de cosecha y mejorando la eficiencia del trabajo.<\/li>    <li> La m\u00e1quina peladora de ma\u00edz reduce significativamente la intensidad de mano de obra de los agricultores, reduce el arduo trabajo del pelado manual y <strong>mejora la comodidad del trabajador<\/strong>.<\/li>    <li> Es relativamente simple de operar y puede ser completada por una persona. Su tama\u00f1o relativamente peque\u00f1o hace que sea <strong>f\u00e1cil de mover<\/strong> y adaptar a varios lugares.<\/li>    <li> El producto terminado producido por la peladora de ma\u00edz es <strong>liso, uniforme en tama\u00f1o y libre de impurezas.<\/strong><\/li>    <li>La m\u00e1quina peladora de mazorcas de ma\u00edz Taizy es producida y vendida por nosotros mismos, ofreciendo una fuerte <strong>ventaja de precio<\/strong> en el mismo mercado.<\/li>    <li>La m\u00e1quina peladora de ma\u00edz viene con una <strong>garant\u00eda de un a\u00f1o<\/strong> y un equipo profesional de posventa para ayudar con cualquier problema.<\/li> <\/ul>    <figure class=\"wp-block-gallery has-nested-images columns-default is-cropped wp-block-gallery-3 is-layout-flex wp-block-gallery-is-layout-flex\"> <figure class=\"wp-block-image size-large\"><img loading=\"lazy\" decoding=\"async\" width=\"540\" height=\"720\" data-id=\"786\" src=\"https:\/\/corn-machines.com\/wp-content\/uploads\/2025\/08\/automatic-corn-peeler.webp\" alt=\"peladora autom\u00e1tica de ma\u00edz\" class=\"wp-image-786\" srcset=\"https:\/\/corn-machines.com\/wp-content\/uploads\/2025\/08\/automatic-corn-peeler.webp 540w, https:\/\/corn-machines.com\/wp-content\/uploads\/2025\/08\/automatic-corn-peeler-225x300.webp 225w, https:\/\/corn-machines.com\/wp-content\/uploads\/2025\/08\/automatic-corn-peeler-9x12.webp 9w\" sizes=\"auto, (max-width: 540px) 100vw, 540px\" \/><figcaption class=\"wp-element-caption\">peladora autom\u00e1tica de ma\u00edz<\/figcaption><\/figure>    <figure class=\"wp-block-image size-full\"><img loading=\"lazy\" decoding=\"async\" width=\"720\" height=\"540\" data-id=\"787\" src=\"https:\/\/corn-machines.com\/wp-content\/uploads\/2025\/08\/corn-peeler.webp\" alt=\"exhibici\u00f3n de la m\u00e1quina peladora de ma\u00edz\" class=\"wp-image-787\" srcset=\"https:\/\/corn-machines.com\/wp-content\/uploads\/2025\/08\/corn-peeler.webp 720w, https:\/\/corn-machines.com\/wp-content\/uploads\/2025\/08\/corn-peeler-300x225.webp 300w, https:\/\/corn-machines.com\/wp-content\/uploads\/2025\/08\/corn-peeler-16x12.webp 16w\" sizes=\"auto, (max-width: 720px) 100vw, 720px\" \/><figcaption class=\"wp-element-caption\">peladora de ma\u00edz<\/figcaption><\/figure> <\/figure>    <h2 class=\"wp-block-heading\"><strong>\u00bfCu\u00e1l es el precio de la m\u00e1quina peladora de ma\u00edz?<\/strong><\/h2>    <p>El precio de una peladora de ma\u00edz est\u00e1 influenciado por muchos factores, principalmente el modelo y la fuente de alimentaci\u00f3n. Por un lado, el precio de la m\u00e1quina peladora de ma\u00edz var\u00eda seg\u00fan el modelo, y el precio de uno de gran capacidad ser\u00e1 relativamente m\u00e1s alto. Por otro lado, nuestras peladoras de ma\u00edz pueden equiparse con motores el\u00e9ctricos y di\u00e9sel, por lo que los precios no son fijos. Adem\u00e1s, esta es una m\u00e1quina agr\u00edcola peque\u00f1a, por lo que cuanto m\u00e1s cantidad compre, m\u00e1s favorable ser\u00e1 el precio. Si desea consultar el precio detallado de nuestra peladora de ma\u00edz, no dude en contactarnos.<\/p>   <div class=\"wp-block-image\"> <figure class=\"aligncenter size-full\"><img loading=\"lazy\" decoding=\"async\" width=\"720\" height=\"540\" src=\"https:\/\/corn-machines.com\/wp-content\/uploads\/2025\/08\/maize-peeling-machine.webp\" alt=\"m\u00e1quina peladora de ma\u00edz\" class=\"wp-image-789\" srcset=\"https:\/\/corn-machines.com\/wp-content\/uploads\/2025\/08\/maize-peeling-machine.webp 720w, https:\/\/corn-machines.com\/wp-content\/uploads\/2025\/08\/maize-peeling-machine-300x225.webp 300w, https:\/\/corn-machines.com\/wp-content\/uploads\/2025\/08\/maize-peeling-machine-16x12.webp 16w\" sizes=\"auto, (max-width: 720px) 100vw, 720px\" \/><figcaption class=\"wp-element-caption\">m\u00e1quina peladora de ma\u00edz<\/figcaption><\/figure> <\/div>   <h2 class=\"wp-block-heading\"><strong> Caso de \u00e9xito de la m\u00e1quina peladora de granos de ma\u00edz<\/strong><\/h2>    <p class=\"translation-block\"><strong>Se enviaron treinta peladoras de ma\u00edz a Burkina Faso<\/strong><\/p>    <p class=\"translation-block\">La <strong>m\u00e1quina peladora de ma\u00edz<\/strong> Taizy es bien recibida por clientes de todas las regiones debido a su excelente rendimiento. Han sido exportadas a Nigeria, Ucrania, Burkina Faso y otras regiones. Se enviaron treinta de estas m\u00e1quinas a Burkina Faso.<\/p>    <p>El cliente, un distribuidor local de maquinaria agr\u00edcola, se enter\u00f3 de que hab\u00eda una gran demanda de peladoras de ma\u00edz en la regi\u00f3n. Tanto las f\u00e1bricas de harina como el procesamiento de alimentos a base de ma\u00edz dependen de las peladoras de ma\u00edz. Por lo tanto, quer\u00eda pedir un lote de estas m\u00e1quinas. Le proporcionamos informaci\u00f3n y fotos sobre las m\u00e1quinas, y expres\u00f3 su satisfacci\u00f3n y realiz\u00f3 un pedido de treinta m\u00e1quinas peladoras de ma\u00edz. Seg\u00fan la retroalimentaci\u00f3n del cliente, las peladoras de ma\u00edz se venden bien en el mercado local y los compradores les han dado grandes elogios.<\/p>   <div class=\"wp-block-image\"> <figure class=\"aligncenter size-full\"><img loading=\"lazy\" decoding=\"async\" width=\"720\" height=\"540\" src=\"https:\/\/corn-machines.com\/wp-content\/uploads\/2025\/08\/corn-peeler.webp\" alt=\"exhibici\u00f3n de la m\u00e1quina peladora de ma\u00edz\" class=\"wp-image-787\" srcset=\"https:\/\/corn-machines.com\/wp-content\/uploads\/2025\/08\/corn-peeler.webp 720w, https:\/\/corn-machines.com\/wp-content\/uploads\/2025\/08\/corn-peeler-300x225.webp 300w, https:\/\/corn-machines.com\/wp-content\/uploads\/2025\/08\/corn-peeler-16x12.webp 16w\" sizes=\"auto, (max-width: 720px) 100vw, 720px\" \/><figcaption class=\"wp-element-caption\">peladora de ma\u00edz<\/figcaption><\/figure> <\/div>   <h2 class=\"wp-block-heading\"><strong>\u00a1Act\u00fae ahora y cont\u00e1ctenos!<\/strong><\/h2>    <p class=\"translation-block\">Ya sea usted una planta de procesamiento de ma\u00edz o un distribuidor de maquinaria agr\u00edcola, \u00a1la <strong>m\u00e1quina peladora de ma\u00edz<\/strong> Taizy es una excelente opci\u00f3n! Adem\u00e1s de peladoras de ma\u00edz, nuestra empresa tambi\u00e9n ofrece otra maquinaria para ma\u00edz, como la <a href=\"https:\/\/corn-machines.com\/es\/product\/automated-corn-sowing-machine\/\">sembradora de ma\u00edz<\/a>, la <a href=\"https:\/\/corn-machines.com\/es\/product\/corn-harvester-machine\/\">cosechadora de ma\u00edz<\/a> y la <a href=\"https:\/\/corn-machines.com\/es\/product\/corn-grits-machine\/\">m\u00e1quina para hacer s\u00e9mola de ma\u00edz<\/a>. Si est\u00e1 interesado, \u00a1no dude en contactarnos! Le proporcionaremos el servicio m\u00e1s profesional y m\u00e1quinas de alta calidad.<\/p>","protected":false},"excerpt":{"rendered":"<p>Este art\u00edculo presenta principalmente la m\u00e1quina peladora de ma\u00edz, incluidos sus par\u00e1metros, estructura, ventajas y casos de \u00e9xito. Esta m\u00e1quina tiene una capacidad de 300-800 kg\/h y es muy eficiente, lo que puede satisfacer las necesidades de procesamiento de diferentes escalas.<\/p>","protected":false},"author":1,"featured_media":788,"parent":0,"template":"","tags":[42,68,67],"product-type":[66],"class_list":["post-783","product","type-product","status-publish","has-post-thumbnail","hentry","tag-corn","tag-corn-kernels","tag-corn-peeling","product-type-corn-peeling-machine"],"_links":{"self":[{"href":"https:\/\/corn-machines.com\/es\/wp-json\/wp\/v2\/product\/783","targetHints":{"allow":["GET"]}}],"collection":[{"href":"https:\/\/corn-machines.com\/es\/wp-json\/wp\/v2\/product"}],"about":[{"href":"https:\/\/corn-machines.com\/es\/wp-json\/wp\/v2\/types\/product"}],"author":[{"embeddable":true,"href":"https:\/\/corn-machines.com\/es\/wp-json\/wp\/v2\/users\/1"}],"wp:featuredmedia":[{"embeddable":true,"href":"https:\/\/corn-machines.com\/es\/wp-json\/wp\/v2\/media\/788"}],"wp:attachment":[{"href":"https:\/\/corn-machines.com\/es\/wp-json\/wp\/v2\/media?parent=783"}],"wp:term":[{"taxonomy":"post_tag","embeddable":true,"href":"https:\/\/corn-machines.com\/es\/wp-json\/wp\/v2\/tags?post=783"},{"taxonomy":"product-type","embeddable":true,"href":"https:\/\/corn-machines.com\/es\/wp-json\/wp\/v2\/product-type?post=783"}],"curies":[{"name":"wp","href":"https:\/\/api.w.org\/{rel}","templated":true}]}}