{"id":771,"date":"2025-08-11T16:34:51","date_gmt":"2025-08-11T08:34:51","guid":{"rendered":"https:\/\/corn-machines.com\/?post_type=product&#038;p=771"},"modified":"2025-08-18T14:42:57","modified_gmt":"2025-08-18T06:42:57","slug":"corn-cleaner-machine","status":"publish","type":"product","link":"https:\/\/corn-machines.com\/es\/product\/corn-cleaner-machine\/","title":{"rendered":"M\u00e1quina limpiadora de ma\u00edz para eliminar impurezas de granos crudos"},"content":{"rendered":"<p class=\"translation-block\">La <strong>m\u00e1quina limpiadora de ma\u00edz<\/strong> elimina principalmente impurezas como polvo, piedras y paja del grano crudo. Su tama\u00f1o compacto, alto grado de automatizaci\u00f3n y dise\u00f1o vers\u00e1til la convierten en una pieza ideal para las m\u00e1quinas de s\u00e9mola de ma\u00edz. Puede utilizarse para limpiar ma\u00edz, trigo, alforf\u00f3n, mijo y otros granos, con una capacidad de 400-1200 kg\/h.<\/p>    <p>Las m\u00e1quinas limpiadoras de ma\u00edz son altamente eficientes, f\u00e1ciles de operar y ampliamente aplicables. Por lo tanto, son populares entre los clientes de diversas regiones. Se han exportado a varias regiones, incluidas Angola y Camer\u00fan, y han recibido elogios generalizados.<\/p>    <figure class=\"wp-block-embed is-type-video is-provider-youtube wp-block-embed-youtube wp-embed-aspect-16-9 wp-has-aspect-ratio\"><div class=\"wp-block-embed__wrapper\"> <iframe loading=\"lazy\" title=\"M\u00e1quina de limpieza de ma\u00edz m\u00e1s vendida | \u00bfC\u00f3mo funciona la m\u00e1quina de limpieza de semillas de ma\u00edz?#agriculturalmachinery\" width=\"500\" height=\"281\" src=\"https:\/\/www.youtube.com\/embed\/w8UjR2vlGq8?feature=oembed\" frameborder=\"0\" allow=\"accelerometer; autoplay; clipboard-write; encrypted-media; gyroscope; picture-in-picture; web-share\" referrerpolicy=\"strict-origin-when-cross-origin\" allowfullscreen><\/iframe> <\/div><figcaption class=\"wp-element-caption\">proceso de trabajo de la m\u00e1quina limpiadora de ma\u00edz<\/figcaption><\/figure>    <h2 class=\"wp-block-heading\"><strong>Ventajas de la m\u00e1quina de limpieza de granos<\/strong><\/h2>    <ul class=\"wp-block-list\"> <li> Cuenta con alta eficiencia de producci\u00f3n, con <strong>una capacidad de 400-1200 kg\/h<\/strong>, satisfaciendo las necesidades de producci\u00f3n de diferentes escalas.<\/li>    <li>El <strong>m\u00e1quina limpiadora de ma\u00edz<\/strong> tiene <strong>una amplia gama de aplicaciones<\/strong>, no solo para limpiar ma\u00edz, sino tambi\u00e9n para limpiar trigo, alforf\u00f3n, mijo y otros granos.<\/li>    <li> Por lo general, una persona puede completar el trabajo, <strong>ahorrando un 30% del tiempo<\/strong>.<\/li>    <li> La m\u00e1quina clasificadora de ma\u00edz es muy vers\u00e1til y puede ser <strong>integrado con otras m\u00e1quinas<\/strong>, como <a href=\"https:\/\/corn-machines.com\/es\/product\/corn-grits-machine\/\">m\u00e1quina para hacer s\u00e9mola de ma\u00edz<\/a>.<\/li>    <li>La operaci\u00f3n es sencilla, requiere solo <strong>una persona<\/strong> para completar la tarea de limpieza de ma\u00edz.<\/li>    <li> Las m\u00e1quinas de limpieza de ma\u00edz Taizy son fabricadas y vendidas por nosotros, y la <strong>los precios son bastante competitivos<\/strong><\/li> <\/ul>    <figure class=\"wp-block-gallery has-nested-images columns-default is-cropped wp-block-gallery-2 is-layout-flex wp-block-gallery-is-layout-flex\"> <figure class=\"wp-block-image size-large\"><img loading=\"lazy\" decoding=\"async\" width=\"720\" height=\"540\" data-id=\"774\" src=\"https:\/\/corn-machines.com\/wp-content\/uploads\/2025\/08\/maize-cleaner-machine.webp\" alt=\"m\u00e1quina limpiadora de ma\u00edz\" class=\"wp-image-774\" srcset=\"https:\/\/corn-machines.com\/wp-content\/uploads\/2025\/08\/maize-cleaner-machine.webp 720w, https:\/\/corn-machines.com\/wp-content\/uploads\/2025\/08\/maize-cleaner-machine-300x225.webp 300w, https:\/\/corn-machines.com\/wp-content\/uploads\/2025\/08\/maize-cleaner-machine-16x12.webp 16w\" sizes=\"auto, (max-width: 720px) 100vw, 720px\" \/><figcaption class=\"wp-element-caption\">m\u00e1quina limpiadora de ma\u00edz<\/figcaption><\/figure>    <figure class=\"wp-block-image size-large\"><img loading=\"lazy\" decoding=\"async\" width=\"720\" height=\"540\" data-id=\"775\" src=\"https:\/\/corn-machines.com\/wp-content\/uploads\/2025\/08\/corn-seed-cleaner.webp\" alt=\"exhibici\u00f3n de limpiadora de semillas de ma\u00edz\" class=\"wp-image-775\" srcset=\"https:\/\/corn-machines.com\/wp-content\/uploads\/2025\/08\/corn-seed-cleaner.webp 720w, https:\/\/corn-machines.com\/wp-content\/uploads\/2025\/08\/corn-seed-cleaner-300x225.webp 300w, https:\/\/corn-machines.com\/wp-content\/uploads\/2025\/08\/corn-seed-cleaner-16x12.webp 16w\" sizes=\"auto, (max-width: 720px) 100vw, 720px\" \/><figcaption class=\"wp-element-caption\">limpiadora de semillas de ma\u00edz<\/figcaption><\/figure> <\/figure>    <h2 class=\"wp-block-heading\"><strong>Par\u00e1metros de la m\u00e1quina limpiadora de ma\u00edz<\/strong><\/h2>    <p>La m\u00e1quina limpiadora de ma\u00edz Taizy est\u00e1 disponible en dos modelos: FSQDJ-57 y FSQDJ-100. Cada modelo tiene una capacidad diferente: el FSQDJ-57 tiene una capacidad de 400-600 kg\/h, mientras que el FSQDJ-100 tiene una capacidad de 800-1200 kg\/h. Los par\u00e1metros espec\u00edficos de la m\u00e1quina limpiadora de ma\u00edz son los siguientes:<\/p>    <figure class=\"wp-block-table\"><table class=\"has-fixed-layout\"><tbody><tr><td>Modelo<\/td><td>FSQDJ-57<\/td><td>FSQDJ-100<\/td><\/tr><tr><td>Fuerza<\/td><td>3kw<\/td><td>4kw<\/td><\/tr><tr><td>Capacidad<\/td><td>400-600kg\/h<\/td><td>800-1200kg\/h<\/td><\/tr><tr><td>Peso<\/td><td>300kg<\/td><td>400kg<\/td><\/tr><tr><td>Tama\u00f1o<\/td><td>1.7*0.8*2.9m<\/td><td>1.9*1*3m<\/td><\/tr><\/tbody><\/table><figcaption class=\"wp-element-caption\">par\u00e1metros de la m\u00e1quina limpiadora de ma\u00edz<\/figcaption><\/figure>    <h2 class=\"wp-block-heading\"><strong>Estructura de la m\u00e1quina limpiadora de ma\u00edz<\/strong><\/h2>    <p class=\"translation-block\">La <strong>m\u00e1quina limpiadora de ma\u00edz<\/strong> tiene una estructura simple. Externamente, consiste principalmente en un ventilador, correa, salida de piedras, entrada de ma\u00edz y motor. Estructuralmente, comprende principalmente un dispositivo de alimentaci\u00f3n autom\u00e1tica, una pantalla vibrante de dos niveles, un dispositivo de eliminaci\u00f3n de piedras por gravedad y un dispositivo de purificaci\u00f3n de aire.<\/p>    <ul class=\"wp-block-list\"> <li>Dispositivo de alimentaci\u00f3n autom\u00e1tica: Utiliza gravedad y flujo de aire para la carga autom\u00e1tica.<\/li>    <li>Pantalla vibrante de dos niveles: Utiliza los diferentes tama\u00f1os de part\u00edculas del material y las impurezas para eliminar impurezas que son m\u00e1s peque\u00f1as o m\u00e1s grandes que el material.<\/li>    <li>Dispositivo de eliminaci\u00f3n de piedras por gravedad: Utiliza las diferentes gravidades espec\u00edficas del material y las impurezas para eliminar impurezas m\u00e1s grandes.<\/li>    <li>Dispositivo de purificaci\u00f3n de aire: Descompone la suciedad y las impurezas fr\u00e1giles adheridas al material y las descarga a trav\u00e9s del puerto de descarga.<\/li> <\/ul>   <div class=\"wp-block-image\"> <figure class=\"aligncenter size-full\"><img loading=\"lazy\" decoding=\"async\" width=\"720\" height=\"540\" src=\"https:\/\/corn-machines.com\/wp-content\/uploads\/2025\/08\/structure-of-corn-cleaner.webp\" alt=\"estructura de la limpiadora de ma\u00edz\" class=\"wp-image-773\" srcset=\"https:\/\/corn-machines.com\/wp-content\/uploads\/2025\/08\/structure-of-corn-cleaner.webp 720w, https:\/\/corn-machines.com\/wp-content\/uploads\/2025\/08\/structure-of-corn-cleaner-300x225.webp 300w, https:\/\/corn-machines.com\/wp-content\/uploads\/2025\/08\/structure-of-corn-cleaner-16x12.webp 16w\" sizes=\"auto, (max-width: 720px) 100vw, 720px\" \/><figcaption class=\"wp-element-caption\">estructura de la limpiadora de ma\u00edz<\/figcaption><\/figure> <\/div>   <h2 class=\"wp-block-heading\"><strong>Aplicaci\u00f3n de la clasificadora de ma\u00edz<\/strong><\/h2>    <p class=\"translation-block\">Nuestra <strong>m\u00e1quina limpiadora de ma\u00edz<\/strong> tiene una amplia gama de aplicaciones. Puede ser utilizada no solo para limpiar ma\u00edz, sino tambi\u00e9n para limpiar varios granos como trigo, sorgo, alforf\u00f3n, etc. \u00a1Ya sea que seas una planta de procesamiento de ma\u00edz o una planta de procesamiento de m\u00faltiples granos, puede ayudarte!<\/p>   <div class=\"wp-block-image\"> <figure class=\"aligncenter size-full\"><img loading=\"lazy\" decoding=\"async\" width=\"720\" height=\"540\" src=\"https:\/\/corn-machines.com\/wp-content\/uploads\/2025\/08\/application-of-corn-seed-cleaner-2.webp\" alt=\"aplicaci\u00f3n de la limpiadora de semillas de ma\u00edz\" class=\"wp-image-778\" srcset=\"https:\/\/corn-machines.com\/wp-content\/uploads\/2025\/08\/application-of-corn-seed-cleaner-2.webp 720w, https:\/\/corn-machines.com\/wp-content\/uploads\/2025\/08\/application-of-corn-seed-cleaner-2-300x225.webp 300w, https:\/\/corn-machines.com\/wp-content\/uploads\/2025\/08\/application-of-corn-seed-cleaner-2-16x12.webp 16w\" sizes=\"auto, (max-width: 720px) 100vw, 720px\" \/><figcaption class=\"wp-element-caption\">aplicaci\u00f3n de la limpiadora de semillas de ma\u00edz<\/figcaption><\/figure> <\/div>   <h2 class=\"wp-block-heading\"><strong>\u00bfCu\u00e1l es el precio de la m\u00e1quina limpiadora de ma\u00edz?<\/strong><\/h2>    <p>El precio de la m\u00e1quina clasificadora de ma\u00edz se ve afectado por muchos factores. Por un lado, los costos de flete regionales pueden generar diferencias de precio. Otro factor es la capacidad de la m\u00e1quina, que tambi\u00e9n puede afectar el precio. En general, las m\u00e1quinas de mayor capacidad son m\u00e1s caras. Por ejemplo, el precio de una FSQDJ-100 es mayor que el de una FSQDJ-57. Si desea conocer el precio exacto, \u00a1no dude en contactarnos!<\/p>   <div class=\"wp-block-image\"> <figure class=\"aligncenter size-full\"><img loading=\"lazy\" decoding=\"async\" width=\"720\" height=\"540\" src=\"https:\/\/corn-machines.com\/wp-content\/uploads\/2025\/08\/corn-sorting-machine.webp\" alt=\"exhibici\u00f3n de clasificadora de ma\u00edz\" class=\"wp-image-779\" srcset=\"https:\/\/corn-machines.com\/wp-content\/uploads\/2025\/08\/corn-sorting-machine.webp 720w, https:\/\/corn-machines.com\/wp-content\/uploads\/2025\/08\/corn-sorting-machine-300x225.webp 300w, https:\/\/corn-machines.com\/wp-content\/uploads\/2025\/08\/corn-sorting-machine-16x12.webp 16w\" sizes=\"auto, (max-width: 720px) 100vw, 720px\" \/><figcaption class=\"wp-element-caption\">m\u00e1quina clasificadora de ma\u00edz<\/figcaption><\/figure> <\/div>   <h2 class=\"wp-block-heading\"><strong>Caso de \u00e9xito de limpiadora de semillas de ma\u00edz<\/strong><\/h2>    <p class=\"translation-block\"><strong>La limpiadora de ma\u00edz FSQDJ-57 fue entregada a Camer\u00fan<\/strong>.<\/p>    <p>El cliente opera una estaci\u00f3n de granos en Camer\u00fan. Se quej\u00f3 de que almacenar ma\u00edz con impurezas directamente podr\u00eda llevar f\u00e1cilmente a moho. Eliminar manualmente las impurezas del grano desperdicia una cantidad significativa de tiempo y trabajo. Recomendamos la limpiadora de granos Taizy al cliente y le proporcionamos informaci\u00f3n detallada e im\u00e1genes. El cliente qued\u00f3 muy satisfecho y realiz\u00f3 un pedido de inmediato.<\/p>    <p class=\"translation-block\">Despu\u00e9s de recibir la <strong>m\u00e1quina limpiadora de ma\u00edz<\/strong>, el cliente comenz\u00f3 a limpiar ma\u00edz y report\u00f3 que fue de gran ayuda. Las impurezas fueron eliminadas completamente, y la operaci\u00f3n fue simple, ahorr\u00e1ndoles tiempo y trabajo significativos.<\/p>   <div class=\"wp-block-image\"> <figure class=\"aligncenter size-full\"><img loading=\"lazy\" decoding=\"async\" width=\"720\" height=\"540\" src=\"https:\/\/corn-machines.com\/wp-content\/uploads\/2025\/08\/corn-cleaning-machine-factory.webp\" alt=\"f\u00e1brica de m\u00e1quinas limpiadoras de ma\u00edz\" class=\"wp-image-780\" srcset=\"https:\/\/corn-machines.com\/wp-content\/uploads\/2025\/08\/corn-cleaning-machine-factory.webp 720w, https:\/\/corn-machines.com\/wp-content\/uploads\/2025\/08\/corn-cleaning-machine-factory-300x225.webp 300w, https:\/\/corn-machines.com\/wp-content\/uploads\/2025\/08\/corn-cleaning-machine-factory-16x12.webp 16w\" sizes=\"auto, (max-width: 720px) 100vw, 720px\" \/><figcaption class=\"wp-element-caption\">m\u00e1quina limpiadora de ma\u00edz <\/figcaption><\/figure> <\/div>   <h2 class=\"wp-block-heading\"><strong>Sobre nuestra empresa<\/strong><\/h2>    <p class=\"translation-block\">Como proveedor de confianza de equipos de producci\u00f3n agr\u00edcola, nuestra empresa ofrece equipos para toda la industria del ma\u00edz y los granos. Proporcionamos constantemente a clientes de todo el mundo soluciones pr\u00e1cticas utilizando el mejor equipo y un servicio garantizado, resolviendo numerosos desaf\u00edos de producci\u00f3n. Nuestro equipo, como nuestra <strong>m\u00e1quina limpiadora de ma\u00edz<\/strong> y sembradoras de ma\u00edz, es tecnol\u00f3gicamente avanzado en China. Si est\u00e1s interesado en nuestro equipo, \u00a1por favor cont\u00e1ctanos y te proporcionaremos el mejor servicio y equipo!<\/p>","protected":false},"excerpt":{"rendered":"<p>Este art\u00edculo presenta principalmente la m\u00e1quina limpiadora de ma\u00edz. Incluye la estructura, las ventajas, las aplicaciones, etc. Esta m\u00e1quina limpiadora de ma\u00edz es apreciada por clientes de diferentes regiones debido a sus excelentes ventajas y les brinda una gran ayuda.<\/p>","protected":false},"author":1,"featured_media":772,"parent":0,"template":"","tags":[42,64,61,57],"product-type":[65],"class_list":["post-771","product","type-product","status-publish","has-post-thumbnail","hentry","tag-corn","tag-corn-cleaning","tag-millet","tag-wheat","product-type-corn-cleaning-machine"],"_links":{"self":[{"href":"https:\/\/corn-machines.com\/es\/wp-json\/wp\/v2\/product\/771","targetHints":{"allow":["GET"]}}],"collection":[{"href":"https:\/\/corn-machines.com\/es\/wp-json\/wp\/v2\/product"}],"about":[{"href":"https:\/\/corn-machines.com\/es\/wp-json\/wp\/v2\/types\/product"}],"author":[{"embeddable":true,"href":"https:\/\/corn-machines.com\/es\/wp-json\/wp\/v2\/users\/1"}],"wp:featuredmedia":[{"embeddable":true,"href":"https:\/\/corn-machines.com\/es\/wp-json\/wp\/v2\/media\/772"}],"wp:attachment":[{"href":"https:\/\/corn-machines.com\/es\/wp-json\/wp\/v2\/media?parent=771"}],"wp:term":[{"taxonomy":"post_tag","embeddable":true,"href":"https:\/\/corn-machines.com\/es\/wp-json\/wp\/v2\/tags?post=771"},{"taxonomy":"product-type","embeddable":true,"href":"https:\/\/corn-machines.com\/es\/wp-json\/wp\/v2\/product-type?post=771"}],"curies":[{"name":"wp","href":"https:\/\/api.w.org\/{rel}","templated":true}]}}