{"id":76,"date":"2022-09-07T03:13:08","date_gmt":"2022-09-07T03:13:08","guid":{"rendered":"https:\/\/corn-machines.com\/?post_type=product&#038;p=76"},"modified":"2024-01-05T17:32:15","modified_gmt":"2024-01-05T09:32:15","slug":"small-corn-seeding-machine","status":"publish","type":"product","link":"https:\/\/corn-machines.com\/es\/product\/small-corn-seeding-machine\/","title":{"rendered":"Peque\u00f1a sembradora de ma\u00edz | Sembradora de semillas de ma\u00edz de mano"},"content":{"rendered":"<p>La peque\u00f1a m\u00e1quina sembradora de ma\u00edz es una m\u00e1quina de producci\u00f3n agr\u00edcola que se utiliza para la siembra de ma\u00edz. Al utilizar la sembradora, se mejora la tasa de germinaci\u00f3n del ma\u00edz y el orden de la disposici\u00f3n del ma\u00edz. <\/p>    <p class=\"translation-block\">Esta m\u00e1quina sembradora de ma\u00edz es una sembradora de ma\u00edz peque\u00f1a y es una sembradora de ma\u00edz semiautom\u00e1tica. Tambi\u00e9n disponemos de <a href=\"https:\/\/corn-machines.com\/es\/product\/automated-corn-sowing-machine\/\">sembradoras de ma\u00edz totalmente autom\u00e1ticas<\/a>. <\/p>    <p>La sembradora de ma\u00edz port\u00e1til es una de las m\u00e1quinas m\u00e1s populares para la producci\u00f3n agr\u00edcola dom\u00e9stica debido a su precio asequible.<\/p>    <figure class=\"wp-block-embed is-type-video is-provider-youtube wp-block-embed-youtube wp-embed-aspect-16-9 wp-has-aspect-ratio\"><div class=\"wp-block-embed__wrapper\"> <iframe loading=\"lazy\" title=\"Agricultura econ\u00f3mica: exploraci\u00f3n de la asequibilidad de las sembradoras de ma\u00edz de empuje manual #corn #maize\" width=\"500\" height=\"281\" src=\"https:\/\/www.youtube.com\/embed\/fpNdordty5E?start=56&#038;feature=oembed\" frameborder=\"0\" allow=\"accelerometer; autoplay; clipboard-write; encrypted-media; gyroscope; picture-in-picture; web-share\" referrerpolicy=\"strict-origin-when-cross-origin\" allowfullscreen><\/iframe> <\/div><figcaption class=\"wp-element-caption\">video de trabajo de sembradora de ma\u00edz<\/figcaption><\/figure>    <h2 class=\"wp-block-heading\" id=\"h-the-function-of-small-corn-seeding-machine\">La funci\u00f3n de una peque\u00f1a sembradora de ma\u00edz.<\/h2>    <p class=\"translation-block\">Estas tres m\u00e1quinas sembradoras de ma\u00edz de mano semiautom\u00e1ticas pueden sembrar semillas como ma\u00edz, trigo, sorgo, soja, etc. Adem\u00e1s de sembrar, tambi\u00e9n pueden <a href=\"https:\/\/en.wikipedia.org\/wiki\/Fertilizer\" target=\"_blank\" rel=\"noopener\">abonar<\/a>.<\/p>    <p>Vale la pena se\u00f1alar que la siembra y la fertilizaci\u00f3n no se pueden realizar al mismo tiempo, porque las semillas que acaban de germinar son demasiado tiernas, el exceso de fertilizante puede afectar el crecimiento del ma\u00edz y los cultivadores experimentados est\u00e1n familiarizados con esto.<\/p>    <figure class=\"wp-block-image size-full\"><img loading=\"lazy\" decoding=\"async\" width=\"720\" height=\"540\" src=\"https:\/\/corn-machines.com\/wp-content\/uploads\/2022\/09\/corn-planter.webp\" alt=\"sembradora de maiz\" class=\"wp-image-81\" srcset=\"https:\/\/corn-machines.com\/wp-content\/uploads\/2022\/09\/corn-planter.webp 720w, https:\/\/corn-machines.com\/wp-content\/uploads\/2022\/09\/corn-planter-300x225.webp 300w\" sizes=\"auto, (max-width: 720px) 100vw, 720px\" \/><figcaption class=\"wp-element-caption\">maquina sembradora de maiz a la venta<\/figcaption><\/figure>    <h2 class=\"wp-block-heading\" id=\"h-type-one-one-row-corn-planter\">Tipo uno: sembradora de ma\u00edz de una hilera<\/h2>    <figure class=\"wp-block-image size-full\"><img loading=\"lazy\" decoding=\"async\" width=\"720\" height=\"540\" src=\"https:\/\/corn-machines.com\/wp-content\/uploads\/2022\/09\/corn-seeding-machine-1.webp\" alt=\"maquina sembradora de maiz\" class=\"wp-image-82\" srcset=\"https:\/\/corn-machines.com\/wp-content\/uploads\/2022\/09\/corn-seeding-machine-1.webp 720w, https:\/\/corn-machines.com\/wp-content\/uploads\/2022\/09\/corn-seeding-machine-1-300x225.webp 300w\" sizes=\"auto, (max-width: 720px) 100vw, 720px\" \/><figcaption class=\"wp-element-caption\">Sembradora de ma\u00edz a buen precio.<\/figcaption><\/figure>    <p>Sembradora de ma\u00edz de una hilera, este tipo de m\u00e1quina es relativamente peque\u00f1a, adem\u00e1s, tambi\u00e9n es relativamente liviana, se puede empujar directamente a la tierra de cultivo, se puede colocar en el autom\u00f3vil y tirar directamente. f\u00e1cil de usar. El rendimiento medio es de 0,5 acres\/hora.<\/p>    <h3 class=\"wp-block-heading\" id=\"h-one-row-corn-planter-parameter\">Par\u00e1metro de la sembradora de ma\u00edz de una hilera<\/h3>    <figure class=\"wp-block-image size-full\"><img loading=\"lazy\" decoding=\"async\" width=\"720\" height=\"540\" src=\"https:\/\/corn-machines.com\/wp-content\/uploads\/2022\/09\/corn-seeder.webp\" alt=\"sembradora de maiz\" class=\"wp-image-83\" srcset=\"https:\/\/corn-machines.com\/wp-content\/uploads\/2022\/09\/corn-seeder.webp 720w, https:\/\/corn-machines.com\/wp-content\/uploads\/2022\/09\/corn-seeder-300x225.webp 300w\" sizes=\"auto, (max-width: 720px) 100vw, 720px\" \/><figcaption class=\"wp-element-caption\">m\u00e1quina sembradora de ma\u00edz<\/figcaption><\/figure>    <figure class=\"wp-block-table\"><table><tbody><tr><td>Nombre<\/td><td>maquina sembradora<\/td><\/tr><tr><td>Modelo<\/td><td>TZ-100<\/td><\/tr><tr><td>Capacidad<\/td><td>0,5 acres\/h<\/td><\/tr><tr><td>Tama\u00f1o<\/td><td>1370*420*900<\/td><\/tr><tr><td>Peso<\/td><td>12kg<\/td><\/tr><\/tbody><\/table><figcaption class=\"wp-element-caption\">Par\u00e1metros de la sembradora de ma\u00edz de una hilera.<\/figcaption><\/figure>    <h3 class=\"wp-block-heading\" id=\"h-how-to-use-a-one-row-corn-planter\">\u00bfC\u00f3mo utilizar una sembradora de ma\u00edz de una hilera?<\/h3>    <figure class=\"wp-block-image size-full\"><img loading=\"lazy\" decoding=\"async\" width=\"720\" height=\"540\" src=\"https:\/\/corn-machines.com\/wp-content\/uploads\/2022\/09\/Corn-planter-structure.webp\" alt=\"Estructura de sembradora de ma\u00edz\" class=\"wp-image-84\" srcset=\"https:\/\/corn-machines.com\/wp-content\/uploads\/2022\/09\/Corn-planter-structure.webp 720w, https:\/\/corn-machines.com\/wp-content\/uploads\/2022\/09\/Corn-planter-structure-300x225.webp 300w\" sizes=\"auto, (max-width: 720px) 100vw, 720px\" \/><figcaption class=\"wp-element-caption\">estructura de sembradora de ma\u00edz de mano<\/figcaption><\/figure>    <p>Debido a la resistencia del terreno al momento de plantar, ser\u00e1 m\u00e1s f\u00e1cil de operar para dos personas. Uno empuja desde atr\u00e1s y el otro tira desde delante. La profundidad y la distancia de siembra se controlan manualmente. <\/p>    <p>La sembradora de ma\u00edz tiene dos ruedas, una es m\u00e1s grande y la otra m\u00e1s peque\u00f1a. La rueda m\u00e1s grande se encarga de avanzar y la otra rueda m\u00e1s peque\u00f1a cubre las semillas sembradas con tierra.<\/p>    <figure class=\"wp-block-embed is-type-video is-provider-youtube wp-block-embed-youtube wp-embed-aspect-16-9 wp-has-aspect-ratio\"><div class=\"wp-block-embed__wrapper\"> <iframe loading=\"lazy\" title=\"Peque\u00f1a jardinera de ma\u00edz y man\u00ed | m\u00e1quina sembradora de ma\u00edz | m\u00e1quina sembradora de man\u00ed | sembradora manual de semillas de ma\u00edz\" width=\"500\" height=\"281\" src=\"https:\/\/www.youtube.com\/embed\/Kk85uepTKMg?feature=oembed\" frameborder=\"0\" allow=\"accelerometer; autoplay; clipboard-write; encrypted-media; gyroscope; picture-in-picture; web-share\" referrerpolicy=\"strict-origin-when-cross-origin\" allowfullscreen><\/iframe> <\/div><figcaption class=\"wp-element-caption\">sembradora de man\u00ed y ma\u00edz<\/figcaption><\/figure>    <h2 class=\"wp-block-heading\" id=\"h-type-two-duckbill-corn-seeding-machine\">Tipo dos: m\u00e1quina sembradora de ma\u00edz pico de pato<\/h2>    <figure class=\"wp-block-image size-full\"><img loading=\"lazy\" decoding=\"async\" width=\"720\" height=\"540\" src=\"https:\/\/corn-machines.com\/wp-content\/uploads\/2022\/09\/duckbill-corn-seeding-machine.webp\" alt=\"m\u00e1quina sembradora de ma\u00edz pico de pato\" class=\"wp-image-85\" srcset=\"https:\/\/corn-machines.com\/wp-content\/uploads\/2022\/09\/duckbill-corn-seeding-machine.webp 720w, https:\/\/corn-machines.com\/wp-content\/uploads\/2022\/09\/duckbill-corn-seeding-machine-300x225.webp 300w\" sizes=\"auto, (max-width: 720px) 100vw, 720px\" \/><figcaption class=\"wp-element-caption\">m\u00e1quina sembradora de ma\u00edz pico de pato<\/figcaption><\/figure>    <p>La forma de esta m\u00e1quina sembradora de ma\u00edz pico de pato es relativamente \u00fanica. Hay muchas aberturas para sembrar similares a las de los picos de pato. Cuantas m\u00e1s aberturas haya, m\u00e1s estrecha ser\u00e1 la distancia de siembra, por lo que tambi\u00e9n se puede ajustar la distancia de siembra. <\/p>    <p>La profundidad de siembra de la sembradora es de 3,5 a 7,8 cent\u00edmetros. Puede ser operado por una sola persona, se pueden plantar de 6 a 8 mu en promedio por d\u00eda y la eficiencia del trabajo es alta. Una persona y una m\u00e1quina pueden sembrar de 6 a 8 acres por d\u00eda.<\/p>    <h3 class=\"wp-block-heading\" id=\"h-duckbill-corn-seeding-machine-parameters\">Par\u00e1metros de la m\u00e1quina sembradora de ma\u00edz Duckbill<\/h3>    <figure class=\"wp-block-image size-full\"><img loading=\"lazy\" decoding=\"async\" width=\"720\" height=\"540\" src=\"https:\/\/corn-machines.com\/wp-content\/uploads\/2022\/09\/corn-seeding-machine-structure.webp\" alt=\"estructura de la m\u00e1quina sembradora de ma\u00edz\" class=\"wp-image-86\" srcset=\"https:\/\/corn-machines.com\/wp-content\/uploads\/2022\/09\/corn-seeding-machine-structure.webp 720w, https:\/\/corn-machines.com\/wp-content\/uploads\/2022\/09\/corn-seeding-machine-structure-300x225.webp 300w\" sizes=\"auto, (max-width: 720px) 100vw, 720px\" \/><figcaption class=\"wp-element-caption\">Estructura de la m\u00e1quina sembradora de ma\u00edz industrial.<\/figcaption><\/figure>    <figure class=\"wp-block-table\"><table><tbody><tr><td>Profundidad de siembra<\/td><td>3,5-7,8 cm<\/td><\/tr><tr><td>Cantidad de siembra<\/td><td>1-3 piezas, ajustable<\/td><\/tr><tr><td>Ornitorrinco<\/td><td>M\u00e1x. 12 piezas<\/td><\/tr><tr><td>Peso<\/td><td>11 kilogramos<\/td><\/tr><tr><td>Tama\u00f1o de embalaje<\/td><td>58*58*25mm<\/td><\/tr><\/tbody><\/table><figcaption class=\"wp-element-caption\">Par\u00e1metros de la m\u00e1quina sembradora de ma\u00edz de pico de pato<\/figcaption><\/figure>    <h2 class=\"wp-block-heading\" id=\"h-type-three-gasoline-hand-push-planter\">Tipo tres: sembradora manual de gasolina<\/h2>    <figure class=\"wp-block-image size-full\"><img loading=\"lazy\" decoding=\"async\" width=\"720\" height=\"540\" src=\"https:\/\/corn-machines.com\/wp-content\/uploads\/2022\/09\/gasoline-hand-push-planter.webp\" alt=\"sembradora manual de gasolina\" class=\"wp-image-87\" srcset=\"https:\/\/corn-machines.com\/wp-content\/uploads\/2022\/09\/gasoline-hand-push-planter.webp 720w, https:\/\/corn-machines.com\/wp-content\/uploads\/2022\/09\/gasoline-hand-push-planter-300x225.webp 300w\" sizes=\"auto, (max-width: 720px) 100vw, 720px\" \/><figcaption class=\"wp-element-caption\">sembradora manual de gasolina<\/figcaption><\/figure>    <p>La sembradora manual de gasolina ahorra m\u00e1s tiempo y mano de obra que las dos primeras m\u00e1quinas manuales y tiene una estructura simple y un precio razonable. <\/p>    <p>Incluso se puede operar una peque\u00f1a \u00e1rea de plantaci\u00f3n, que est\u00e1 menos restringida por las condiciones del terreno. Se puede aplicar a diversos suelos como llanuras, monta\u00f1as y colinas.<\/p>    <h3 class=\"wp-block-heading\" id=\"h-the-structure-of-the-gasoline-hand-push-planter\">La estructura de la sembradora manual de gasolina.<\/h3>    <p>La manija de control del acelerador, el freno de mano, la manija de empuje, la caja de siembra, el disco de siembra fina, el resorte de cadena, el resorte profundo y poco profundo, la rueda de goma trasera, el marco, el \u00e1ngulo de siembra inferior, el tanque de combustible, la caja de correa y la rueda de hierro delantera. <\/p>    <p>La sembradora de ma\u00edz a gasolina tiene una estructura simple, alta eficiencia de trabajo y gran capacidad de control. La direcci\u00f3n se puede controlar mediante el mango y tambi\u00e9n tiene estructuras como un freno de mano.<\/p>    <figure class=\"wp-block-gallery has-nested-images columns-default is-cropped wp-block-gallery-2 is-layout-flex wp-block-gallery-is-layout-flex\"> <figure class=\"wp-block-image size-large\"><img loading=\"lazy\" decoding=\"async\" width=\"720\" height=\"540\" data-id=\"88\" src=\"https:\/\/corn-machines.com\/wp-content\/uploads\/2022\/09\/wheel-of-the-gasoline-hand-push-planter.webp\" alt=\"rueda de la sembradora manual de gasolina\" class=\"wp-image-88\" srcset=\"https:\/\/corn-machines.com\/wp-content\/uploads\/2022\/09\/wheel-of-the-gasoline-hand-push-planter.webp 720w, https:\/\/corn-machines.com\/wp-content\/uploads\/2022\/09\/wheel-of-the-gasoline-hand-push-planter-300x225.webp 300w\" sizes=\"auto, (max-width: 720px) 100vw, 720px\" \/><figcaption class=\"wp-element-caption\">rueda de la sembradora manual de ma\u00edz de gasolina<\/figcaption><\/figure>    <figure class=\"wp-block-image size-large\"><img loading=\"lazy\" decoding=\"async\" width=\"720\" height=\"540\" data-id=\"89\" src=\"https:\/\/corn-machines.com\/wp-content\/uploads\/2022\/09\/planter-engine.webp\" alt=\"motor de sembradora\" class=\"wp-image-89\" srcset=\"https:\/\/corn-machines.com\/wp-content\/uploads\/2022\/09\/planter-engine.webp 720w, https:\/\/corn-machines.com\/wp-content\/uploads\/2022\/09\/planter-engine-300x225.webp 300w\" sizes=\"auto, (max-width: 720px) 100vw, 720px\" \/><figcaption class=\"wp-element-caption\">motor de sembradora<\/figcaption><\/figure>    <figure class=\"wp-block-image size-large\"><img loading=\"lazy\" decoding=\"async\" width=\"720\" height=\"540\" data-id=\"90\" src=\"https:\/\/corn-machines.com\/wp-content\/uploads\/2022\/09\/Seed-funnel-for-planter.webp\" alt=\"Embudo de semillas para jardinera\" class=\"wp-image-90\" srcset=\"https:\/\/corn-machines.com\/wp-content\/uploads\/2022\/09\/Seed-funnel-for-planter.webp 720w, https:\/\/corn-machines.com\/wp-content\/uploads\/2022\/09\/Seed-funnel-for-planter-300x225.webp 300w\" sizes=\"auto, (max-width: 720px) 100vw, 720px\" \/><figcaption class=\"wp-element-caption\">alimentador de sembradora de ma\u00edz<\/figcaption><\/figure> <\/figure>    <h2 class=\"wp-block-heading\" id=\"h-advantages-of-gasoline-hand-push-planter\">Ventajas de la sembradora manual de gasolina<\/h2>    <ol class=\"wp-block-list\"> <li><strong>Asequibilidad:<\/strong> Las sembradoras de empuje manual son generalmente m\u00e1s asequibles en comparaci\u00f3n con las sembradoras motorizadas m\u00e1s grandes. Esto los hace accesibles a los peque\u00f1os agricultores con presupuestos limitados, proporcionando una soluci\u00f3n rentable para las necesidades de plantaci\u00f3n.<\/li>    <li><strong>Simplicidad y facilidad de uso:<\/strong> Estas sembradoras est\u00e1n dise\u00f1adas pensando en la simplicidad, lo que las hace f\u00e1ciles de usar, incluso para personas sin mucha experiencia en maquinaria agr\u00edcola. Se requiere una formaci\u00f3n m\u00ednima, lo que permite a los agricultores adoptarlos e integrarlos r\u00e1pidamente en sus procesos de siembra.<\/li>    <li><strong>Portabilidad:<\/strong> Las sembradoras manuales son livianas y port\u00e1tiles, lo que permite a los agricultores moverlas f\u00e1cilmente por el campo. Esta portabilidad es ventajosa en \u00e1reas con terreno irregular o parcelas peque\u00f1as donde maniobrar maquinaria m\u00e1s grande puede resultar un desaf\u00edo.<\/li>    <li><strong>Plantaci\u00f3n de precisi\u00f3n:<\/strong> A pesar de ser operadas manualmente, las sembradoras de empuje manual pueden ofrecer un nivel de precisi\u00f3n en la colocaci\u00f3n de semillas. Esto es esencial para optimizar el crecimiento de las plantas, garantizar el uso eficiente de las semillas y maximizar el rendimiento de los cultivos.<\/li> <\/ol>    <figure class=\"wp-block-image size-full\"><img loading=\"lazy\" decoding=\"async\" width=\"720\" height=\"540\" src=\"https:\/\/corn-machines.com\/wp-content\/uploads\/2022\/09\/corn-planting.webp\" alt=\"siembra de maiz\" class=\"wp-image-80\" srcset=\"https:\/\/corn-machines.com\/wp-content\/uploads\/2022\/09\/corn-planting.webp 720w, https:\/\/corn-machines.com\/wp-content\/uploads\/2022\/09\/corn-planting-300x225.webp 300w\" sizes=\"auto, (max-width: 720px) 100vw, 720px\" \/><figcaption class=\"wp-element-caption\">siembra de maiz<\/figcaption><\/figure>    <h2 class=\"wp-block-heading\">Preguntas frecuentes sobre nuestra sembradora de ma\u00edz<\/h2>   <div id=\"rank-math-faq\" class=\"rank-math-block\"> <div class=\"rank-math-list\"> <div id=\"faq-question-1704439665626\" class=\"rank-math-list-item\"> <h3 class=\"rank-math-question\"><strong>\u00bfCu\u00e1l es la cantidad m\u00ednima de pedido a enviar?<\/strong><\/h3> <div class=\"rank-math-answer\">  <p>La cantidad m\u00ednima de compra es de 20 piezas.<\/p>  <\/div> <\/div> <div id=\"faq-question-1704439674339\" class=\"rank-math-list-item\"> <h3 class=\"rank-math-question\"><strong>\u00bfQu\u00e9 granos puede sembrar una sembradora peque\u00f1a?<\/strong><\/h3> <div class=\"rank-math-answer\">  <p>Trigo, algod\u00f3n, sorgo, man\u00ed, frijol, colza, etc.<\/p>  <\/div> <\/div> <div id=\"faq-question-1704439692227\" class=\"rank-math-list-item\"> <h3 class=\"rank-math-question\"><strong>\u00bfCu\u00e1nto tiempo pueden entregar la m\u00e1quina?<\/strong><\/h3> <div class=\"rank-math-answer\">  <p>En t\u00e9rminos generales, despu\u00e9s de recibir el dep\u00f3sito, necesitamos una semana para organizar la mercanc\u00eda.<\/p>  <\/div> <\/div> <div id=\"faq-question-1704439708401\" class=\"rank-math-list-item\"> <h3 class=\"rank-math-question\"><strong>\u00bfQu\u00e9 m\u00e9todo de env\u00edo utiliza?<\/strong><\/h3> <div class=\"rank-math-answer\">  <p>Generalmente por mar. H\u00e1ganos saber si tiene otros requisitos. Organizaremos el m\u00e9todo de env\u00edo m\u00e1s adecuado.<\/p>  <\/div> <\/div> <div id=\"faq-question-1704439724753\" class=\"rank-math-list-item\"> <h3 class=\"rank-math-question\"><strong>\u00bfEl manual est\u00e1 en chino o ingl\u00e9s?<\/strong><\/h3> <div class=\"rank-math-answer\">  <p>Adjuntaremos el manual de instrucciones en ingl\u00e9s y enviaremos el v\u00eddeo de operaci\u00f3n.<\/p>  <\/div> <\/div> <\/div> <\/div>   <figure class=\"wp-block-image size-full\"><img loading=\"lazy\" decoding=\"async\" width=\"720\" height=\"540\" src=\"https:\/\/corn-machines.com\/wp-content\/uploads\/2022\/09\/gasoline-hand-push-planter-1.webp\" alt=\"sembradora de ma\u00edz de empuje manual exportada\" class=\"wp-image-91\" srcset=\"https:\/\/corn-machines.com\/wp-content\/uploads\/2022\/09\/gasoline-hand-push-planter-1.webp 720w, https:\/\/corn-machines.com\/wp-content\/uploads\/2022\/09\/gasoline-hand-push-planter-1-300x225.webp 300w\" sizes=\"auto, (max-width: 720px) 100vw, 720px\" \/><figcaption class=\"wp-element-caption\">sembradora de ma\u00edz de empuje manual exportada<\/figcaption><\/figure>    <h2 class=\"wp-block-heading\">Invierta en nuestra sembradora manual de semillas de ma\u00edz<\/h2>    <p>Invierta ahora en nuestra sembradora de semillas de ma\u00edz port\u00e1til para afrontar los desaf\u00edos de la agricultura del futuro y lograr mayores rendimientos y una mayor eficiencia en la producci\u00f3n agr\u00edcola. No dude en comunicarse para realizar consultas; Nuestros gerentes comerciales est\u00e1n listos para brindarle respuestas profesionales. <\/p>    <p>P\u00f3ngase en contacto con nuestro equipo de ventas para obtener m\u00e1s detalles y ofertas especiales. \u00a1\u00danase a nosotros en el viaje hacia la cima de la tecnolog\u00eda agr\u00edcola, dando forma juntos a un futuro mejor para la agricultura!<\/p>","protected":false},"excerpt":{"rendered":"<p>La peque\u00f1a m\u00e1quina sembradora de ma\u00edz es una m\u00e1quina de producci\u00f3n agr\u00edcola utilizada para la siembra de ma\u00edz. Al utilizar la sembradora, se mejora la tasa de germinaci\u00f3n del ma\u00edz y el orden de la disposici\u00f3n del ma\u00edz.<\/p>","protected":false},"author":1,"featured_media":79,"parent":0,"template":"","tags":[30,13],"product-type":[2],"class_list":["post-76","product","type-product","status-publish","has-post-thumbnail","hentry","tag-corn-planting-machine","tag-corn-seeding-machine","product-type-corn-planting-machine"],"_links":{"self":[{"href":"https:\/\/corn-machines.com\/es\/wp-json\/wp\/v2\/product\/76","targetHints":{"allow":["GET"]}}],"collection":[{"href":"https:\/\/corn-machines.com\/es\/wp-json\/wp\/v2\/product"}],"about":[{"href":"https:\/\/corn-machines.com\/es\/wp-json\/wp\/v2\/types\/product"}],"author":[{"embeddable":true,"href":"https:\/\/corn-machines.com\/es\/wp-json\/wp\/v2\/users\/1"}],"wp:featuredmedia":[{"embeddable":true,"href":"https:\/\/corn-machines.com\/es\/wp-json\/wp\/v2\/media\/79"}],"wp:attachment":[{"href":"https:\/\/corn-machines.com\/es\/wp-json\/wp\/v2\/media?parent=76"}],"wp:term":[{"taxonomy":"post_tag","embeddable":true,"href":"https:\/\/corn-machines.com\/es\/wp-json\/wp\/v2\/tags?post=76"},{"taxonomy":"product-type","embeddable":true,"href":"https:\/\/corn-machines.com\/es\/wp-json\/wp\/v2\/product-type?post=76"}],"curies":[{"name":"wp","href":"https:\/\/api.w.org\/{rel}","templated":true}]}}