{"id":749,"date":"2025-08-07T16:14:31","date_gmt":"2025-08-07T08:14:31","guid":{"rendered":"https:\/\/corn-machines.com\/?post_type=product&#038;p=749"},"modified":"2025-08-21T18:21:23","modified_gmt":"2025-08-21T10:21:23","slug":"multifunctional-corn-thresher","status":"publish","type":"product","link":"https:\/\/corn-machines.com\/es\/product\/multifunctional-corn-thresher\/","title":{"rendered":"Trilladora multifuncional de ma\u00edz para ma\u00edz, mijo, sorgo"},"content":{"rendered":"<p class=\"translation-block\">El <strong>desgranador de ma\u00edz<\/strong> multifuncional es una m\u00e1quina agr\u00edcola moderna con amplias aplicaciones y alta eficiencia. Su funci\u00f3n principal es desgranar los granos de forma r\u00e1pida y eficiente. Este desgranador de ma\u00edz no solo es adecuado para el ma\u00edz, sino tambi\u00e9n para otros granos como el trigo, el sorgo y la soja. Su capacidad de producci\u00f3n puede alcanzar las 2-6 t\/h, la tasa de desgranado puede alcanzar el 98% y la tasa de rotura es inferior al 1,5%.<\/p>    <p>Esta trilladora de grano ha sido una opci\u00f3n popular entre los clientes en varias regiones, incluyendo Etiop\u00eda y Nicaragua. Los clientes que la han adquirido han elogiado consistentemente su alta eficiencia.<\/p>    <figure class=\"wp-block-embed is-type-video is-provider-youtube wp-block-embed-youtube wp-embed-aspect-16-9 wp-has-aspect-ratio\"><div class=\"wp-block-embed__wrapper\"> <iframe loading=\"lazy\" title=\"Desgranadora Multifuncional de Ma\u00edz | M\u00e1quina Desgranadora Multifuncional Para Ma\u00edz, Mijo, Sorgo, Soja\" width=\"500\" height=\"281\" src=\"https:\/\/www.youtube.com\/embed\/0Yt9iAhSbVU?feature=oembed\" frameborder=\"0\" allow=\"accelerometer; autoplay; clipboard-write; encrypted-media; gyroscope; picture-in-picture; web-share\" referrerpolicy=\"strict-origin-when-cross-origin\" allowfullscreen><\/iframe> <\/div><figcaption class=\"wp-element-caption\">proceso de trabajo de la trilladora multifuncional<\/figcaption><\/figure>    <h2 class=\"wp-block-heading\"><strong>Par\u00e1metros de la desgranadora multifuncional<\/strong><\/h2>    <p class=\"translation-block\">El modelo m\u00e1s vendido de este <strong>desgranador de ma\u00edz<\/strong> es el 5TD-1000. Puede equiparse con un motor di\u00e9sel, un motor el\u00e9ctrico y una TDF, lo que no est\u00e1 limitado por la electricidad y es adecuado para varias regiones. Sus par\u00e1metros espec\u00edficos son los siguientes:<\/p>    <figure class=\"wp-block-table\"><table class=\"has-fixed-layout\"><tbody><tr><td>Modelo<\/td><td>5TD-1000<\/td><\/tr><tr><td>Fuerza<\/td><td>motor di\u00e9sel de 15hp, motor de 11kw, PTO<\/td><\/tr><tr><td>Capacidad<\/td><td>0.5-4t\/h<\/td><\/tr><tr><td>Peso<\/td><td>650 kilos<\/td><\/tr><tr><td>Tama\u00f1o general<\/td><td>3400mm*2100mm*1980mm<\/td><\/tr><\/tbody><\/table><figcaption class=\"wp-element-caption\">par\u00e1metros de la trilladora multifuncional 5TD-1000<\/figcaption><\/figure>    <h2 class=\"wp-block-heading\"><strong>Estructura de la trilladora de ma\u00edz<\/strong> m\u00e1quina<\/h2>    <p>La m\u00e1quina trilladora de ma\u00edz multifuncional tiene una estructura compacta, que se compone principalmente de entrada, salida de mazorca de ma\u00edz, salida de grano de ma\u00edz, ventilador, etc. Adem\u00e1s, tambi\u00e9n se puede equipar con un marco de tracci\u00f3n y ruedas grandes, que pueden mover la m\u00e1quina a donde la necesite para la trilla.<\/p>    <figure class=\"wp-block-gallery has-nested-images columns-default is-cropped wp-block-gallery-2 is-layout-flex wp-block-gallery-is-layout-flex\"> <figure class=\"wp-block-image size-large\"><img loading=\"lazy\" decoding=\"async\" width=\"720\" height=\"540\" data-id=\"757\" src=\"https:\/\/corn-machines.com\/wp-content\/uploads\/2025\/08\/structure-of-multifunctional-crop-thresher.webp\" alt=\"estructura de la trilladora de cultivos multifuncional\" class=\"wp-image-757\" srcset=\"https:\/\/corn-machines.com\/wp-content\/uploads\/2025\/08\/structure-of-multifunctional-crop-thresher.webp 720w, https:\/\/corn-machines.com\/wp-content\/uploads\/2025\/08\/structure-of-multifunctional-crop-thresher-300x225.webp 300w, https:\/\/corn-machines.com\/wp-content\/uploads\/2025\/08\/structure-of-multifunctional-crop-thresher-16x12.webp 16w\" sizes=\"auto, (max-width: 720px) 100vw, 720px\" \/><figcaption class=\"wp-element-caption\">estructura de la trilladora de cultivos multifuncional<\/figcaption><\/figure>    <figure class=\"wp-block-image size-large\"><img loading=\"lazy\" decoding=\"async\" width=\"720\" height=\"540\" data-id=\"751\" src=\"https:\/\/corn-machines.com\/wp-content\/uploads\/2025\/08\/millet-thresher.webp\" alt=\"exhibici\u00f3n de la trilladora de mijo\" class=\"wp-image-751\" srcset=\"https:\/\/corn-machines.com\/wp-content\/uploads\/2025\/08\/millet-thresher.webp 720w, https:\/\/corn-machines.com\/wp-content\/uploads\/2025\/08\/millet-thresher-300x225.webp 300w, https:\/\/corn-machines.com\/wp-content\/uploads\/2025\/08\/millet-thresher-16x12.webp 16w\" sizes=\"auto, (max-width: 720px) 100vw, 720px\" \/><figcaption class=\"wp-element-caption\">trilladora de mijo<\/figcaption><\/figure> <\/figure>    <h2 class=\"wp-block-heading\"><strong>Ventajas de la m\u00e1quina de trilla multiprop\u00f3sito<\/strong><\/h2>    <ul class=\"wp-block-list\"> <li><strong>Amplia aplicaci\u00f3n<\/strong>: En comparaci\u00f3n con la tradicional <a href=\"https:\/\/corn-machines.com\/es\/product\/corn-shelling-machine\/\">trilladora de ma\u00edz<\/a>, las trilladoras multifuncionales tienen un rango de aplicaciones m\u00e1s amplio. Se pueden utilizar para ma\u00edz, sorgo, arroz, mijo, trigo, soja y otros granos. Una sola m\u00e1quina puede trillar una variedad de granos.<\/li>    <li><strong>Alta calidad de trillado<\/strong>: Esta trilladora multifuncional de mijo logra una tasa de trillado superior al 98 %, con una tasa de rotura inferior al 1,5 %, lo que garantiza la integridad del grano y minimiza la p\u00e9rdida de grano.<\/li>    <li><strong>F\u00e1cil operaci\u00f3n<\/strong>: Las trilladoras multifuncionales de cultivos suelen ser de dise\u00f1o sencillo y f\u00e1ciles de operar, lo que permite a los usuarios dominar r\u00e1pidamente el proceso. Una persona puede operarla.<\/li>    <li><strong>Ahorro de mano de obra<\/strong>: En comparaci\u00f3n con la trilla manual tradicional, la trilladora multifuncional de ma\u00edz puede reducir significativamente la intensidad de la mano de obra, especialmente en operaciones agr\u00edcolas a gran escala, ahorrando una mano de obra considerable.<\/li> <\/ul>   <div class=\"wp-block-image\"> <figure class=\"aligncenter size-full\"><img loading=\"lazy\" decoding=\"async\" width=\"720\" height=\"540\" src=\"https:\/\/corn-machines.com\/wp-content\/uploads\/2025\/08\/multipurpose-thresher-1.webp\" alt=\"exhibici\u00f3n de la trilladora multiprop\u00f3sito\" class=\"wp-image-756\" srcset=\"https:\/\/corn-machines.com\/wp-content\/uploads\/2025\/08\/multipurpose-thresher-1.webp 720w, https:\/\/corn-machines.com\/wp-content\/uploads\/2025\/08\/multipurpose-thresher-1-300x225.webp 300w, https:\/\/corn-machines.com\/wp-content\/uploads\/2025\/08\/multipurpose-thresher-1-16x12.webp 16w\" sizes=\"auto, (max-width: 720px) 100vw, 720px\" \/><figcaption class=\"wp-element-caption\">desgranadora multiprop\u00f3sito<\/figcaption><\/figure> <\/div>   <h2 class=\"wp-block-heading\"><strong>Aplicaci\u00f3n de la desgranadora de ma\u00edz multifuncional <\/strong><\/h2>    <p>La m\u00e1quina desgranadora de granos Taizy es ampliamente utilizada, no solo para ma\u00edz, sino tambi\u00e9n para varios tipos de granos como trigo, soja, mijo, sorgo y arroz.<\/p>   <div class=\"wp-block-image\"> <figure class=\"aligncenter size-full\"><img loading=\"lazy\" decoding=\"async\" width=\"720\" height=\"540\" src=\"https:\/\/corn-machines.com\/wp-content\/uploads\/2025\/08\/application-of-multifunction-maize-thresher.webp\" alt=\"aplicaci\u00f3n de la trilladora de ma\u00edz multifuncional\" class=\"wp-image-750\" srcset=\"https:\/\/corn-machines.com\/wp-content\/uploads\/2025\/08\/application-of-multifunction-maize-thresher.webp 720w, https:\/\/corn-machines.com\/wp-content\/uploads\/2025\/08\/application-of-multifunction-maize-thresher-300x225.webp 300w, https:\/\/corn-machines.com\/wp-content\/uploads\/2025\/08\/application-of-multifunction-maize-thresher-16x12.webp 16w\" sizes=\"auto, (max-width: 720px) 100vw, 720px\" \/><figcaption class=\"wp-element-caption\">aplicaci\u00f3n de la trilladora de ma\u00edz multifuncional<\/figcaption><\/figure> <\/div>   <h2 class=\"wp-block-heading\"><strong>Instalaci\u00f3n y uso de la desgranadora de ma\u00edz multifuncional <\/strong><\/h2>    <ul class=\"wp-block-list\"> <li>Para facilitar el transporte, minimizamos el tama\u00f1o de la m\u00e1quina y desmontamos algunos componentes para el env\u00edo. Cuando est\u00e9 en uso, vuelva a montar seg\u00fan el diagrama esquem\u00e1tico.<\/li>    <li>Antes de la operaci\u00f3n, revise cuidadosamente todos los sujetadores para detectar aflojamiento, la flexibilidad de las piezas rotativas y la presencia de objetos extra\u00f1os en el tambor del ventilador. Gire la correa para verificar si hay fricci\u00f3n o colisi\u00f3n, luego haga funcionar la m\u00e1quina sin carga. Solo encienda la m\u00e1quina despu\u00e9s de confirmar que todo est\u00e1 funcionando normalmente.<\/li>    <li>Antes de cada operaci\u00f3n, lubrique completamente los rodamientos y llene el motor di\u00e9sel con suficiente aceite. Opere en vac\u00edo durante unos minutos y espere hasta que funcione normalmente antes de alimentar.<\/li>    <li>Se proh\u00edbe estrictamente la velocidad excesiva para prevenir accidentes.<\/li>    <li>Mientras la m\u00e1quina est\u00e9 en funcionamiento, no introduzca las manos en ninguna parte rotativa para ajustar, solucionar problemas o inspeccionar la m\u00e1quina.<\/li>    <li>El ma\u00edz no debe estar demasiado h\u00famedo durante la operaci\u00f3n.<\/li>    <li>Despu\u00e9s de la operaci\u00f3n, limpie el interior de la m\u00e1quina y lubrique y mantenga todas las partes lubricadas. Cuando no se use durante un per\u00edodo prolongado, gu\u00e1rdela en un lugar seco y ventilado, protegido de la lluvia y la humedad.<\/li> <\/ul>    <figure class=\"wp-block-gallery has-nested-images columns-default is-cropped wp-block-gallery-3 is-layout-flex wp-block-gallery-is-layout-flex\"> <figure class=\"wp-block-image size-full\"><img loading=\"lazy\" decoding=\"async\" width=\"720\" height=\"540\" data-id=\"818\" src=\"https:\/\/corn-machines.com\/wp-content\/uploads\/2025\/08\/multifunctional-threshing-machine-2.webp\" alt=\"m\u00e1quina trilladora multifuncional\" class=\"wp-image-818\" srcset=\"https:\/\/corn-machines.com\/wp-content\/uploads\/2025\/08\/multifunctional-threshing-machine-2.webp 720w, https:\/\/corn-machines.com\/wp-content\/uploads\/2025\/08\/multifunctional-threshing-machine-2-300x225.webp 300w, https:\/\/corn-machines.com\/wp-content\/uploads\/2025\/08\/multifunctional-threshing-machine-2-16x12.webp 16w\" sizes=\"auto, (max-width: 720px) 100vw, 720px\" \/><figcaption class=\"wp-element-caption\">m\u00e1quina trilladora multifuncional<\/figcaption><\/figure>    <figure class=\"wp-block-image size-large\"><img loading=\"lazy\" decoding=\"async\" width=\"720\" height=\"540\" data-id=\"752\" src=\"https:\/\/corn-machines.com\/wp-content\/uploads\/2025\/08\/multifunction-corn-thresher.webp\" alt=\"Trilladora de ma\u00edz multifuncional\" class=\"wp-image-752\" srcset=\"https:\/\/corn-machines.com\/wp-content\/uploads\/2025\/08\/multifunction-corn-thresher.webp 720w, https:\/\/corn-machines.com\/wp-content\/uploads\/2025\/08\/multifunction-corn-thresher-300x225.webp 300w, https:\/\/corn-machines.com\/wp-content\/uploads\/2025\/08\/multifunction-corn-thresher-16x12.webp 16w\" sizes=\"auto, (max-width: 720px) 100vw, 720px\" \/><figcaption class=\"wp-element-caption\">trilladora de ma\u00edz multifuncional<\/figcaption><\/figure> <\/figure>    <h2 class=\"wp-block-heading\"><strong>Caso exitoso de la desgranadora de ma\u00edz multifuncional<\/strong><\/h2>    <p>La desgranadora multifuncional Taizy ha sido favorecida por clientes de todo el mundo debido a sus excelentes ventajas. Un cliente en Nicaragua pidi\u00f3 cinco m\u00e1quinas desgranadoras de ma\u00edz.<\/p>    <p>El cliente es propietario de una granja donde cultiva una variedad de cultivos. Para mejorar la eficiencia de trillado de varios granos, nos consult\u00f3 sobre esta m\u00e1quina. Despu\u00e9s de muchas rondas de comunicaci\u00f3n, el cliente pidi\u00f3 cinco desgranadoras multifuncionales. Al recibir las m\u00e1quinas, el cliente las puso a trabajar inmediatamente para desgranar y expres\u00f3 su satisfacci\u00f3n. Coment\u00f3 que las m\u00e1quinas no solo mejoraron su productividad, sino que tambi\u00e9n le ahorraron tiempo y mano de obra de manera significativa.<\/p>   <div class=\"wp-block-image\"> <figure class=\"aligncenter size-full\"><img loading=\"lazy\" decoding=\"async\" width=\"720\" height=\"540\" src=\"https:\/\/corn-machines.com\/wp-content\/uploads\/2025\/08\/Transportation-of-multipurpose-thresher.webp\" alt=\"transporte de trilladora multiprop\u00f3sito\" class=\"wp-image-740\" srcset=\"https:\/\/corn-machines.com\/wp-content\/uploads\/2025\/08\/Transportation-of-multipurpose-thresher.webp 720w, https:\/\/corn-machines.com\/wp-content\/uploads\/2025\/08\/Transportation-of-multipurpose-thresher-300x225.webp 300w, https:\/\/corn-machines.com\/wp-content\/uploads\/2025\/08\/Transportation-of-multipurpose-thresher-16x12.webp 16w\" sizes=\"auto, (max-width: 720px) 100vw, 720px\" \/><figcaption class=\"wp-element-caption\">transporte de trilladora multiprop\u00f3sito<\/figcaption><\/figure> <\/div>   <h2 class=\"wp-block-heading\"><strong>\u00a1Cont\u00e1ctanos ahora!<\/strong><\/h2>    <p class=\"translation-block\">Ya sea que busque mejorar la eficiencia del trillado de granos o expandirse a nuevos sectores agr\u00edcolas, la trilladora multifuncional de cultivos es una herramienta esencial. Como el proveedor m\u00e1s confiable de <strong>trilladoras de ma\u00edz<\/strong> multifuncionales en la industria, nuestra empresa prioriza la calidad del producto y la satisfacci\u00f3n del cliente. Producimos y vendemos nuestros productos nosotros mismos, por lo que tenemos una gran ventaja de precio. Bienvenido a contactarnos y le proporcionaremos informaci\u00f3n m\u00e1s detallada.<\/p>","protected":false},"excerpt":{"rendered":"<p>Este art\u00edculo se centra en las especificaciones, estructura, ventajas y aplicaciones de un trillo de ma\u00edz multifuncional. Cuenta con una eficiencia de trilla del 98% y una tasa de rotura de menos del 1.5%, lo que mejora enormemente la eficiencia de la trilla de granos.<\/p>","protected":false},"author":1,"featured_media":753,"parent":0,"template":"","tags":[42,55,52,61,59],"product-type":[4],"class_list":["post-749","product","type-product","status-publish","has-post-thumbnail","hentry","tag-corn","tag-corn-threshing","tag-grain","tag-millet","tag-soybean","product-type-corn-thresher-machine"],"_links":{"self":[{"href":"https:\/\/corn-machines.com\/es\/wp-json\/wp\/v2\/product\/749","targetHints":{"allow":["GET"]}}],"collection":[{"href":"https:\/\/corn-machines.com\/es\/wp-json\/wp\/v2\/product"}],"about":[{"href":"https:\/\/corn-machines.com\/es\/wp-json\/wp\/v2\/types\/product"}],"author":[{"embeddable":true,"href":"https:\/\/corn-machines.com\/es\/wp-json\/wp\/v2\/users\/1"}],"wp:featuredmedia":[{"embeddable":true,"href":"https:\/\/corn-machines.com\/es\/wp-json\/wp\/v2\/media\/753"}],"wp:attachment":[{"href":"https:\/\/corn-machines.com\/es\/wp-json\/wp\/v2\/media?parent=749"}],"wp:term":[{"taxonomy":"post_tag","embeddable":true,"href":"https:\/\/corn-machines.com\/es\/wp-json\/wp\/v2\/tags?post=749"},{"taxonomy":"product-type","embeddable":true,"href":"https:\/\/corn-machines.com\/es\/wp-json\/wp\/v2\/product-type?post=749"}],"curies":[{"name":"wp","href":"https:\/\/api.w.org\/{rel}","templated":true}]}}