{"id":706,"date":"2025-08-05T08:58:53","date_gmt":"2025-08-05T00:58:53","guid":{"rendered":"https:\/\/corn-machines.com\/?post_type=product&#038;p=706"},"modified":"2025-11-04T13:36:20","modified_gmt":"2025-11-04T05:36:20","slug":"mobile-grain-dryer-for-drying-grain","status":"publish","type":"product","link":"https:\/\/corn-machines.com\/es\/product\/mobile-grain-dryer-for-drying-grain\/","title":{"rendered":"Secador de granos m\u00f3vil para secar cultivos"},"content":{"rendered":"<p class=\"translation-block\">El <strong>secador m\u00f3vil de granos<\/strong> puede eliminar r\u00e1pidamente la humedad de varios granos, asegurando que alcancen un contenido de humedad seguro antes del almacenamiento. Es adecuado para una amplia gama de granos, incluyendo arroz, trigo, ma\u00edz, soja, y as\u00ed sucesivamente.<\/p>    <p>Nuestro secador de ma\u00edz m\u00f3vil es altamente eficiente, con una capacidad de 10-240 toneladas\/24 horas, satisfaciendo las necesidades de instalaciones de producci\u00f3n m\u00e1s grandes. El silo del secador est\u00e1 construido de acero inoxidable resistente a la corrosi\u00f3n, duro y resistente al desgaste, asegurando una larga vida \u00fatil. Si est\u00e1 buscando un secador de ma\u00edz, el secador de ma\u00edz m\u00f3vil de Taizy es una excelente opci\u00f3n. Cont\u00e1ctenos para obtener informaci\u00f3n detallada.<\/p>    <figure class=\"wp-block-embed is-type-video is-provider-youtube wp-block-embed-youtube wp-embed-aspect-16-9 wp-has-aspect-ratio\"><div class=\"wp-block-embed__wrapper\"> <iframe loading=\"lazy\" title=\"Una m\u00e1quina secadora de grano m\u00f3vil de gran venta con una capacidad de 10-240 toneladas\/24h #secadoradegrano #agricultura\" width=\"500\" height=\"281\" src=\"https:\/\/www.youtube.com\/embed\/xObmWqhUEqM?feature=oembed\" frameborder=\"0\" allow=\"accelerometer; autoplay; clipboard-write; encrypted-media; gyroscope; picture-in-picture; web-share\" referrerpolicy=\"strict-origin-when-cross-origin\" allowfullscreen><\/iframe> <\/div><figcaption class=\"wp-element-caption\">proceso de trabajo de la m\u00e1quina m\u00f3vil de secado de granos<\/figcaption><\/figure>    <h2 class=\"wp-block-heading\"><strong>Modelos de m\u00e1quinas m\u00f3viles para secado de granos<\/strong><\/h2>    <p class=\"translation-block\">Hay dos tipos de <strong>secadoras de granos m\u00f3viles<\/strong>: secadoras de una sola tolva y secadoras de doble tolva. La capacidad de esta m\u00e1quina var\u00eda de 10 toneladas\/24 horas a 240 toneladas, lo que le permite elegir el modelo que mejor se adapte a sus necesidades.<\/p>    <p>Secador de granos con un solo silo:<\/p>    <figure class=\"wp-block-table\"><table class=\"has-fixed-layout\"><tbody><tr><td class=\"has-text-align-center\" data-align=\"center\"><strong>Modelo<\/strong><\/td><td class=\"has-text-align-center\" data-align=\"center\"><strong>Potencia (KW)<\/strong><\/td><td class=\"has-text-align-center\" data-align=\"center\"><strong>Peso (Ton)<\/strong><\/td><td class=\"has-text-align-center\" data-align=\"center\"><strong>Tama\u00f1o (mm)<\/strong><\/td><td class=\"has-text-align-center\" data-align=\"center\"><strong>Salida (24 horas)<\/strong><\/td><\/tr><tr><td class=\"has-text-align-center\" data-align=\"center\">2T<\/td><td class=\"has-text-align-center\" data-align=\"center\">11<\/td><td class=\"has-text-align-center\" data-align=\"center\">2.8<\/td><td class=\"has-text-align-center\" data-align=\"center\">5100*2000*3800<\/td><td class=\"has-text-align-center\" data-align=\"center\">20T<\/td><\/tr><tr><td class=\"has-text-align-center\" data-align=\"center\">4T<\/td><td class=\"has-text-align-center\" data-align=\"center\">19<\/td><td class=\"has-text-align-center\" data-align=\"center\">4.5<\/td><td class=\"has-text-align-center\" data-align=\"center\">5400*2100*3900<\/td><td class=\"has-text-align-center\" data-align=\"center\">40T<\/td><\/tr><tr><td class=\"has-text-align-center\" data-align=\"center\">6T<\/td><td class=\"has-text-align-center\" data-align=\"center\">24<\/td><td class=\"has-text-align-center\" data-align=\"center\">5.3<\/td><td class=\"has-text-align-center\" data-align=\"center\">5600*2100*4300<\/td><td class=\"has-text-align-center\" data-align=\"center\">60T<\/td><\/tr><tr><td class=\"has-text-align-center\" data-align=\"center\">8T<\/td><td class=\"has-text-align-center\" data-align=\"center\">28<\/td><td class=\"has-text-align-center\" data-align=\"center\">6.5<\/td><td class=\"has-text-align-center\" data-align=\"center\">6000*2100*5800<\/td><td class=\"has-text-align-center\" data-align=\"center\">80T<\/td><\/tr><tr><td class=\"has-text-align-center\" data-align=\"center\">10T<\/td><td class=\"has-text-align-center\" data-align=\"center\">32<\/td><td class=\"has-text-align-center\" data-align=\"center\">7.4<\/td><td class=\"has-text-align-center\" data-align=\"center\">6200*2100*6400<\/td><td class=\"has-text-align-center\" data-align=\"center\">100T<\/td><\/tr><\/tbody><\/table><figcaption class=\"wp-element-caption\">Par\u00e1metros de m\u00e1quinas de secado de cereales de un solo contenedor<\/figcaption><\/figure>    <h2 class=\"wp-block-heading\"><strong>Ventajas del secador de cereales m\u00f3vil Taizy<\/strong><\/h2>    <ul class=\"wp-block-list\"> <li><strong>Larga vida \u00fatil<\/strong>El silo de la secadora est\u00e1 hecho de acero inoxidable, que es resistente a la corrosi\u00f3n, duro y resistente al desgaste. Tiene una vida \u00fatil m\u00e1s larga que las secadoras hechas de materiales convencionales.<\/li>    <li><strong>Amplia aplicaci\u00f3n<\/strong>Tiene una amplia gama de aplicaciones, y los granos aplicables incluyen ma\u00edz, trigo, frijoles, arroz, sorgo, mijo, colza, etc.<\/li>    <li><strong>F\u00e1cil de mover<\/strong>El secador m\u00f3vil es f\u00e1cil de operar y se puede remolcar para una f\u00e1cil movilidad. Cuando no est\u00e1 en uso, se puede mover dentro del almac\u00e9n para protegerlo del viento y del sol.<\/li>    <li><strong>Alta eficiencia<\/strong>: El <strong>secador de grano m\u00f3vil<\/strong> se destaca por su alta eficiencia de secado, con una capacidad de 10-240 toneladas por cada 24 horas.<\/li>    <li><strong>Garant\u00eda postventa<\/strong>La m\u00e1quina completa viene con una garant\u00eda de un a\u00f1o. Contamos con un equipo profesional de postventa y soporte t\u00e9cnico, incluidos servicios de instalaci\u00f3n y puesta en marcha en el sitio.<\/li>    <li><strong>Competitividad de precios<\/strong>: Taizy produce y vende sus propios secadores m\u00f3viles, por lo que tiene una fuerte competitividad de precios en el mercado.<\/li> <\/ul>   <div class=\"wp-block-image\"> <figure class=\"aligncenter size-full\"><img loading=\"lazy\" decoding=\"async\" width=\"720\" height=\"540\" src=\"https:\/\/corn-machines.com\/wp-content\/uploads\/2025\/08\/mobile-corn-dryer.webp\" alt=\"el secador de ma\u00edz m\u00f3vil de exhibici\u00f3n\" class=\"wp-image-709\" srcset=\"https:\/\/corn-machines.com\/wp-content\/uploads\/2025\/08\/mobile-corn-dryer.webp 720w, https:\/\/corn-machines.com\/wp-content\/uploads\/2025\/08\/mobile-corn-dryer-300x225.webp 300w, https:\/\/corn-machines.com\/wp-content\/uploads\/2025\/08\/mobile-corn-dryer-16x12.webp 16w\" sizes=\"auto, (max-width: 720px) 100vw, 720px\" \/><figcaption class=\"wp-element-caption\">secador de ma\u00edz m\u00f3vil<\/figcaption><\/figure> <\/div>   <h2 class=\"wp-block-heading\"><strong>La estructura del secador autom\u00e1tico de granos<\/strong><\/h2>    <p class=\"translation-block\">El <strong>secador m\u00f3vil de granos<\/strong> se compone de un silo, escalera, puerto de alimentaci\u00f3n, secador, separador cicl\u00f3nico, secador, cono, ruedas y ventilador. Entre ellos, su silo est\u00e1 hecho de acero inoxidable, que resiste la corrosi\u00f3n de la lluvia, tiene alta dureza y es resistente al desgaste.<\/p>   <div class=\"wp-block-image\"> <figure class=\"aligncenter size-full\"><img loading=\"lazy\" decoding=\"async\" width=\"720\" height=\"540\" src=\"https:\/\/corn-machines.com\/wp-content\/uploads\/2025\/08\/the-structure-of-the-grain-drying-machine.webp\" alt=\"la estructura de la m\u00e1quina de secado de granos\" class=\"wp-image-713\" srcset=\"https:\/\/corn-machines.com\/wp-content\/uploads\/2025\/08\/the-structure-of-the-grain-drying-machine.webp 720w, https:\/\/corn-machines.com\/wp-content\/uploads\/2025\/08\/the-structure-of-the-grain-drying-machine-300x225.webp 300w, https:\/\/corn-machines.com\/wp-content\/uploads\/2025\/08\/the-structure-of-the-grain-drying-machine-16x12.webp 16w\" sizes=\"auto, (max-width: 720px) 100vw, 720px\" \/><figcaption class=\"wp-element-caption\">la estructura de la m\u00e1quina de secado de granos<\/figcaption><\/figure> <\/div>   <h2 class=\"wp-block-heading\"><strong>La aplicaci\u00f3n de la m\u00e1quina de secado de granos de ma\u00edz<\/strong><\/h2>    <p class=\"translation-block\">La <strong>secadora de granos m\u00f3vil<\/strong> tiene una amplia gama de aplicaciones. Puede secar granos como trigo, ma\u00edz, sorgo, soja y mijo. Nuestras secadoras utilizan un flujo de aire caliente de aceite vegetal para secar el grano, lo que no da\u00f1a la calidad ni el color del grano.<\/p>   <div class=\"wp-block-image\"> <figure class=\"aligncenter size-full\"><img loading=\"lazy\" decoding=\"async\" width=\"720\" height=\"540\" src=\"https:\/\/corn-machines.com\/wp-content\/uploads\/2025\/08\/application-of-the-mobile-grain-dryer.webp\" alt=\"aplicaci\u00f3n del secador de granos m\u00f3vil\" class=\"wp-image-707\" srcset=\"https:\/\/corn-machines.com\/wp-content\/uploads\/2025\/08\/application-of-the-mobile-grain-dryer.webp 720w, https:\/\/corn-machines.com\/wp-content\/uploads\/2025\/08\/application-of-the-mobile-grain-dryer-300x225.webp 300w, https:\/\/corn-machines.com\/wp-content\/uploads\/2025\/08\/application-of-the-mobile-grain-dryer-16x12.webp 16w\" sizes=\"auto, (max-width: 720px) 100vw, 720px\" \/><figcaption class=\"wp-element-caption\">aplicaci\u00f3n del secador de granos<\/figcaption><\/figure> <\/div>   <h2 class=\"wp-block-heading\"><strong>La diferencia entre secadora m\u00f3vil y secadora de torre<\/strong><\/h2>    <p>La ventaja de una m\u00e1quina m\u00f3vil de secado de granos es que es f\u00e1cil de operar y mover, y se puede llevar al almac\u00e9n cuando no est\u00e1 en uso. Los silos de granos de acero inoxidable tampoco temen a la oxidaci\u00f3n y tienen bajos costos de mantenimiento.<\/p>    <p class=\"translation-block\"><a href=\"https:\/\/corn-machines.com\/es\/product\/grain-dryer\/\">Las secadoras de torre<\/a> ocupan mucho espacio y son ruidosas. Est\u00e1n expuestas a los elementos durante todo el a\u00f1o y sus costos de mantenimiento anuales son m\u00e1s altos que los de las secadoras m\u00f3viles.<\/p>    <figure class=\"wp-block-table\"><table class=\"has-fixed-layout\"><tbody><tr><td class=\"has-text-align-center\" data-align=\"center\">Tipos<\/td><td class=\"has-text-align-center\" data-align=\"center\">secador de granos m\u00f3vil<\/td><td class=\"has-text-align-center\" data-align=\"center\">secador de granos de torre<\/td><\/tr><tr><td class=\"has-text-align-center\" data-align=\"center\">Superficie del suelo<\/td><td class=\"has-text-align-center\" data-align=\"center\">Peque\u00f1o<\/td><td class=\"has-text-align-center\" data-align=\"center\">Grande<\/td><\/tr><tr><td class=\"has-text-align-center\" data-align=\"center\">Costos de mantenimiento<\/td><td class=\"has-text-align-center\" data-align=\"center\">Bajo<\/td><td class=\"has-text-align-center\" data-align=\"center\">Alto<\/td><\/tr><tr><td class=\"has-text-align-center\" data-align=\"center\">Nivel de ruido<\/td><td class=\"has-text-align-center\" data-align=\"center\">Bajo<\/td><td class=\"has-text-align-center\" data-align=\"center\">Alto<\/td><\/tr><tr><td class=\"has-text-align-center\" data-align=\"center\">Movilidad<\/td><td class=\"has-text-align-center\" data-align=\"center\">F\u00e1cil<\/td><td class=\"has-text-align-center\" data-align=\"center\">Dif\u00edcil<\/td><\/tr><\/tbody><\/table><figcaption class=\"wp-element-caption\"><strong>La diferencia entre los secadores m\u00f3viles de ma\u00edz y los secadores de granos de torre.<\/strong><\/figcaption><\/figure>    <figure class=\"wp-block-gallery has-nested-images columns-default is-cropped wp-block-gallery-2 is-layout-flex wp-block-gallery-is-layout-flex\"> <figure class=\"wp-block-image size-full\"><img loading=\"lazy\" decoding=\"async\" width=\"720\" height=\"540\" data-id=\"715\" src=\"https:\/\/corn-machines.com\/wp-content\/uploads\/2025\/08\/the-tower-grain-dryer-1.webp\" alt=\"secador de granos en torre\" class=\"wp-image-715\" srcset=\"https:\/\/corn-machines.com\/wp-content\/uploads\/2025\/08\/the-tower-grain-dryer-1.webp 720w, https:\/\/corn-machines.com\/wp-content\/uploads\/2025\/08\/the-tower-grain-dryer-1-300x225.webp 300w, https:\/\/corn-machines.com\/wp-content\/uploads\/2025\/08\/the-tower-grain-dryer-1-16x12.webp 16w\" sizes=\"auto, (max-width: 720px) 100vw, 720px\" \/><figcaption class=\"wp-element-caption\">el secador de granos de torre<\/figcaption><\/figure>    <figure class=\"wp-block-image size-full\"><img loading=\"lazy\" decoding=\"async\" width=\"720\" height=\"540\" data-id=\"815\" src=\"https:\/\/corn-machines.com\/wp-content\/uploads\/2025\/08\/mobile-corn-drying-machine.webp\" alt=\"exhibici\u00f3n de m\u00e1quina m\u00f3vil de secado de ma\u00edz\" class=\"wp-image-815\" srcset=\"https:\/\/corn-machines.com\/wp-content\/uploads\/2025\/08\/mobile-corn-drying-machine.webp 720w, https:\/\/corn-machines.com\/wp-content\/uploads\/2025\/08\/mobile-corn-drying-machine-300x225.webp 300w, https:\/\/corn-machines.com\/wp-content\/uploads\/2025\/08\/mobile-corn-drying-machine-16x12.webp 16w\" sizes=\"auto, (max-width: 720px) 100vw, 720px\" \/><figcaption class=\"wp-element-caption\">m\u00e1quina m\u00f3vil de secado de ma\u00edz<\/figcaption><\/figure> <\/figure>    <h2 class=\"wp-block-heading\"><strong>\u00bfCu\u00e1nto cuesta una m\u00e1quina m\u00f3vil de secado de cereales?<\/strong><\/h2>    <p class=\"translation-block\">El precio de una <strong>secadora de granos m\u00f3vil<\/strong> est\u00e1 influenciado por varios factores, incluido el modelo de la m\u00e1quina, la capacidad de producci\u00f3n, el tipo de quemador y si es personalizable.<\/p>    <p>Modelo y capacidad: Los secadores de ma\u00edz de diferentes modelos y capacidades tienen diferentes precios. En t\u00e9rminos generales, los secadores m\u00e1s grandes y de mayor capacidad son m\u00e1s caros debido a su mayor eficiencia y mayor capacidad.<\/p>    <p>Personalizaci\u00f3n: Si un secador de granos autom\u00e1tico requiere personalizaci\u00f3n tambi\u00e9n afecta su precio. Opciones de personalizaci\u00f3n adicionales, como materiales duraderos para entornos especializados, pueden aumentar el precio.<\/p>   <div class=\"wp-block-image\"> <figure class=\"aligncenter size-full\"><img loading=\"lazy\" decoding=\"async\" width=\"720\" height=\"540\" src=\"https:\/\/corn-machines.com\/wp-content\/uploads\/2025\/08\/the-mobile-cereal-drying-machine.webp\" alt=\"la m\u00e1quina m\u00f3vil de secado de cereales\" class=\"wp-image-712\" srcset=\"https:\/\/corn-machines.com\/wp-content\/uploads\/2025\/08\/the-mobile-cereal-drying-machine.webp 720w, https:\/\/corn-machines.com\/wp-content\/uploads\/2025\/08\/the-mobile-cereal-drying-machine-300x225.webp 300w, https:\/\/corn-machines.com\/wp-content\/uploads\/2025\/08\/the-mobile-cereal-drying-machine-16x12.webp 16w\" sizes=\"auto, (max-width: 720px) 100vw, 720px\" \/><figcaption class=\"wp-element-caption\">la m\u00e1quina m\u00f3vil de secado de cereales<\/figcaption><\/figure> <\/div>   <h2 class=\"wp-block-heading\">Preguntas frecuentes sobre el secador de granos m\u00f3vil<\/h2>   <div id=\"rank-math-faq\" class=\"rank-math-block\"> <div class=\"rank-math-list\"> <div id=\"faq-question-1754355955598\" class=\"rank-math-list-item\"> <h3 class=\"rank-math-question\">\u00bfCu\u00e1les son los beneficios del acero inoxidable?<\/h3> <div class=\"rank-math-answer\">  <p>La ventaja del acero inoxidable es que cuando la m\u00e1quina est\u00e1 en funcionamiento, saldr\u00e1 vapor de agua. El acero inoxidable no teme a la corrosi\u00f3n y no tendr\u00e1 manchas de \u00f3xido. Incluso si la m\u00e1quina se guarda despu\u00e9s de usarla este a\u00f1o, estar\u00e1 bien usarla el pr\u00f3ximo a\u00f1o.<\/p>  <\/div> <\/div> <div id=\"faq-question-1754355991319\" class=\"rank-math-list-item\"> <h3 class=\"rank-math-question\">\u00bfQu\u00e9 cultivos se pueden secar en el secador de grano m\u00f3vil? \u00bfCu\u00e1les son las temperaturas?<\/h3> <div class=\"rank-math-answer\">  <p>Se puede secar ma\u00edz, trigo, frijoles, arroz, sorgo, colza, etc. La temperatura de secado es la siguiente.<br \/>Ma\u00edz: 100-140\u00b0C.<br \/>Trigo: 80-90\u00b0C.<br \/>Arroz: 60-70\u00b0C.<br \/>Sorgo: 100-140\u00b0C.<br \/>Colza: 100\u00b0C.<\/p>  <\/div> <\/div> <div id=\"faq-question-1754356184021\" class=\"rank-math-list-item\"> <h3 class=\"rank-math-question\">\u00bfQu\u00e9 fuentes de calor se pueden utilizar?<\/h3> <div class=\"rank-math-answer\">  <p>La m\u00e1quina secadora de cultivos puede funcionar con carb\u00f3n, aceite, metanol, biomasa o electricidad.<\/p>  <\/div> <\/div> <div id=\"faq-question-1754356195689\" class=\"rank-math-list-item\"> <h3 class=\"rank-math-question\">\u00bfCu\u00e1l es la fuente de calor m\u00e1s rentable para usar?<\/h3> <div class=\"rank-math-answer\">  <p>El carb\u00f3n es el m\u00e1s barato, costando un promedio de 35-40 yuanes por tonelada de carb\u00f3n seco. La electricidad es la m\u00e1s cara, y la mayor\u00eda de los agricultores no la utilizan. Los \u00fanicos que lo hacen son las grandes estaciones de grano, que utilizan transformadores separados y reciben subsidios del gobierno.<\/p>  <\/div> <\/div> <\/div> <\/div>   <h2 class=\"wp-block-heading\"><strong>\u00a1Cont\u00e1ctenos ahora!<\/strong><\/h2>    <p>Ya sea que seas un peque\u00f1o agricultor o un gran operador de terminales de grano, este secador de cultivos m\u00f3vil seguramente satisfar\u00e1 tus necesidades. Su rendimiento superior y su equipo de atenci\u00f3n postventa dedicado lo han convertido en una opci\u00f3n popular en todo el mundo. Si tienes alguna pregunta, \u00a1cont\u00e1ctanos hoy!<\/p>","protected":false},"excerpt":{"rendered":"<p>Este art\u00edculo presenta principalmente secadores de granos m\u00f3viles, incluyendo sus modelos, especificaciones, aplicaciones y ventajas. Proporciona una referencia valiosa para los clientes que necesitan secadores.<\/p>","protected":false},"author":1,"featured_media":708,"parent":0,"template":"","tags":[42,52,53],"product-type":[6],"class_list":["post-706","product","type-product","status-publish","has-post-thumbnail","hentry","tag-corn","tag-grain","tag-grain-drying","product-type-grain-drying-machine"],"_links":{"self":[{"href":"https:\/\/corn-machines.com\/es\/wp-json\/wp\/v2\/product\/706","targetHints":{"allow":["GET"]}}],"collection":[{"href":"https:\/\/corn-machines.com\/es\/wp-json\/wp\/v2\/product"}],"about":[{"href":"https:\/\/corn-machines.com\/es\/wp-json\/wp\/v2\/types\/product"}],"author":[{"embeddable":true,"href":"https:\/\/corn-machines.com\/es\/wp-json\/wp\/v2\/users\/1"}],"wp:featuredmedia":[{"embeddable":true,"href":"https:\/\/corn-machines.com\/es\/wp-json\/wp\/v2\/media\/708"}],"wp:attachment":[{"href":"https:\/\/corn-machines.com\/es\/wp-json\/wp\/v2\/media?parent=706"}],"wp:term":[{"taxonomy":"post_tag","embeddable":true,"href":"https:\/\/corn-machines.com\/es\/wp-json\/wp\/v2\/tags?post=706"},{"taxonomy":"product-type","embeddable":true,"href":"https:\/\/corn-machines.com\/es\/wp-json\/wp\/v2\/product-type?post=706"}],"curies":[{"name":"wp","href":"https:\/\/api.w.org\/{rel}","templated":true}]}}