{"id":66,"date":"2022-09-07T01:39:02","date_gmt":"2022-09-07T01:39:02","guid":{"rendered":"https:\/\/corn-machines.com\/?post_type=product&#038;p=66"},"modified":"2022-12-01T11:07:46","modified_gmt":"2022-12-01T03:07:46","slug":"corn-peeling-and-threshing-machine","status":"publish","type":"product","link":"https:\/\/corn-machines.com\/es\/product\/corn-peeling-and-threshing-machine\/","title":{"rendered":"Peladora y trilladora de ma\u00edz | maquina descascaradora de maiz"},"content":{"rendered":"<p class=\"translation-block\">La m\u00e1quina de pelado y trilla de ma\u00edz es una m\u00e1quina que puede realizar dos funciones: pelado de ma\u00edz y trilla. Es una trilladora de ma\u00edz multifuncional con funciones m\u00e1s completas y una m\u00e1quina m\u00e1s eficiente. Y la <a href=\"https:\/\/www.agriculture-machine.com\/maize-sheller\/\" data-type=\"URL\" data-id=\"https:\/\/www.agriculture-machine.com\/maize-sheller\/\" target=\"_blank\" rel=\"noopener\">trilladora de ma\u00edz<\/a> tambi\u00e9n es adecuada para otros granos, como trigo, sorgo y cultivos de soja. Es una m\u00e1quina que vale mucho la pena comprar para los agricultores. Esta m\u00e1quina se ha vendido en Finlandia, Kazajist\u00e1n, Dub\u00e1i, Marruecos, Filipinas, Brasil y otros pa\u00edses.<\/p>    <figure class=\"wp-block-image size-full\"><img loading=\"lazy\" decoding=\"async\" width=\"720\" height=\"540\" src=\"https:\/\/corn-machines.com\/wp-content\/uploads\/2022\/09\/Corn-peeling-and-threshing-machien-1.webp\" alt=\"M\u00e1quina peladora y trilladora de ma\u00edz.\" class=\"wp-image-165\" srcset=\"https:\/\/corn-machines.com\/wp-content\/uploads\/2022\/09\/Corn-peeling-and-threshing-machien-1.webp 720w, https:\/\/corn-machines.com\/wp-content\/uploads\/2022\/09\/Corn-peeling-and-threshing-machien-1-300x225.webp 300w\" sizes=\"auto, (max-width: 720px) 100vw, 720px\" \/><figcaption class=\"wp-element-caption\">M\u00e1quina peladora y trilladora de ma\u00edz.<\/figcaption><\/figure>    <h2 class=\"wp-block-heading\" id=\"h-what-are-the-functions-of-the-multifunctional-corn-thresher\">\u00bfCu\u00e1les son las funciones de la trilladora de ma\u00edz multifuncional?<\/h2>    <figure class=\"wp-block-image size-full\"><img loading=\"lazy\" decoding=\"async\" width=\"720\" height=\"540\" src=\"https:\/\/corn-machines.com\/wp-content\/uploads\/2022\/09\/functions-of-the-multifunctional-corn-thresher.webp\" alt=\"Funciones de la trilladora de ma\u00edz multifuncional.\" class=\"wp-image-166\" srcset=\"https:\/\/corn-machines.com\/wp-content\/uploads\/2022\/09\/functions-of-the-multifunctional-corn-thresher.webp 720w, https:\/\/corn-machines.com\/wp-content\/uploads\/2022\/09\/functions-of-the-multifunctional-corn-thresher-300x225.webp 300w\" sizes=\"auto, (max-width: 720px) 100vw, 720px\" \/><figcaption class=\"wp-element-caption\">Funciones de la trilladora de ma\u00edz multifuncional.<\/figcaption><\/figure>    <p>Esta m\u00e1quina peladora y trilladora de ma\u00edz es una m\u00e1quina que puede realizar dos funciones de pelado y trilla de ma\u00edz y puede agregar funciones al mismo tiempo. Puede obtener granos de ma\u00edz en un solo procesamiento y no necesita ser transportado muchas veces. Adem\u00e1s, esta trilladora de ma\u00edz no s\u00f3lo puede trillar ma\u00edz sino tambi\u00e9n otros mijos como arroz, mijo, trigo, soja, etc.<\/p>    <h2 class=\"wp-block-heading\" id=\"h-how-to-realize-the-processing-of-multiple-grains\">C\u00f3mo realizar el procesamiento de m\u00faltiples granos.<\/h2>    <figure class=\"wp-block-gallery has-nested-images columns-2 is-cropped wp-block-gallery-2 is-layout-flex wp-block-gallery-is-layout-flex\"> <figure class=\"wp-block-image size-large\"><img loading=\"lazy\" decoding=\"async\" width=\"720\" height=\"540\" data-id=\"170\" src=\"https:\/\/corn-machines.com\/wp-content\/uploads\/2022\/09\/grain-thresher.webp\" alt=\"trilladora de granos\" class=\"wp-image-170\" srcset=\"https:\/\/corn-machines.com\/wp-content\/uploads\/2022\/09\/grain-thresher.webp 720w, https:\/\/corn-machines.com\/wp-content\/uploads\/2022\/09\/grain-thresher-300x225.webp 300w\" sizes=\"auto, (max-width: 720px) 100vw, 720px\" \/><figcaption class=\"wp-element-caption\">trilladora de granos<\/figcaption><\/figure>    <figure class=\"wp-block-image size-large\"><img loading=\"lazy\" decoding=\"async\" width=\"720\" height=\"540\" data-id=\"168\" src=\"https:\/\/corn-machines.com\/wp-content\/uploads\/2022\/09\/maize-shelling-machine-details-1.webp\" alt=\"Detalles de la m\u00e1quina desgranadora de ma\u00edz\" class=\"wp-image-168\" srcset=\"https:\/\/corn-machines.com\/wp-content\/uploads\/2022\/09\/maize-shelling-machine-details-1.webp 720w, https:\/\/corn-machines.com\/wp-content\/uploads\/2022\/09\/maize-shelling-machine-details-1-300x225.webp 300w\" sizes=\"auto, (max-width: 720px) 100vw, 720px\" \/><figcaption class=\"wp-element-caption\">Detalles de la m\u00e1quina desgranadora de ma\u00edz<\/figcaption><\/figure>    <figure class=\"wp-block-image size-large\"><img loading=\"lazy\" decoding=\"async\" width=\"720\" height=\"540\" data-id=\"167\" src=\"https:\/\/corn-machines.com\/wp-content\/uploads\/2022\/09\/maize-shelling-machine-details.webp\" alt=\"Detalles de la m\u00e1quina desgranadora de ma\u00edz\" class=\"wp-image-167\" srcset=\"https:\/\/corn-machines.com\/wp-content\/uploads\/2022\/09\/maize-shelling-machine-details.webp 720w, https:\/\/corn-machines.com\/wp-content\/uploads\/2022\/09\/maize-shelling-machine-details-300x225.webp 300w\" sizes=\"auto, (max-width: 720px) 100vw, 720px\" \/><figcaption class=\"wp-element-caption\">Detalles de la m\u00e1quina desgranadora de ma\u00edz<\/figcaption><\/figure>    <figure class=\"wp-block-image size-large\"><img loading=\"lazy\" decoding=\"async\" width=\"720\" height=\"540\" data-id=\"169\" src=\"https:\/\/corn-machines.com\/wp-content\/uploads\/2022\/09\/wheat-threshing.webp\" alt=\"trilla de trigo\" class=\"wp-image-169\" srcset=\"https:\/\/corn-machines.com\/wp-content\/uploads\/2022\/09\/wheat-threshing.webp 720w, https:\/\/corn-machines.com\/wp-content\/uploads\/2022\/09\/wheat-threshing-300x225.webp 300w\" sizes=\"auto, (max-width: 720px) 100vw, 720px\" \/><figcaption class=\"wp-element-caption\">trilla de trigo<\/figcaption><\/figure> <\/figure>    <p class=\"translation-block\">Dado que cada grano tiene un tama\u00f1o muy diferente, el tama\u00f1o de los granos de ma\u00edz y mijo no es el mismo. Si desea procesar una variedad de granos, debe cambiar la pantalla de la m\u00e1quina. Esto asegurar\u00e1 que cuando la trilladora multifuncional est\u00e9 tamizando el grano, el grano no se escape debido a la malla sobredimensionada. Nuestra f\u00e1brica tambi\u00e9n dispone de varias m\u00e1quinas, como una trilladora de ma\u00edz fresco y <a href=\"https:\/\/corn-machines.com\/es\/product\/corn-shelling-machine\/\" data-type=\"URL\" data-id=\"https:\/\/corn-machines.com\/product\/corn-shelling-machine\/\">trilladora de ma\u00edz para procesamiento de despunte de ma\u00edz<\/a>.<\/p>    <h2 class=\"wp-block-heading\" id=\"h-production-efficiency-of-corn-peeling-and-threshing-machine\">Eficiencia de producci\u00f3n de la m\u00e1quina peladora y trilladora de ma\u00edz.<\/h2>    <figure class=\"wp-block-image size-full\"><img loading=\"lazy\" decoding=\"async\" width=\"720\" height=\"540\" src=\"https:\/\/corn-machines.com\/wp-content\/uploads\/2022\/09\/corn-peeling-and-threshing-machine.webp\" alt=\"maquina peladora y trilladora de maiz\" class=\"wp-image-171\" srcset=\"https:\/\/corn-machines.com\/wp-content\/uploads\/2022\/09\/corn-peeling-and-threshing-machine.webp 720w, https:\/\/corn-machines.com\/wp-content\/uploads\/2022\/09\/corn-peeling-and-threshing-machine-300x225.webp 300w\" sizes=\"auto, (max-width: 720px) 100vw, 720px\" \/><figcaption class=\"wp-element-caption\">maquina peladora y trilladora de maiz<\/figcaption><\/figure>    <p class=\"translation-block\">La m\u00e1quina de pelado y trilla de ma\u00edz tiene una tasa de trilla de hasta el 95% y una baja tasa de p\u00e9rdidas. 1,5-2 t por hora. Despu\u00e9s de usar esta trilladora de pelado de ma\u00edz, pueden procesarse dos tipos de ma\u00edz al mismo tiempo. Sin embargo, esta trilladora de ma\u00edz procesa ma\u00edz secado al sol y no puede usarse directamente despu\u00e9s de la cosecha. Es necesario secarlo para eliminar la humedad del ma\u00edz. Despu\u00e9s del procesamiento, si el ma\u00edz se cosecha m\u00e1s tarde y la humedad en la espiga se ha evaporado, se puede procesar directamente. Alternativamente, si desea trillarlo ma\u00edz fresco, puede usar una <a href=\"https:\/\/corn-machines.com\/es\/product\/fresh-corn-thresher-sweet-corn-sheller\/\">trilladora de ma\u00edz dulce<\/a>.<\/p>    <h2 class=\"wp-block-heading\" id=\"h-parameters-of-corn-peeling-and-threshing-machine\">Par\u00e1metros de la peladora y trilladora de ma\u00edz.<\/h2>    <figure class=\"wp-block-gallery has-nested-images columns-default is-cropped wp-block-gallery-3 is-layout-flex wp-block-gallery-is-layout-flex\"> <figure class=\"wp-block-image size-large\"><img loading=\"lazy\" decoding=\"async\" width=\"720\" height=\"540\" data-id=\"172\" src=\"https:\/\/corn-machines.com\/wp-content\/uploads\/2022\/09\/MT-860-corn-shelling-machine.webp\" alt=\"Desgranadora de ma\u00edz MT-860\" class=\"wp-image-172\" srcset=\"https:\/\/corn-machines.com\/wp-content\/uploads\/2022\/09\/MT-860-corn-shelling-machine.webp 720w, https:\/\/corn-machines.com\/wp-content\/uploads\/2022\/09\/MT-860-corn-shelling-machine-300x225.webp 300w\" sizes=\"auto, (max-width: 720px) 100vw, 720px\" \/><figcaption class=\"wp-element-caption\">Desgranadora de ma\u00edz MT-860<\/figcaption><\/figure>    <figure class=\"wp-block-image size-large\"><img loading=\"lazy\" decoding=\"async\" width=\"720\" height=\"540\" data-id=\"173\" src=\"https:\/\/corn-machines.com\/wp-content\/uploads\/2022\/09\/MT-1200-corn-shelling-machine.webp\" alt=\"Desgranadora de ma\u00edz MT-1200\" class=\"wp-image-173\" srcset=\"https:\/\/corn-machines.com\/wp-content\/uploads\/2022\/09\/MT-1200-corn-shelling-machine.webp 720w, https:\/\/corn-machines.com\/wp-content\/uploads\/2022\/09\/MT-1200-corn-shelling-machine-300x225.webp 300w\" sizes=\"auto, (max-width: 720px) 100vw, 720px\" \/><figcaption class=\"wp-element-caption\">Desgranadora de ma\u00edz MT-1200<\/figcaption><\/figure> <\/figure>    <figure class=\"wp-block-table\"><table><tbody><tr><td>Modelo<\/td><td>Fuerza<\/td><td>Capacidad<\/td><td>Peso<\/td><td>Tama\u00f1o<\/td><td>Solicitud<\/td><\/tr><tr><td>MT-860<\/td><td>Motor di\u00e9sel, motor de gasolina, motor el\u00e9ctrico.<\/td><td>1,5-2 t\/h<\/td><td>112 kilos<\/td><td>1150*860<em>*<\/em>1160 mm<\/td><td>Sorgo, Mijo, Ma\u00edz, Soja<\/td><\/tr><tr><td>MT-1200<\/td><td>Motor di\u00e9sel de 10-12 CV<\/td><td>ma\u00edz 3t\/h,<br>Soja 2t\/h<br>Sorgo, mijo, trigo, arroz 1,5 t\/h<\/td><td>200 kilos<\/td><td>2100*1700*1400mm<\/td><td>Sorgo, Mijo, Ma\u00edz, Soja<\/td><\/tr><\/tbody><\/table><\/figure>    <h2 class=\"wp-block-heading\" id=\"h-various-power-modes-of-corn-peeling-thresher\">Varios modos de potencia de la trilladora peladora de ma\u00edz.<\/h2>    <figure class=\"wp-block-gallery has-nested-images columns-default is-cropped wp-block-gallery-4 is-layout-flex wp-block-gallery-is-layout-flex\"> <figure class=\"wp-block-image size-large\"><img loading=\"lazy\" decoding=\"async\" width=\"720\" height=\"540\" data-id=\"174\" src=\"https:\/\/corn-machines.com\/wp-content\/uploads\/2022\/09\/power-of-corn-peeling-thresher.webp\" alt=\"Trilladora de ma\u00edz el\u00e9ctrica\" class=\"wp-image-174\" srcset=\"https:\/\/corn-machines.com\/wp-content\/uploads\/2022\/09\/power-of-corn-peeling-thresher.webp 720w, https:\/\/corn-machines.com\/wp-content\/uploads\/2022\/09\/power-of-corn-peeling-thresher-300x225.webp 300w\" sizes=\"auto, (max-width: 720px) 100vw, 720px\" \/><figcaption class=\"wp-element-caption\">Trilladora de ma\u00edz el\u00e9ctrica<\/figcaption><\/figure>    <figure class=\"wp-block-image size-large\"><img loading=\"lazy\" decoding=\"async\" width=\"720\" height=\"540\" data-id=\"175\" src=\"https:\/\/corn-machines.com\/wp-content\/uploads\/2022\/09\/Diesel-Corn-Thresher.webp\" alt=\"Trilladora de ma\u00edz di\u00e9sel\" class=\"wp-image-175\" srcset=\"https:\/\/corn-machines.com\/wp-content\/uploads\/2022\/09\/Diesel-Corn-Thresher.webp 720w, https:\/\/corn-machines.com\/wp-content\/uploads\/2022\/09\/Diesel-Corn-Thresher-300x225.webp 300w\" sizes=\"auto, (max-width: 720px) 100vw, 720px\" \/><figcaption class=\"wp-element-caption\">Trilladora de ma\u00edz di\u00e9sel<\/figcaption><\/figure>    <figure class=\"wp-block-image size-large\"><img loading=\"lazy\" decoding=\"async\" width=\"720\" height=\"540\" data-id=\"176\" src=\"https:\/\/corn-machines.com\/wp-content\/uploads\/2022\/09\/Gasoline-Corn-Thresher.webp\" alt=\"Trilladora de ma\u00edz a gasolina\" class=\"wp-image-176\" srcset=\"https:\/\/corn-machines.com\/wp-content\/uploads\/2022\/09\/Gasoline-Corn-Thresher.webp 720w, https:\/\/corn-machines.com\/wp-content\/uploads\/2022\/09\/Gasoline-Corn-Thresher-300x225.webp 300w\" sizes=\"auto, (max-width: 720px) 100vw, 720px\" \/><figcaption class=\"wp-element-caption\">Trilladora de ma\u00edz a gasolina<\/figcaption><\/figure> <\/figure>    <p>Podemos combinarnos con motores di\u00e9sel, motores de gasolina o motores el\u00e9ctricos como unidades de potencia. Podemos personalizar la m\u00e1quina seg\u00fan sus necesidades. Esto es para que los clientes elijan una trilladora de ma\u00edz multifuncional que sea m\u00e1s adecuada para ellos.<\/p>    <h2 class=\"wp-block-heading\" id=\"h-structure-of-corn-peeling-thresher\">Estructura de la trilladora peladora de ma\u00edz.<\/h2>    <figure class=\"wp-block-gallery has-nested-images columns-default is-cropped wp-block-gallery-5 is-layout-flex wp-block-gallery-is-layout-flex\"> <figure class=\"wp-block-image size-large\"><img loading=\"lazy\" decoding=\"async\" width=\"720\" height=\"540\" data-id=\"179\" src=\"https:\/\/corn-machines.com\/wp-content\/uploads\/2022\/09\/corn-peeling-thresher-details.webp\" alt=\"Detalles de la trilladora peladora de ma\u00edz.\" class=\"wp-image-179\" srcset=\"https:\/\/corn-machines.com\/wp-content\/uploads\/2022\/09\/corn-peeling-thresher-details.webp 720w, https:\/\/corn-machines.com\/wp-content\/uploads\/2022\/09\/corn-peeling-thresher-details-300x225.webp 300w\" sizes=\"auto, (max-width: 720px) 100vw, 720px\" \/><figcaption class=\"wp-element-caption\">Detalles de la trilladora peladora de ma\u00edz.<\/figcaption><\/figure>    <figure class=\"wp-block-image size-large\"><img loading=\"lazy\" decoding=\"async\" width=\"720\" height=\"540\" data-id=\"178\" src=\"https:\/\/corn-machines.com\/wp-content\/uploads\/2022\/09\/factory-of-corn-peeling-thresher.webp\" alt=\"fabrica de trilladora peladora de maiz\" class=\"wp-image-178\" srcset=\"https:\/\/corn-machines.com\/wp-content\/uploads\/2022\/09\/factory-of-corn-peeling-thresher.webp 720w, https:\/\/corn-machines.com\/wp-content\/uploads\/2022\/09\/factory-of-corn-peeling-thresher-300x225.webp 300w\" sizes=\"auto, (max-width: 720px) 100vw, 720px\" \/><figcaption class=\"wp-element-caption\">fabrica de trilladora peladora de maiz<\/figcaption><\/figure>    <figure class=\"wp-block-image size-large\"><img loading=\"lazy\" decoding=\"async\" width=\"720\" height=\"540\" data-id=\"177\" src=\"https:\/\/corn-machines.com\/wp-content\/uploads\/2022\/09\/Structure-of-corn-peeling-thresher.webp\" alt=\"Estructura de la trilladora peladora de ma\u00edz.\" class=\"wp-image-177\" srcset=\"https:\/\/corn-machines.com\/wp-content\/uploads\/2022\/09\/Structure-of-corn-peeling-thresher.webp 720w, https:\/\/corn-machines.com\/wp-content\/uploads\/2022\/09\/Structure-of-corn-peeling-thresher-300x225.webp 300w\" sizes=\"auto, (max-width: 720px) 100vw, 720px\" \/><figcaption class=\"wp-element-caption\">Estructura de la trilladora peladora de ma\u00edz.<\/figcaption><\/figure> <\/figure>    <p>La trilladora se compone de un puerto de alimentaci\u00f3n, un puerto de descarga de granos de ma\u00edz, una salida de impurezas, un ventilador de tiro inducido, una rueda m\u00f3vil y una criba. Una cosa a tener en cuenta es que esta peque\u00f1a trilladora tiene un ventilador simple y un ventilador doble. Para m\u00e1quinas con doble ventilador, el ma\u00edz despu\u00e9s de la trilla queda m\u00e1s limpio. Despu\u00e9s de que las mazorcas de ma\u00edz ingresan al puerto de alimentaci\u00f3n, primero ingresan a la caja de pelado y, despu\u00e9s de pelarlas, ingresan autom\u00e1ticamente a la caja de trilla para trillar.<\/p>    <h2 class=\"wp-block-heading\" id=\"h-how-to-use-corn-peeling-and-threshing-machine\">C\u00f3mo utilizar la peladora y trilladora de ma\u00edz.<\/h2>    <figure class=\"wp-block-gallery has-nested-images columns-default is-cropped wp-block-gallery-6 is-layout-flex wp-block-gallery-is-layout-flex\"> <figure class=\"wp-block-image size-large\"><img loading=\"lazy\" decoding=\"async\" width=\"720\" height=\"540\" data-id=\"180\" src=\"https:\/\/corn-machines.com\/wp-content\/uploads\/2022\/09\/corn-peeling-and-threshing-machine-working.webp\" alt=\"M\u00e1quina peladora y trilladora de ma\u00edz funcionando\" class=\"wp-image-180\" srcset=\"https:\/\/corn-machines.com\/wp-content\/uploads\/2022\/09\/corn-peeling-and-threshing-machine-working.webp 720w, https:\/\/corn-machines.com\/wp-content\/uploads\/2022\/09\/corn-peeling-and-threshing-machine-working-300x225.webp 300w\" sizes=\"auto, (max-width: 720px) 100vw, 720px\" \/><figcaption class=\"wp-element-caption\">M\u00e1quina peladora y trilladora de ma\u00edz funcionando<\/figcaption><\/figure>    <figure class=\"wp-block-image size-large\"><img loading=\"lazy\" decoding=\"async\" width=\"720\" height=\"540\" data-id=\"181\" src=\"https:\/\/corn-machines.com\/wp-content\/uploads\/2022\/09\/corn-peeling-and-threshing-machine-working-1.webp\" alt=\"M\u00e1quina peladora y trilladora de ma\u00edz funcionando\" class=\"wp-image-181\" srcset=\"https:\/\/corn-machines.com\/wp-content\/uploads\/2022\/09\/corn-peeling-and-threshing-machine-working-1.webp 720w, https:\/\/corn-machines.com\/wp-content\/uploads\/2022\/09\/corn-peeling-and-threshing-machine-working-1-300x225.webp 300w\" sizes=\"auto, (max-width: 720px) 100vw, 720px\" \/><figcaption class=\"wp-element-caption\">M\u00e1quina peladora y trilladora de ma\u00edz funcionando<\/figcaption><\/figure> <\/figure>    <ol class=\"wp-block-list\"> <li>Antes de arrancar la m\u00e1quina, verifique si las piezas de conexi\u00f3n de cada pieza clave est\u00e1n firmes<\/li>    <li>Cuando la m\u00e1quina est\u00e1 en funcionamiento, est\u00e1 estrictamente prohibido abrir la tapa de seguridad.<br><\/li>    <li>Si se encuentra alguna situaci\u00f3n anormal, se debe detener inmediatamente para su inspecci\u00f3n y est\u00e1 estrictamente prohibido solucionar problemas de la m\u00e1quina cuando est\u00e1 en funcionamiento.<\/li>    <li> Cuando el puerto de alimentaci\u00f3n est\u00e1 bloqueado, est\u00e1 estrictamente prohibido utilizar manos o palos para ayudar a alimentar.<\/li>    <li>Est\u00e1 estrictamente prohibido mezclar piedras, metales y otros art\u00edculos diversos con materias primas.<\/li>    <li>deje inactivo durante 2-3 minutos antes de iniciar la m\u00e1quina para confirmar que no hay ning\u00fan fen\u00f3meno anormal antes de iniciar la operaci\u00f3n.<\/li> <\/ol>    <h2 class=\"wp-block-heading\" id=\"h-advantages-of-multifunctional-corn-thresher\">Ventajas de la trilladora de ma\u00edz multifuncional.<\/h2>    <figure class=\"wp-block-gallery has-nested-images columns-default is-cropped wp-block-gallery-7 is-layout-flex wp-block-gallery-is-layout-flex\"> <figure class=\"wp-block-image size-large\"><img loading=\"lazy\" decoding=\"async\" width=\"720\" height=\"540\" data-id=\"187\" src=\"https:\/\/corn-machines.com\/wp-content\/uploads\/2022\/09\/Corn-peeling-and-threshing-machine-1.webp\" alt=\"M\u00e1quina peladora y trilladora de ma\u00edz.\" class=\"wp-image-187\" srcset=\"https:\/\/corn-machines.com\/wp-content\/uploads\/2022\/09\/Corn-peeling-and-threshing-machine-1.webp 720w, https:\/\/corn-machines.com\/wp-content\/uploads\/2022\/09\/Corn-peeling-and-threshing-machine-1-300x225.webp 300w\" sizes=\"auto, (max-width: 720px) 100vw, 720px\" \/><figcaption class=\"wp-element-caption\">M\u00e1quina peladora y trilladora de ma\u00edz.<\/figcaption><\/figure>    <figure class=\"wp-block-image size-large\"><img loading=\"lazy\" decoding=\"async\" width=\"720\" height=\"540\" data-id=\"186\" src=\"https:\/\/corn-machines.com\/wp-content\/uploads\/2022\/09\/Corn-peeling-and-threshing-machine.webp\" alt=\"\" class=\"wp-image-186\" srcset=\"https:\/\/corn-machines.com\/wp-content\/uploads\/2022\/09\/Corn-peeling-and-threshing-machine.webp 720w, https:\/\/corn-machines.com\/wp-content\/uploads\/2022\/09\/Corn-peeling-and-threshing-machine-300x225.webp 300w\" sizes=\"auto, (max-width: 720px) 100vw, 720px\" \/><figcaption class=\"wp-element-caption\">maquina descascaradora de maiz<\/figcaption><\/figure>    <figure class=\"wp-block-image size-large\"><img loading=\"lazy\" decoding=\"async\" width=\"720\" height=\"540\" data-id=\"185\" src=\"https:\/\/corn-machines.com\/wp-content\/uploads\/2022\/09\/corn-peeling-thresher.webp\" alt=\"trilladora peladora de maiz\" class=\"wp-image-185\" srcset=\"https:\/\/corn-machines.com\/wp-content\/uploads\/2022\/09\/corn-peeling-thresher.webp 720w, https:\/\/corn-machines.com\/wp-content\/uploads\/2022\/09\/corn-peeling-thresher-300x225.webp 300w\" sizes=\"auto, (max-width: 720px) 100vw, 720px\" \/><figcaption class=\"wp-element-caption\">trilladora peladora de maiz<\/figcaption><\/figure>    <figure class=\"wp-block-image size-large\"><img loading=\"lazy\" decoding=\"async\" width=\"720\" height=\"540\" data-id=\"184\" src=\"https:\/\/corn-machines.com\/wp-content\/uploads\/2022\/09\/multifunctional-corn-thresher-2.webp\" alt=\"trilladora de ma\u00edz multifuncional\" class=\"wp-image-184\" srcset=\"https:\/\/corn-machines.com\/wp-content\/uploads\/2022\/09\/multifunctional-corn-thresher-2.webp 720w, https:\/\/corn-machines.com\/wp-content\/uploads\/2022\/09\/multifunctional-corn-thresher-2-300x225.webp 300w\" sizes=\"auto, (max-width: 720px) 100vw, 720px\" \/><figcaption class=\"wp-element-caption\">trilladora de ma\u00edz multifuncional<\/figcaption><\/figure>    <figure class=\"wp-block-image size-large\"><img loading=\"lazy\" decoding=\"async\" width=\"720\" height=\"540\" data-id=\"183\" src=\"https:\/\/corn-machines.com\/wp-content\/uploads\/2022\/09\/multifunctional-corn-thresher-1.webp\" alt=\"trilladora de ma\u00edz multifuncional\" class=\"wp-image-183\" srcset=\"https:\/\/corn-machines.com\/wp-content\/uploads\/2022\/09\/multifunctional-corn-thresher-1.webp 720w, https:\/\/corn-machines.com\/wp-content\/uploads\/2022\/09\/multifunctional-corn-thresher-1-300x225.webp 300w\" sizes=\"auto, (max-width: 720px) 100vw, 720px\" \/><figcaption class=\"wp-element-caption\">trilladora de ma\u00edz multifuncional<\/figcaption><\/figure>    <figure class=\"wp-block-image size-large\"><img loading=\"lazy\" decoding=\"async\" width=\"720\" height=\"540\" data-id=\"182\" src=\"https:\/\/corn-machines.com\/wp-content\/uploads\/2022\/09\/multifunctional-corn-thresher.webp\" alt=\"trilladora de ma\u00edz multifuncional\" class=\"wp-image-182\" srcset=\"https:\/\/corn-machines.com\/wp-content\/uploads\/2022\/09\/multifunctional-corn-thresher.webp 720w, https:\/\/corn-machines.com\/wp-content\/uploads\/2022\/09\/multifunctional-corn-thresher-300x225.webp 300w\" sizes=\"auto, (max-width: 720px) 100vw, 720px\" \/><figcaption class=\"wp-element-caption\">trilladora de ma\u00edz multifuncional<\/figcaption><\/figure> <\/figure>    <ul class=\"wp-block-list\"> <li>Aumente la entrada de alimento. Una abertura de alimentaci\u00f3n ampliada facilita el vertido con bolsas y otras herramientas.<\/li>    <li>Funci\u00f3n de filtro agregada. Despu\u00e9s de trillar el ma\u00edz, se tamizar\u00e1 para eliminar algunas impurezas y el ma\u00edz quedar\u00e1 m\u00e1s limpio una vez desprendido.<\/li>    <li>Con funci\u00f3n de ajuste del viento. La trilladora ajusta diferentes tama\u00f1os de viento mientras trilla diferentes incentivos.<\/li> <\/ul>    <h2 class=\"wp-block-heading\">V\u00eddeo de la m\u00e1quina trilladora de ma\u00edz.<\/h2>    <figure class=\"wp-block-embed is-type-video is-provider-youtube wp-block-embed-youtube wp-embed-aspect-16-9 wp-has-aspect-ratio\"><div class=\"wp-block-embed__wrapper\"> <iframe loading=\"lazy\" title=\"Trilladora multifuncional popular para mijo ma\u00edz y soja | m\u00e1quina desgranadora de ma\u00edz | trilla de maiz\" width=\"500\" height=\"281\" src=\"https:\/\/www.youtube.com\/embed\/Yk9xeQ67xII?start=5&#038;feature=oembed\" frameborder=\"0\" allow=\"accelerometer; autoplay; clipboard-write; encrypted-media; gyroscope; picture-in-picture; web-share\" referrerpolicy=\"strict-origin-when-cross-origin\" allowfullscreen><\/iframe> <\/div><figcaption class=\"wp-element-caption\">trilladora de maiz<\/figcaption><\/figure>","protected":false},"excerpt":{"rendered":"<p>La m\u00e1quina peladora y trilladora de ma\u00edz es una m\u00e1quina que puede realizar dos funciones de pelado y descascarado de ma\u00edz. <\/p>","protected":false},"author":1,"featured_media":164,"parent":0,"template":"","tags":[20,33,21],"product-type":[4],"class_list":["post-66","product","type-product","status-publish","has-post-thumbnail","hentry","tag-corn-peeling-and-threshing-machine","tag-corn-threshing-machine","tag-maize-shelling-machine","product-type-corn-thresher-machine"],"_links":{"self":[{"href":"https:\/\/corn-machines.com\/es\/wp-json\/wp\/v2\/product\/66","targetHints":{"allow":["GET"]}}],"collection":[{"href":"https:\/\/corn-machines.com\/es\/wp-json\/wp\/v2\/product"}],"about":[{"href":"https:\/\/corn-machines.com\/es\/wp-json\/wp\/v2\/types\/product"}],"author":[{"embeddable":true,"href":"https:\/\/corn-machines.com\/es\/wp-json\/wp\/v2\/users\/1"}],"wp:featuredmedia":[{"embeddable":true,"href":"https:\/\/corn-machines.com\/es\/wp-json\/wp\/v2\/media\/164"}],"wp:attachment":[{"href":"https:\/\/corn-machines.com\/es\/wp-json\/wp\/v2\/media?parent=66"}],"wp:term":[{"taxonomy":"post_tag","embeddable":true,"href":"https:\/\/corn-machines.com\/es\/wp-json\/wp\/v2\/tags?post=66"},{"taxonomy":"product-type","embeddable":true,"href":"https:\/\/corn-machines.com\/es\/wp-json\/wp\/v2\/product-type?post=66"}],"curies":[{"name":"wp","href":"https:\/\/api.w.org\/{rel}","templated":true}]}}