{"id":426,"date":"2022-10-21T18:37:25","date_gmt":"2022-10-21T10:37:25","guid":{"rendered":"https:\/\/corn-machines.com\/?post_type=product&#038;p=426"},"modified":"2025-09-01T09:35:06","modified_gmt":"2025-09-01T01:35:06","slug":"corn-harvester-machine","status":"publish","type":"product","link":"https:\/\/corn-machines.com\/es\/product\/corn-harvester-machine\/","title":{"rendered":"M\u00e1quina cosechadora de ma\u00edz de 2 hileras | m\u00e1quina recolectora de ma\u00edz"},"content":{"rendered":"<p>Una m\u00e1quina cosechadora de ma\u00edz es un equipo para la cosecha de ma\u00edz. La cosechadora de ma\u00edz se combina con un tractor y se puede operar en una cabina. Esta cosechadora de ma\u00edz es de tama\u00f1o mediano, de dos hileras, y es el modelo m\u00e1s popular. La cosechadora de ma\u00edz puede triturar tallos de ma\u00edz y tambi\u00e9n realizar el pelado del ma\u00edz. La tasa de cosecha de ma\u00edz es tan alta como 97%<\/p>    <figure class=\"wp-block-image size-full\"><img loading=\"lazy\" decoding=\"async\" width=\"720\" height=\"540\" src=\"https:\/\/corn-machines.com\/wp-content\/uploads\/2022\/10\/corn-harvester-machine.jpg\" alt=\"m\u00e1quina cosechadora de ma\u00edz\" class=\"wp-image-433\" srcset=\"https:\/\/corn-machines.com\/wp-content\/uploads\/2022\/10\/corn-harvester-machine.jpg 720w, https:\/\/corn-machines.com\/wp-content\/uploads\/2022\/10\/corn-harvester-machine-300x225.jpg 300w\" sizes=\"auto, (max-width: 720px) 100vw, 720px\" \/><figcaption class=\"wp-element-caption\">m\u00e1quina cosechadora de ma\u00edz<\/figcaption><\/figure>    <h2 class=\"wp-block-heading\">\u00bfCu\u00e1les son las funciones de la m\u00e1quina cosechadora de ma\u00edz?<\/h2>    <figure class=\"wp-block-gallery has-nested-images columns-default is-cropped wp-block-gallery-2 is-layout-flex wp-block-gallery-is-layout-flex\"> <figure class=\"wp-block-image size-large\"><img loading=\"lazy\" decoding=\"async\" width=\"720\" height=\"540\" data-id=\"435\" src=\"https:\/\/corn-machines.com\/wp-content\/uploads\/2022\/10\/corn-with-straw.jpg\" alt=\"ma\u00edz con paja\" class=\"wp-image-435\" srcset=\"https:\/\/corn-machines.com\/wp-content\/uploads\/2022\/10\/corn-with-straw.jpg 720w, https:\/\/corn-machines.com\/wp-content\/uploads\/2022\/10\/corn-with-straw-300x225.jpg 300w\" sizes=\"auto, (max-width: 720px) 100vw, 720px\" \/><figcaption class=\"wp-element-caption\">ma\u00edz con paja<\/figcaption><\/figure>    <figure class=\"wp-block-image size-large\"><img loading=\"lazy\" decoding=\"async\" width=\"720\" height=\"540\" data-id=\"436\" src=\"https:\/\/corn-machines.com\/wp-content\/uploads\/2022\/10\/corn.jpg\" alt=\"ma\u00edz\" class=\"wp-image-436\" srcset=\"https:\/\/corn-machines.com\/wp-content\/uploads\/2022\/10\/corn.jpg 720w, https:\/\/corn-machines.com\/wp-content\/uploads\/2022\/10\/corn-300x225.jpg 300w\" sizes=\"auto, (max-width: 720px) 100vw, 720px\" \/><figcaption class=\"wp-element-caption\">ma\u00edz<\/figcaption><\/figure> <\/figure>    <p class=\"translation-block\">La m\u00e1quina cosechadora de ma\u00edz puede pulverizar los tallos de ma\u00edz, y tambi\u00e9n puede pelar un metro, por lo que esta m\u00e1quina tiene dos funciones, el ma\u00edz pulverizado se puede utilizar directamente como fertilizante en el campo. Despu\u00e9s de que se pela el ma\u00edz, se puede secar directamente y luego trillarse con una<a href=\"https:\/\/corn-machines.com\/es\/product\/corn-shelling-machine\/\" data-type=\"URL\" data-id=\"https:\/\/corn-machines.com\/product\/corn-shelling-machine\/\"> trilladora de ma\u00edz<\/a> para completar la producci\u00f3n mecanizada de ma\u00edz.<\/p>    <h2 class=\"wp-block-heading\">\u00bfQu\u00e9 tipos de m\u00e1quinas cosechadoras de ma\u00edz existen?<\/h2>    <figure class=\"wp-block-image size-full\"><img loading=\"lazy\" decoding=\"async\" width=\"720\" height=\"540\" src=\"https:\/\/corn-machines.com\/wp-content\/uploads\/2022\/10\/corn-harvester-machine-1.jpg\" alt=\"m\u00e1quina cosechadora de ma\u00edz\" class=\"wp-image-437\" srcset=\"https:\/\/corn-machines.com\/wp-content\/uploads\/2022\/10\/corn-harvester-machine-1.jpg 720w, https:\/\/corn-machines.com\/wp-content\/uploads\/2022\/10\/corn-harvester-machine-1-300x225.jpg 300w\" sizes=\"auto, (max-width: 720px) 100vw, 720px\" \/><figcaption class=\"wp-element-caption\">m\u00e1quina cosechadora de ma\u00edz<\/figcaption><\/figure>    <p class=\"translation-block\">Esta cosechadora de ma\u00edz es una m\u00e1quina cosechadora de ma\u00edz que puede cosechar dos filas a la vez, y tambi\u00e9n hay <a href=\"https:\/\/corn-machines.com\/es\/product\/mini-corn-harvesting-machine-maize-picker-machine\/\" data-type=\"URL\" data-id=\"https:\/\/corn-machines.com\/product\/mini-corn-harvesting-machine-maize-picker-machine\/\">cosechadoras de ma\u00edz de una sola fila<\/a>, cosechadoras de ma\u00edz de tres filas y cosechadoras de ma\u00edz de 4 filas, todas las cuales se pueden seleccionar.<\/p>    <h2 class=\"wp-block-heading\">\u00bfC\u00f3mo utilizar una cosechadora de ma\u00edz?<\/h2>    <p>Esta cosechadora de ma\u00edz de dos hileras debe usarse en combinaci\u00f3n con un tractor. La cosechadora de ma\u00edz de tres hileras y la cosechadora de ma\u00edz de cuatro hileras tambi\u00e9n deben estar equipadas con tractores, pero la potencia de los tractores a equipar tambi\u00e9n es diferente seg\u00fan el modelo. Esta cosechadora de ma\u00edz de dos hileras se puede conducir y tiene una gran capacidad de control.<\/p>    <h2 class=\"wp-block-heading\">Par\u00e1metros de la cosechadora de ma\u00edz de dos hileras.<\/h2>    <figure class=\"wp-block-image size-full\"><img loading=\"lazy\" decoding=\"async\" width=\"720\" height=\"540\" src=\"https:\/\/corn-machines.com\/wp-content\/uploads\/2022\/10\/corn-harvester.jpg\" alt=\"cosechadora de maiz\" class=\"wp-image-438\" srcset=\"https:\/\/corn-machines.com\/wp-content\/uploads\/2022\/10\/corn-harvester.jpg 720w, https:\/\/corn-machines.com\/wp-content\/uploads\/2022\/10\/corn-harvester-300x225.jpg 300w\" sizes=\"auto, (max-width: 720px) 100vw, 720px\" \/><figcaption class=\"wp-element-caption\">cosechadora de maiz<\/figcaption><\/figure>    <figure class=\"wp-block-table\"><table><tbody><tr><td>Modelo<\/td><td>CH-2<\/td><\/tr><tr><td>Cilindro<\/td><td>4<\/td><\/tr><tr><td>Dimensi\u00f3n<\/td><td>4850*1450*2600mm<\/td><\/tr><tr><td>Peso<\/td><td>2650<\/td><\/tr><tr><td>Fila<\/td><td>2<\/td><\/tr><tr><td>Ancho de corte<\/td><td>1135mm<\/td><\/tr><tr><td>Distancia entre filas<\/td><td>420-890 mm<\/td><\/tr><tr><td>Altura m\u00e1xima de corte<\/td><td>2120 mm<\/td><\/tr><tr><td>Distancia m\u00ednima desde el suelo<\/td><td>150mm<\/td><\/tr><tr><td>Velocidad de trabajo<\/td><td>2,2-5,0 km\/h<\/td><\/tr><tr><td>Capacidad<\/td><td>0,15-0,3 h\u33a1\/h<\/td><\/tr><tr><td>El consumo de combustible<\/td><td>Menos de 25 kg\/h \u33a1<\/td><\/tr><tr><td>Rodillo pelador<\/td><td>Rodillo de goma en espiral<\/td><\/tr><tr><td>Dispositivo de pelado<\/td><td>8 rodillos peladores<\/td><\/tr><tr><td>Distancia del eje<\/td><td>2300 mm<\/td><\/tr><tr><td>Ancho de paja que regresa al campo<\/td><td>930 mm<\/td><\/tr><tr><td>Distancia de la rueda<\/td><td>Rueda delantera (1200 mm)<br>Rueda trasera (1300 mm)<\/td><\/tr><\/tbody><\/table><\/figure>    <figure class=\"wp-block-gallery has-nested-images columns-default is-cropped wp-block-gallery-3 is-layout-flex wp-block-gallery-is-layout-flex\"> <figure class=\"wp-block-image size-large\"><img loading=\"lazy\" decoding=\"async\" width=\"720\" height=\"540\" data-id=\"439\" src=\"https:\/\/corn-machines.com\/wp-content\/uploads\/2022\/10\/Before-corn-harvest.jpg\" alt=\"Antes de la cosecha de ma\u00edz\" class=\"wp-image-439\" srcset=\"https:\/\/corn-machines.com\/wp-content\/uploads\/2022\/10\/Before-corn-harvest.jpg 720w, https:\/\/corn-machines.com\/wp-content\/uploads\/2022\/10\/Before-corn-harvest-300x225.jpg 300w\" sizes=\"auto, (max-width: 720px) 100vw, 720px\" \/><figcaption class=\"wp-element-caption\">Antes de la cosecha de ma\u00edz<\/figcaption><\/figure>    <figure class=\"wp-block-image size-large\"><img loading=\"lazy\" decoding=\"async\" width=\"720\" height=\"540\" data-id=\"440\" src=\"https:\/\/corn-machines.com\/wp-content\/uploads\/2022\/10\/after-corn-harvest.jpg\" alt=\"despu\u00e9s de la cosecha de ma\u00edz\" class=\"wp-image-440\" srcset=\"https:\/\/corn-machines.com\/wp-content\/uploads\/2022\/10\/after-corn-harvest.jpg 720w, https:\/\/corn-machines.com\/wp-content\/uploads\/2022\/10\/after-corn-harvest-300x225.jpg 300w\" sizes=\"auto, (max-width: 720px) 100vw, 720px\" \/><figcaption class=\"wp-element-caption\">despu\u00e9s de la cosecha de ma\u00edz<\/figcaption><\/figure> <\/figure>    <h2 class=\"wp-block-heading\">V\u00eddeo de la m\u00e1quina recolectora de ma\u00edz<\/h2>    <figure class=\"wp-block-embed is-type-video is-provider-youtube wp-block-embed-youtube wp-embed-aspect-16-9 wp-has-aspect-ratio\"><div class=\"wp-block-embed__wrapper\"> <iframe loading=\"lazy\" title=\"Venta de cosechadoras de ma\u00edz de 2 hileras | m\u00e1quina cosechadora de ma\u00edz | m\u00e1quina envasadora de ma\u00edz | equipo de maiz\" width=\"500\" height=\"281\" src=\"https:\/\/www.youtube.com\/embed\/5iZVlFGZIks?start=50&#038;feature=oembed\" frameborder=\"0\" allow=\"accelerometer; autoplay; clipboard-write; encrypted-media; gyroscope; picture-in-picture; web-share\" referrerpolicy=\"strict-origin-when-cross-origin\" allowfullscreen><\/iframe> <\/div><figcaption class=\"wp-element-caption\">V\u00eddeo de la m\u00e1quina recolectora de ma\u00edz<\/figcaption><\/figure>","protected":false},"excerpt":{"rendered":"<p>A corn harvester machine is an equipment for harvesting corn. The corn harvester is combined with a tractor and can be operated in a cab. This maize harvester is a medium-sized two-row corn harvester and is the most popular model. The corn harvester can crush corn stalks and also perform corn peeling. The harvest rate [&hellip;]<\/p>\n","protected":false},"author":1,"featured_media":428,"parent":0,"template":"","tags":[19],"product-type":[3],"class_list":["post-426","product","type-product","status-publish","has-post-thumbnail","hentry","tag-corn-harvesting-machine","product-type-corn-harvesting-machine"],"_links":{"self":[{"href":"https:\/\/corn-machines.com\/es\/wp-json\/wp\/v2\/product\/426","targetHints":{"allow":["GET"]}}],"collection":[{"href":"https:\/\/corn-machines.com\/es\/wp-json\/wp\/v2\/product"}],"about":[{"href":"https:\/\/corn-machines.com\/es\/wp-json\/wp\/v2\/types\/product"}],"author":[{"embeddable":true,"href":"https:\/\/corn-machines.com\/es\/wp-json\/wp\/v2\/users\/1"}],"wp:featuredmedia":[{"embeddable":true,"href":"https:\/\/corn-machines.com\/es\/wp-json\/wp\/v2\/media\/428"}],"wp:attachment":[{"href":"https:\/\/corn-machines.com\/es\/wp-json\/wp\/v2\/media?parent=426"}],"wp:term":[{"taxonomy":"post_tag","embeddable":true,"href":"https:\/\/corn-machines.com\/es\/wp-json\/wp\/v2\/tags?post=426"},{"taxonomy":"product-type","embeddable":true,"href":"https:\/\/corn-machines.com\/es\/wp-json\/wp\/v2\/product-type?post=426"}],"curies":[{"name":"wp","href":"https:\/\/api.w.org\/{rel}","templated":true}]}}