{"id":395,"date":"2022-09-27T16:08:47","date_gmt":"2022-09-27T08:08:47","guid":{"rendered":"https:\/\/corn-machines.com\/?post_type=product&#038;p=395"},"modified":"2024-12-03T16:57:01","modified_gmt":"2024-12-03T08:57:01","slug":"9fq-hammer-mill-machine","status":"publish","type":"product","link":"https:\/\/corn-machines.com\/es\/product\/9fq-hammer-mill-machine\/","title":{"rendered":"Molino de martillos 9FQ | maquina trituradora de maiz"},"content":{"rendered":"<p>La serie de molinos de martillos 9FQ ofrece una soluci\u00f3n efectiva y adaptable para el procesamiento de granos, con capacidades que van desde 100 a 3000 kg\/h para adaptarse a una amplia variedad de aplicaciones.<\/p>    <p>Equipadas con sistemas cicl\u00f3nicos de recolecci\u00f3n de polvo opcionales para una mayor eficiencia y disponibles con motores di\u00e9sel o el\u00e9ctricos, estas m\u00e1quinas destacan en \u00e1reas con acceso limitado a la electricidad. <\/p>    <p>Los tamices ajustables permiten tama\u00f1os de part\u00edculas personalizados, lo que hace que el molino de martillos 9FQ sea ideal para procesar granos como ma\u00edz y harina de soja en molinos harineros, tiendas familiares y empresas agr\u00edcolas.<\/p>    <figure class=\"wp-block-embed is-type-video is-provider-youtube wp-block-embed-youtube wp-embed-aspect-16-9 wp-has-aspect-ratio\"><div class=\"wp-block-embed__wrapper\"> <iframe loading=\"lazy\" title=\"M\u00e1quina trituradora de ma\u00edz trituradora de ma\u00edz caliente de venta | Molino de martillos 9FQ a la venta\" width=\"500\" height=\"281\" src=\"https:\/\/www.youtube.com\/embed\/LVyps-dxQc4?feature=oembed\" frameborder=\"0\" allow=\"accelerometer; autoplay; clipboard-write; encrypted-media; gyroscope; picture-in-picture; web-share\" referrerpolicy=\"strict-origin-when-cross-origin\" allowfullscreen><\/iframe> <\/div><figcaption class=\"wp-element-caption\">video de trabajo de la maquina trituradora de maiz<\/figcaption><\/figure>    <h2 class=\"wp-block-heading\"> Aplicaci\u00f3n de la m\u00e1quina de molino de martillos<\/h2>    <div class=\"wp-block-media-text is-stacked-on-mobile\"><figure class=\"wp-block-media-text__media\"><img loading=\"lazy\" decoding=\"async\" width=\"720\" height=\"540\" src=\"https:\/\/corn-machines.com\/wp-content\/uploads\/2022\/09\/Hammer-mill-machine-application.webp\" alt=\"Aplicaci\u00f3n de la m\u00e1quina de molino de martillos\" class=\"wp-image-398 size-full\" srcset=\"https:\/\/corn-machines.com\/wp-content\/uploads\/2022\/09\/Hammer-mill-machine-application.webp 720w, https:\/\/corn-machines.com\/wp-content\/uploads\/2022\/09\/Hammer-mill-machine-application-300x225.webp 300w\" sizes=\"auto, (max-width: 720px) 100vw, 720px\" \/><\/figure><div class=\"wp-block-media-text__content\"> <p class=\"translation-block\"><strong>Aplicaciones vers\u00e1tiles<\/strong><\/p>    <ul class=\"wp-block-list\"> <li>Triture varios granos para hacer harina, incluidos ma\u00edz, trigo y soja.<\/li>    <li>Uso en granjas para producir. <a href=\"https:\/\/en.wiktionary.org\/wiki\/feed\" data-type=\"link\" data-id=\"https:\/\/en.wiktionary.org\/wiki\/feed\" target=\"_blank\" rel=\"noopener\">alimentar<\/a> para bovinos y ovinos.<\/li>    <li>Procese cultivos adicionales como c\u00e1scaras de man\u00ed, forraje y paja.<\/li> <\/ul>    <p class=\"translation-block\"><strong>Caracter\u00edstica clave: pantalla reemplazable<\/strong><\/p>    <ul class=\"wp-block-list\"> <li>Esta flexibilidad permite que la m\u00e1quina realice m\u00faltiples funciones de manera efectiva.<\/li>    <li>La versatilidad de la m\u00e1quina proviene de su criba reemplazable, que determina la variedad de materiales que puede procesar.<\/li> <\/ul> <\/div><\/div>    <h2 class=\"wp-block-heading\">Molino de martillos 9FQ finura de ma\u00edz<\/h2>    <p class=\"translation-block\"><strong>Capacidad de triturado<\/strong>:<\/p>    <ul class=\"wp-block-list\"> <li>Reduce las materias primas a menos de 5cm.<\/li>    <li>Procesa una amplia gama de materias primas en varios tama\u00f1os de grano, como 1 mm-3 cm, 4 cm y 5 cm.<\/li> <\/ul>    <p class=\"translation-block\"><strong>Mecanismo de trituraci\u00f3n<\/strong>:<\/p>    <ul class=\"wp-block-list\"> <li>Los materiales se alimentan a trav\u00e9s del puerto de alimentaci\u00f3n hacia la cavidad de trituraci\u00f3n.<\/li>    <li>El eje giratorio y el martillo de alta velocidad trabajan juntos para triturar r\u00e1pidamente el material.<\/li> <\/ul>    <p class=\"translation-block\"><strong>Clasificaci\u00f3n de finura<\/strong>:<\/p>    <ul class=\"wp-block-list\"> <li>Los materiales triturados que alcanzan la finura deseada pasan a trav\u00e9s de la criba y se descargan.<\/li>    <li>Las part\u00edculas m\u00e1s grandes contin\u00faan circulando con el flujo de aire hasta que se muelen finamente al tama\u00f1o requerido.<\/li> <\/ul>   <div class=\"wp-block-image\"> <figure class=\"aligncenter size-large\"><img loading=\"lazy\" decoding=\"async\" width=\"720\" height=\"540\" src=\"https:\/\/corn-machines.com\/wp-content\/uploads\/2022\/09\/corn-grind.webp\" alt=\"moler ma\u00edz\" class=\"wp-image-400\" srcset=\"https:\/\/corn-machines.com\/wp-content\/uploads\/2022\/09\/corn-grind.webp 720w, https:\/\/corn-machines.com\/wp-content\/uploads\/2022\/09\/corn-grind-300x225.webp 300w\" sizes=\"auto, (max-width: 720px) 100vw, 720px\" \/><figcaption class=\"wp-element-caption\">productos finales de la trituradora de ma\u00edz<\/figcaption><\/figure> <\/div>   <h2 class=\"wp-block-heading\">estructura de la m\u00e1quina del molino de martillos 9fq<\/h2>    <ul class=\"wp-block-list\"> <li><strong>Componentes principales<\/strong>: <ul class=\"wp-block-list\"> <li>Carcasa del dispositivo de alimentaci\u00f3n.<\/li>    <li>Eje giratorio con martillos adjuntos.<\/li>    <li>Cribas para controlar el tama\u00f1o y la finura del material.<\/li>    <li>Piezas resistentes al desgaste para mayor durabilidad.<\/li>    <li>Ventilador de tiro inducido que tambi\u00e9n funciona como puerto de descarga.<\/li> <\/ul> <\/li>    <li><strong>Mecanismo de trituraci\u00f3n<\/strong>: <ul class=\"wp-block-list\"> <li>La cavidad de trituraci\u00f3n incluye: <ul class=\"wp-block-list\"> <li>Un eje principal.<\/li>    <li>Cuatro ejes coincidentes unidos al eje principal.<\/li>    <li>14 martillos por eje peque\u00f1o, en total 56 martillos.<\/li> <\/ul> <\/li> <\/ul> <\/li>    <li><strong>Control de finura del material<\/strong>: <ul class=\"wp-block-list\"> <li>Una pantalla ubicada debajo del eje giratorio determina el tama\u00f1o y la finura de los materiales descargados.<\/li> <\/ul> <\/li>    <li><strong>Sistema de descarga de alta velocidad<\/strong>: <ul class=\"wp-block-list\"> <li>El ventilador de tiro inducido facilita la expulsi\u00f3n de materiales triturados (por ejemplo, part\u00edculas de serr\u00edn).<\/li>    <li>La operaci\u00f3n de alta velocidad garantiza una salida de material eficiente.<\/li> <\/ul> <\/li> <\/ul>    <figure class=\"wp-block-image size-full\"><img loading=\"lazy\" decoding=\"async\" width=\"720\" height=\"540\" src=\"https:\/\/corn-machines.com\/wp-content\/uploads\/2022\/09\/Corn-grinder-structure.webp\" alt=\"Estructura del molinillo de ma\u00edz.\" class=\"wp-image-401\" srcset=\"https:\/\/corn-machines.com\/wp-content\/uploads\/2022\/09\/Corn-grinder-structure.webp 720w, https:\/\/corn-machines.com\/wp-content\/uploads\/2022\/09\/Corn-grinder-structure-300x225.webp 300w\" sizes=\"auto, (max-width: 720px) 100vw, 720px\" \/><figcaption class=\"wp-element-caption\">Estructura del molinillo de ma\u00edz.<\/figcaption><\/figure>    <h2 class=\"wp-block-heading\">Detalles de la m\u00e1quina molino de martillos 9FQ<\/h2>    <div class=\"wp-block-media-text alignwide is-stacked-on-mobile\"><figure class=\"wp-block-media-text__media\"><img loading=\"lazy\" decoding=\"async\" width=\"720\" height=\"540\" src=\"https:\/\/corn-machines.com\/wp-content\/uploads\/2022\/09\/Wear-resistant-hammer.webp\" alt=\"Martillo resistente al desgaste\" class=\"wp-image-405 size-full\" srcset=\"https:\/\/corn-machines.com\/wp-content\/uploads\/2022\/09\/Wear-resistant-hammer.webp 720w, https:\/\/corn-machines.com\/wp-content\/uploads\/2022\/09\/Wear-resistant-hammer-300x225.webp 300w\" sizes=\"auto, (max-width: 720px) 100vw, 720px\" \/><\/figure><div class=\"wp-block-media-text__content\"> <h3 class=\"wp-block-heading\">Martillo resistente al desgaste<\/h3>    <p>Utilizando tecnolog\u00eda de tratamiento de enfriamiento de acero al carbono engrosado, resistente y duradero, tiene 4 veces la vida \u00fatil de los martillos comunes.<\/p> <\/div><\/div>    <div class=\"wp-block-media-text alignwide has-media-on-the-right is-stacked-on-mobile\"><div class=\"wp-block-media-text__content\"> <h3 class=\"wp-block-heading\">Todo el motor de cobre<\/h3>    <p>El alambre de cobre de alta temperatura es duradero y lleno de potencia.<\/p> <\/div><figure class=\"wp-block-media-text__media\"><img loading=\"lazy\" decoding=\"async\" width=\"720\" height=\"540\" src=\"https:\/\/corn-machines.com\/wp-content\/uploads\/2022\/09\/9FQ-hammer-mill-machine-2.webp\" alt=\"Molino de martillos 9FQ\" class=\"wp-image-408 size-full\" srcset=\"https:\/\/corn-machines.com\/wp-content\/uploads\/2022\/09\/9FQ-hammer-mill-machine-2.webp 720w, https:\/\/corn-machines.com\/wp-content\/uploads\/2022\/09\/9FQ-hammer-mill-machine-2-300x225.webp 300w\" sizes=\"auto, (max-width: 720px) 100vw, 720px\" \/><\/figure><\/div>    <div class=\"wp-block-media-text alignwide is-stacked-on-mobile\"><figure class=\"wp-block-media-text__media\"><img loading=\"lazy\" decoding=\"async\" width=\"720\" height=\"540\" src=\"https:\/\/corn-machines.com\/wp-content\/uploads\/2022\/09\/corn-grinder-Inlet.webp\" alt=\"entrada del molinillo de ma\u00edz\" class=\"wp-image-406 size-full\" srcset=\"https:\/\/corn-machines.com\/wp-content\/uploads\/2022\/09\/corn-grinder-Inlet.webp 720w, https:\/\/corn-machines.com\/wp-content\/uploads\/2022\/09\/corn-grinder-Inlet-300x225.webp 300w\" sizes=\"auto, (max-width: 720px) 100vw, 720px\" \/><\/figure><div class=\"wp-block-media-text__content\"> <h3 class=\"wp-block-heading\">aumentar la entrada<\/h3>    <p>Fuerte y duradero, f\u00e1cil de alimentar.<\/p> <\/div><\/div>    <div class=\"wp-block-media-text alignwide has-media-on-the-right is-stacked-on-mobile\"><div class=\"wp-block-media-text__content\"> <h3 class=\"wp-block-heading\">Soldadura de precisi\u00f3n<\/h3>    <p>La f\u00e1brica cuenta con 20 a\u00f1os de tecnolog\u00eda de soldadura profesional, mano de obra fina y sin fugas.<\/p> <\/div><figure class=\"wp-block-media-text__media\"><img loading=\"lazy\" decoding=\"async\" width=\"720\" height=\"540\" src=\"https:\/\/corn-machines.com\/wp-content\/uploads\/2022\/09\/9FQ-hammer-mill-machine-1.webp\" alt=\"venta de maquinas para moler maiz\" class=\"wp-image-407 size-full\" srcset=\"https:\/\/corn-machines.com\/wp-content\/uploads\/2022\/09\/9FQ-hammer-mill-machine-1.webp 720w, https:\/\/corn-machines.com\/wp-content\/uploads\/2022\/09\/9FQ-hammer-mill-machine-1-300x225.webp 300w\" sizes=\"auto, (max-width: 720px) 100vw, 720px\" \/><\/figure><\/div>    <h2 class=\"wp-block-heading\">Video de trabajo de la m\u00e1quina de molino de martillos.<\/h2>    <figure class=\"wp-block-embed is-type-video is-provider-youtube wp-block-embed-youtube wp-embed-aspect-16-9 wp-has-aspect-ratio\"><div class=\"wp-block-embed__wrapper\"> <iframe loading=\"lazy\" title=\"\u00bfQu\u00e9 es una trituradora de ma\u00edz? | m\u00e1quina de molino de grano de ma\u00edz | m\u00e1quina para fabricar harina de ma\u00edz | molienda de maiz\" width=\"500\" height=\"281\" src=\"https:\/\/www.youtube.com\/embed\/gNReEaxFyno?feature=oembed\" frameborder=\"0\" allow=\"accelerometer; autoplay; clipboard-write; encrypted-media; gyroscope; picture-in-picture; web-share\" referrerpolicy=\"strict-origin-when-cross-origin\" allowfullscreen><\/iframe> <\/div><figcaption class=\"wp-element-caption\">proceso de trabajo del molino de martillos<\/figcaption><\/figure>    <h2 class=\"wp-block-heading\">Par\u00e1metros de la m\u00e1quina trituradora de ma\u00edz<\/h2>    <figure class=\"wp-block-table\"><table><tbody><tr><td>Modelo<\/td><td>Potencia (kW)<\/td><td>Potencia (CV)<\/td><td>Peso (kg)<\/td><td>Capacidad (kg\/h)<\/td><td>Martillo<\/td><td>Dia de tamiz<\/td><td>Tama\u00f1o del paquete (mm)<\/td><td>&nbsp;Tama\u00f1o de instalaci\u00f3n (mm) con cicl\u00f3n y motor.&nbsp;<\/td><\/tr><tr><\/tr><tr><td>9FQ-320<\/td><td>2.2<\/td><td>5<\/td><td>50<\/td><td>100<\/td><td>16 piezas<\/td><td>0,5-5mm<\/td><td>500*300*600<\/td><td>500*300*600<\/td><\/tr><tr><td>9FQ-360<\/td><td>5.5<\/td><td>8<\/td><td>120<\/td><td>150<\/td><td>24 piezas<\/td><td>0,5-5mm<\/td><td>1100*600*1200<\/td><td>1500*1000*1900<\/td><\/tr><tr><td>9FQ-420<\/td><td>11<\/td><td>15<\/td><td>200<\/td><td>300<\/td><td>24 piezas<\/td><td>1,2-3 mm<\/td><td>1200*800*1900<\/td><td>1500*1000*1900<\/td><\/tr><tr><td>9FQ-500<\/td><td>11<\/td><td>20<\/td><td>300<\/td><td>500<\/td><td>24 piezas<\/td><td>1,2-3 mm<\/td><td>1200*800*1300<\/td><td>1500*1000*1900<\/td><\/tr><tr><td>9FQ-600<\/td><td>18.5-22<\/td><td>30<\/td><td>500<\/td><td>1000<\/td><td>32 piezas<\/td><td>1,2-3 mm<\/td><td>1500*900*1500<\/td><td>2000*1100*2300<\/td><\/tr><tr><td>9FQ-750<\/td><td>22-30<\/td><td>35<\/td><td>850<\/td><td>1500<\/td><td>32 piezas<\/td><td>1,2-3 mm<\/td><td>1500*1000*1600<\/td><td>2000*1200*2300<\/td><\/tr><tr><td>9FQ-800<\/td><td>37<\/td><td>45<\/td><td>1000<\/td><td>2000<\/td><td>40 piezas<\/td><td>1,2-5 mm<\/td><td>1500*1200*1600<\/td><td>2000*1300*2300<\/td><\/tr><tr><td>9FQ-1000<\/td><td>45-55<\/td><td>75<\/td><td>1200<\/td><td>3000<\/td><td>64 piezas<\/td><td>1,2-5 mm<\/td><td>1500*1300*1800<\/td><td>2000*1400*2300<\/td><\/tr><\/tbody><\/table><figcaption class=\"wp-element-caption\">par\u00e1metros de la m\u00e1quina molino de martillos<\/figcaption><\/figure>    <h2 class=\"wp-block-heading\">Ventajas de la m\u00e1quina molino de martillos 9FQ<\/h2>    <div class=\"wp-block-media-text is-stacked-on-mobile\"><figure class=\"wp-block-media-text__media\"><img loading=\"lazy\" decoding=\"async\" width=\"720\" height=\"540\" src=\"https:\/\/corn-machines.com\/wp-content\/uploads\/2024\/04\/Corn-Grinder-Machine.webp\" alt=\"M\u00e1quina trituradora de ma\u00edz\" class=\"wp-image-574 size-full\" srcset=\"https:\/\/corn-machines.com\/wp-content\/uploads\/2024\/04\/Corn-Grinder-Machine.webp 720w, https:\/\/corn-machines.com\/wp-content\/uploads\/2024\/04\/Corn-Grinder-Machine-300x225.webp 300w, https:\/\/corn-machines.com\/wp-content\/uploads\/2024\/04\/Corn-Grinder-Machine-16x12.webp 16w\" sizes=\"auto, (max-width: 720px) 100vw, 720px\" \/><\/figure><div class=\"wp-block-media-text__content\"> <p class=\"translation-block\"><strong>Eficiencia energ\u00e9tica<\/strong>:<\/p>    <ul class=\"wp-block-list\"> <li>Consume menos energ\u00eda en comparaci\u00f3n con los molinos de discos, ya que el motor de potencia s\u00f3lo acciona los martillos en lugar de un disco abrasivo.<\/li> <\/ul>    <p class=\"translation-block\"><strong>Ligera y eficiente<\/strong>:<\/p>    <ul class=\"wp-block-list\"> <li>Dise\u00f1ado para una alta eficiencia de trabajo manteniendo una estructura compacta y liviana.<\/li> <\/ul> <\/div><\/div>    <div class=\"wp-block-media-text has-media-on-the-right is-stacked-on-mobile\"><div class=\"wp-block-media-text__content\"> <p class=\"translation-block\"><strong>Versatilidad de las materias primas<\/strong>:<\/p>    <ul class=\"wp-block-list\"> <li>Mazorcas y granos de ma\u00edz.<\/li>    <li>Patata en rodajas o fruta del pan de \u00c1frica.<\/li> <\/ul>    <p class=\"translation-block\"><strong>F\u00e1cil reemplazo de tamiz<\/strong>:<\/p>    <ul class=\"wp-block-list\"> <li>Se proporcionan videos instructivos completos y m\u00faltiples tama\u00f1os de tamiz para satisfacer los requisitos del cliente.<\/li>    <li>Cuenta con tamices f\u00e1cilmente reemplazables para controlar el tama\u00f1o de salida.<\/li> <\/ul> <\/div><figure class=\"wp-block-media-text__media\"><img loading=\"lazy\" decoding=\"async\" width=\"720\" height=\"540\" src=\"https:\/\/corn-machines.com\/wp-content\/uploads\/2024\/04\/hammer-mill-crusher.webp\" alt=\"trituradora de martillo\" class=\"wp-image-576 size-full\" srcset=\"https:\/\/corn-machines.com\/wp-content\/uploads\/2024\/04\/hammer-mill-crusher.webp 720w, https:\/\/corn-machines.com\/wp-content\/uploads\/2024\/04\/hammer-mill-crusher-300x225.webp 300w, https:\/\/corn-machines.com\/wp-content\/uploads\/2024\/04\/hammer-mill-crusher-16x12.webp 16w\" sizes=\"auto, (max-width: 720px) 100vw, 720px\" \/><\/figure><\/div>    <div class=\"wp-block-media-text is-stacked-on-mobile\"><figure class=\"wp-block-media-text__media\"><img loading=\"lazy\" decoding=\"async\" width=\"720\" height=\"540\" src=\"https:\/\/corn-machines.com\/wp-content\/uploads\/2022\/09\/9FQ-hammer-mill-machine-advandage.webp\" alt=\"Ventajas de la m\u00e1quina molino de martillos 9FQ\" class=\"wp-image-404 size-full\" srcset=\"https:\/\/corn-machines.com\/wp-content\/uploads\/2022\/09\/9FQ-hammer-mill-machine-advandage.webp 720w, https:\/\/corn-machines.com\/wp-content\/uploads\/2022\/09\/9FQ-hammer-mill-machine-advandage-300x225.webp 300w\" sizes=\"auto, (max-width: 720px) 100vw, 720px\" \/><\/figure><div class=\"wp-block-media-text__content\"> <p class=\"translation-block\"><strong>Movilidad y flexibilidad<\/strong>:<\/p>    <ul class=\"wp-block-list\"> <li>Se puede mover, aterrizar o fijar seg\u00fan los requisitos operativos.<\/li> <\/ul>    <p class=\"translation-block\"><strong>Operaci\u00f3n amigable para el usuario<\/strong>:<\/p>    <ul class=\"wp-block-list\"> <li>F\u00e1cil de usar, lo que permite que una sola persona maneje eficientemente las tareas de trituraci\u00f3n de granos.<\/li> <\/ul>    <p class=\"translation-block\"><strong>Funciones de seguridad mejoradas<\/strong>:<\/p>    <ul class=\"wp-block-list\"> <li>Equipado con una cubierta de seguridad para un funcionamiento seguro, lo que garantiza una producci\u00f3n segura y confiable.<\/li> <\/ul> <\/div><\/div>    <h2 class=\"wp-block-heading\">Precio de la m\u00e1quina trituradora de ma\u00edz.<\/h2>    <p>El precio de una m\u00e1quina trituradora de ma\u00edz refleja su naturaleza personalizable y adaptabilidad a diversas necesidades operativas. Factores como la capacidad de la m\u00e1quina, el tipo de motor (diesel o el\u00e9ctrico), caracter\u00edsticas adicionales y tama\u00f1os de tamiz contribuyen a su rango de precios.<\/p>    <p>En nuestra empresa, entendemos la importancia de las soluciones personalizadas y alentamos a los clientes a contactarnos para obtener detalles sobre precios. Al compartir sus requisitos espec\u00edficos, podemos brindarle recomendaciones personalizadas y asegurarnos de que encuentre una m\u00e1quina que satisfaga sus necesidades de manera eficiente. \u00a1No dude en solicitar una cotizaci\u00f3n personalizada y orientaci\u00f3n experta!<\/p>    <figure class=\"wp-block-image size-full\"><img loading=\"lazy\" decoding=\"async\" width=\"720\" height=\"540\" src=\"https:\/\/corn-machines.com\/wp-content\/uploads\/2022\/09\/Corn-hammer-mill-machine.webp\" alt=\"Molino de martillos para ma\u00edz\" class=\"wp-image-397\" srcset=\"https:\/\/corn-machines.com\/wp-content\/uploads\/2022\/09\/Corn-hammer-mill-machine.webp 720w, https:\/\/corn-machines.com\/wp-content\/uploads\/2022\/09\/Corn-hammer-mill-machine-300x225.webp 300w\" sizes=\"auto, (max-width: 720px) 100vw, 720px\" \/><figcaption class=\"wp-element-caption\">Molino de martillos para ma\u00edz<\/figcaption><\/figure>    <h2 class=\"wp-block-heading\">Conclusi\u00f3n<\/h2>    <p>Comprometida con brindar calidad de primer nivel, nuestra m\u00e1quina trituradora de ma\u00edz es un testimonio de eficiencia, conveniencia y bajo consumo de energ\u00eda. <\/p>    <p>Estamos muy orgullosos de recibir consultas y compras de clientes de diversos sectores. Este equipo de alto rendimiento y f\u00e1cil de usar es una herramienta indispensable en su flujo de trabajo de procesamiento de ma\u00edz.<\/p>    <p class=\"translation-block\">Como parte de nuestra l\u00ednea de productos, tambi\u00e9n proporcionamos otras m\u00e1quinas de ma\u00edz como <a href=\"https:\/\/corn-machines.com\/es\/product\/corn-grits-machine\/\" data-type=\"link\" data-id=\"https:\/\/corn-machines.com\/product\/corn-grits-machine\/\">m\u00e1quina para hacer copos de ma\u00edz<\/a> y <a href=\"https:\/\/corn-machines.com\/es\/product\/corn-grain-mill-machine\/\" data-type=\"link\" data-id=\"https:\/\/corn-machines.com\/product\/corn-grain-mill-machine\/\">m\u00e1quina de moler harina de ma\u00edz<\/a>. Si\u00e9ntase libre de consultar a nuestro equipo profesional en cualquier momento para obtener informaci\u00f3n detallada sobre nuestros productos.<\/p>    <figure class=\"wp-block-gallery has-nested-images columns-default is-cropped wp-block-gallery-2 is-layout-flex wp-block-gallery-is-layout-flex\"> <figure class=\"wp-block-image size-large\"><img loading=\"lazy\" decoding=\"async\" width=\"720\" height=\"540\" data-id=\"403\" src=\"https:\/\/corn-machines.com\/wp-content\/uploads\/2022\/09\/9FQ-hammer-mill-machine-size-1.webp\" alt=\"Tama\u00f1o de la m\u00e1quina del molino de martillos 9FQ\" class=\"wp-image-403\" srcset=\"https:\/\/corn-machines.com\/wp-content\/uploads\/2022\/09\/9FQ-hammer-mill-machine-size-1.webp 720w, https:\/\/corn-machines.com\/wp-content\/uploads\/2022\/09\/9FQ-hammer-mill-machine-size-1-300x225.webp 300w\" sizes=\"auto, (max-width: 720px) 100vw, 720px\" \/><figcaption class=\"wp-element-caption\">diferentes tipos de molino de martillos 9FQ<\/figcaption><\/figure>    <figure class=\"wp-block-image size-large\"><img loading=\"lazy\" decoding=\"async\" width=\"720\" height=\"540\" data-id=\"402\" src=\"https:\/\/corn-machines.com\/wp-content\/uploads\/2022\/09\/9FQ-hammer-mill-machine-size.webp\" alt=\"Tama\u00f1o de la m\u00e1quina del molino de martillos 9FQ\" class=\"wp-image-402\" srcset=\"https:\/\/corn-machines.com\/wp-content\/uploads\/2022\/09\/9FQ-hammer-mill-machine-size.webp 720w, https:\/\/corn-machines.com\/wp-content\/uploads\/2022\/09\/9FQ-hammer-mill-machine-size-300x225.webp 300w\" sizes=\"auto, (max-width: 720px) 100vw, 720px\" \/><figcaption class=\"wp-element-caption\">Molino de martillos 9FQ de alta eficiencia<\/figcaption><\/figure> <\/figure>","protected":false},"excerpt":{"rendered":"<p>La serie de molinos de martillos 9FQ ofrece una soluci\u00f3n efectiva y adaptable para el procesamiento de granos, con capacidades que van desde 100 a 3000 kg\/h para adaptarse a una amplia variedad de aplicaciones.<\/p>","protected":false},"author":1,"featured_media":396,"parent":0,"template":"","tags":[23,38],"product-type":[5],"class_list":["post-395","product","type-product","status-publish","has-post-thumbnail","hentry","tag-corn-grain-mill-machine","tag-corn-grinder","product-type-maize-grits-milling-machine"],"_links":{"self":[{"href":"https:\/\/corn-machines.com\/es\/wp-json\/wp\/v2\/product\/395","targetHints":{"allow":["GET"]}}],"collection":[{"href":"https:\/\/corn-machines.com\/es\/wp-json\/wp\/v2\/product"}],"about":[{"href":"https:\/\/corn-machines.com\/es\/wp-json\/wp\/v2\/types\/product"}],"author":[{"embeddable":true,"href":"https:\/\/corn-machines.com\/es\/wp-json\/wp\/v2\/users\/1"}],"wp:featuredmedia":[{"embeddable":true,"href":"https:\/\/corn-machines.com\/es\/wp-json\/wp\/v2\/media\/396"}],"wp:attachment":[{"href":"https:\/\/corn-machines.com\/es\/wp-json\/wp\/v2\/media?parent=395"}],"wp:term":[{"taxonomy":"post_tag","embeddable":true,"href":"https:\/\/corn-machines.com\/es\/wp-json\/wp\/v2\/tags?post=395"},{"taxonomy":"product-type","embeddable":true,"href":"https:\/\/corn-machines.com\/es\/wp-json\/wp\/v2\/product-type?post=395"}],"curies":[{"name":"wp","href":"https:\/\/api.w.org\/{rel}","templated":true}]}}