{"id":290,"date":"2022-09-14T03:32:11","date_gmt":"2022-09-14T03:32:11","guid":{"rendered":"https:\/\/corn-machines.com\/?post_type=product&#038;p=290"},"modified":"2022-10-31T09:29:52","modified_gmt":"2022-10-31T01:29:52","slug":"grain-dryer","status":"publish","type":"product","link":"https:\/\/corn-machines.com\/es\/product\/grain-dryer\/","title":{"rendered":"Secadora de granos | secadora de maiz"},"content":{"rendered":"<p>Una secadora de granos es una m\u00e1quina para secar granos y semillas a bajas temperaturas. Existe una amplia variedad de granos que se pueden secar y se pueden procesar productos como el trigo, la soja, el ma\u00edz y las semillas de girasol. Adecuado para uso en plantas procesadoras de alimentos, plantas procesadoras de piensos, granjas, estaciones de granos y otros grupos. El secado a baja temperatura es muy adecuado para el procesamiento de semillas de ma\u00edz. El m\u00e9todo de secado a baja temperatura no afectar\u00e1 la tasa de germinaci\u00f3n del ma\u00edz y es posible que sea necesario colocar las semillas de ma\u00edz para moldearlo.<\/p>    <figure class=\"wp-block-image size-full\"><img loading=\"lazy\" decoding=\"async\" width=\"720\" height=\"540\" src=\"https:\/\/corn-machines.com\/wp-content\/uploads\/2022\/09\/corn-dryer.webp\" alt=\"secador de ma\u00edz\" class=\"wp-image-312\" srcset=\"https:\/\/corn-machines.com\/wp-content\/uploads\/2022\/09\/corn-dryer.webp 720w, https:\/\/corn-machines.com\/wp-content\/uploads\/2022\/09\/corn-dryer-300x225.webp 300w\" sizes=\"auto, (max-width: 720px) 100vw, 720px\" \/><figcaption>secador de ma\u00edz<\/figcaption><\/figure>    <h2 class=\"wp-block-heading\" id=\"h-grain-drying-machine-raw-material\">Materia prima de la secadora de granos.<\/h2>    <figure class=\"wp-block-image size-full\"><img loading=\"lazy\" decoding=\"async\" width=\"720\" height=\"540\" src=\"https:\/\/corn-machines.com\/wp-content\/uploads\/2022\/09\/raw-material-of-corn-dryer.webp\" alt=\"materia prima del secador de ma\u00edz\" class=\"wp-image-311\" srcset=\"https:\/\/corn-machines.com\/wp-content\/uploads\/2022\/09\/raw-material-of-corn-dryer.webp 720w, https:\/\/corn-machines.com\/wp-content\/uploads\/2022\/09\/raw-material-of-corn-dryer-300x225.webp 300w\" sizes=\"auto, (max-width: 720px) 100vw, 720px\" \/><figcaption>la materia prima del secador de ma\u00edz<\/figcaption><\/figure>    <p class=\"translation-block\">El secador de granos puede secar cultivos de granos como arroz, ma\u00edz, trigo, <a href=\"https:\/\/en.wikipedia.org\/wiki\/Sorghum\" data-type=\"URL\" data-id=\"https:\/\/en.wikipedia.org\/wiki\/Sorghum\" target=\"_blank\" rel=\"noopener\">sorgo<\/a>, soja, semillas, semillas de girasol, etc. Adopta un m\u00e9todo de circulaci\u00f3n a baja temperatura para garantizar una alta germinaci\u00f3n de los granos sin da\u00f1ar la superficie de las semillas.<\/p>    <h2 class=\"wp-block-heading\" id=\"h-which-drying-heat-source-does-the-grain-dryer-use\">\u00bfQu\u00e9 fuente de calor de secado utiliza el secador de granos?<\/h2>    <figure class=\"wp-block-gallery has-nested-images columns-default is-cropped wp-block-gallery-2 is-layout-flex wp-block-gallery-is-layout-flex\"> <figure class=\"wp-block-image size-large\"><img loading=\"lazy\" decoding=\"async\" width=\"720\" height=\"540\" data-id=\"308\" src=\"https:\/\/corn-machines.com\/wp-content\/uploads\/2022\/09\/corn-drying-machine-1.webp\" alt=\"secadora de maiz\" class=\"wp-image-308\" srcset=\"https:\/\/corn-machines.com\/wp-content\/uploads\/2022\/09\/corn-drying-machine-1.webp 720w, https:\/\/corn-machines.com\/wp-content\/uploads\/2022\/09\/corn-drying-machine-1-300x225.webp 300w\" sizes=\"auto, (max-width: 720px) 100vw, 720px\" \/><figcaption>secadora de maiz<\/figcaption><\/figure>    <figure class=\"wp-block-image size-large\"><img loading=\"lazy\" decoding=\"async\" width=\"720\" height=\"540\" data-id=\"309\" src=\"https:\/\/corn-machines.com\/wp-content\/uploads\/2022\/09\/hopper.webp\" alt=\"tolva\" class=\"wp-image-309\" srcset=\"https:\/\/corn-machines.com\/wp-content\/uploads\/2022\/09\/hopper.webp 720w, https:\/\/corn-machines.com\/wp-content\/uploads\/2022\/09\/hopper-300x225.webp 300w\" sizes=\"auto, (max-width: 720px) 100vw, 720px\" \/><figcaption>tolva<\/figcaption><\/figure>    <figure class=\"wp-block-image size-large\"><img loading=\"lazy\" decoding=\"async\" width=\"720\" height=\"540\" data-id=\"310\" src=\"https:\/\/corn-machines.com\/wp-content\/uploads\/2022\/09\/corn-drying-machine-2.webp\" alt=\"secadora de maiz\" class=\"wp-image-310\" srcset=\"https:\/\/corn-machines.com\/wp-content\/uploads\/2022\/09\/corn-drying-machine-2.webp 720w, https:\/\/corn-machines.com\/wp-content\/uploads\/2022\/09\/corn-drying-machine-2-300x225.webp 300w\" sizes=\"auto, (max-width: 720px) 100vw, 720px\" \/><figcaption>secadora de maiz<\/figcaption><\/figure> <\/figure>    <p>La m\u00e1quina secadora de granos puede utilizar varios m\u00e9todos de calentamiento, como pellets de biomasa, fueloil de biomasa, gas natural, gas licuado y carb\u00f3n, y la secadora de granos tiene un buen rendimiento de sellado y no contaminar\u00e1 los granos secos.<\/p>    <h2 class=\"wp-block-heading\" id=\"h-why-choose-a-grain-dryer\">\u00bfPor qu\u00e9 elegir una secadora de granos?<\/h2>    <figure class=\"wp-block-image size-full\"><img loading=\"lazy\" decoding=\"async\" width=\"720\" height=\"540\" src=\"https:\/\/corn-machines.com\/wp-content\/uploads\/2022\/09\/grain-drying-machine-working.webp\" alt=\"secadora de granos funcionando\" class=\"wp-image-307\" srcset=\"https:\/\/corn-machines.com\/wp-content\/uploads\/2022\/09\/grain-drying-machine-working.webp 720w, https:\/\/corn-machines.com\/wp-content\/uploads\/2022\/09\/grain-drying-machine-working-300x225.webp 300w\" sizes=\"auto, (max-width: 720px) 100vw, 720px\" \/><figcaption>secadora de granos funcionando<\/figcaption><\/figure>    <p class=\"translation-block\">En el proceso de procesamiento de alimentos o producci\u00f3n de semillas, grandes lotes de granos deben secarse r\u00e1pidamente. Esta es la mejor opci\u00f3n para usar un secador de granos. Este secador de ma\u00edz utiliza el principio de baja temperatura y alto caudal de aire para secar el grano. Este dise\u00f1o no solo ahorra energ\u00eda, sino que tambi\u00e9n garantiza que el grano no pierda humedad durante el proceso de secado. Mantiene la apariencia brillante y luminosa, y los nutrientes no se pierden. Adem\u00e1s, <a href=\"https:\/\/corn-machines.com\/es\/Info\/prevent-corn-from-getting-moldy\/\" data-type=\"URL\" data-id=\"https:\/\/corn-machines.com\/Info\/prevent-corn-from-getting-moldy\/\">despu\u00e9s de secar el ma\u00edz, se puede evitar que el ma\u00edz se pudra.<\/a><\/p>    <h2 class=\"wp-block-heading\" id=\"h-grain-dryer-parameters\">Par\u00e1metros del secador de granos<\/h2>    <figure class=\"wp-block-image size-full\"><img loading=\"lazy\" decoding=\"async\" width=\"720\" height=\"540\" src=\"https:\/\/corn-machines.com\/wp-content\/uploads\/2022\/09\/grain-drying-machine.webp\" alt=\"secadora de granos enviada\" class=\"wp-image-306\" srcset=\"https:\/\/corn-machines.com\/wp-content\/uploads\/2022\/09\/grain-drying-machine.webp 720w, https:\/\/corn-machines.com\/wp-content\/uploads\/2022\/09\/grain-drying-machine-300x225.webp 300w\" sizes=\"auto, (max-width: 720px) 100vw, 720px\" \/><figcaption>secadora de granos enviada<\/figcaption><\/figure>    <figure class=\"wp-block-table\"><table><tbody><tr><td>Modelo<\/td><td>5H-15<\/td><\/tr><tr><td>Peso total<\/td><td>3200 kilos<\/td><\/tr><tr><td>Fuerza<\/td><td>6,5 kW (82\/3 CV)<\/td><\/tr><tr><td>Hora de la comida<\/td><td>Aproximadamente 63 minutos<\/td><\/tr><tr><td>tiempo de descarga<\/td><td>Aproximadamente 69 minutos<\/td><\/tr><tr><td>Capacidad de secado<\/td><td>15-20t\u00b7%\/h<\/td><\/tr><tr><td>Modelo<\/td><td>5H-32<\/td><\/tr><tr><td>Peso total<\/td><td>7500 kilos<\/td><\/tr><tr><td>Fuerza<\/td><td>12,65kW<\/td><\/tr><tr><td>Hora de la comida<\/td><td>Aproximadamente 58 minutos<\/td><\/tr><tr><td>tiempo de descarga<\/td><td>Aproximadamente 64 minutos<\/td><\/tr><tr><td>Capacidad de secado<\/td><td>25-35t\u00b7%\/h<\/td><\/tr><\/tbody><\/table><\/figure>    <h2 class=\"wp-block-heading\" id=\"h-advantages-of-corn-drye\">Ventajas del secador de ma\u00edz<\/h2>    <figure class=\"wp-block-gallery has-nested-images columns-default is-cropped wp-block-gallery-3 is-layout-flex wp-block-gallery-is-layout-flex\"> <figure class=\"wp-block-image size-large\"><img loading=\"lazy\" decoding=\"async\" width=\"720\" height=\"540\" data-id=\"300\" src=\"https:\/\/corn-machines.com\/wp-content\/uploads\/2022\/09\/grain-drying-machine-shipped.webp\" alt=\"secadora de granos enviada\" class=\"wp-image-300\" srcset=\"https:\/\/corn-machines.com\/wp-content\/uploads\/2022\/09\/grain-drying-machine-shipped.webp 720w, https:\/\/corn-machines.com\/wp-content\/uploads\/2022\/09\/grain-drying-machine-shipped-300x225.webp 300w\" sizes=\"auto, (max-width: 720px) 100vw, 720px\" \/><figcaption>secadora de granos enviada<\/figcaption><\/figure>    <figure class=\"wp-block-image size-large\"><img loading=\"lazy\" decoding=\"async\" width=\"720\" height=\"540\" data-id=\"305\" src=\"https:\/\/corn-machines.com\/wp-content\/uploads\/2022\/09\/grain-drying-machine-shipped-5.webp\" alt=\"secadora de granos enviada\" class=\"wp-image-305\" srcset=\"https:\/\/corn-machines.com\/wp-content\/uploads\/2022\/09\/grain-drying-machine-shipped-5.webp 720w, https:\/\/corn-machines.com\/wp-content\/uploads\/2022\/09\/grain-drying-machine-shipped-5-300x225.webp 300w\" sizes=\"auto, (max-width: 720px) 100vw, 720px\" \/><figcaption>secadora de granos enviada<\/figcaption><\/figure>    <figure class=\"wp-block-image size-large\"><img loading=\"lazy\" decoding=\"async\" width=\"720\" height=\"540\" data-id=\"301\" src=\"https:\/\/corn-machines.com\/wp-content\/uploads\/2022\/09\/grain-drying-machine-shipped-1.webp\" alt=\"secadora de granos enviada\" class=\"wp-image-301\" srcset=\"https:\/\/corn-machines.com\/wp-content\/uploads\/2022\/09\/grain-drying-machine-shipped-1.webp 720w, https:\/\/corn-machines.com\/wp-content\/uploads\/2022\/09\/grain-drying-machine-shipped-1-300x225.webp 300w\" sizes=\"auto, (max-width: 720px) 100vw, 720px\" \/><figcaption>secadora de granos enviada<\/figcaption><\/figure>    <figure class=\"wp-block-image size-large\"><img loading=\"lazy\" decoding=\"async\" width=\"720\" height=\"540\" data-id=\"302\" src=\"https:\/\/corn-machines.com\/wp-content\/uploads\/2022\/09\/grain-drying-machine-shipped-2.webp\" alt=\"secadora de granos enviada\" class=\"wp-image-302\" srcset=\"https:\/\/corn-machines.com\/wp-content\/uploads\/2022\/09\/grain-drying-machine-shipped-2.webp 720w, https:\/\/corn-machines.com\/wp-content\/uploads\/2022\/09\/grain-drying-machine-shipped-2-300x225.webp 300w\" sizes=\"auto, (max-width: 720px) 100vw, 720px\" \/><figcaption>secadora de granos enviada<\/figcaption><\/figure>    <figure class=\"wp-block-image size-large\"><img loading=\"lazy\" decoding=\"async\" width=\"720\" height=\"540\" data-id=\"303\" src=\"https:\/\/corn-machines.com\/wp-content\/uploads\/2022\/09\/grain-drying-machine-shipped-3.webp\" alt=\"secadora de granos enviada\" class=\"wp-image-303\" srcset=\"https:\/\/corn-machines.com\/wp-content\/uploads\/2022\/09\/grain-drying-machine-shipped-3.webp 720w, https:\/\/corn-machines.com\/wp-content\/uploads\/2022\/09\/grain-drying-machine-shipped-3-300x225.webp 300w\" sizes=\"auto, (max-width: 720px) 100vw, 720px\" \/><figcaption>secadora de granos enviada<\/figcaption><\/figure>    <figure class=\"wp-block-image size-large\"><img loading=\"lazy\" decoding=\"async\" width=\"720\" height=\"540\" data-id=\"304\" src=\"https:\/\/corn-machines.com\/wp-content\/uploads\/2022\/09\/grain-drying-machine-shipped-4.webp\" alt=\"secadora de granos enviada\" class=\"wp-image-304\" srcset=\"https:\/\/corn-machines.com\/wp-content\/uploads\/2022\/09\/grain-drying-machine-shipped-4.webp 720w, https:\/\/corn-machines.com\/wp-content\/uploads\/2022\/09\/grain-drying-machine-shipped-4-300x225.webp 300w\" sizes=\"auto, (max-width: 720px) 100vw, 720px\" \/><figcaption>secadora de granos enviada<\/figcaption><\/figure> <\/figure>    <p>1. Los granos calentados uniformemente se secan completa y uniformemente, y los granos secos se pueden almacenar directamente.<\/p>    <p>2. Ahorro de costos El consumo de calor de la unidad es bajo, lo que puede garantizar la calidad del grano horneado sin contaminaci\u00f3n.<\/p>    <p>3. Amplia gama de aplicaciones. Apto para todos los cereales y cereales, la temperatura se puede ajustar seg\u00fan el grano.<\/p>    <p>4. El sistema de control autom\u00e1tico adopta \u00fanicamente tecnolog\u00eda de secado para ajustar autom\u00e1ticamente la temperatura y el tiempo de secado del grano para cumplir con los diferentes requisitos de temperatura de los diferentes granos.<\/p>    <p>5. Operaci\u00f3n continua La secadora de granos tiene un alto grado de automatizaci\u00f3n y gran rendimiento.<\/p>    <figure class=\"wp-block-image size-full\"><img loading=\"lazy\" decoding=\"async\" width=\"720\" height=\"540\" src=\"https:\/\/corn-machines.com\/wp-content\/uploads\/2022\/09\/grain-drying-equipment.webp\" alt=\"equipo de secado de granos\" class=\"wp-image-313\" srcset=\"https:\/\/corn-machines.com\/wp-content\/uploads\/2022\/09\/grain-drying-equipment.webp 720w, https:\/\/corn-machines.com\/wp-content\/uploads\/2022\/09\/grain-drying-equipment-300x225.webp 300w\" sizes=\"auto, (max-width: 720px) 100vw, 720px\" \/><figcaption>equipo de secado de granos<\/figcaption><\/figure>    <h2 class=\"wp-block-heading\">V\u00eddeo de la m\u00e1quina secadora de granos.<\/h2>    <figure class=\"wp-block-embed is-type-video is-provider-youtube wp-block-embed-youtube wp-embed-aspect-16-9 wp-has-aspect-ratio\"><div class=\"wp-block-embed__wrapper\"> <iframe loading=\"lazy\" title=\"Equipos de secado de cereales | secador de torre de cereales | Equipos de eliminaci\u00f3n de humedad de ma\u00edz, arroz, trigo y soja.\" width=\"500\" height=\"281\" src=\"https:\/\/www.youtube.com\/embed\/hwjuDu4h18w?feature=oembed\" frameborder=\"0\" allow=\"accelerometer; autoplay; clipboard-write; encrypted-media; gyroscope; picture-in-picture; web-share\" referrerpolicy=\"strict-origin-when-cross-origin\" allowfullscreen><\/iframe> <\/div><\/figure>","protected":false},"excerpt":{"rendered":"<p>A grain dryer is a machine for drying grains and seeds at low temperatures. There are a wide variety of grains that can be dried, and products such as wheat, soybeans, corn, and sunflower seeds can be processed. Suitable for use in food processing plants, feed processing plants, farms, grain stations, and other groups. Low-temperature [&hellip;]<\/p>\n","protected":false},"author":1,"featured_media":298,"parent":0,"template":"","tags":[36,35],"product-type":[6],"class_list":["post-290","product","type-product","status-publish","has-post-thumbnail","hentry","tag-corn-drying-machine","tag-corn-treshing-machine","product-type-grain-drying-machine"],"_links":{"self":[{"href":"https:\/\/corn-machines.com\/es\/wp-json\/wp\/v2\/product\/290","targetHints":{"allow":["GET"]}}],"collection":[{"href":"https:\/\/corn-machines.com\/es\/wp-json\/wp\/v2\/product"}],"about":[{"href":"https:\/\/corn-machines.com\/es\/wp-json\/wp\/v2\/types\/product"}],"author":[{"embeddable":true,"href":"https:\/\/corn-machines.com\/es\/wp-json\/wp\/v2\/users\/1"}],"wp:featuredmedia":[{"embeddable":true,"href":"https:\/\/corn-machines.com\/es\/wp-json\/wp\/v2\/media\/298"}],"wp:attachment":[{"href":"https:\/\/corn-machines.com\/es\/wp-json\/wp\/v2\/media?parent=290"}],"wp:term":[{"taxonomy":"post_tag","embeddable":true,"href":"https:\/\/corn-machines.com\/es\/wp-json\/wp\/v2\/tags?post=290"},{"taxonomy":"product-type","embeddable":true,"href":"https:\/\/corn-machines.com\/es\/wp-json\/wp\/v2\/product-type?post=290"}],"curies":[{"name":"wp","href":"https:\/\/api.w.org\/{rel}","templated":true}]}}