{"id":266,"date":"2022-09-13T09:31:15","date_gmt":"2022-09-13T09:31:15","guid":{"rendered":"https:\/\/corn-machines.com\/?post_type=product&#038;p=266"},"modified":"2024-11-28T18:01:38","modified_gmt":"2024-11-28T10:01:38","slug":"corn-grits-machine","status":"publish","type":"product","link":"https:\/\/corn-machines.com\/es\/product\/corn-grits-machine\/","title":{"rendered":"M\u00e1quina de s\u00e9mola de ma\u00edz | M\u00e1quina trituradora de ma\u00edz"},"content":{"rendered":"<p>La m\u00e1quina de s\u00e9mola de ma\u00edz puede procesar granos de ma\u00edz en s\u00e9mola de ma\u00edz y harina de ma\u00edz, componentes esenciales de la dieta diaria debido a su facilidad de consumo y digesti\u00f3n. Est\u00e1 equipado con motores duales para pelar y triturar simult\u00e1neamente, lo que mejora la productividad. <\/p>    <p>En particular, esta m\u00e1quina tambi\u00e9n puede procesar cereales como mijo, arroz y sorgo, lo que la convierte en una opci\u00f3n muy pr\u00e1ctica para el procesamiento de cereales moderno. La proporci\u00f3n ajustable del producto terminado aumenta a\u00fan m\u00e1s su flexibilidad, permitiendo una producci\u00f3n personalizada. <\/p>    <p>Con una capacidad de 350-400 kg\/h, esta m\u00e1quina es ideal tanto para talleres de peque\u00f1a escala como para operaciones de mayor tama\u00f1o. \u00a1Cont\u00e1ctenos para m\u00e1s detalles!<\/p>    <figure class=\"wp-block-embed is-type-video is-provider-youtube wp-block-embed-youtube wp-embed-aspect-16-9 wp-has-aspect-ratio\"><div class=\"wp-block-embed__wrapper\"> <iframe loading=\"lazy\" title=\"C\u00f3mo se elabora la s\u00e9mola de ma\u00edz: \u00a1Dentro de una m\u00e1quina para fabricar s\u00e9mola de ma\u00edz! #ma\u00edz #ma\u00edz #agricultura #agricultura\" width=\"500\" height=\"281\" src=\"https:\/\/www.youtube.com\/embed\/5sJZS_9UMKA?feature=oembed\" frameborder=\"0\" allow=\"accelerometer; autoplay; clipboard-write; encrypted-media; gyroscope; picture-in-picture; web-share\" referrerpolicy=\"strict-origin-when-cross-origin\" allowfullscreen><\/iframe> <\/div><figcaption class=\"wp-element-caption\">V\u00eddeo de funcionamiento de la m\u00e1quina de s\u00e9mola de ma\u00edz.<\/figcaption><\/figure>    <h2 class=\"wp-block-heading\" id=\"h-wide-application-of-corn-grinding-machine\">Amplia aplicaci\u00f3n de la m\u00e1quina trituradora de ma\u00edz.<\/h2>    <div class=\"wp-block-media-text is-stacked-on-mobile\"><figure class=\"wp-block-media-text__media\"><img loading=\"lazy\" decoding=\"async\" width=\"720\" height=\"540\" src=\"https:\/\/corn-machines.com\/wp-content\/uploads\/2022\/09\/maize-grinding-machine.webp\" alt=\"maquina para moler maiz\" class=\"wp-image-270 size-full\" srcset=\"https:\/\/corn-machines.com\/wp-content\/uploads\/2022\/09\/maize-grinding-machine.webp 720w, https:\/\/corn-machines.com\/wp-content\/uploads\/2022\/09\/maize-grinding-machine-300x225.webp 300w\" sizes=\"auto, (max-width: 720px) 100vw, 720px\" \/><\/figure><div class=\"wp-block-media-text__content\"> <ul class=\"wp-block-list\"> <li>La s\u00e9mola de ma\u00edz se elabora procesando los granos de ma\u00edz a trav\u00e9s de una m\u00e1quina de s\u00e9mola de ma\u00edz, rompi\u00e9ndolos en part\u00edculas m\u00e1s peque\u00f1as.<\/li>    <li>El ma\u00edz procesado tambi\u00e9n se puede moler hasta obtener harina de ma\u00edz fina, seg\u00fan la aplicaci\u00f3n.<\/li>    <li>La s\u00e9mola de ma\u00edz se utiliza habitualmente en la producci\u00f3n de alimentos debido a su versatilidad y beneficios nutricionales.<\/li>    <li>Adem\u00e1s, la s\u00e9mola de ma\u00edz tiene aplicaciones en la industria qu\u00edmica y farmac\u00e9utica, donde sirven como materia prima para diversos procesos.<\/li> <\/ul> <\/div><\/div>    <h2 class=\"wp-block-heading\" id=\"h-preparing-the-corn-for-grinding\">Preparando el ma\u00edz para moler<\/h2>    <p>El descascarado h\u00famedo es un m\u00e9todo eficaz para pelar el ma\u00edz y es esencial mantener el nivel de humedad del ma\u00edz por debajo de 15%. Aqu\u00ed se explica c\u00f3mo lograr los mejores resultados.<\/p>    <div class=\"wp-block-media-text has-media-on-the-right is-stacked-on-mobile\"><div class=\"wp-block-media-text__content\"> <ul class=\"wp-block-list\"> <li><strong>Ajuste de humedad:<\/strong>  <ul class=\"wp-block-list\"> <li>Mezcla de 6 a 8 partes de agua con 100 partes de ma\u00edz. Revuelva bien para asegurar una distribuci\u00f3n uniforme de la humedad y eliminar el exceso de agua.<\/li> <\/ul> <\/li>    <li><strong>Operaci\u00f3n de la m\u00e1quina:<\/strong> <ul class=\"wp-block-list\"> <li>Durante la primavera y el oto\u00f1o, haga funcionar la m\u00e1quina durante 5 a 6 minutos.<\/li>    <li>En invierno, aumente el tiempo de funcionamiento de 10 a 12 minutos debido a la temperatura m\u00e1s baja.<\/li> <\/ul> <\/li> <\/ul> <\/div><figure class=\"wp-block-media-text__media\"><img loading=\"lazy\" decoding=\"async\" width=\"720\" height=\"540\" src=\"https:\/\/corn-machines.com\/wp-content\/uploads\/2022\/09\/raw-material.webp\" alt=\"materia prima\" class=\"wp-image-271 size-full\" srcset=\"https:\/\/corn-machines.com\/wp-content\/uploads\/2022\/09\/raw-material.webp 720w, https:\/\/corn-machines.com\/wp-content\/uploads\/2022\/09\/raw-material-300x225.webp 300w\" sizes=\"auto, (max-width: 720px) 100vw, 720px\" \/><\/figure><\/div>    <div class=\"wp-block-media-text is-stacked-on-mobile\"><figure class=\"wp-block-media-text__media\"><img loading=\"lazy\" decoding=\"async\" width=\"720\" height=\"540\" src=\"https:\/\/corn-machines.com\/wp-content\/uploads\/2022\/09\/finished-product.webp\" alt=\"Producto terminado de la m\u00e1quina trituradora de ma\u00edz.\" class=\"wp-image-272 size-full\" srcset=\"https:\/\/corn-machines.com\/wp-content\/uploads\/2022\/09\/finished-product.webp 720w, https:\/\/corn-machines.com\/wp-content\/uploads\/2022\/09\/finished-product-300x225.webp 300w\" sizes=\"auto, (max-width: 720px) 100vw, 720px\" \/><\/figure><div class=\"wp-block-media-text__content\"> <p class=\"translation-block\"><strong>Consejos para una operaci\u00f3n eficiente:<\/strong><\/p>    <ul class=\"wp-block-list\"> <li>Retire las cuchillas de la m\u00e1quina y ajuste la separaci\u00f3n entre rodillos de 3 a 5 mm para un rendimiento \u00f3ptimo.<\/li>    <li>Alternativamente, use una red de secado para eliminar el exceso de humedad del ma\u00edz antes de procesarlo.<\/li> <\/ul>    <p class=\"translation-block\"><strong>Producci\u00f3n de <a href=\"https:\/\/en.wikipedia.org\/wiki\/Grits\" data-type=\"link\" data-id=\"https:\/\/en.wikipedia.org\/wiki\/Grits\" target=\"_blank\" rel=\"noopener\">s\u00e9mola de ma\u00edz<\/a><\/strong><br>Durante el proceso de producci\u00f3n de s\u00e9mola de ma\u00edz, la m\u00e1quina separa la salida en tres tipos:<\/p>    <ul class=\"wp-block-list\"> <li>harina de maiz<\/li>    <li>Granos grandes<\/li>    <li>Granos medianos<\/li> <\/ul> <\/div><\/div>    <h2 class=\"wp-block-heading\" id=\"h-maize-grinding-machine-parameter\">Par\u00e1metro de la m\u00e1quina trituradora de ma\u00edz<\/h2>    <figure class=\"wp-block-table\"><table><tbody><tr><td>Modelo<\/td><td>T1<\/td><\/tr><tr><td>pelado de maiz&nbsp;<\/td><td>350-450kg\/hora<\/td><\/tr><tr><td>Hacer s\u00e9mola de ma\u00edz&nbsp;<\/td><td>1000 kilos&nbsp;<\/td><\/tr><tr><td>Tensi\u00f3n nominal&nbsp;<\/td><td>380v&nbsp;<\/td><\/tr><tr><td>Fuerza&nbsp;<\/td><td>7,5 kW 4 polos&nbsp;<\/td><\/tr><tr><td>hacer harina de ma\u00edz&nbsp;<\/td><td>350 kilos&nbsp;<\/td><\/tr><tr><td>Eje de velocidad&nbsp;<\/td><td>1150 rpm<\/td><\/tr><\/tbody><\/table><figcaption class=\"wp-element-caption\">Par\u00e1metro de la m\u00e1quina de s\u00e9mola de ma\u00edz<\/figcaption><\/figure>    <figure class=\"wp-block-image size-full\"><img loading=\"lazy\" decoding=\"async\" width=\"720\" height=\"540\" src=\"https:\/\/corn-machines.com\/wp-content\/uploads\/2022\/09\/Maize-grinding-machine.webp\" alt=\"M\u00e1quina trituradora de ma\u00edz\" class=\"wp-image-273\" srcset=\"https:\/\/corn-machines.com\/wp-content\/uploads\/2022\/09\/Maize-grinding-machine.webp 720w, https:\/\/corn-machines.com\/wp-content\/uploads\/2022\/09\/Maize-grinding-machine-300x225.webp 300w\" sizes=\"auto, (max-width: 720px) 100vw, 720px\" \/><figcaption class=\"wp-element-caption\">Trituradora de ma\u00edz a buen precio.<\/figcaption><\/figure>    <h2 class=\"wp-block-heading\" id=\"h-the-process-of-making-corn-grits\">El proceso de elaboraci\u00f3n de s\u00e9mola de ma\u00edz.<\/h2>    <h3 class=\"wp-block-heading\" id=\"h-peeled-part\">1. Parte pelada<\/h3>    <div class=\"wp-block-media-text is-stacked-on-mobile\"><figure class=\"wp-block-media-text__media\"><img loading=\"lazy\" decoding=\"async\" width=\"720\" height=\"540\" src=\"https:\/\/corn-machines.com\/wp-content\/uploads\/2022\/09\/maize-grinding-machine-1.webp\" alt=\"maquina para moler maiz\" class=\"wp-image-275 size-full\" srcset=\"https:\/\/corn-machines.com\/wp-content\/uploads\/2022\/09\/maize-grinding-machine-1.webp 720w, https:\/\/corn-machines.com\/wp-content\/uploads\/2022\/09\/maize-grinding-machine-1-300x225.webp 300w\" sizes=\"auto, (max-width: 720px) 100vw, 720px\" \/><\/figure><div class=\"wp-block-media-text__content\"> <ul class=\"wp-block-list\"> <li><strong>Hojas de ma\u00edz y producto terminado.<\/strong>. Las c\u00e1scaras desempe\u00f1an un papel crucial en la determinaci\u00f3n de la calidad de la s\u00e9mola de ma\u00edz y son parte integral del procesamiento general del ma\u00edz.<\/li>    <li><strong>Beneficios del pelado de ma\u00edz<\/strong>. El pelado elimina las manchas negras y el salvado del ma\u00edz, mejorando la calidad del producto final.<\/li>    <li><strong>Superficie limpia y lisa<\/strong>. La eliminaci\u00f3n de las c\u00e1scaras asegura que la s\u00e9mola de ma\u00edz tenga una superficie limpia y lisa, mejorando tanto la apariencia como la textura.<\/li> <\/ul> <\/div><\/div>    <h3 class=\"wp-block-heading\" id=\"h-broken-part\">2. Parte rota<\/h3>    <div class=\"wp-block-media-text has-media-on-the-right is-stacked-on-mobile\"><div class=\"wp-block-media-text__content\"> <ul class=\"wp-block-list\"> <li><strong>Funci\u00f3n de trituraci\u00f3n de ma\u00edz<\/strong>. La parte trituradora de ma\u00edz est\u00e1 dise\u00f1ada para descomponer los granos de ma\u00edz en gr\u00e1nulos m\u00e1s peque\u00f1os de diferentes tama\u00f1os.<\/li>    <li><strong>Tres tipos de productos terminados.<\/strong>. La m\u00e1quina puede producir tres tipos diferentes de productos terminados: granos de ma\u00edz, s\u00e9mola de ma\u00edz y harina de ma\u00edz.<\/li>    <li><strong>Versatilidad en el procesamiento<\/strong>. La capacidad de crear m\u00faltiples productos a partir de un solo proceso aumenta la versatilidad de la m\u00e1quina procesadora de ma\u00edz.<\/li> <\/ul> <\/div><figure class=\"wp-block-media-text__media\"><img loading=\"lazy\" decoding=\"async\" width=\"720\" height=\"540\" src=\"https:\/\/corn-machines.com\/wp-content\/uploads\/2022\/09\/maize-grinding-machine-2.webp\" alt=\"maquina para moler maiz\" class=\"wp-image-276 size-full\" srcset=\"https:\/\/corn-machines.com\/wp-content\/uploads\/2022\/09\/maize-grinding-machine-2.webp 720w, https:\/\/corn-machines.com\/wp-content\/uploads\/2022\/09\/maize-grinding-machine-2-300x225.webp 300w\" sizes=\"auto, (max-width: 720px) 100vw, 720px\" \/><\/figure><\/div>    <h2 class=\"wp-block-heading\" id=\"h-polished-part\">Estructura de la m\u00e1quina de s\u00e9mola de ma\u00edz.<\/h2>    <div class=\"wp-block-media-text is-stacked-on-mobile\"><figure class=\"wp-block-media-text__media\"><img loading=\"lazy\" decoding=\"async\" width=\"720\" height=\"540\" src=\"https:\/\/corn-machines.com\/wp-content\/uploads\/2022\/09\/maize-grinding-machine-4.webp\" alt=\"maquina para moler maiz\" class=\"wp-image-278 size-full\" srcset=\"https:\/\/corn-machines.com\/wp-content\/uploads\/2022\/09\/maize-grinding-machine-4.webp 720w, https:\/\/corn-machines.com\/wp-content\/uploads\/2022\/09\/maize-grinding-machine-4-300x225.webp 300w\" sizes=\"auto, (max-width: 720px) 100vw, 720px\" \/><\/figure><div class=\"wp-block-media-text__content\"> <p>La m\u00e1quina para fabricar s\u00e9mola de ma\u00edz tiene tres puertos de descarga para la hebilla de alimentaci\u00f3n y un puerto de descarga para las hojas de ma\u00edz.<\/p> <\/div><\/div>    <h2 class=\"wp-block-heading\" id=\"h-working-principle-of-corn-grits-machine\">\u00bfC\u00f3mo funciona la m\u00e1quina de s\u00e9mola de ma\u00edz?<\/h2>    <p>La m\u00e1quina de s\u00e9mola de ma\u00edz es una m\u00e1quina integral de procesamiento primario dise\u00f1ada para ma\u00edz. Combina varios sistemas para procesar eficientemente los granos de ma\u00edz y obtener diversos productos terminados. Aqu\u00ed hay un desglose de c\u00f3mo funciona:<\/p>    <figure class=\"wp-block-image\"><img loading=\"lazy\" decoding=\"async\" width=\"720\" height=\"540\" src=\"https:\/\/corn-machines.com\/wp-content\/uploads\/2022\/09\/maize-grinding-machine-3.webp\" alt=\"maquina para moler maiz\" class=\"wp-image-277\" srcset=\"https:\/\/corn-machines.com\/wp-content\/uploads\/2022\/09\/maize-grinding-machine-3.webp 720w, https:\/\/corn-machines.com\/wp-content\/uploads\/2022\/09\/maize-grinding-machine-3-300x225.webp 300w\" sizes=\"auto, (max-width: 720px) 100vw, 720px\" \/><\/figure>    <ul class=\"wp-block-list\"> <li><strong>Sistema de pelado<\/strong>. Los granos de ma\u00edz ingresan a la tolva, donde comienza el proceso de pelado. La acci\u00f3n giratoria del eje de la h\u00e9lice empuja el ma\u00edz a trav\u00e9s de la m\u00e1quina, permitiendo la eliminaci\u00f3n de c\u00e1scaras y otros materiales no deseados.<\/li>    <li><strong>Sistema de trituraci\u00f3n<\/strong>. A medida que el ma\u00edz pasa por la c\u00e1mara de pelado, se reduce el volumen de la c\u00e1mara de trabajo. Este aumento de densidad ayuda en el proceso de trituraci\u00f3n. El tambor gira e impulsa continuamente los granos, rompi\u00e9ndolos en part\u00edculas m\u00e1s peque\u00f1as.<\/li>    <li><strong>Sistema de calificaciones<\/strong>. Despu\u00e9s del proceso de trituraci\u00f3n, el ma\u00edz se clasifica en diferentes tama\u00f1os, lo que da como resultado la s\u00e9mola de ma\u00edz, los granos de ma\u00edz y la harina de ma\u00edz.<\/li>    <li><strong>Sistema de eliminaci\u00f3n de polvo<\/strong>. El sistema de eliminaci\u00f3n de polvo asegura que el aire dentro de la m\u00e1quina permanezca limpio y que el producto final est\u00e9 libre de exceso de polvo.<\/li> <\/ul>    <p>Al incorporar estos sistemas, la m\u00e1quina de s\u00e9mola de ma\u00edz transforma efectivamente el ma\u00edz crudo en diversos productos procesados \u200b\u200bcon alta eficiencia.<\/p>    <figure class=\"wp-block-gallery has-nested-images columns-default is-cropped wp-block-gallery-2 is-layout-flex wp-block-gallery-is-layout-flex\"> <figure class=\"wp-block-image size-large\"><img loading=\"lazy\" decoding=\"async\" width=\"720\" height=\"540\" data-id=\"280\" src=\"https:\/\/corn-machines.com\/wp-content\/uploads\/2022\/09\/maize-grinding-machine-5.webp\" alt=\"Precio de la m\u00e1quina de s\u00e9mola de ma\u00edz\" class=\"wp-image-280\" srcset=\"https:\/\/corn-machines.com\/wp-content\/uploads\/2022\/09\/maize-grinding-machine-5.webp 720w, https:\/\/corn-machines.com\/wp-content\/uploads\/2022\/09\/maize-grinding-machine-5-300x225.webp 300w\" sizes=\"auto, (max-width: 720px) 100vw, 720px\" \/><figcaption class=\"wp-element-caption\">Precio de la m\u00e1quina de s\u00e9mola de ma\u00edz<\/figcaption><\/figure>    <figure class=\"wp-block-image size-large\"><img loading=\"lazy\" decoding=\"async\" width=\"720\" height=\"540\" data-id=\"281\" src=\"https:\/\/corn-machines.com\/wp-content\/uploads\/2022\/09\/maize-grinding-machine-products.webp\" alt=\"productos de la m\u00e1quina trituradora de ma\u00edz\" class=\"wp-image-281\" srcset=\"https:\/\/corn-machines.com\/wp-content\/uploads\/2022\/09\/maize-grinding-machine-products.webp 720w, https:\/\/corn-machines.com\/wp-content\/uploads\/2022\/09\/maize-grinding-machine-products-300x225.webp 300w\" sizes=\"auto, (max-width: 720px) 100vw, 720px\" \/><figcaption class=\"wp-element-caption\">productos de la m\u00e1quina trituradora de ma\u00edz<\/figcaption><\/figure> <\/figure>    <h2 class=\"wp-block-heading\" id=\"h-corn-grits-machine-advantage\">Ventajas de la m\u00e1quina para fabricar s\u00e9mola de ma\u00edz<\/h2>    <ul class=\"wp-block-list\"> <li><strong>Resultados limpios y de alta calidad.<\/strong> La m\u00e1quina elimina eficazmente las manchas negras y las impurezas, garantizando harina de ma\u00edz limpia y s\u00e9mola de alta calidad.<\/li>    <li><strong>Operaci\u00f3n vers\u00e1til.<\/strong> Puede procesar ma\u00edz seco y h\u00famedo, ofreciendo flexibilidad para diferentes necesidades de producci\u00f3n.<\/li>    <li><strong>Finura y proporciones ajustables.<\/strong> La m\u00e1quina permite ajustar f\u00e1cilmente la finura del grano y la proporci\u00f3n de s\u00e9mola y harina de ma\u00edz para cumplir con requisitos espec\u00edficos.<\/li>    <li><strong>Eliminaci\u00f3n eficiente de impurezas.<\/strong> Un dise\u00f1o \u00fanico acelera la eliminaci\u00f3n de impurezas, mejorando la velocidad y el rendimiento del procesamiento.<\/li>    <li><strong>Monitoreo en tiempo real.<\/strong> El sistema de visualizaci\u00f3n actual permite monitorear la presi\u00f3n interna y la eficiencia del pelado, asegurando un rendimiento \u00f3ptimo.<\/li>    <li><strong>Ajuste autom\u00e1tico para mayor eficiencia.<\/strong> Los sistemas de ajuste autom\u00e1tico y distribuci\u00f3n de energ\u00eda mantienen la m\u00e1quina en las mejores condiciones de funcionamiento, reduciendo la intervenci\u00f3n manual.<\/li>    <li><strong>Procesamiento multigrano.<\/strong> Tambi\u00e9n puede procesar arroz, trigo y sorgo, ampliando su versatilidad para diversos cereales.<\/li>    <li><strong>Ahorro de tiempo y mano de obra.<\/strong> Dise\u00f1ada para mejorar la eficiencia, la m\u00e1quina reduce la mano de obra y el tiempo de procesamiento al tiempo que garantiza una alta limpieza y un color brillante del producto.<\/li> <\/ul>    <figure class=\"wp-block-gallery has-nested-images columns-default is-cropped wp-block-gallery-3 is-layout-flex wp-block-gallery-is-layout-flex\"> <figure class=\"wp-block-image size-large\"><img loading=\"lazy\" decoding=\"async\" width=\"720\" height=\"540\" data-id=\"282\" src=\"https:\/\/corn-machines.com\/wp-content\/uploads\/2022\/09\/Corn-grits-making-machine.webp\" alt=\"M\u00e1quina de s\u00e9mola de ma\u00edz\" class=\"wp-image-282\" srcset=\"https:\/\/corn-machines.com\/wp-content\/uploads\/2022\/09\/Corn-grits-making-machine.webp 720w, https:\/\/corn-machines.com\/wp-content\/uploads\/2022\/09\/Corn-grits-making-machine-300x225.webp 300w\" sizes=\"auto, (max-width: 720px) 100vw, 720px\" \/><figcaption class=\"wp-element-caption\">M\u00e1quina de s\u00e9mola de ma\u00edz<\/figcaption><\/figure> <\/figure>    <h2 class=\"wp-block-heading\" id=\"h-operation-method-and-steps-of-corn-grits-making-machine\">\u00bfC\u00f3mo utilizar la m\u00e1quina para hacer s\u00e9mola de ma\u00edz?<\/h2>    <ul class=\"wp-block-list\"> <li><strong>Humedece el ma\u00edz.<\/strong> Agrega unas 3 partes de agua por cada 100 partes de ma\u00edz y d\u00e9jalo reposar unos 10 minutos.<\/li>    <li><strong>Cargue el ma\u00edz en el recipiente para pelar.<\/strong> Despu\u00e9s de humedecerlo, vierta el ma\u00edz en el recipiente para pelar, ajuste la manija de presi\u00f3n para pelar y abra el recipiente de alimentaci\u00f3n para comenzar.<\/li>    <li><strong>Proceso de pelado.<\/strong> El ma\u00edz pelado se descargar\u00e1 por el puerto frontal, mientras que las c\u00e1scaras y otros desechos caer\u00e1n naturalmente por el puerto de descarga trasero.<\/li>    <li><strong>Triturar el ma\u00edz.<\/strong> Transfiera el ma\u00edz descascarado al recipiente triturador, ajuste el mango triturador al tama\u00f1o de part\u00edcula deseado.<\/li>    <li><strong>Exportaci\u00f3n del producto terminado.<\/strong> La m\u00e1quina producir\u00e1 tres tipos de gr\u00e1nulos: s\u00e9mola grande, s\u00e9mola peque\u00f1a y harina de ma\u00edz. Estos se descargar\u00e1n a trav\u00e9s del puerto de salida.<\/li> <\/ul>    <figure class=\"wp-block-gallery has-nested-images columns-default is-cropped wp-block-gallery-4 is-layout-flex wp-block-gallery-is-layout-flex\"> <figure class=\"wp-block-image size-large\"><img loading=\"lazy\" decoding=\"async\" width=\"720\" height=\"540\" data-id=\"279\" src=\"https:\/\/corn-machines.com\/wp-content\/uploads\/2022\/09\/maize-grinding-machine-facrory.webp\" alt=\"f\u00e1brica de m\u00e1quinas de s\u00e9mola de ma\u00edz\" class=\"wp-image-279\" srcset=\"https:\/\/corn-machines.com\/wp-content\/uploads\/2022\/09\/maize-grinding-machine-facrory.webp 720w, https:\/\/corn-machines.com\/wp-content\/uploads\/2022\/09\/maize-grinding-machine-facrory-300x225.webp 300w\" sizes=\"auto, (max-width: 720px) 100vw, 720px\" \/><figcaption class=\"wp-element-caption\">f\u00e1brica de m\u00e1quinas de s\u00e9mola de ma\u00edz<\/figcaption><\/figure> <\/figure>    <h2 class=\"wp-block-heading\">Invierta en nuestra m\u00e1quina de virutas de ma\u00edz<\/h2>    <div class=\"wp-block-media-text is-stacked-on-mobile\"><figure class=\"wp-block-media-text__media\"><img loading=\"lazy\" decoding=\"async\" width=\"750\" height=\"482\" src=\"https:\/\/corn-machines.com\/wp-content\/uploads\/2022\/09\/corn-grits-machine.webp\" alt=\"m\u00e1quina de s\u00e9mola de ma\u00edz\" class=\"wp-image-269 size-full\" srcset=\"https:\/\/corn-machines.com\/wp-content\/uploads\/2022\/09\/corn-grits-machine.webp 750w, https:\/\/corn-machines.com\/wp-content\/uploads\/2022\/09\/corn-grits-machine-300x193.webp 300w\" sizes=\"auto, (max-width: 750px) 100vw, 750px\" \/><\/figure><div class=\"wp-block-media-text__content\"> <ul class=\"wp-block-list\"> <li><strong>Rendimiento excepcional.<\/strong> Construido con artesan\u00eda de primer nivel y tecnolog\u00eda avanzada para un funcionamiento eficiente.<\/li>    <li><strong>Innovaci\u00f3n continua.<\/strong> Mejoramos continuamente nuestras m\u00e1quinas para mejorar la eficiencia de la producci\u00f3n y la calidad del producto.<\/li>    <li><strong>Soluci\u00f3n confiable.<\/strong> Una m\u00e1quina confiable que respalda el crecimiento empresarial con un rectificado estable y de alta calidad.<\/li>    <li><strong>Soporte centrado en el cliente.<\/strong> Ofrecemos un atento servicio posventa para garantizar una satisfacci\u00f3n y soporte continuos.<\/li> <\/ul> <\/div><\/div>    <h2 class=\"wp-block-heading\"><a href=\"https:\/\/corn-machines.com\/es\/contact-us\/\" data-type=\"link\" data-id=\"https:\/\/corn-machines.com\/contact-us\/\">Cont\u00e1ctenos<\/a><\/h2>    <p>No dude en ponerse en contacto con nuestro equipo de ventas para obtener informaci\u00f3n m\u00e1s detallada y soluciones personalizadas. \u00a1Esperamos colaborar con usted para lograr el \u00e9xito!<\/p>","protected":false},"excerpt":{"rendered":"<p>La m\u00e1quina de s\u00e9mola de ma\u00edz puede procesar granos de ma\u00edz en s\u00e9mola de ma\u00edz y harina de ma\u00edz, componentes esenciales de la dieta diaria debido a su facilidad de consumo y digesti\u00f3n. <\/p>","protected":false},"author":1,"featured_media":268,"parent":0,"template":"","tags":[23,24,31],"product-type":[5],"class_list":["post-266","product","type-product","status-publish","has-post-thumbnail","hentry","tag-corn-grain-mill-machine","tag-corn-grits-machine","tag-corn-milling-machine","product-type-maize-grits-milling-machine"],"_links":{"self":[{"href":"https:\/\/corn-machines.com\/es\/wp-json\/wp\/v2\/product\/266","targetHints":{"allow":["GET"]}}],"collection":[{"href":"https:\/\/corn-machines.com\/es\/wp-json\/wp\/v2\/product"}],"about":[{"href":"https:\/\/corn-machines.com\/es\/wp-json\/wp\/v2\/types\/product"}],"author":[{"embeddable":true,"href":"https:\/\/corn-machines.com\/es\/wp-json\/wp\/v2\/users\/1"}],"wp:featuredmedia":[{"embeddable":true,"href":"https:\/\/corn-machines.com\/es\/wp-json\/wp\/v2\/media\/268"}],"wp:attachment":[{"href":"https:\/\/corn-machines.com\/es\/wp-json\/wp\/v2\/media?parent=266"}],"wp:term":[{"taxonomy":"post_tag","embeddable":true,"href":"https:\/\/corn-machines.com\/es\/wp-json\/wp\/v2\/tags?post=266"},{"taxonomy":"product-type","embeddable":true,"href":"https:\/\/corn-machines.com\/es\/wp-json\/wp\/v2\/product-type?post=266"}],"curies":[{"name":"wp","href":"https:\/\/api.w.org\/{rel}","templated":true}]}}