{"id":235,"date":"2022-09-09T08:12:05","date_gmt":"2022-09-09T08:12:05","guid":{"rendered":"https:\/\/corn-machines.com\/?post_type=product&#038;p=235"},"modified":"2024-04-07T14:47:24","modified_gmt":"2024-04-07T06:47:24","slug":"corn-grain-mill-machine","status":"publish","type":"product","link":"https:\/\/corn-machines.com\/es\/product\/corn-grain-mill-machine\/","title":{"rendered":"M\u00e1quina de molino de grano de ma\u00edz | M\u00e1quina de molino de harina de ma\u00edz"},"content":{"rendered":"<p>Un molino de granos de ma\u00edz es una m\u00e1quina que se utiliza para moler granos hasta convertirlos en polvo. El ma\u00edz es una materia prima que se procesa con frecuencia y se puede procesar hasta obtener un polvo ultrafino de 0,2 a 8 mm. Los molinos de ma\u00edz se utilizan ampliamente en la industria procesadora de alimentos y en la industria farmac\u00e9utica. <\/p>    <p class=\"translation-block\">Este molino de ma\u00edz puede utilizar motores di\u00e9sel, motores el\u00e9ctricos y motores de gasolina. Adem\u00e1s de este peque\u00f1o molino de ma\u00edz, tambi\u00e9n hay <a href=\"https:\/\/corn-machines.com\/es\/product\/corn-grits-machine\/\" data-type=\"URL\" data-id=\"https:\/\/corn-machines.com\/product\/corn-grits-machine\/\">molinos de ma\u00edz grandes<\/a>.<\/p>    <figure class=\"wp-block-embed is-type-video is-provider-youtube wp-block-embed-youtube wp-embed-aspect-16-9 wp-has-aspect-ratio\"><div class=\"wp-block-embed__wrapper\"> <iframe loading=\"lazy\" title=\"\u00bfQu\u00e9 es una trituradora de ma\u00edz? | m\u00e1quina de molino de grano de ma\u00edz | m\u00e1quina para fabricar harina de ma\u00edz | molienda de maiz\" width=\"500\" height=\"281\" src=\"https:\/\/www.youtube.com\/embed\/gNReEaxFyno?feature=oembed\" frameborder=\"0\" allow=\"accelerometer; autoplay; clipboard-write; encrypted-media; gyroscope; picture-in-picture; web-share\" referrerpolicy=\"strict-origin-when-cross-origin\" allowfullscreen><\/iframe> <\/div><figcaption class=\"wp-element-caption\">molino de ma\u00edz autom\u00e1tico de succi\u00f3n<\/figcaption><\/figure>    <h2 class=\"wp-block-heading\" id=\"h-raw-materials-for-corn-grain-mill-machine\">Materias primas para molino de grano de ma\u00edz.<\/h2>    <figure class=\"wp-block-gallery has-nested-images columns-default is-cropped wp-block-gallery-2 is-layout-flex wp-block-gallery-is-layout-flex\"> <figure class=\"wp-block-image size-large\"><img loading=\"lazy\" decoding=\"async\" width=\"720\" height=\"540\" data-id=\"258\" src=\"https:\/\/corn-machines.com\/wp-content\/uploads\/2022\/09\/corn-grain-mill-machine-raw-material.webp\" alt=\"Materia prima de la m\u00e1quina del molino de grano de ma\u00edz\" class=\"wp-image-258\" srcset=\"https:\/\/corn-machines.com\/wp-content\/uploads\/2022\/09\/corn-grain-mill-machine-raw-material.webp 720w, https:\/\/corn-machines.com\/wp-content\/uploads\/2022\/09\/corn-grain-mill-machine-raw-material-300x225.webp 300w\" sizes=\"auto, (max-width: 720px) 100vw, 720px\" \/><figcaption class=\"wp-element-caption\">Materia prima de la m\u00e1quina del molino de grano de ma\u00edz<\/figcaption><\/figure>    <figure class=\"wp-block-image size-large\"><img loading=\"lazy\" decoding=\"async\" width=\"720\" height=\"540\" data-id=\"260\" src=\"https:\/\/corn-machines.com\/wp-content\/uploads\/2022\/09\/corn-flour.webp\" alt=\"Harina de ma\u00edz\" class=\"wp-image-260\" srcset=\"https:\/\/corn-machines.com\/wp-content\/uploads\/2022\/09\/corn-flour.webp 720w, https:\/\/corn-machines.com\/wp-content\/uploads\/2022\/09\/corn-flour-300x225.webp 300w\" sizes=\"auto, (max-width: 720px) 100vw, 720px\" \/><figcaption class=\"wp-element-caption\">Harina de ma\u00edz<\/figcaption><\/figure> <\/figure>    <p>Esta versatilidad convierte al molino de ma\u00edz en una herramienta indispensable en la industria procesadora de granos. Ya sea procesando ma\u00edz, trigo, soja, pimientos secos, sorgo, materiales medicinales u otras materias primas, o triturando minerales de baja dureza como yeso, talco, tierras raras, productos qu\u00edmicos y arcilla, sobresale sin esfuerzo. <\/p>    <p>Ya sea que necesite producir alimentos, productos farmac\u00e9uticos o qu\u00edmicos, el molino de ma\u00edz puede proporcionar soluciones de procesamiento confiables, moliendo granos y hierbas hasta convertirlos en polvos finos para satisfacer sus diversas necesidades.<\/p>    <h2 class=\"wp-block-heading\" id=\"h-structure-of-corn-mill-machine\">Estructura de la m\u00e1quina de molino de ma\u00edz.<\/h2>    <figure class=\"wp-block-gallery has-nested-images columns-default is-cropped wp-block-gallery-3 is-layout-flex wp-block-gallery-is-layout-flex\"> <figure class=\"wp-block-image size-large\"><img loading=\"lazy\" decoding=\"async\" width=\"720\" height=\"540\" data-id=\"246\" src=\"https:\/\/corn-machines.com\/wp-content\/uploads\/2022\/09\/Structure-of-corn-mill-machine-3.webp\" alt=\"Estructura de la m\u00e1quina de molino de ma\u00edz. \" class=\"wp-image-246\" srcset=\"https:\/\/corn-machines.com\/wp-content\/uploads\/2022\/09\/Structure-of-corn-mill-machine-3.webp 720w, https:\/\/corn-machines.com\/wp-content\/uploads\/2022\/09\/Structure-of-corn-mill-machine-3-300x225.webp 300w\" sizes=\"auto, (max-width: 720px) 100vw, 720px\" \/><figcaption class=\"wp-element-caption\">Estructura de la m\u00e1quina de molino de ma\u00edz. <\/figcaption><\/figure>    <figure class=\"wp-block-image size-large\"><img loading=\"lazy\" decoding=\"async\" width=\"720\" height=\"540\" data-id=\"242\" src=\"https:\/\/corn-machines.com\/wp-content\/uploads\/2022\/09\/Structure-of-corn-mill-machine-1.webp\" alt=\"Estructura de la m\u00e1quina de molino de ma\u00edz.\" class=\"wp-image-242\" srcset=\"https:\/\/corn-machines.com\/wp-content\/uploads\/2022\/09\/Structure-of-corn-mill-machine-1.webp 720w, https:\/\/corn-machines.com\/wp-content\/uploads\/2022\/09\/Structure-of-corn-mill-machine-1-300x225.webp 300w\" sizes=\"auto, (max-width: 720px) 100vw, 720px\" \/><figcaption class=\"wp-element-caption\">Estructura de la m\u00e1quina de molino de ma\u00edz. <\/figcaption><\/figure>    <figure class=\"wp-block-image size-large\"><img loading=\"lazy\" decoding=\"async\" width=\"720\" height=\"540\" data-id=\"245\" src=\"https:\/\/corn-machines.com\/wp-content\/uploads\/2022\/09\/Structure-of-corn-mill-machine-2.webp\" alt=\"Estructura de la m\u00e1quina de molino de ma\u00edz. \" class=\"wp-image-245\" srcset=\"https:\/\/corn-machines.com\/wp-content\/uploads\/2022\/09\/Structure-of-corn-mill-machine-2.webp 720w, https:\/\/corn-machines.com\/wp-content\/uploads\/2022\/09\/Structure-of-corn-mill-machine-2-300x225.webp 300w\" sizes=\"auto, (max-width: 720px) 100vw, 720px\" \/><figcaption class=\"wp-element-caption\">Estructura de la m\u00e1quina de molino de ma\u00edz. <\/figcaption><\/figure> <\/figure>    <p>La trituradora de garras incluye principalmente seis partes: parte superior del cuerpo, cubierta, conjunto de rotor, criba, dispositivo de alimentaci\u00f3n y marco. <\/p>    <p>El cuerpo y el conjunto del rotor forman juntos la cavidad de trituraci\u00f3n, y el conjunto del rotor se convierte en la parte de trabajo principal. La trituraci\u00f3n del material se completa en la c\u00e1mara de trituraci\u00f3n. <\/p>    <p>Nuestro molino de ma\u00edz puede producir harina de ma\u00edz de 0,2 a 8 mm, y la harina de ma\u00edz de diferente finura se compone de diferentes tamices.<\/p>    <h2 class=\"wp-block-heading\" id=\"h-two-types-of-maize-flour-mill-machine\">Dos tipos de molino de harina de ma\u00edz<\/h2>    <figure class=\"wp-block-gallery has-nested-images columns-default is-cropped wp-block-gallery-4 is-layout-flex wp-block-gallery-is-layout-flex\"> <figure class=\"wp-block-image size-large\"><img loading=\"lazy\" decoding=\"async\" width=\"720\" height=\"540\" data-id=\"243\" src=\"https:\/\/corn-machines.com\/wp-content\/uploads\/2022\/09\/maize-flour-mill-machine.webp\" alt=\"m\u00e1quina de molino de harina de ma\u00edz\" class=\"wp-image-243\" srcset=\"https:\/\/corn-machines.com\/wp-content\/uploads\/2022\/09\/maize-flour-mill-machine.webp 720w, https:\/\/corn-machines.com\/wp-content\/uploads\/2022\/09\/maize-flour-mill-machine-300x225.webp 300w\" sizes=\"auto, (max-width: 720px) 100vw, 720px\" \/><figcaption class=\"wp-element-caption\">m\u00e1quina de molino de harina de ma\u00edz<\/figcaption><\/figure>    <figure class=\"wp-block-image size-large\"><img loading=\"lazy\" decoding=\"async\" width=\"720\" height=\"540\" data-id=\"244\" src=\"https:\/\/corn-machines.com\/wp-content\/uploads\/2022\/09\/maize-flour-mill-machine-1.webp\" alt=\"m\u00e1quina de molino de harina de ma\u00edz\" class=\"wp-image-244\" srcset=\"https:\/\/corn-machines.com\/wp-content\/uploads\/2022\/09\/maize-flour-mill-machine-1.webp 720w, https:\/\/corn-machines.com\/wp-content\/uploads\/2022\/09\/maize-flour-mill-machine-1-300x225.webp 300w\" sizes=\"auto, (max-width: 720px) 100vw, 720px\" \/><figcaption class=\"wp-element-caption\">m\u00e1quina de molino de harina de ma\u00edz<\/figcaption><\/figure> <\/figure>    <p>Las funcionalidades de ambos molinos son id\u00e9nticas, diferenci\u00e1ndose \u00fanicamente en sus mecanismos de alimentaci\u00f3n. Un modelo ofrece alimentaci\u00f3n autom\u00e1tica y autocebante, lo que brinda mayor comodidad. <\/p>    <p>Por el contrario, el otro requiere alimentaci\u00f3n manual, lo que requiere que los usuarios distribuyan uniformemente el ma\u00edz directamente en la m\u00e1quina a un ritmo controlado. Tras la configuraci\u00f3n, los usuarios simplemente conectan un contenedor a la salida de la m\u00e1quina para recolectar el material procesado de manera eficiente. <\/p>    <p>Si bien los m\u00e9todos de alimentaci\u00f3n y descarga var\u00edan entre las dos m\u00e1quinas, sus funcionalidades principales siguen siendo consistentes.<\/p>    <h2 class=\"wp-block-heading\" id=\"h-how-a-corn-grain-mill-machine-works\">\u00bfC\u00f3mo funciona un molino de grano de ma\u00edz?<\/h2>    <p>Durante la operaci\u00f3n, el material destinado al procesamiento ingresa a la c\u00e1mara de trituraci\u00f3n a trav\u00e9s de la tolva, donde se encuentra con los componentes giratorios de alta velocidad que inician el proceso de trituraci\u00f3n mientras redirigen la trayectoria del material. <\/p>    <figure class=\"wp-block-gallery has-nested-images columns-default is-cropped wp-block-gallery-5 is-layout-flex wp-block-gallery-is-layout-flex\"> <figure class=\"wp-block-image size-large\"><img loading=\"lazy\" decoding=\"async\" width=\"720\" height=\"540\" data-id=\"247\" src=\"https:\/\/corn-machines.com\/wp-content\/uploads\/2022\/09\/corn-grain-mill-machine-working.webp\" alt=\"Molino de grano de ma\u00edz trabajando\" class=\"wp-image-247\" srcset=\"https:\/\/corn-machines.com\/wp-content\/uploads\/2022\/09\/corn-grain-mill-machine-working.webp 720w, https:\/\/corn-machines.com\/wp-content\/uploads\/2022\/09\/corn-grain-mill-machine-working-300x225.webp 300w\" sizes=\"auto, (max-width: 720px) 100vw, 720px\" \/><figcaption class=\"wp-element-caption\">Molino de grano de ma\u00edz trabajando<\/figcaption><\/figure>    <figure class=\"wp-block-image size-large\"><img loading=\"lazy\" decoding=\"async\" width=\"720\" height=\"540\" data-id=\"248\" src=\"https:\/\/corn-machines.com\/wp-content\/uploads\/2022\/09\/corn-grain-mill-machine-working-1.webp\" alt=\"Molino de grano de ma\u00edz trabajando\" class=\"wp-image-248\" srcset=\"https:\/\/corn-machines.com\/wp-content\/uploads\/2022\/09\/corn-grain-mill-machine-working-1.webp 720w, https:\/\/corn-machines.com\/wp-content\/uploads\/2022\/09\/corn-grain-mill-machine-working-1-300x225.webp 300w\" sizes=\"auto, (max-width: 720px) 100vw, 720px\" \/><figcaption class=\"wp-element-caption\">Molino de grano de ma\u00edz trabajando<\/figcaption><\/figure>    <figure class=\"wp-block-image size-large\"><img loading=\"lazy\" decoding=\"async\" width=\"720\" height=\"540\" data-id=\"249\" src=\"https:\/\/corn-machines.com\/wp-content\/uploads\/2022\/09\/corn-grain-mill-machine-working-2.webp\" alt=\"Molino de grano de ma\u00edz trabajando\" class=\"wp-image-249\" srcset=\"https:\/\/corn-machines.com\/wp-content\/uploads\/2022\/09\/corn-grain-mill-machine-working-2.webp 720w, https:\/\/corn-machines.com\/wp-content\/uploads\/2022\/09\/corn-grain-mill-machine-working-2-300x225.webp 300w\" sizes=\"auto, (max-width: 720px) 100vw, 720px\" \/><figcaption class=\"wp-element-caption\">Molino de grano de ma\u00edz trabajando<\/figcaption><\/figure>    <figure class=\"wp-block-image size-large\"><img loading=\"lazy\" decoding=\"async\" width=\"720\" height=\"540\" data-id=\"250\" src=\"https:\/\/corn-machines.com\/wp-content\/uploads\/2022\/09\/corn-grain-mill-machine-working-3.webp\" alt=\"Molino de grano de ma\u00edz trabajando\" class=\"wp-image-250\" srcset=\"https:\/\/corn-machines.com\/wp-content\/uploads\/2022\/09\/corn-grain-mill-machine-working-3.webp 720w, https:\/\/corn-machines.com\/wp-content\/uploads\/2022\/09\/corn-grain-mill-machine-working-3-300x225.webp 300w\" sizes=\"auto, (max-width: 720px) 100vw, 720px\" \/><figcaption class=\"wp-element-caption\">molinillo de harina de ma\u00edz funcionando<\/figcaption><\/figure> <\/figure>    <p>La rotaci\u00f3n a alta velocidad interrumpe la deposici\u00f3n de capas de material, facilitando su movimiento a lo largo del rotor. A lo largo de este proceso, las part\u00edculas sufren repetidas colisiones tanto con los componentes de trabajo como entre s\u00ed, reduciendo gradualmente su tama\u00f1o hasta pasar a trav\u00e9s de los orificios del tamiz.<\/p>    <p>Bajo la influencia de la fuerza centr\u00edfuga y el flujo de aire, las part\u00edculas se pulverizan a\u00fan m\u00e1s. Finalmente, el material pasa a trav\u00e9s de los orificios del tamiz, ingresa a la c\u00e1mara de trituraci\u00f3n y sale por el puerto de descarga. <\/p>    <p>La finura de la pulverizaci\u00f3n en dichas m\u00e1quinas est\u00e1 dictada por el tama\u00f1o de los orificios del tamiz, lo que permite a los usuarios seleccionar los tamices en consecuencia seg\u00fan los requisitos de tama\u00f1o de part\u00edcula deseados para el alimento.<\/p>    <h2 class=\"wp-block-heading\" id=\"h-maize-flour-mill-machine-parameter\">Par\u00e1metro de la m\u00e1quina del molino de harina de ma\u00edz<\/h2>    <h3 class=\"wp-block-heading\" id=\"h-auxiliary-feeding-corn-mill-machine\">Molino de ma\u00edz de alimentaci\u00f3n auxiliar<\/h3>    <figure class=\"wp-block-image size-full\"><img loading=\"lazy\" decoding=\"async\" width=\"720\" height=\"540\" src=\"https:\/\/corn-machines.com\/wp-content\/uploads\/2022\/09\/corn-mill-machine.webp\" alt=\"m\u00e1quina de molino de ma\u00edz\" class=\"wp-image-252\" srcset=\"https:\/\/corn-machines.com\/wp-content\/uploads\/2022\/09\/corn-mill-machine.webp 720w, https:\/\/corn-machines.com\/wp-content\/uploads\/2022\/09\/corn-mill-machine-300x225.webp 300w\" sizes=\"auto, (max-width: 720px) 100vw, 720px\" \/><figcaption class=\"wp-element-caption\">m\u00e1quina de molino de ma\u00edz<\/figcaption><\/figure>    <figure class=\"wp-block-table\"><table><tbody><tr><td>Modelo<\/td><td>9FZ-45<\/td><\/tr><tr><td>Velocidad de rotaci\u00f3n<\/td><td>3200 rpm<\/td><\/tr><tr><td>Di\u00e1metro del rotor<\/td><td>450 mm<\/td><\/tr><tr><td>Di\u00e1metro del anillo tamiz<\/td><td>508mm<\/td><\/tr><tr><td>Tama\u00f1o de pantalla (mm)<\/td><td>1600\u00d7115<\/td><\/tr><tr><td>Productividad<\/td><td>\u22651500kg\/hora<\/td><\/tr><tr><td>Dientes planos (trozos)<\/td><td>6<\/td><\/tr><tr><td>Dientes cuadrados (trozos)<\/td><td>12<\/td><\/tr><tr><td>Voltaje<\/td><td>380V<\/td><\/tr><tr><td>Peso<\/td><td>200 kilos<\/td><\/tr><\/tbody><\/table><figcaption class=\"wp-element-caption\">molinillo de harina de maiz<\/figcaption><\/figure>    <h3 class=\"wp-block-heading\" id=\"h-automatic-suction-type-corn-mill\">Molino de ma\u00edz autom\u00e1tico de succi\u00f3n<\/h3>    <figure class=\"wp-block-image size-full\"><img loading=\"lazy\" decoding=\"async\" width=\"720\" height=\"540\" src=\"https:\/\/corn-machines.com\/wp-content\/uploads\/2022\/09\/corn-mill.webp\" alt=\"molino de maiz\" class=\"wp-image-253\" srcset=\"https:\/\/corn-machines.com\/wp-content\/uploads\/2022\/09\/corn-mill.webp 720w, https:\/\/corn-machines.com\/wp-content\/uploads\/2022\/09\/corn-mill-300x225.webp 300w\" sizes=\"auto, (max-width: 720px) 100vw, 720px\" \/><figcaption class=\"wp-element-caption\">molino de maiz<\/figcaption><\/figure>    <figure class=\"wp-block-table\"><table><tbody><tr><td>Modelo<\/td><td>Molino de martillos 9FQ-50<\/td><\/tr><tr><td>Velocidad<\/td><td>3200 rpm<\/td><\/tr><tr><td>Di\u00e1metro del rotor<\/td><td>500 mm<\/td><\/tr><tr><td>Tama\u00f1o de pantalla (mm)<\/td><td>690\u00d7250<\/td><\/tr><tr><td>Productividad<\/td><td>\u22651000kg\/hora<\/td><\/tr><tr><td>pieza de martillo<\/td><td>16<\/td><\/tr><tr><td>Dientes posteriores (trozos)<\/td><td>3<\/td><\/tr><tr><td>Consumo de electricidad por tonelada de material.<\/td><td>\u226411KW.h\/t<\/td><\/tr><tr><td>Voltaje<\/td><td>380V<\/td><\/tr><tr><td>Potencia nominal<\/td><td>15kW<\/td><\/tr><tr><td>Accesorios<\/td><td>Tolva de entrada y salida<\/td><\/tr><tr><td>Dimensiones (mm)<\/td><td>1230x1020x1150<\/td><\/tr><tr><td>Tama\u00f1o del embalaje (mm)<\/td><td>680x720x930<\/td><\/tr><tr><td>Peso<\/td><td>160kg<\/td><\/tr><\/tbody><\/table><figcaption class=\"wp-element-caption\">parametros del molino de martillos<\/figcaption><\/figure>    <h2 class=\"wp-block-heading\" id=\"h-corn-grain-mill-machine-advantage\">Ventajas de la m\u00e1quina de molino de grano de ma\u00edz<\/h2>    <figure class=\"wp-block-image size-full\"><img loading=\"lazy\" decoding=\"async\" width=\"720\" height=\"540\" src=\"https:\/\/corn-machines.com\/wp-content\/uploads\/2022\/09\/Corn-grain-mill-machine-3.webp\" alt=\"M\u00e1quina de molino de grano de ma\u00edz \" class=\"wp-image-251\" srcset=\"https:\/\/corn-machines.com\/wp-content\/uploads\/2022\/09\/Corn-grain-mill-machine-3.webp 720w, https:\/\/corn-machines.com\/wp-content\/uploads\/2022\/09\/Corn-grain-mill-machine-3-300x225.webp 300w\" sizes=\"auto, (max-width: 720px) 100vw, 720px\" \/><figcaption class=\"wp-element-caption\">Molino de grano de ma\u00edz <\/figcaption><\/figure>    <ul class=\"wp-block-list\"> <li>Martillo de alta calidad: fabricado con acero al manganeso, el martillo cuenta con una excepcional resistencia al desgaste y al impacto, lo que garantiza un rendimiento de trituraci\u00f3n superior.<\/li>    <li>Eliminaci\u00f3n eficiente de polvo: el pulverizador de ma\u00edz cuenta con un sistema avanzado de eliminaci\u00f3n de polvo, que promueve un entorno de producci\u00f3n limpio e higi\u00e9nico al minimizar el ruido y la contaminaci\u00f3n.<\/li>    <li>Operaci\u00f3n silenciosa: Utilizando un dise\u00f1o innovador, el molino de ma\u00edz opera con niveles de ruido notablemente bajos, fomentando un entorno de producci\u00f3n \u00f3ptimo propicio para la productividad y la comodidad.<\/li> <\/ul>    <h2 class=\"wp-block-heading\">Cont\u00e1ctenos<\/h2>    <figure class=\"wp-block-gallery has-nested-images columns-default is-cropped wp-block-gallery-6 is-layout-flex wp-block-gallery-is-layout-flex\"> <figure class=\"wp-block-image size-large\"><img loading=\"lazy\" decoding=\"async\" width=\"720\" height=\"540\" data-id=\"239\" src=\"https:\/\/corn-machines.com\/wp-content\/uploads\/2022\/09\/Corn-grain-mill-machine-1.webp\" alt=\"M\u00e1quina de molino de grano de ma\u00edz\" class=\"wp-image-239\" srcset=\"https:\/\/corn-machines.com\/wp-content\/uploads\/2022\/09\/Corn-grain-mill-machine-1.webp 720w, https:\/\/corn-machines.com\/wp-content\/uploads\/2022\/09\/Corn-grain-mill-machine-1-300x225.webp 300w\" sizes=\"auto, (max-width: 720px) 100vw, 720px\" \/><figcaption class=\"wp-element-caption\">M\u00e1quina de molino de grano de ma\u00edz<\/figcaption><\/figure>    <figure class=\"wp-block-image size-large\"><img loading=\"lazy\" decoding=\"async\" width=\"720\" height=\"540\" data-id=\"240\" src=\"https:\/\/corn-machines.com\/wp-content\/uploads\/2022\/09\/Corn-grain-mill-machine-2.webp\" alt=\"M\u00e1quina de molino de grano de ma\u00edz\" class=\"wp-image-240\" srcset=\"https:\/\/corn-machines.com\/wp-content\/uploads\/2022\/09\/Corn-grain-mill-machine-2.webp 720w, https:\/\/corn-machines.com\/wp-content\/uploads\/2022\/09\/Corn-grain-mill-machine-2-300x225.webp 300w\" sizes=\"auto, (max-width: 720px) 100vw, 720px\" \/><figcaption class=\"wp-element-caption\">M\u00e1quina de molino de grano de ma\u00edz<\/figcaption><\/figure> <\/figure>    <p class=\"translation-block\">Las m\u00e1quinas molturadoras de grano de ma\u00edz son la piedra angular de la eficiencia y la precisi\u00f3n en el procesamiento de granos, ofreciendo una fiabilidad y un rendimiento inigualables. Con su construcci\u00f3n robusta y tecnolog\u00eda avanzada, estas m\u00e1quinas garantizan operaciones \u00f3ptimas de molienda de granos para diversas aplicaciones. <\/p>    <p>Invertir en un molino de grano de ma\u00edz no solo garantiza productos finales de calidad superior, sino que tambi\u00e9n maximiza la productividad y minimiza los costos operativos. <\/p>    <p>No pierda la oportunidad de mejorar sus capacidades de procesamiento de granos y optimizar sus operaciones. Cont\u00e1ctenos ahora para consultas y d\u00e9 el primer paso para mejorar el \u00e9xito y la rentabilidad de su negocio.<\/p>","protected":false},"excerpt":{"rendered":"<p>Un molino de granos de ma\u00edz es una m\u00e1quina que se utiliza para moler granos hasta convertirlos en polvo. El ma\u00edz es una materia prima frecuentemente procesada, <\/p>","protected":false},"author":1,"featured_media":238,"parent":0,"template":"","tags":[23,31],"product-type":[5],"class_list":["post-235","product","type-product","status-publish","has-post-thumbnail","hentry","tag-corn-grain-mill-machine","tag-corn-milling-machine","product-type-maize-grits-milling-machine"],"_links":{"self":[{"href":"https:\/\/corn-machines.com\/es\/wp-json\/wp\/v2\/product\/235","targetHints":{"allow":["GET"]}}],"collection":[{"href":"https:\/\/corn-machines.com\/es\/wp-json\/wp\/v2\/product"}],"about":[{"href":"https:\/\/corn-machines.com\/es\/wp-json\/wp\/v2\/types\/product"}],"author":[{"embeddable":true,"href":"https:\/\/corn-machines.com\/es\/wp-json\/wp\/v2\/users\/1"}],"wp:featuredmedia":[{"embeddable":true,"href":"https:\/\/corn-machines.com\/es\/wp-json\/wp\/v2\/media\/238"}],"wp:attachment":[{"href":"https:\/\/corn-machines.com\/es\/wp-json\/wp\/v2\/media?parent=235"}],"wp:term":[{"taxonomy":"post_tag","embeddable":true,"href":"https:\/\/corn-machines.com\/es\/wp-json\/wp\/v2\/tags?post=235"},{"taxonomy":"product-type","embeddable":true,"href":"https:\/\/corn-machines.com\/es\/wp-json\/wp\/v2\/product-type?post=235"}],"curies":[{"name":"wp","href":"https:\/\/api.w.org\/{rel}","templated":true}]}}