{"id":201,"date":"2022-09-09T02:21:54","date_gmt":"2022-09-09T02:21:54","guid":{"rendered":"https:\/\/corn-machines.com\/?post_type=product&#038;p=201"},"modified":"2024-02-22T17:56:10","modified_gmt":"2024-02-22T09:56:10","slug":"corn-shelling-machine","status":"publish","type":"product","link":"https:\/\/corn-machines.com\/es\/product\/corn-shelling-machine\/","title":{"rendered":"Desgranadora de ma\u00edz | Trilladora de ma\u00edz"},"content":{"rendered":"<p>Una m\u00e1quina desgranadora de ma\u00edz es una m\u00e1quina para trillar mazorcas de ma\u00edz despu\u00e9s de pelarlas y secarlas. Esta trilladora de ma\u00edz puede separar el ma\u00edz trillado y la mazorca, recoger las impurezas durante la trilla del ma\u00edz con el ventilador trasero y tiene la funci\u00f3n de limpieza del ma\u00edz. <\/p>    <p class=\"translation-block\">La <a href=\"https:\/\/en.wikipedia.org\/wiki\/Maize\" data-type=\"URL\" data-id=\"https:\/\/en.wikipedia.org\/wiki\/Maize\" target=\"_blank\" rel=\"noopener\">trilladora de ma\u00edz<\/a> est\u00e1 equipada con una larga cinta transportadora para la elevaci\u00f3n del ma\u00edz, lo que ahorra m\u00e1s esfuerzo al usarla, y la tasa de trillado del ma\u00edz alcanza el 99%.<\/p>    <figure class=\"wp-block-embed is-type-video is-provider-youtube wp-block-embed-youtube wp-embed-aspect-16-9 wp-has-aspect-ratio\"><div class=\"wp-block-embed__wrapper\"> <iframe loading=\"lazy\" title=\"Trucos para la cosecha: c\u00f3mo aprovechar al m\u00e1ximo su m\u00e1quina trilladora de ma\u00edz #corn #maize #thresher\" width=\"500\" height=\"281\" src=\"https:\/\/www.youtube.com\/embed\/PnBgVXWX2cU?feature=oembed\" frameborder=\"0\" allow=\"accelerometer; autoplay; clipboard-write; encrypted-media; gyroscope; picture-in-picture; web-share\" referrerpolicy=\"strict-origin-when-cross-origin\" allowfullscreen><\/iframe> <\/div><figcaption class=\"wp-element-caption\">V\u00eddeo de funcionamiento de la m\u00e1quina desgranadora de ma\u00edz.<\/figcaption><\/figure>    <h2 class=\"wp-block-heading\" id=\"h-raw-materials-for-corn-shelling-machine\">Materias primas para la m\u00e1quina desgranadora de ma\u00edz.<\/h2>    <p class=\"translation-block\">La trilladora de ma\u00edz procesa el ma\u00edz despu\u00e9s de pelarlo y secarlo. Si desea pelar ma\u00edz, nuestra empresa tambi\u00e9n tiene una peladora de ma\u00edz y tambi\u00e9n una <a href=\"https:\/\/corn-machines.com\/es\/product\/corn-peeling-and-threshing-machine\/\" data-type=\"URL\" data-id=\"https:\/\/corn-machines.com\/product\/corn-peeling-and-threshing-machine\/\">peladora y trilladora de ma\u00edz de peque\u00f1a producci\u00f3n<\/a>. <\/p>    <p class=\"translation-block\">Cuanto menor sea el contenido de humedad del ma\u00edz, mejor ser\u00e1 el efecto de la trilla del ma\u00edz, por lo que es necesario secarlo completamente al sol antes de la trilla del ma\u00edz. Diferentes estados del ma\u00edz utilizan diferentes trilladoras de ma\u00edz. Por ejemplo, las trilladoras de ma\u00edz fresco requieren el uso de <a href=\"https:\/\/corn-machines.com\/es\/product\/fresh-corn-thresher-sweet-corn-sheller\/\" data-type=\"URL\" data-id=\"https:\/\/corn-machines.com\/product\/fresh-corn-thresher-sweet-corn-sheller\/\">trilladoras de ma\u00edz fresco profesionales<\/a>.<\/p>    <figure class=\"wp-block-image size-full\"><img loading=\"lazy\" decoding=\"async\" width=\"720\" height=\"540\" src=\"https:\/\/corn-machines.com\/wp-content\/uploads\/2022\/09\/corn-thresher-raw-material.webp\" alt=\"Materia prima de la trilladora de ma\u00edz.\" class=\"wp-image-216\" srcset=\"https:\/\/corn-machines.com\/wp-content\/uploads\/2022\/09\/corn-thresher-raw-material.webp 720w, https:\/\/corn-machines.com\/wp-content\/uploads\/2022\/09\/corn-thresher-raw-material-300x225.webp 300w\" sizes=\"auto, (max-width: 720px) 100vw, 720px\" \/><figcaption class=\"wp-element-caption\">Materia prima de la trilladora de ma\u00edz.<\/figcaption><\/figure>    <h2 class=\"wp-block-heading\" id=\"h-how-does-the-corn-shelling-machine-work\">\u00bfC\u00f3mo funciona la desgranadora de ma\u00edz?<\/h2>    <div class=\"wp-block-media-text alignwide is-stacked-on-mobile\"><figure class=\"wp-block-media-text__media\"><img loading=\"lazy\" decoding=\"async\" width=\"720\" height=\"540\" src=\"https:\/\/corn-machines.com\/wp-content\/uploads\/2022\/09\/Corn-shelling-machine-1.jpg\" alt=\"Desgranadora de ma\u00edz\" class=\"wp-image-217 size-full\" srcset=\"https:\/\/corn-machines.com\/wp-content\/uploads\/2022\/09\/Corn-shelling-machine-1.jpg 720w, https:\/\/corn-machines.com\/wp-content\/uploads\/2022\/09\/Corn-shelling-machine-1-300x225.jpg 300w\" sizes=\"auto, (max-width: 720px) 100vw, 720px\" \/><\/figure><div class=\"wp-block-media-text__content\"> <p>El usuario coloca el ma\u00edz en el transportador de alimentaci\u00f3n autom\u00e1tico.<\/p> <\/div><\/div>    <div class=\"wp-block-media-text alignwide has-media-on-the-right is-stacked-on-mobile\"><div class=\"wp-block-media-text__content\"> <p>Luego el ma\u00edz es transportado a la c\u00e1mara de trilla.<\/p> <\/div><figure class=\"wp-block-media-text__media\"><img loading=\"lazy\" decoding=\"async\" width=\"720\" height=\"540\" src=\"https:\/\/corn-machines.com\/wp-content\/uploads\/2022\/09\/Corn-shelling-machine-2.jpg\" alt=\"Desgranadora de ma\u00edz\" class=\"wp-image-218 size-full\" srcset=\"https:\/\/corn-machines.com\/wp-content\/uploads\/2022\/09\/Corn-shelling-machine-2.jpg 720w, https:\/\/corn-machines.com\/wp-content\/uploads\/2022\/09\/Corn-shelling-machine-2-300x225.jpg 300w\" sizes=\"auto, (max-width: 720px) 100vw, 720px\" \/><\/figure><\/div>    <div class=\"wp-block-media-text alignwide is-stacked-on-mobile\"><figure class=\"wp-block-media-text__media\"><img loading=\"lazy\" decoding=\"async\" width=\"720\" height=\"540\" src=\"https:\/\/corn-machines.com\/wp-content\/uploads\/2022\/09\/Corn-shelling-machine-3.jpg\" alt=\"Desgranadora de ma\u00edz\" class=\"wp-image-219 size-full\" srcset=\"https:\/\/corn-machines.com\/wp-content\/uploads\/2022\/09\/Corn-shelling-machine-3.jpg 720w, https:\/\/corn-machines.com\/wp-content\/uploads\/2022\/09\/Corn-shelling-machine-3-300x225.jpg 300w\" sizes=\"auto, (max-width: 720px) 100vw, 720px\" \/><\/figure><div class=\"wp-block-media-text__content\"> <p>Despu\u00e9s de que las semillas de ma\u00edz y una peque\u00f1a cantidad de impurezas se separan mediante trilla en tambor, ingresan al mezclador desde la placa c\u00f3ncava y luego ingresan al tamiz desde el elevador.<\/p> <\/div><\/div>    <div class=\"wp-block-media-text alignwide has-media-on-the-right is-stacked-on-mobile\"><div class=\"wp-block-media-text__content\"> <p> Las impurezas m\u00e1s peque\u00f1as que el ma\u00edz se caer\u00e1n del tamiz y las semillas de ma\u00edz y otras impurezas m\u00e1s grandes se mover\u00e1n con el tamiz hacia la salida.<\/p> <\/div><figure class=\"wp-block-media-text__media\"><img loading=\"lazy\" decoding=\"async\" width=\"720\" height=\"540\" src=\"https:\/\/corn-machines.com\/wp-content\/uploads\/2022\/09\/Corn-shelling-machine-4.jpg\" alt=\"Desgranadora de ma\u00edz\" class=\"wp-image-220 size-full\" srcset=\"https:\/\/corn-machines.com\/wp-content\/uploads\/2022\/09\/Corn-shelling-machine-4.jpg 720w, https:\/\/corn-machines.com\/wp-content\/uploads\/2022\/09\/Corn-shelling-machine-4-300x225.jpg 300w\" sizes=\"auto, (max-width: 720px) 100vw, 720px\" \/><\/figure><\/div>    <div class=\"wp-block-media-text alignwide is-stacked-on-mobile\"><figure class=\"wp-block-media-text__media\"><img loading=\"lazy\" decoding=\"async\" width=\"720\" height=\"540\" src=\"https:\/\/corn-machines.com\/wp-content\/uploads\/2022\/09\/Corn-shelling-machine-5.jpg\" alt=\"Desgranadora de ma\u00edz\" class=\"wp-image-221 size-full\" srcset=\"https:\/\/corn-machines.com\/wp-content\/uploads\/2022\/09\/Corn-shelling-machine-5.jpg 720w, https:\/\/corn-machines.com\/wp-content\/uploads\/2022\/09\/Corn-shelling-machine-5-300x225.jpg 300w\" sizes=\"auto, (max-width: 720px) 100vw, 720px\" \/><\/figure><div class=\"wp-block-media-text__content\"> <p>Despu\u00e9s de unos segundos, el absorbente elimina las peque\u00f1as impurezas y las semillas de ma\u00edz entran en la bolsa desde el tamiz.<\/p> <\/div><\/div>    <h2 class=\"wp-block-heading\" id=\"h-parameters-of-corn-thresher\">Par\u00e1metros de la trilladora de ma\u00edz.<\/h2>    <figure class=\"wp-block-table\"><table><tbody><tr><td>Modo<\/td><td>TY-80A<\/td><td>TY-80B<\/td><td>TY-80C<\/td><td>TY-80D<\/td><\/tr><tr><td>Fuerza<\/td><td>Motor di\u00e9sel de 15HP o motor de 7,5 KW<\/td><td>Motor di\u00e9sel de 15HP o motor de 7,5 KW<\/td><td>Motor di\u00e9sel de 15HP o motor de 7,5 KW<\/td><td>Motor di\u00e9sel de 15HP o motor de 7,5 KW<\/td><\/tr><tr><td>Capacidad<\/td><td>4t\/h (Semillas de ma\u00edz)<\/td><td>5t\/h (Semillas de ma\u00edz)<\/td><td>5t\/h (Semillas de ma\u00edz)<\/td><td>6t\/h (Semillas de ma\u00edz)<\/td><\/tr><tr><td>Tasa de trilla<\/td><td>\u226599,5%<\/td><td>&nbsp;\u226599,5%<\/td><td>\u226599,5%<\/td><td>\u226599,5%<\/td><\/tr><tr><td>Tasa de p\u00e9rdida<\/td><td>\u22642.0%<\/td><td>\u22642.0%<\/td><td>\u22642.0%<\/td><td>\u22642.0%<\/td><\/tr><tr><td>Tasa de rotura<\/td><td>\u22641.5%<\/td><td>\u22641.5%<\/td><td>\u22641.5%<\/td><td>\u22641.5%<\/td><\/tr><tr><td>Tasa de impureza<\/td><td>\u22641.0%<\/td><td>\u22641.0%<\/td><td>\u22641.0%<\/td><td>\u22641.0%<\/td><\/tr><tr><td>Peso<\/td><td>200 kilos<\/td><td>230 kilos<\/td><td>320 kilos<\/td><td>350 kilos<\/td><\/tr><tr><td>Tama\u00f1o<\/td><td>2360*1360*1480\u00a0mil\u00edmetro<\/td><td>2360*1360*2000\u00a0mil\u00edmetro<\/td><td>3860*1360*1480\u00a0mil\u00edmetro<\/td><td>3860*1360*2480 mil\u00edmetros<\/td><\/tr><\/tbody><\/table><figcaption class=\"wp-element-caption\">Par\u00e1metros de la m\u00e1quina desgranadora de ma\u00edz.<\/figcaption><\/figure>    <h2 class=\"wp-block-heading\" id=\"h-how-to-deal-with-corn-after-threshing\">C\u00f3mo lidiar con el ma\u00edz despu\u00e9s de la trilla.<\/h2>    <figure class=\"wp-block-image size-full\"><img loading=\"lazy\" decoding=\"async\" width=\"720\" height=\"540\" src=\"https:\/\/corn-machines.com\/wp-content\/uploads\/2022\/09\/after-threshing.webp\" alt=\"Productos finales de la m\u00e1quina descascaradora de ma\u00edz.\" class=\"wp-image-210\" srcset=\"https:\/\/corn-machines.com\/wp-content\/uploads\/2022\/09\/after-threshing.webp 720w, https:\/\/corn-machines.com\/wp-content\/uploads\/2022\/09\/after-threshing-300x225.webp 300w\" sizes=\"auto, (max-width: 720px) 100vw, 720px\" \/><figcaption class=\"wp-element-caption\">Productos finales de la m\u00e1quina descascaradora de ma\u00edz.<\/figcaption><\/figure>    <p>\u00bfC\u00f3mo almacenar y manipular el ma\u00edz despu\u00e9s de la trilla? <\/p>    <p>Si todav\u00eda queda algo de humedad en los granos de ma\u00edz, el ma\u00edz trillado se puede extender directamente para que se seque en un lugar limpio. <\/p>    <p>Adem\u00e1s, despu\u00e9s de trillar el ma\u00edz, se puede conectar una bolsa a la salida del ma\u00edz y los granos de ma\u00edz se pueden colocar directamente en la bolsa In. <\/p>    <p>Adem\u00e1s, los granos de ma\u00edz tambi\u00e9n se pueden descargar en el cami\u00f3n recolector y el ma\u00edz se puede transportar directamente para la venta. Las impurezas son expulsadas por el ventilador y pueden recogerse mediante correas.<\/p>    <h2 class=\"wp-block-heading\">Video de la m\u00e1quina desgranadora de ma\u00edz. <\/h2>    <figure class=\"wp-block-embed is-type-video is-provider-youtube wp-block-embed-youtube wp-embed-aspect-16-9 wp-has-aspect-ratio\"><div class=\"wp-block-embed__wrapper\"> <iframe loading=\"lazy\" title=\"\u00bfQu\u00e9 es una m\u00e1quina trilladora de ma\u00edz? | venta de m\u00e1quina desgranadora de ma\u00edz | trilladora de ma\u00edz #corn\" width=\"500\" height=\"281\" src=\"https:\/\/www.youtube.com\/embed\/lv_pv2risy8?feature=oembed\" frameborder=\"0\" allow=\"accelerometer; autoplay; clipboard-write; encrypted-media; gyroscope; picture-in-picture; web-share\" referrerpolicy=\"strict-origin-when-cross-origin\" allowfullscreen><\/iframe> <\/div><figcaption class=\"wp-element-caption\">\u00bfC\u00f3mo funciona la desgranadora de ma\u00edz?<\/figcaption><\/figure>    <h2 class=\"wp-block-heading\" id=\"h-advantages-of-using-corn-shelling-machine\">Ventajas de utilizar la m\u00e1quina desgranadora de ma\u00edz:<\/h2>    <p>&nbsp;1. Funciones completas, tama\u00f1o peque\u00f1o, peso ligero, libre de polvo, protecci\u00f3n del medio ambiente, ahorro de energ\u00eda, alta tasa de eliminaci\u00f3n, baja tasa de rotura, seguro y confiable, f\u00e1cil de mover, simple de operar y larga vida \u00fatil.<\/p>    <p>&nbsp;2. Utilizando tecnolog\u00eda de eliminaci\u00f3n de polvo por presi\u00f3n negativa y trilla cerrada, el polvo y los desechos generados en el proceso de trilla y cribado del ma\u00edz se pueden descargar a trav\u00e9s del puerto de eliminaci\u00f3n de polvo y la bolsa para polvo general. De esta forma, se mejora el clima laboral y se garantiza la salud de los trabajadores.<\/p>    <p>3. Mejorar razonablemente la estructura del tambor de la m\u00e1quina desgranadora de ma\u00edz no solo mejora la eficiencia de producci\u00f3n sino que tambi\u00e9n es adecuado para cosechadoras de ma\u00edz con una gran cantidad de humedad y un poco de c\u00e1scara de ma\u00edz.<\/p>    <p>4. El tamiz de descarga de materias extra\u00f1as colocado en la parte inferior del canal transportador de la m\u00e1quina desgranadora de ma\u00edz puede separar y descargar materias extra\u00f1as como hielo, nieve, arena y otras materias extra\u00f1as transportadas por el ma\u00edz trillado antes de ingresar a la c\u00e1mara de separaci\u00f3n, de esta manera reduciendo el contenido de impurezas en el grano.<\/p>    <figure class=\"wp-block-gallery has-nested-images columns-default is-cropped wp-block-gallery-2 is-layout-flex wp-block-gallery-is-layout-flex\"> <figure class=\"wp-block-image size-large\"><img loading=\"lazy\" decoding=\"async\" width=\"720\" height=\"540\" data-id=\"224\" src=\"https:\/\/corn-machines.com\/wp-content\/uploads\/2022\/09\/maize-threshing-machine-1.jpg\" alt=\"trilladora de maiz\" class=\"wp-image-224\" srcset=\"https:\/\/corn-machines.com\/wp-content\/uploads\/2022\/09\/maize-threshing-machine-1.jpg 720w, https:\/\/corn-machines.com\/wp-content\/uploads\/2022\/09\/maize-threshing-machine-1-300x225.jpg 300w\" sizes=\"auto, (max-width: 720px) 100vw, 720px\" \/><figcaption class=\"wp-element-caption\">trilladora de maiz<\/figcaption><\/figure>    <figure class=\"wp-block-image size-large\"><img loading=\"lazy\" decoding=\"async\" width=\"720\" height=\"540\" data-id=\"225\" src=\"https:\/\/corn-machines.com\/wp-content\/uploads\/2022\/09\/maize-threshing-machine-2.jpg\" alt=\"trilladora de maiz\" class=\"wp-image-225\" srcset=\"https:\/\/corn-machines.com\/wp-content\/uploads\/2022\/09\/maize-threshing-machine-2.jpg 720w, https:\/\/corn-machines.com\/wp-content\/uploads\/2022\/09\/maize-threshing-machine-2-300x225.jpg 300w\" sizes=\"auto, (max-width: 720px) 100vw, 720px\" \/><figcaption class=\"wp-element-caption\">trilladora de maiz<\/figcaption><\/figure>    <figure class=\"wp-block-image size-large\"><img loading=\"lazy\" decoding=\"async\" width=\"720\" height=\"540\" data-id=\"226\" src=\"https:\/\/corn-machines.com\/wp-content\/uploads\/2022\/09\/maize-threshing-machine-3.jpg\" alt=\"trilladora de maiz\" class=\"wp-image-226\" srcset=\"https:\/\/corn-machines.com\/wp-content\/uploads\/2022\/09\/maize-threshing-machine-3.jpg 720w, https:\/\/corn-machines.com\/wp-content\/uploads\/2022\/09\/maize-threshing-machine-3-300x225.jpg 300w\" sizes=\"auto, (max-width: 720px) 100vw, 720px\" \/><figcaption class=\"wp-element-caption\">trilladora de maiz<\/figcaption><\/figure>    <figure class=\"wp-block-image size-large\"><img loading=\"lazy\" decoding=\"async\" width=\"720\" height=\"540\" data-id=\"223\" src=\"https:\/\/corn-machines.com\/wp-content\/uploads\/2022\/09\/maize-threshing-machine-shipping.jpg\" alt=\"env\u00edo de la m\u00e1quina trilladora de ma\u00edz\" class=\"wp-image-223\" srcset=\"https:\/\/corn-machines.com\/wp-content\/uploads\/2022\/09\/maize-threshing-machine-shipping.jpg 720w, https:\/\/corn-machines.com\/wp-content\/uploads\/2022\/09\/maize-threshing-machine-shipping-300x225.jpg 300w\" sizes=\"auto, (max-width: 720px) 100vw, 720px\" \/><figcaption class=\"wp-element-caption\">env\u00edo de la m\u00e1quina trilladora de ma\u00edz<\/figcaption><\/figure> <\/figure>    <p>5. El uso de cribas de clasificaci\u00f3n y estructuras de eliminaci\u00f3n de polvo con separadores de aire de presi\u00f3n negativa puede separar c\u00e1scaras rotas, granos rotos y art\u00edculos diversos, y mejorar la limpieza de los granos.<\/p>    <p>6. Se adopta la estructura de elevaci\u00f3n de granos y los granos se pueden cargar directamente en el cami\u00f3n y embolsarlos.<\/p>    <h2 class=\"wp-block-heading\">Preguntas frecuentes sobre la m\u00e1quina descascaradora de ma\u00edz<\/h2>   <div id=\"rank-math-faq\" class=\"rank-math-block\"> <div class=\"rank-math-list\"> <div id=\"faq-question-1708592474166\" class=\"rank-math-list-item\"> <h3 class=\"rank-math-question\">1. <strong>\u00bfCu\u00e1l es la eficiencia de producci\u00f3n de la m\u00e1quina?<\/strong><\/h3> <div class=\"rank-math-answer\">  <p>La eficiencia de producci\u00f3n de la m\u00e1quina depende de varios factores, como el modelo, la configuraci\u00f3n y las condiciones de funcionamiento. Generalmente, tiene una alta tasa de eficiencia en la trilla de granos de ma\u00edz.<\/p>  <\/div> <\/div> <div id=\"faq-question-1708593423287\" class=\"rank-math-list-item\"> <h3 class=\"rank-math-question\">2. <strong>\u00bfCu\u00e1nto mantenimiento requiere esta m\u00e1quina?<\/strong><\/h3> <div class=\"rank-math-answer\">  <p>La m\u00e1quina requiere limpieza y lubricaci\u00f3n peri\u00f3dicas para garantizar un rendimiento \u00f3ptimo. Adem\u00e1s, se recomiendan inspecciones peri\u00f3dicas y mantenimiento de los componentes para evitar problemas y prolongar la vida \u00fatil de la m\u00e1quina.<\/p>  <\/div> <\/div> <div id=\"faq-question-1708593424162\" class=\"rank-math-list-item\"> <h3 class=\"rank-math-question\">3. <strong>\u00bfCu\u00e1l es la vida \u00fatil esperada de la m\u00e1quina?<\/strong><\/h3> <div class=\"rank-math-answer\">  <p>La vida \u00fatil de la m\u00e1quina puede variar seg\u00fan el uso, el mantenimiento y otros factores. Con el cuidado y mantenimiento adecuados, puede durar muchos a\u00f1os de funcionamiento continuo.<\/p>  <\/div> <\/div> <div id=\"faq-question-1708593513512\" class=\"rank-math-list-item\"> <h3 class=\"rank-math-question\">4. <strong>\u00bfLa m\u00e1quina viene con garant\u00eda?<\/strong><\/h3> <div class=\"rank-math-answer\">  <p>S\u00ed, la m\u00e1quina suele venir con garant\u00eda que cubre defectos de fabricaci\u00f3n y mal funcionamiento. <\/p>  <\/div> <\/div> <div id=\"faq-question-1708593514257\" class=\"rank-math-list-item\"> <h3 class=\"rank-math-question\">5. <strong>\u00bfCu\u00e1l es el precio de la m\u00e1quina?<\/strong><\/h3> <div class=\"rank-math-answer\">  <p>El precio de la m\u00e1quina var\u00eda dependiendo de factores como modelo, capacidad, caracter\u00edsticas y proveedor. Es recomendable solicitarnos una cotizaci\u00f3n para obtener informaci\u00f3n precisa sobre los precios.<\/p>  <\/div> <\/div> <\/div> <\/div>   <figure class=\"wp-block-gallery has-nested-images columns-default is-cropped wp-block-gallery-3 is-layout-flex wp-block-gallery-is-layout-flex\"> <figure class=\"wp-block-image size-large\"><img loading=\"lazy\" decoding=\"async\" width=\"720\" height=\"540\" data-id=\"211\" src=\"https:\/\/corn-machines.com\/wp-content\/uploads\/2022\/09\/maize-threshing-machine.jpg\" alt=\"trilladora de maiz\" class=\"wp-image-211\" srcset=\"https:\/\/corn-machines.com\/wp-content\/uploads\/2022\/09\/maize-threshing-machine.jpg 720w, https:\/\/corn-machines.com\/wp-content\/uploads\/2022\/09\/maize-threshing-machine-300x225.jpg 300w\" sizes=\"auto, (max-width: 720px) 100vw, 720px\" \/><figcaption class=\"wp-element-caption\">trilladora de maiz<\/figcaption><\/figure>    <figure class=\"wp-block-image size-large\"><img loading=\"lazy\" decoding=\"async\" width=\"720\" height=\"540\" data-id=\"212\" src=\"https:\/\/corn-machines.com\/wp-content\/uploads\/2022\/09\/maize-threshing.jpg\" alt=\"trilla de maiz\" class=\"wp-image-212\" srcset=\"https:\/\/corn-machines.com\/wp-content\/uploads\/2022\/09\/maize-threshing.jpg 720w, https:\/\/corn-machines.com\/wp-content\/uploads\/2022\/09\/maize-threshing-300x225.jpg 300w\" sizes=\"auto, (max-width: 720px) 100vw, 720px\" \/><figcaption class=\"wp-element-caption\">trilla de maiz<\/figcaption><\/figure> <\/figure>    <h2 class=\"wp-block-heading\">Cont\u00e1ctenos<\/h2>    <p><br>En conclusi\u00f3n, nuestra m\u00e1quina desgranadora de ma\u00edz personifica la innovaci\u00f3n y los avances en el \u00e1mbito agr\u00edcola. Nuestro objetivo es fabricar equipos que no s\u00f3lo sean eficientes y confiables, sino que tambi\u00e9n destaquen por su creatividad. <\/p>    <p>Con un equipo dedicado y un compromiso con la excelencia, nos esforzamos por ser su socio preferido en el procesamiento de ma\u00edz. Elegir nuestra desgranadora de ma\u00edz no se trata s\u00f3lo de adquirir un equipo; est\u00e1 adoptando un s\u00edmbolo de creatividad e innovaci\u00f3n.<\/p>    <figure class=\"wp-block-image size-full\"><img loading=\"lazy\" decoding=\"async\" width=\"720\" height=\"540\" src=\"https:\/\/corn-machines.com\/wp-content\/uploads\/2022\/09\/maize-threshing-machine-3.jpg\" alt=\"trilladora de maiz\" class=\"wp-image-226\" srcset=\"https:\/\/corn-machines.com\/wp-content\/uploads\/2022\/09\/maize-threshing-machine-3.jpg 720w, https:\/\/corn-machines.com\/wp-content\/uploads\/2022\/09\/maize-threshing-machine-3-300x225.jpg 300w\" sizes=\"auto, (max-width: 720px) 100vw, 720px\" \/><figcaption class=\"wp-element-caption\">trilladora de maiz<\/figcaption><\/figure>","protected":false},"excerpt":{"rendered":"<p>Una m\u00e1quina desgranadora de ma\u00edz es una m\u00e1quina para trillar mazorcas de ma\u00edz despu\u00e9s de pelarlas y secarlas. y la tasa de trilla de ma\u00edz alcanza 99%.<\/p>","protected":false},"author":1,"featured_media":209,"parent":0,"template":"","tags":[22,33],"product-type":[4],"class_list":["post-201","product","type-product","status-publish","has-post-thumbnail","hentry","tag-corn-shelling-machine","tag-corn-threshing-machine","product-type-corn-thresher-machine"],"_links":{"self":[{"href":"https:\/\/corn-machines.com\/es\/wp-json\/wp\/v2\/product\/201","targetHints":{"allow":["GET"]}}],"collection":[{"href":"https:\/\/corn-machines.com\/es\/wp-json\/wp\/v2\/product"}],"about":[{"href":"https:\/\/corn-machines.com\/es\/wp-json\/wp\/v2\/types\/product"}],"author":[{"embeddable":true,"href":"https:\/\/corn-machines.com\/es\/wp-json\/wp\/v2\/users\/1"}],"wp:featuredmedia":[{"embeddable":true,"href":"https:\/\/corn-machines.com\/es\/wp-json\/wp\/v2\/media\/209"}],"wp:attachment":[{"href":"https:\/\/corn-machines.com\/es\/wp-json\/wp\/v2\/media?parent=201"}],"wp:term":[{"taxonomy":"post_tag","embeddable":true,"href":"https:\/\/corn-machines.com\/es\/wp-json\/wp\/v2\/tags?post=201"},{"taxonomy":"product-type","embeddable":true,"href":"https:\/\/corn-machines.com\/es\/wp-json\/wp\/v2\/product-type?post=201"}],"curies":[{"name":"wp","href":"https:\/\/api.w.org\/{rel}","templated":true}]}}