{"id":1577,"date":"2026-04-22T13:56:22","date_gmt":"2026-04-22T05:56:22","guid":{"rendered":"https:\/\/corn-machines.com\/?post_type=product&#038;p=1577"},"modified":"2026-04-22T16:27:39","modified_gmt":"2026-04-22T08:27:39","slug":"corn-sheller-machine","status":"publish","type":"product","link":"https:\/\/corn-machines.com\/es\/product\/corn-sheller-machine\/","title":{"rendered":"M\u00e1quina descascaradora de ma\u00edz"},"content":{"rendered":"<p class=\"translation-block\">La 5TYM-850 <strong>m\u00e1quina de cernedora de ma\u00edz<\/strong> est\u00e1 dise\u00f1ada espec\u00edficamente para trillar ma\u00edz. Integra funciones de trilla, limpieza y separaci\u00f3n en una sola unidad, y ofrece una capacidad de procesamiento estable de 4 a 6 toneladas por hora.<\/p>    <p>Nuestra trilladora de ma\u00edz es f\u00e1cil de mover y sencilla de operar. Ofrece una alta eficiencia de trilla (\u226598%) con una baja tasa de rotura de grano (\u22641.5%), siendo una opci\u00f3n ideal para granjas de tama\u00f1o medio. Si est\u00e1 interesado en esta m\u00e1quina de cernir ma\u00edz, no dude en contactarnos para m\u00e1s detalles.<\/p>    <figure class=\"wp-block-embed is-type-video is-provider-youtube wp-block-embed-youtube wp-embed-aspect-16-9 wp-has-aspect-ratio\"><div class=\"wp-block-embed__wrapper\"> <iframe loading=\"lazy\" title=\"Corn Thresher with a Capacity of 4,000\u20136,000 kg\/h and a Threshing Rate of 98%|Maize shelling machine\" width=\"500\" height=\"281\" src=\"https:\/\/www.youtube.com\/embed\/WC7KwwI5Oeg?feature=oembed\" frameborder=\"0\" allow=\"accelerometer; autoplay; clipboard-write; encrypted-media; gyroscope; picture-in-picture; web-share\" referrerpolicy=\"strict-origin-when-cross-origin\" allowfullscreen><\/iframe> <\/div><figcaption class=\"wp-element-caption\">work video of corn threshing machine<\/figcaption><\/figure>    <h2 class=\"wp-block-heading\"><strong>Ventajas principales y aspectos destacados del rendimiento.<\/strong><\/h2>    <ol class=\"wp-block-list\"> <li><strong>Alta eficiencia en la trilla.<\/strong>: La m\u00e1quina de trillar ma\u00edz tiene una capacidad de procesamiento de 4\u20136 toneladas por hora, ideal para grandes productores o instalaciones de procesamiento de granos.<\/li>    <li><strong>Salida limpia.<\/strong>: Nuestra trilladora de ma\u00edz est\u00e1 equipada con un sistema de soplador a gran escala que elimina las c\u00e1scaras y la paja, reduciendo as\u00ed los costos de limpieza y clasificaci\u00f3n posteriores.<\/li>    <li>H<strong>Alta integridad de la mazorca.<\/strong>: El proceso de trilla minimiza da\u00f1os a las mazorcas de ma\u00edz, permitiendo su uso como combustible, alimento para animales o para procesamiento adicional.<\/li>    <li><strong>Movilidad flexible<\/strong>: La m\u00e1quina de cernir ma\u00edz Taizy ofrece una configuraci\u00f3n opcional con neum\u00e1ticos grandes y barra de remolque, permitiendo un f\u00e1cil desplazamiento tanto en campos como en carreteras.<\/li>    <li><strong>Opciones de doble potencia.<\/strong>: Esta m\u00e1quina de trillar ma\u00edz soporta dos fuentes de energ\u00eda\u2014motores el\u00e9ctricos y motores di\u00e9sel, lo que la hace adecuada para \u00e1reas sin acceso a electricidad o en entornos de trabajo al aire libre.<\/li> <\/ol>    <figure class=\"wp-block-gallery has-nested-images columns-default is-cropped wp-block-gallery-2 is-layout-flex wp-block-gallery-is-layout-flex\"> <figure class=\"wp-block-image size-large\"><img loading=\"lazy\" decoding=\"async\" width=\"540\" height=\"720\" data-id=\"1579\" src=\"https:\/\/corn-machines.com\/wp-content\/uploads\/2026\/04\/maize-shelling-machine.webp\" alt=\"maquina descascaradora de maiz\" class=\"wp-image-1579\" srcset=\"https:\/\/corn-machines.com\/wp-content\/uploads\/2026\/04\/maize-shelling-machine.webp 540w, https:\/\/corn-machines.com\/wp-content\/uploads\/2026\/04\/maize-shelling-machine-225x300.webp 225w, https:\/\/corn-machines.com\/wp-content\/uploads\/2026\/04\/maize-shelling-machine-9x12.webp 9w\" sizes=\"auto, (max-width: 540px) 100vw, 540px\" \/><figcaption class=\"wp-element-caption\">maquina descascaradora de maiz<\/figcaption><\/figure>    <figure class=\"wp-block-image size-large\"><img loading=\"lazy\" decoding=\"async\" width=\"540\" height=\"720\" data-id=\"1580\" src=\"https:\/\/corn-machines.com\/wp-content\/uploads\/2026\/04\/maize-thresher-machine.webp\" alt=\"trilladora de ma\u00edz\" class=\"wp-image-1580\" srcset=\"https:\/\/corn-machines.com\/wp-content\/uploads\/2026\/04\/maize-thresher-machine.webp 540w, https:\/\/corn-machines.com\/wp-content\/uploads\/2026\/04\/maize-thresher-machine-225x300.webp 225w, https:\/\/corn-machines.com\/wp-content\/uploads\/2026\/04\/maize-thresher-machine-9x12.webp 9w\" sizes=\"auto, (max-width: 540px) 100vw, 540px\" \/><\/figure>    <figure class=\"wp-block-image size-large\"><img loading=\"lazy\" decoding=\"async\" width=\"540\" height=\"720\" data-id=\"1581\" src=\"https:\/\/corn-machines.com\/wp-content\/uploads\/2026\/04\/corn-sheller.webp\" alt=\"desgranadora de ma\u00edz\" class=\"wp-image-1581\" srcset=\"https:\/\/corn-machines.com\/wp-content\/uploads\/2026\/04\/corn-sheller.webp 540w, https:\/\/corn-machines.com\/wp-content\/uploads\/2026\/04\/corn-sheller-225x300.webp 225w, https:\/\/corn-machines.com\/wp-content\/uploads\/2026\/04\/corn-sheller-9x12.webp 9w\" sizes=\"auto, (max-width: 540px) 100vw, 540px\" \/><figcaption class=\"wp-element-caption\">desgranadora de ma\u00edz<\/figcaption><\/figure> <\/figure>    <h2 class=\"wp-block-heading\"><strong>Fechas clave de la m\u00e1quina de trillar ma\u00edz.<\/strong><\/h2>    <figure class=\"wp-block-table\"><table class=\"has-fixed-layout\"><thead><tr><th>Art\u00edculo<\/th><th>Especificaci\u00f3n<\/th><\/tr><\/thead><tbody><tr><td>Modelo<\/td><td>5TYM-850<\/td><\/tr><tr><td>Fuerza<\/td><td>Motor de 5.5\u20137.5 kW \/ Motor di\u00e9sel de 12\u201318 HP.<\/td><\/tr><tr><td>Capacidad<\/td><td>4\u20136 toneladas\/hora.<\/td><\/tr><tr><td>Tasa de despulpado<\/td><td>\u226598%<\/td><\/tr><tr><td>Tasa de rotura<\/td><td>\u22641.5%<\/td><\/tr><tr><td>Dimensiones<\/td><td>2300 \u00d7 1100 \u00d7 1300mm.<\/td><\/tr><tr><td>Peso<\/td><td>326kg<\/td><\/tr><\/tbody><\/table><figcaption class=\"wp-element-caption\">par\u00e1metros de la m\u00e1quina desgranadora de ma\u00edz<\/figcaption><\/figure>    <h2 class=\"wp-block-heading\"><strong>Estructura de la cernedora de ma\u00edz.<\/strong><\/h2>    <p>Nuestro desgranador de ma\u00edz presenta un dise\u00f1o estructural compacto e integrado con una distribuci\u00f3n clara y l\u00f3gica en general, facilitando la operaci\u00f3n y el mantenimiento.<\/p>    <ul class=\"wp-block-list\"> <li>Entrada: ubicada en la parte superior de la m\u00e1quina, la apertura grande permite una alimentaci\u00f3n r\u00e1pida de mazorcas de ma\u00edz enteras, mejorando as\u00ed la eficiencia operativa.<\/li>    <li>C\u00e1mara de trilla y separaci\u00f3n: El interior utiliza un mecanismo de tambor y espigas para lograr una separaci\u00f3n altamente eficiente de los granos de ma\u00edz de las mazorcas.<\/li>    <li>Ventilador: utilizado para eliminar impurezas y residuos ligeros, mejorando as\u00ed la pureza del producto terminado.<\/li>    <li>Salida de granos de ma\u00edz: ubicada en la parte inferior de la unidad, asegurando una descarga suave y minimizando bloqueos.<\/li>    <li>Salida de mazorcas de ma\u00edz: Facilita la separaci\u00f3n efectiva de los granos de las mazorcas.<\/li> <\/ul>    <p><br>Lo anterior describe la estructura b\u00e1sica de la m\u00e1quina de cernedora de ma\u00edz, que cumple con las necesidades est\u00e1ndar de trilla. Se pueden a\u00f1adir montajes de tracci\u00f3n con neum\u00e1ticos grandes y un marco base reforzado para mejorar la movilidad y estabilidad seg\u00fan requisitos espec\u00edficos.<\/p>    <figure class=\"wp-block-gallery has-nested-images columns-default is-cropped wp-block-gallery-3 is-layout-flex wp-block-gallery-is-layout-flex\"> <figure class=\"wp-block-image size-large\"><img loading=\"lazy\" decoding=\"async\" width=\"720\" height=\"540\" data-id=\"1582\" src=\"https:\/\/corn-machines.com\/wp-content\/uploads\/2026\/04\/structure-of-corn-threshing-machine.webp\" alt=\"estructura de la m\u00e1quina de trillar ma\u00edz.\" class=\"wp-image-1582\" srcset=\"https:\/\/corn-machines.com\/wp-content\/uploads\/2026\/04\/structure-of-corn-threshing-machine.webp 720w, https:\/\/corn-machines.com\/wp-content\/uploads\/2026\/04\/structure-of-corn-threshing-machine-300x225.webp 300w, https:\/\/corn-machines.com\/wp-content\/uploads\/2026\/04\/structure-of-corn-threshing-machine-16x12.webp 16w\" sizes=\"auto, (max-width: 720px) 100vw, 720px\" \/><figcaption class=\"wp-element-caption\">estructura de la m\u00e1quina de trillar ma\u00edz.<\/figcaption><\/figure>    <figure class=\"wp-block-image size-large\"><img loading=\"lazy\" decoding=\"async\" width=\"720\" height=\"540\" data-id=\"1583\" src=\"https:\/\/corn-machines.com\/wp-content\/uploads\/2026\/04\/maize-thresher.webp\" alt=\"trilladora de ma\u00edz\" class=\"wp-image-1583\" srcset=\"https:\/\/corn-machines.com\/wp-content\/uploads\/2026\/04\/maize-thresher.webp 720w, https:\/\/corn-machines.com\/wp-content\/uploads\/2026\/04\/maize-thresher-300x225.webp 300w, https:\/\/corn-machines.com\/wp-content\/uploads\/2026\/04\/maize-thresher-16x12.webp 16w\" sizes=\"auto, (max-width: 720px) 100vw, 720px\" \/><figcaption class=\"wp-element-caption\">trilladora de ma\u00edz<\/figcaption><\/figure> <\/figure>    <h2 class=\"wp-block-heading\"><strong>\u00bfC\u00f3mo funciona la m\u00e1quina de trillar ma\u00edz?<\/strong><\/h2>    <p>La m\u00e1quina de cernir ma\u00edz realiza todo el proceso\u2014incluyendo trilla, cribado, eliminaci\u00f3n de impurezas y separaci\u00f3n.<\/p>    <ol class=\"wp-block-list\"> <li>Las mazorcas de ma\u00edz entran en la c\u00e1mara de separaci\u00f3n a trav\u00e9s de la entrada de alimentaci\u00f3n, donde se realiza la trilla mediante las acciones combinadas del impacto a alta velocidad del tambor con espigas y la fricci\u00f3n mutua.<\/li>    <li>Los granos de ma\u00edz trillados pasan por una rampa de granos y entran en el sistema de pantalla vibratoria.<\/li>    <li>Mientras la pantalla vibra continuamente, los granos caen a trav\u00e9s de las perforaciones de la malla hacia la zona de recolecci\u00f3n inferior.<\/li>    <li>La paja y las impurezas ligeras son aspiradas y expulsadas por un soplador.<\/li>    <li>Impulsados por el tambor, los mazorcas de ma\u00edz se descargan a trav\u00e9s de una salida dedicada.<\/li> <\/ol>    <figure class=\"wp-block-gallery has-nested-images columns-default is-cropped wp-block-gallery-4 is-layout-flex wp-block-gallery-is-layout-flex\"> <figure class=\"wp-block-image size-large\"><img loading=\"lazy\" decoding=\"async\" width=\"720\" height=\"540\" data-id=\"1584\" src=\"https:\/\/corn-machines.com\/wp-content\/uploads\/2026\/04\/corn-sheller-machine.webp\" alt=\"maquinaria trilladora de ma\u00edz\" class=\"wp-image-1584\" srcset=\"https:\/\/corn-machines.com\/wp-content\/uploads\/2026\/04\/corn-sheller-machine.webp 720w, https:\/\/corn-machines.com\/wp-content\/uploads\/2026\/04\/corn-sheller-machine-300x225.webp 300w, https:\/\/corn-machines.com\/wp-content\/uploads\/2026\/04\/corn-sheller-machine-16x12.webp 16w\" sizes=\"auto, (max-width: 720px) 100vw, 720px\" \/><figcaption class=\"wp-element-caption\">maquinaria trilladora de ma\u00edz<\/figcaption><\/figure>    <figure class=\"wp-block-image size-large\"><img loading=\"lazy\" decoding=\"async\" width=\"720\" height=\"540\" data-id=\"1585\" src=\"https:\/\/corn-machines.com\/wp-content\/uploads\/2026\/04\/maize-sheller-machine.webp\" alt=\"m\u00e1quina desgranadora de ma\u00edz\" class=\"wp-image-1585\" srcset=\"https:\/\/corn-machines.com\/wp-content\/uploads\/2026\/04\/maize-sheller-machine.webp 720w, https:\/\/corn-machines.com\/wp-content\/uploads\/2026\/04\/maize-sheller-machine-300x225.webp 300w, https:\/\/corn-machines.com\/wp-content\/uploads\/2026\/04\/maize-sheller-machine-16x12.webp 16w\" sizes=\"auto, (max-width: 720px) 100vw, 720px\" \/><figcaption class=\"wp-element-caption\">m\u00e1quina desgranadora de ma\u00edz<\/figcaption><\/figure> <\/figure>    <h2 class=\"wp-block-heading\"><strong>An\u00e1lisis de escenarios de aplicaci\u00f3n para la cernedora de ma\u00edz.<\/strong><\/h2>    <ul class=\"wp-block-list\"> <li>Procesamiento post-cosecha para granjas peque\u00f1as y medianas.<\/li>    <li>Trilla centralizada en centros de recolecci\u00f3n de granos.<\/li>    <li>Procesamiento por lotes por cooperativas de maquinaria agr\u00edcola.<\/li>    <li>Servicios m\u00f3viles en campo para \u00e1reas rurales.<\/li> <\/ul>    <h2 class=\"wp-block-heading\"><strong>\u00bfCu\u00e1l es el precio de la m\u00e1quina de cernir ma\u00edz?<\/strong><\/h2>    <p>La m\u00e1quina desgranadora de ma\u00edz 5TYM-850 tiene un precio competitivo de alrededor de 1000 USD. Sin embargo, el coste final puede variar dependiendo de factores como la cantidad de pedido, requisitos de personalizaci\u00f3n y distancia de env\u00edo. Si desea conocer el precio espec\u00edfico, por favor cont\u00e1ctenos para la cotizaci\u00f3n m\u00e1s reciente.<\/p>   <div class=\"wp-block-image\"> <figure class=\"aligncenter size-full\"><img loading=\"lazy\" decoding=\"async\" width=\"720\" height=\"540\" src=\"https:\/\/corn-machines.com\/wp-content\/uploads\/2026\/04\/maize-threshing-machine.webp\" alt=\"trilladora de maiz\" class=\"wp-image-1586\" srcset=\"https:\/\/corn-machines.com\/wp-content\/uploads\/2026\/04\/maize-threshing-machine.webp 720w, https:\/\/corn-machines.com\/wp-content\/uploads\/2026\/04\/maize-threshing-machine-300x225.webp 300w, https:\/\/corn-machines.com\/wp-content\/uploads\/2026\/04\/maize-threshing-machine-16x12.webp 16w\" sizes=\"auto, (max-width: 720px) 100vw, 720px\" \/><figcaption class=\"wp-element-caption\">trilladora de maiz<\/figcaption><\/figure> <\/div>   <h2 class=\"wp-block-heading\"><strong>Preguntas frecuentes sobre la m\u00e1quina de trillar ma\u00edz.<\/strong><\/h2>   <div id=\"rank-math-faq\" class=\"rank-math-block\"> <div class=\"rank-math-list\"> <div id=\"faq-question-1776825910147\" class=\"rank-math-list-item\"> <h3 class=\"rank-math-question\">\u00bfPara qu\u00e9 tipos de ma\u00edz es adecuada la m\u00e1quina de cernir ma\u00edz 5TYM-850?<\/h3> <div class=\"rank-math-answer\">  <p>Adecuado para trillar ma\u00edz seco; se logran resultados \u00f3ptimos con un contenido de humedad entre el 13% y el 20%.<\/p>  <\/div> <\/div> <div id=\"faq-question-1776825950137\" class=\"rank-math-list-item\"> <h3 class=\"rank-math-question\">\u00bfEl porcentaje de rotura de los granos de ma\u00edz es alto?<\/h3> <div class=\"rank-math-answer\">  <p>La m\u00e1quina de cernir ma\u00edz presenta una estructura de dientes con espigas y una velocidad de rotaci\u00f3n del tambor racionalmente dise\u00f1ada, minimizando eficazmente la tasa de rotura (\u22641.5%).<\/p>  <\/div> <\/div> <div id=\"faq-question-1776826010298\" class=\"rank-math-list-item\"> <h3 class=\"rank-math-question\">\u00bfSe puede usar en otros cultivos?<\/h3> <div class=\"rank-math-answer\">  <p class=\"translation-block\">Est\u00e1 dise\u00f1ada principalmente para ma\u00edz. Si necesita procesar una variedad de granos, tambi\u00e9n ofrecemos el <a href=\"https:\/\/corn-machines.com\/es\/product\/multifunctional-grain-thresher\/\">trillador multi-funcional de granos<\/a>.<\/p>  <\/div> <\/div> <div id=\"faq-question-1776826084108\" class=\"rank-math-list-item\"> <h3 class=\"rank-math-question\">\u00bfCu\u00e1l es su tasa de trilla?<\/h3> <div class=\"rank-math-answer\">  <p>Nuestro desgranador de ma\u00edz cuenta con una tasa de trilla muy alta, alcanzando m\u00e1s del 98%.<\/p>  <\/div> <\/div> <\/div> <\/div>   <h2 class=\"wp-block-heading\"><strong>\u00bfBusca una soluci\u00f3n confiable para trillar ma\u00edz?<\/strong><\/h2>    <p>Si busca un equipo de procesamiento de ma\u00edz eficiente y duradero, la m\u00e1quina de cernedora de ma\u00edz 5TYM-850 es su opci\u00f3n ideal, ofreciendo un rendimiento estable y una eficiencia de trilla excepcionalmente alta.<\/p>    <p>Para m\u00e1s detalles o solicitar una cotizaci\u00f3n, no dude en contactarnos en cualquier momento; le ayudaremos a seleccionar la soluci\u00f3n m\u00e1s adecuada para sus necesidades.<\/p>","protected":false},"excerpt":{"rendered":"<p>This article primarily introduces the 5TYM-850 corn sheller machine. It is a highly efficient and stable piece of corn processing equipment, boasting a production capacity of 4 to 6 tons per hour and a threshing rate of \u226598%, thereby enabling highly efficient threshing operations.<\/p>","protected":false},"author":1,"featured_media":1587,"parent":0,"template":"","tags":[42],"product-type":[4],"class_list":["post-1577","product","type-product","status-publish","has-post-thumbnail","hentry","tag-corn","product-type-corn-thresher-machine"],"_links":{"self":[{"href":"https:\/\/corn-machines.com\/es\/wp-json\/wp\/v2\/product\/1577","targetHints":{"allow":["GET"]}}],"collection":[{"href":"https:\/\/corn-machines.com\/es\/wp-json\/wp\/v2\/product"}],"about":[{"href":"https:\/\/corn-machines.com\/es\/wp-json\/wp\/v2\/types\/product"}],"author":[{"embeddable":true,"href":"https:\/\/corn-machines.com\/es\/wp-json\/wp\/v2\/users\/1"}],"wp:featuredmedia":[{"embeddable":true,"href":"https:\/\/corn-machines.com\/es\/wp-json\/wp\/v2\/media\/1587"}],"wp:attachment":[{"href":"https:\/\/corn-machines.com\/es\/wp-json\/wp\/v2\/media?parent=1577"}],"wp:term":[{"taxonomy":"post_tag","embeddable":true,"href":"https:\/\/corn-machines.com\/es\/wp-json\/wp\/v2\/tags?post=1577"},{"taxonomy":"product-type","embeddable":true,"href":"https:\/\/corn-machines.com\/es\/wp-json\/wp\/v2\/product-type?post=1577"}],"curies":[{"name":"wp","href":"https:\/\/api.w.org\/{rel}","templated":true}]}}