{"id":1533,"date":"2026-04-10T14:59:37","date_gmt":"2026-04-10T06:59:37","guid":{"rendered":"https:\/\/corn-machines.com\/?post_type=product&#038;p=1533"},"modified":"2026-04-10T17:14:46","modified_gmt":"2026-04-10T09:14:46","slug":"hay-baling-machine","status":"publish","type":"product","link":"https:\/\/corn-machines.com\/es\/product\/hay-baling-machine\/","title":{"rendered":"M\u00e1quina de empacado de heno"},"content":{"rendered":"<p class=\"translation-block\">La <strong>m\u00e1quina autom\u00e1tica de empacado de heno<\/strong> puede procesar eficientemente forraje picado, tallos de ma\u00edz, alfalfa, paja de arroz y paja de trigo en pacas redondas de alta densidad de \u03a6550 \u00d7 550 mm. Integra empacado autom\u00e1tico y envoltura con pel\u00edcula, ayudando a mejorar la conservaci\u00f3n del ensilaje, reducir el espacio de almacenamiento y disminuir los costos de transporte.<\/p>    <p>Nuestra empacadora de ensilaje 9YDB-60-2 mantiene una eficiencia de producci\u00f3n estable de 60\u201385 pacas por hora, con pesos individuales de 80 a 120 kg. Es ideal para operaciones continuas en pastizales, granjas lecheras, instalaciones de cr\u00eda de ganado y plantas de procesamiento de ensilaje. Si est\u00e1 interesado, no dude en contactarnos para m\u00e1s detalles.<\/p>    <figure class=\"wp-block-embed is-type-video is-provider-youtube wp-block-embed-youtube wp-embed-aspect-16-9 wp-has-aspect-ratio\"><div class=\"wp-block-embed__wrapper\"> <iframe loading=\"lazy\" title=\"\ud83d\udd259YDB-60- M\u00e1quina de enrollado y empacado de heno con una velocidad de 60-85 fardos\/h | Tama\u00f1o del fardo: \u03a6550 \u00d7 550mm\" width=\"500\" height=\"281\" src=\"https:\/\/www.youtube.com\/embed\/NnA9cHx8UA4?feature=oembed\" frameborder=\"0\" allow=\"accelerometer; autoplay; clipboard-write; encrypted-media; gyroscope; picture-in-picture; web-share\" referrerpolicy=\"strict-origin-when-cross-origin\" allowfullscreen><\/iframe> <\/div><figcaption class=\"wp-element-caption\">video de trabajo de la m\u00e1quina de empacado y enrollado de heno<\/figcaption><\/figure>    <h2 class=\"wp-block-heading\"><strong>Aspectos destacados de la empacadora de ensilaje redonda<\/strong><\/h2>    <p>Preguntas frecuentes sobre la empacadora y envolvedora de ensilaje<\/p>    <figure class=\"wp-block-gallery has-nested-images columns-default is-cropped wp-block-gallery-2 is-layout-flex wp-block-gallery-is-layout-flex\"> <figure class=\"wp-block-image size-large\"><img loading=\"lazy\" decoding=\"async\" width=\"720\" height=\"540\" data-id=\"1540\" src=\"https:\/\/corn-machines.com\/wp-content\/uploads\/2026\/04\/hay-baler-machine.webp\" alt=\"m\u00e1quina de empacado de heno\" class=\"wp-image-1540\" srcset=\"https:\/\/corn-machines.com\/wp-content\/uploads\/2026\/04\/hay-baler-machine.webp 720w, https:\/\/corn-machines.com\/wp-content\/uploads\/2026\/04\/hay-baler-machine-300x225.webp 300w, https:\/\/corn-machines.com\/wp-content\/uploads\/2026\/04\/hay-baler-machine-16x12.webp 16w\" sizes=\"auto, (max-width: 720px) 100vw, 720px\" \/><figcaption class=\"wp-element-caption\">m\u00e1quina de empacado de heno<\/figcaption><\/figure>    <figure class=\"wp-block-image size-large\"><img loading=\"lazy\" decoding=\"async\" width=\"720\" height=\"540\" data-id=\"1541\" src=\"https:\/\/corn-machines.com\/wp-content\/uploads\/2026\/04\/hay-baling-machine-1.webp\" alt=\"\" class=\"wp-image-1541\" srcset=\"https:\/\/corn-machines.com\/wp-content\/uploads\/2026\/04\/hay-baling-machine-1.webp 720w, https:\/\/corn-machines.com\/wp-content\/uploads\/2026\/04\/hay-baling-machine-1-300x225.webp 300w, https:\/\/corn-machines.com\/wp-content\/uploads\/2026\/04\/hay-baling-machine-1-16x12.webp 16w\" sizes=\"auto, (max-width: 720px) 100vw, 720px\" \/><figcaption class=\"wp-element-caption\">m\u00e1quina de empacar heno<\/figcaption><\/figure>    <figure class=\"wp-block-image size-large\"><img loading=\"lazy\" decoding=\"async\" width=\"720\" height=\"540\" data-id=\"1542\" src=\"https:\/\/corn-machines.com\/wp-content\/uploads\/2026\/04\/sialge-round-baler.webp\" alt=\"empacadora de ensilaje redonda\" class=\"wp-image-1542\" srcset=\"https:\/\/corn-machines.com\/wp-content\/uploads\/2026\/04\/sialge-round-baler.webp 720w, https:\/\/corn-machines.com\/wp-content\/uploads\/2026\/04\/sialge-round-baler-300x225.webp 300w, https:\/\/corn-machines.com\/wp-content\/uploads\/2026\/04\/sialge-round-baler-16x12.webp 16w\" sizes=\"auto, (max-width: 720px) 100vw, 720px\" \/><figcaption class=\"wp-element-caption\">empacadora de ensilaje redonda<\/figcaption><\/figure> <\/figure>    <div class=\"wp-block-media-text has-media-on-the-right is-stacked-on-mobile\"><div class=\"wp-block-media-text__content\"> <p class=\"translation-block\">1. La maquinaria cuenta con un sistema de control PLC totalmente automatizado, <strong>control inteligente<\/strong> que soporta operaciones de inicio con un toque. Esto reduce la dependencia del trabajo manual y disminuye el umbral operativo. Para granjas de ganado a gran escala, esto se traduce en una reducci\u00f3n significativa en los costos laborales.<\/p> <\/div><figure class=\"wp-block-media-text__media\"><img loading=\"lazy\" decoding=\"async\" width=\"720\" height=\"540\" src=\"https:\/\/corn-machines.com\/wp-content\/uploads\/2026\/04\/PLC-control-system-of-hay-round-baling-machine.webp\" alt=\"Sistema de control PLC de la empacadora de heno redonda\" class=\"wp-image-1534 size-full\" srcset=\"https:\/\/corn-machines.com\/wp-content\/uploads\/2026\/04\/PLC-control-system-of-hay-round-baling-machine.webp 720w, https:\/\/corn-machines.com\/wp-content\/uploads\/2026\/04\/PLC-control-system-of-hay-round-baling-machine-300x225.webp 300w, https:\/\/corn-machines.com\/wp-content\/uploads\/2026\/04\/PLC-control-system-of-hay-round-baling-machine-16x12.webp 16w\" sizes=\"auto, (max-width: 720px) 100vw, 720px\" \/><\/figure><\/div>    <div class=\"wp-block-media-text is-stacked-on-mobile\"><figure class=\"wp-block-media-text__media\"><img loading=\"lazy\" decoding=\"async\" width=\"720\" height=\"540\" src=\"https:\/\/corn-machines.com\/wp-content\/uploads\/2026\/04\/corn-silage-baling-machine.webp\" alt=\"Empacadora de ensilaje de ma\u00edz\" class=\"wp-image-1543 size-full\" srcset=\"https:\/\/corn-machines.com\/wp-content\/uploads\/2026\/04\/corn-silage-baling-machine.webp 720w, https:\/\/corn-machines.com\/wp-content\/uploads\/2026\/04\/corn-silage-baling-machine-300x225.webp 300w, https:\/\/corn-machines.com\/wp-content\/uploads\/2026\/04\/corn-silage-baling-machine-16x12.webp 16w\" sizes=\"auto, (max-width: 720px) 100vw, 720px\" \/><\/figure><div class=\"wp-block-media-text__content\"> <p class=\"translation-block\">2. Nuestra empacadora de heno est\u00e1 equipada con un <strong>transportador de banda de 2,5 metros<\/strong> extendido y cuenta con una funci\u00f3n adicional de recuperaci\u00f3n de material, resolviendo eficazmente los problemas de fuga de material comunes en equipos tradicionales. <\/p> <\/div><\/div>    <div class=\"wp-block-media-text has-media-on-the-right is-stacked-on-mobile\"><div class=\"wp-block-media-text__content\"> <p class=\"translation-block\">3. La empacadora y envolvedora de ensilaje 9TDB-60-2 cuenta con una <strong>estructura de marco de envoltura de doble pel\u00edcula<\/strong>, que representa una mejora significativa en comparaci\u00f3n con los sistemas de pel\u00edcula simple:<\/p>    <ul class=\"wp-block-list\"> <li>Mayor eficiencia de envoltura<\/li>    <li>Rendimiento de sellado superior<\/li>    <li>Utilizaci\u00f3n m\u00e1s econ\u00f3mica de la pel\u00edcula<\/li> <\/ul> <\/div><figure class=\"wp-block-media-text__media\"><img loading=\"lazy\" decoding=\"async\" width=\"720\" height=\"540\" src=\"https:\/\/corn-machines.com\/wp-content\/uploads\/2026\/04\/dual-film-system-of-corn-sialge-baling-machine.webp\" alt=\"Sistema de doble pel\u00edcula de la empacadora de ensilaje de ma\u00edz\" class=\"wp-image-1536 size-full\" srcset=\"https:\/\/corn-machines.com\/wp-content\/uploads\/2026\/04\/dual-film-system-of-corn-sialge-baling-machine.webp 720w, https:\/\/corn-machines.com\/wp-content\/uploads\/2026\/04\/dual-film-system-of-corn-sialge-baling-machine-300x225.webp 300w, https:\/\/corn-machines.com\/wp-content\/uploads\/2026\/04\/dual-film-system-of-corn-sialge-baling-machine-16x12.webp 16w\" sizes=\"auto, (max-width: 720px) 100vw, 720px\" \/><\/figure><\/div>    <div class=\"wp-block-media-text is-stacked-on-mobile\"><figure class=\"wp-block-media-text__media\"><img loading=\"lazy\" decoding=\"async\" width=\"720\" height=\"540\" src=\"https:\/\/corn-machines.com\/wp-content\/uploads\/2026\/04\/detailed-of-hay-baling-machine.webp\" alt=\"detalles de la empacadora de heno\" class=\"wp-image-1537 size-full\" srcset=\"https:\/\/corn-machines.com\/wp-content\/uploads\/2026\/04\/detailed-of-hay-baling-machine.webp 720w, https:\/\/corn-machines.com\/wp-content\/uploads\/2026\/04\/detailed-of-hay-baling-machine-300x225.webp 300w, https:\/\/corn-machines.com\/wp-content\/uploads\/2026\/04\/detailed-of-hay-baling-machine-16x12.webp 16w\" sizes=\"auto, (max-width: 720px) 100vw, 720px\" \/><\/figure><div class=\"wp-block-media-text__content\"> <p>4. Los componentes cr\u00edticos utilizan una combinaci\u00f3n de rodamientos de alta calidad internacionales y nacionales:<\/p>    <ul class=\"wp-block-list\"> <li><strong>6207 rodamientos suizos<\/strong><\/li>    <li><strong>6206 rodamientos Harbin<\/strong><\/li> <\/ul>    <p>Ventajas:<\/p>    <ul class=\"wp-block-list\"> <li>Alta capacidad de carga<\/li>    <li>Resistente al desgaste durante operaciones prolongadas<\/li>    <li>Reduce los costos de mantenimiento a largo plazo<\/li> <\/ul> <\/div><\/div>    <div class=\"wp-block-media-text has-media-on-the-right is-stacked-on-mobile\"><div class=\"wp-block-media-text__content\"> <p class=\"translation-block\">5. Nuestra empacadora de heno est\u00e1 equipada con un <strong>sistema de compresor de aire de 3kw   90L<\/strong>, que proporciona un soporte neum\u00e1tico adecuado para operaciones cr\u00edticas.<\/p>    <ul class=\"wp-block-list\"> <li>Respuesta m\u00e1s r\u00e1pida del sistema neum\u00e1tico<\/li>    <li>Ejecuci\u00f3n m\u00e1s estable de los movimientos<\/li>    <li>Menos susceptible a ca\u00eddas de presi\u00f3n durante operaciones prolongadas<\/li> <\/ul> <\/div><figure class=\"wp-block-media-text__media\"><img loading=\"lazy\" decoding=\"async\" width=\"720\" height=\"540\" src=\"https:\/\/corn-machines.com\/wp-content\/uploads\/2026\/04\/air-compressor-system-of-corn-sialge-baler.webp\" alt=\"Sistema de compresor de aire de la empacadora de ensilaje de ma\u00edz\" class=\"wp-image-1538 size-full\" srcset=\"https:\/\/corn-machines.com\/wp-content\/uploads\/2026\/04\/air-compressor-system-of-corn-sialge-baler.webp 720w, https:\/\/corn-machines.com\/wp-content\/uploads\/2026\/04\/air-compressor-system-of-corn-sialge-baler-300x225.webp 300w, https:\/\/corn-machines.com\/wp-content\/uploads\/2026\/04\/air-compressor-system-of-corn-sialge-baler-16x12.webp 16w\" sizes=\"auto, (max-width: 720px) 100vw, 720px\" \/><\/figure><\/div>    <h2 class=\"wp-block-heading\"><strong>Par\u00e1metros de tecnolog\u00eda central de la empacadora de ensilaje<\/strong><\/h2>    <p>A continuaci\u00f3n, se presentan las especificaciones detalladas de esta empacadora y envolvedora de ensilaje, para su referencia:<\/p>    <figure class=\"wp-block-table\"><table class=\"has-fixed-layout\"><thead><tr><th>Art\u00edculo<\/th><th>Especificaci\u00f3n<\/th><\/tr><\/thead><tbody><tr><td>Modelo<\/td><td>9YDB-60-2<\/td><\/tr><tr><td>Tama\u00f1o del fardo<\/td><td>\u03a6550 \u00d7 550mm<\/td><\/tr><tr><td>Peso del fardo<\/td><td>80\u2013120kg<\/td><\/tr><tr><td>Capacidad de producci\u00f3n<\/td><td>60\u201385 pacas\/h<\/td><\/tr><tr><td>Requisito de energ\u00eda<\/td><td>7,5 kw<\/td><\/tr><tr><td>Pel\u00edcula de atado<\/td><td>Pel\u00edcula transparente<\/td><\/tr><tr><td>Material de envoltura<\/td><td>Pel\u00edcula de ensilaje (1800m \u00d7 250mm \u00d7 25\u03bcm)<\/td><\/tr><tr><td>Tama\u00f1o de la pel\u00edcula interior<\/td><td>600mm<\/td><\/tr><tr><td>Sistema de control<\/td><td>PLC inteligente totalmente autom\u00e1tico<\/td><\/tr><tr><td>Sistema de transporte<\/td><td>Transportador de banda extendido de 2,5 m<\/td><\/tr><tr><td>M\u00e9todo de envoltura<\/td><td>Envoltura de doble pel\u00edcula<\/td><\/tr><tr><td>Dimensiones de la m\u00e1quina<\/td><td>7.4 \u00d7 1.8 \u00d7 2.45m<\/td><\/tr><\/tbody><\/table><figcaption class=\"wp-element-caption\">Especificaciones de la empacadora de heno<\/figcaption><\/figure>    <h2 class=\"wp-block-heading\"><strong>Estructura de la empacadora de ensilaje 9YDB-60-2<\/strong><\/h2>    <p>Caracter\u00edsticas de la empacadora de heno Taizy, con un dise\u00f1o estructural integrado y de alta resistencia, incluyendo:<\/p>    <ul class=\"wp-block-list\"> <li>Control inteligente PLC<\/li>    <li>Alimentaci\u00f3n de pel\u00edcula de doble rodillo<\/li>    <li>Envoltura de doble pel\u00edcula<\/li>    <li>Transportador de banda extendido de 2,5 m<\/li>    <li>Atado de banda<\/li>    <li>Transportador de cadena<\/li>    <li>Ruedas m\u00f3viles<\/li>    <li>Sistema de compresor de aire<\/li> <\/ul>    <figure class=\"wp-block-gallery has-nested-images columns-default is-cropped wp-block-gallery-3 is-layout-flex wp-block-gallery-is-layout-flex\"> <figure class=\"wp-block-image size-large\"><img loading=\"lazy\" decoding=\"async\" width=\"720\" height=\"540\" data-id=\"1539\" src=\"https:\/\/corn-machines.com\/wp-content\/uploads\/2026\/04\/structure-of-hay-baling-machine.webp\" alt=\"Estructura de la empacadora de heno\" class=\"wp-image-1539\" srcset=\"https:\/\/corn-machines.com\/wp-content\/uploads\/2026\/04\/structure-of-hay-baling-machine.webp 720w, https:\/\/corn-machines.com\/wp-content\/uploads\/2026\/04\/structure-of-hay-baling-machine-300x225.webp 300w, https:\/\/corn-machines.com\/wp-content\/uploads\/2026\/04\/structure-of-hay-baling-machine-16x12.webp 16w\" sizes=\"auto, (max-width: 720px) 100vw, 720px\" \/><figcaption class=\"wp-element-caption\">Estructura de la empacadora de heno<\/figcaption><\/figure>    <figure class=\"wp-block-image size-large\"><img loading=\"lazy\" decoding=\"async\" width=\"720\" height=\"540\" data-id=\"1544\" src=\"https:\/\/corn-machines.com\/wp-content\/uploads\/2026\/04\/silage-baler-and-wrapper.webp\" alt=\"m\u00e1quina de ensilaje y envoltura\" class=\"wp-image-1544\" srcset=\"https:\/\/corn-machines.com\/wp-content\/uploads\/2026\/04\/silage-baler-and-wrapper.webp 720w, https:\/\/corn-machines.com\/wp-content\/uploads\/2026\/04\/silage-baler-and-wrapper-300x225.webp 300w, https:\/\/corn-machines.com\/wp-content\/uploads\/2026\/04\/silage-baler-and-wrapper-16x12.webp 16w\" sizes=\"auto, (max-width: 720px) 100vw, 720px\" \/><figcaption class=\"wp-element-caption\">m\u00e1quina de ensilaje y envoltura<\/figcaption><\/figure> <\/figure>    <h2 class=\"wp-block-heading\"><strong>Materiales aplicables de la empacadora de heno<\/strong><\/h2>    <p>Esta empacadora de ensilaje de ma\u00edz es adecuada para una amplia variedad de materiales secos y h\u00famedos, como paja de trigo, heno, tallos de ma\u00edz, pasto, paja de arroz, alfalfa, vides de cacahuete y m\u00e1s. Es una opci\u00f3n inteligente para plantas de alimentaci\u00f3n y granjas de ganado.<\/p>    <figure class=\"wp-block-gallery has-nested-images columns-default is-cropped wp-block-gallery-4 is-layout-flex wp-block-gallery-is-layout-flex\"> <figure class=\"wp-block-image size-large\"><img loading=\"lazy\" decoding=\"async\" width=\"540\" height=\"720\" data-id=\"1547\" src=\"https:\/\/corn-machines.com\/wp-content\/uploads\/2026\/04\/application-of-claas-silage-baler.webp\" alt=\"Aplicaci\u00f3n de la empacadora de ensilaje Claas\" class=\"wp-image-1547\" srcset=\"https:\/\/corn-machines.com\/wp-content\/uploads\/2026\/04\/application-of-claas-silage-baler.webp 540w, https:\/\/corn-machines.com\/wp-content\/uploads\/2026\/04\/application-of-claas-silage-baler-225x300.webp 225w, https:\/\/corn-machines.com\/wp-content\/uploads\/2026\/04\/application-of-claas-silage-baler-9x12.webp 9w\" sizes=\"auto, (max-width: 540px) 100vw, 540px\" \/><figcaption class=\"wp-element-caption\">Aplicaci\u00f3n de la empacadora de ensilaje Claas<\/figcaption><\/figure>    <figure class=\"wp-block-image size-large\"><img loading=\"lazy\" decoding=\"async\" width=\"540\" height=\"720\" data-id=\"1546\" src=\"https:\/\/corn-machines.com\/wp-content\/uploads\/2026\/04\/finished-bales-of-silage-baler.webp\" alt=\"pacas terminadas de ensilaje de empacadora\" class=\"wp-image-1546\" srcset=\"https:\/\/corn-machines.com\/wp-content\/uploads\/2026\/04\/finished-bales-of-silage-baler.webp 540w, https:\/\/corn-machines.com\/wp-content\/uploads\/2026\/04\/finished-bales-of-silage-baler-225x300.webp 225w, https:\/\/corn-machines.com\/wp-content\/uploads\/2026\/04\/finished-bales-of-silage-baler-9x12.webp 9w\" sizes=\"auto, (max-width: 540px) 100vw, 540px\" \/><figcaption class=\"wp-element-caption\">pacas terminadas de ensilaje de empacadora<\/figcaption><\/figure> <\/figure>    <h2 class=\"wp-block-heading\"><strong>\u00bfQu\u00e9 factores influyen en el precio de la empacadora de ensilaje?<\/strong><\/h2>    <p>Al comprar una empacadora de heno, la principal preocupaci\u00f3n de muchos clientes es el precio. Sin embargo, el precio no es fijo; m\u00e1s bien, est\u00e1 influenciado por una variedad de factores.<\/p>    <figure class=\"wp-block-table\"><table class=\"has-fixed-layout\"><thead><tr><th>Factor<\/th><th>Descripci\u00f3n<\/th><\/tr><\/thead><tbody><tr><td>Estructura de envoltura<\/td><td>El dise\u00f1o de pel\u00edcula simple frente a doble pel\u00edcula afecta significativamente <br>costo<\/td><\/tr><tr><td>Longitud de la cinta transportadora<\/td><td>El sistema de banda extendida aumenta en general <br>Costo de fabricaci\u00f3n<\/td><\/tr><tr><td>Configuraci\u00f3n del compresor de aire<\/td><td>Compresor de alta capacidad de 90L proporciona m\u00e1s <br>rendimiento estable<\/td><\/tr><tr><td>Sistema de energ\u00eda<\/td><td>El costo var\u00eda seg\u00fan el motor el\u00e9ctrico o di\u00e9sel <br>Opciones de motor<\/td><\/tr><tr><td>Nivel de automatizaci\u00f3n<\/td><td>El sistema de control de pantalla t\u00e1ctil PLC afecta en general <br>precio<\/td><\/tr><tr><td>Est\u00e1ndar de voltaje de exportaci\u00f3n<\/td><td>Diferentes pa\u00edses requieren diferentes voltajes <br>configuraciones<\/td><\/tr><\/tbody><\/table><figcaption class=\"wp-element-caption\">factores que influyen en el precio de la empacadora de heno<\/figcaption><\/figure>    <h2 class=\"wp-block-heading\"><strong>Preguntas frecuentes sobre la empacadora y envolvedora de ensilaje<\/strong><\/h2>   <div id=\"rank-math-faq\" class=\"rank-math-block\"> <div class=\"rank-math-list\"> <div id=\"faq-question-1775799493225\" class=\"rank-math-list-item\"> <h3 class=\"rank-math-question\">\u00bfPara qu\u00e9 se usa una empacadora y envolvedora de ensilaje?},{<\/h3> <div class=\"rank-math-answer\">  <p>La empacadora de heno se utiliza para comprimir y envolver materiales de forraje como tallos de ma\u00edz, pasto, alfalfa y paja en pacas redondas densas para fermentaci\u00f3n y almacenamiento a largo plazo. Mejora la conservaci\u00f3n del alimento y reduce el desperdicio.<\/p>  <\/div> <\/div> <div id=\"faq-question-1775799600156\" class=\"rank-math-list-item\"> <h3 class=\"rank-math-question\">\u00bfQu\u00e9 materiales puede manejar la empacadora 9YDB-60-2?<\/h3> <div class=\"rank-math-answer\">  <p>Esta m\u00e1quina es adecuada para una amplia gama de materiales agr\u00edcolas, incluyendo tallos de ma\u00edz, pasto, alfalfa, paja de trigo, paja de arroz, vides de cacahuete y otros materiales de ensilaje picados utilizados en alimentaci\u00f3n de ganado.<\/p>  <\/div> <\/div> <div id=\"faq-question-1775799621872\" class=\"rank-math-list-item\"> <h3 class=\"rank-math-question\">\u00bfCu\u00e1l es la capacidad de producci\u00f3n de esta envolvedora de pacas de ensilaje\u200b?<\/h3> <div class=\"rank-math-answer\">  <p>El modelo 9YDB-60-2 tiene una capacidad de 60\u201385 pacas por hora, lo que lo hace adecuado para granjas de tama\u00f1o medio a grande y plantas comerciales de ensilaje.<\/p>  <\/div> <\/div> <div id=\"faq-question-1775799662892\" class=\"rank-math-list-item\"> <h3 class=\"rank-math-question\">\u00bfCu\u00e1nto tiempo se pueden almacenar las pacas de ensilaje despu\u00e9s de envolverlas?<\/h3> <div class=\"rank-math-answer\">  <p>Las pacas de ensilaje correctamente envueltas generalmente pueden almacenarse de 6 a 24 meses, dependiendo de la calidad del sellado, la integridad de la pel\u00edcula y las condiciones de almacenamiento.<\/p>  <\/div> <\/div> <div id=\"faq-question-1775799813889\" class=\"rank-math-list-item\"> <h3 class=\"rank-math-question\">\u00bfC\u00f3mo mejora el rendimiento el sistema de envoltura de doble pel\u00edcula?<\/h3> <div class=\"rank-math-answer\">  <p>El sistema de envoltura de doble pel\u00edcula garantiza alta eficiencia y fuerte rendimiento de sellado.<\/p>  <\/div> <\/div> <div id=\"faq-question-1775799891108\" class=\"rank-math-list-item\"> <h3 class=\"rank-math-question\">\u00bfSe puede usar esto junto con un cortador de paja?<\/h3> <div class=\"rank-math-answer\">  <p class=\"translation-block\">S\u00ed, eso es posible. Tambi\u00e9n ofrecemos<a href=\"https:\/\/corn-machines.com\/es\/product\/chaff-cutter-machine\/\"> m\u00e1quina cortadora de paja<\/a> dise\u00f1ada para trabajar en conjunto con ella, lo que resultar\u00e1 en una eficiencia a\u00fan mayor.<\/p>  <\/div> <\/div> <\/div> <\/div>   <h2 class=\"wp-block-heading\"><strong>\u00a1Obtenga una cotizaci\u00f3n gratis ahora!<\/strong><\/h2>    <p>Si busca una empacadora de ensilaje de ma\u00edz y envoltura altamente eficiente y automatizada, la empacadora de heno 9YDB-60-2 es una excelente opci\u00f3n. No dude en contactarnos en cualquier momento; estamos dedicados a ayudarle a lograr una mayor eficiencia de producci\u00f3n a menor costo.<\/p>","protected":false},"excerpt":{"rendered":"<p>The automatic hay baling machine can efficiently process chopped forage, corn stalks, alfalfa, rice straw, and wheat straw into \u03a6550 \u00d7 550 mm high-density round bales. It integrates automatic baling and film wrapping, helping improve silage preservation, reduce storage space, and lower transportation costs. Our 9YDB-60-2 silage baling machine maintains a stable production efficiency of [&hellip;]<\/p>\n","protected":false},"author":1,"featured_media":1545,"parent":0,"template":"","tags":[81,82],"product-type":[86],"class_list":["post-1533","product","type-product","status-publish","has-post-thumbnail","hentry","tag-corn-silage","tag-silage","product-type-corn-silage-processing-machine"],"_links":{"self":[{"href":"https:\/\/corn-machines.com\/es\/wp-json\/wp\/v2\/product\/1533","targetHints":{"allow":["GET"]}}],"collection":[{"href":"https:\/\/corn-machines.com\/es\/wp-json\/wp\/v2\/product"}],"about":[{"href":"https:\/\/corn-machines.com\/es\/wp-json\/wp\/v2\/types\/product"}],"author":[{"embeddable":true,"href":"https:\/\/corn-machines.com\/es\/wp-json\/wp\/v2\/users\/1"}],"wp:featuredmedia":[{"embeddable":true,"href":"https:\/\/corn-machines.com\/es\/wp-json\/wp\/v2\/media\/1545"}],"wp:attachment":[{"href":"https:\/\/corn-machines.com\/es\/wp-json\/wp\/v2\/media?parent=1533"}],"wp:term":[{"taxonomy":"post_tag","embeddable":true,"href":"https:\/\/corn-machines.com\/es\/wp-json\/wp\/v2\/tags?post=1533"},{"taxonomy":"product-type","embeddable":true,"href":"https:\/\/corn-machines.com\/es\/wp-json\/wp\/v2\/product-type?post=1533"}],"curies":[{"name":"wp","href":"https:\/\/api.w.org\/{rel}","templated":true}]}}