{"id":1439,"date":"2026-01-05T14:04:55","date_gmt":"2026-01-05T06:04:55","guid":{"rendered":"https:\/\/corn-machines.com\/?post_type=product&#038;p=1439"},"modified":"2026-01-14T17:27:30","modified_gmt":"2026-01-14T09:27:30","slug":"corn-silage-harvesting-machine","status":"publish","type":"product","link":"https:\/\/corn-machines.com\/es\/product\/corn-silage-harvesting-machine\/","title":{"rendered":"M\u00e1quina de cosecha de ensilado de ma\u00edz"},"content":{"rendered":"<p class=\"translation-block\">La m\u00e1quina de cosecha de ensilado de ma\u00edz Taizy est\u00e1 dise\u00f1ada para triturar y recolectar tallos de ma\u00edz, tallos de sorgo, hierba forrajera y varios materiales de ensilado h\u00famedos y secos en piezas menores de 80mm. Por ello, tambi\u00e9n se llama m\u00e1quina de trituraci\u00f3n y reciclaje de paja.<\/p>    <p>La cosechadora de forraje requiere un tractor con una potencia de salida de \u226570HP. Tiene anchos de trabajo de 1.3m, 1.5m, 1.65m, 1.8m y 2.0m, con una tasa de reciclaje de \u226580%. La altura de la paja residual var\u00eda de 8 a 15cm, y la eficiencia de trabajo es de 0.25-0.72 hect\u00e1reas por hora.<\/p>    <figure class=\"wp-block-embed is-type-video is-provider-youtube wp-block-embed-youtube wp-embed-aspect-16-9 wp-has-aspect-ratio\"><div class=\"wp-block-embed__wrapper\"> <iframe loading=\"lazy\" title=\"M\u00e1quina de cosecha de tallos de ma\u00edz \u2014 una herramienta altamente eficiente para triturar y recolectar paja de grano\" width=\"500\" height=\"281\" src=\"https:\/\/www.youtube.com\/embed\/FsfkVTQVnME?feature=oembed\" frameborder=\"0\" allow=\"accelerometer; autoplay; clipboard-write; encrypted-media; gyroscope; picture-in-picture; web-share\" referrerpolicy=\"strict-origin-when-cross-origin\" allowfullscreen><\/iframe> <\/div><figcaption class=\"wp-element-caption\">video de trabajo de la m\u00e1quina de trituraci\u00f3n y recolecci\u00f3n de ensilado de ma\u00edz<\/figcaption><\/figure>    <h2 class=\"wp-block-heading\"><strong>Aspectos destacados de la cosechadora de ensilado<\/strong><\/h2>    <ul class=\"wp-block-list\"> <li>Nuestra m\u00e1quina de ensilado es<strong> alimentada por el tractor<\/strong>, eliminando la necesidad de un sistema de energ\u00eda adicional, lo que la hace adecuada para diversos entornos agr\u00edcolas y ofrece operaci\u00f3n flexible.<\/li>    <li>La m\u00e1quina de cosecha de ensilado de ma\u00edz Taizy integra <strong>trituraci\u00f3n y recolecci\u00f3n de paja<\/strong>, recolectando directamente el ensilado triturado en la cesta de recolecci\u00f3n, mejorando la eficiencia en el campo.<\/li>    <li>Nuestra cosechadora de ensilado puede operar de manera continua con alta eficiencia (<strong>0.25-0.72 hect\u00e1reas\/h<\/strong>), haci\u00e9ndola adecuada para uso a largo plazo en grandes explotaciones agr\u00edcolas.<\/li>    <li>Ofrecemos <strong>varios modelos de cosechadoras de forraje<\/strong>, permitiendo a los usuarios elegir el modelo adecuado seg\u00fan el tama\u00f1o del campo y la eficiencia operativa deseada para mejorar los beneficios operativos generales.<\/li>    <li>La m\u00e1quina de trituraci\u00f3n y reciclaje de paja Taizy puede equiparse con un <strong>segundo componente de trituraci\u00f3n<\/strong> para lograr una trituraci\u00f3n m\u00e1s fina de la paja, facilitando el reciclaje y la utilizaci\u00f3n posteriores.<\/li> <\/ul>    <figure class=\"wp-block-gallery has-nested-images columns-default is-cropped wp-block-gallery-2 is-layout-flex wp-block-gallery-is-layout-flex\"> <figure class=\"wp-block-image size-large\"><img loading=\"lazy\" decoding=\"async\" width=\"540\" height=\"720\" data-id=\"1440\" src=\"https:\/\/corn-machines.com\/wp-content\/uploads\/2026\/01\/corn-stalk-harvesting-machine.webp\" alt=\"m\u00e1quina cosechadora de tallos de ma\u00edz\" class=\"wp-image-1440\" srcset=\"https:\/\/corn-machines.com\/wp-content\/uploads\/2026\/01\/corn-stalk-harvesting-machine.webp 540w, https:\/\/corn-machines.com\/wp-content\/uploads\/2026\/01\/corn-stalk-harvesting-machine-225x300.webp 225w, https:\/\/corn-machines.com\/wp-content\/uploads\/2026\/01\/corn-stalk-harvesting-machine-9x12.webp 9w\" sizes=\"auto, (max-width: 540px) 100vw, 540px\" \/><figcaption class=\"wp-element-caption\">m\u00e1quina cosechadora de tallos de ma\u00edz<\/figcaption><\/figure>    <figure class=\"wp-block-image size-large\"><img loading=\"lazy\" decoding=\"async\" width=\"540\" height=\"720\" data-id=\"1441\" src=\"https:\/\/corn-machines.com\/wp-content\/uploads\/2026\/01\/forage-harvester.webp\" alt=\"cosechadora de forraje\" class=\"wp-image-1441\" srcset=\"https:\/\/corn-machines.com\/wp-content\/uploads\/2026\/01\/forage-harvester.webp 540w, https:\/\/corn-machines.com\/wp-content\/uploads\/2026\/01\/forage-harvester-225x300.webp 225w, https:\/\/corn-machines.com\/wp-content\/uploads\/2026\/01\/forage-harvester-9x12.webp 9w\" sizes=\"auto, (max-width: 540px) 100vw, 540px\" \/><figcaption class=\"wp-element-caption\">cosechadora de forraje<\/figcaption><\/figure> <\/figure>    <h2 class=\"wp-block-heading\"><strong>Estructura de la m\u00e1quina de cosecha de forraje<\/strong><\/h2>    <p>La m\u00e1quina de cosecha de ensilado de ma\u00edz Taizy presenta una estructura general bien dise\u00f1ada, compuesta principalmente por c\u00e1mara de trituraci\u00f3n, dispositivo de recolecci\u00f3n de paja triturada, dispositivo de descarga autom\u00e1tica hidr\u00e1ulico, sistema hidr\u00e1ulico y sistema de transmisi\u00f3n PTO.<\/p>   <div class=\"wp-block-image\"> <figure class=\"aligncenter size-full\"><img loading=\"lazy\" decoding=\"async\" width=\"720\" height=\"540\" src=\"https:\/\/corn-machines.com\/wp-content\/uploads\/2026\/01\/structure-of-straw-harvester-machine.webp\" alt=\"estructura de la m\u00e1quina de cosecha de paja\" class=\"wp-image-1442\" srcset=\"https:\/\/corn-machines.com\/wp-content\/uploads\/2026\/01\/structure-of-straw-harvester-machine.webp 720w, https:\/\/corn-machines.com\/wp-content\/uploads\/2026\/01\/structure-of-straw-harvester-machine-300x225.webp 300w, https:\/\/corn-machines.com\/wp-content\/uploads\/2026\/01\/structure-of-straw-harvester-machine-16x12.webp 16w\" sizes=\"auto, (max-width: 720px) 100vw, 720px\" \/><figcaption class=\"wp-element-caption\">estructura de la m\u00e1quina de cosecha de paja<\/figcaption><\/figure> <\/div>   <h2 class=\"wp-block-heading\"><strong>Principio de funcionamiento de la m\u00e1quina de forraje<\/strong><\/h2>    <p>La m\u00e1quina de cosecha de ensilado de ma\u00edz utiliza la potencia de salida del eje de potencia del tractor y transmite la potencia a la m\u00e1quina de reciclaje a trav\u00e9s de la uni\u00f3n universal. La m\u00e1quina de reciclaje utiliza cambios de marcha y transmisi\u00f3n por correa en V para hacer girar el eje a alta velocidad y cortar la paja.<\/p>    <h2 class=\"wp-block-heading\"><strong>Aplicaci\u00f3n de la m\u00e1quina de cosecha de ensilado de ma\u00edz<\/strong><\/h2>    <p>Nuestra m\u00e1quina de cosecha de forraje es adecuada para cosechar y recolectar la paja de varios cultivos, incluyendo arroz, ma\u00edz, sorgo, soja, algod\u00f3n, colza, y ensilado tanto seco como h\u00famedo. Puede satisfacer las necesidades de reciclaje de paja en diferentes regiones y tipos de cultivos.<\/p>   <div class=\"wp-block-image\"> <figure class=\"aligncenter size-full\"><img loading=\"lazy\" decoding=\"async\" width=\"720\" height=\"540\" src=\"https:\/\/corn-machines.com\/wp-content\/uploads\/2026\/01\/application-of-corn-sialge-harvester.webp\" alt=\"aplicaci\u00f3n de la cosechadora de ensilado de ma\u00edz\" class=\"wp-image-1443\" srcset=\"https:\/\/corn-machines.com\/wp-content\/uploads\/2026\/01\/application-of-corn-sialge-harvester.webp 720w, https:\/\/corn-machines.com\/wp-content\/uploads\/2026\/01\/application-of-corn-sialge-harvester-300x225.webp 300w, https:\/\/corn-machines.com\/wp-content\/uploads\/2026\/01\/application-of-corn-sialge-harvester-16x12.webp 16w\" sizes=\"auto, (max-width: 720px) 100vw, 720px\" \/><figcaption class=\"wp-element-caption\">aplicaci\u00f3n de la cosechadora de ensilado de ma\u00edz<\/figcaption><\/figure> <\/div>   <h2 class=\"wp-block-heading\"><strong>Par\u00e1metros t\u00e9cnicos de la m\u00e1quina de cosecha de ensilado de ma\u00edz<\/strong><\/h2>    <p>La tabla a continuaci\u00f3n muestra los principales par\u00e1metros t\u00e9cnicos de la m\u00e1quina de cosecha de ensilado de ma\u00edz, para que los usuarios puedan consultarlos antes de la selecci\u00f3n y uso.<\/p>    <figure class=\"wp-block-table\"><table><tbody><tr><td>Modelo<\/td><td>4JQH-135<\/td><td>4JQH-150<\/td><td>4JQH-165<\/td><td>4JQH-180<\/td><td>4JQH-200<\/td><\/tr><tr><td>Tractor<\/td><td>\u226570HP<\/td><td>\u226575HP<\/td><td>\u226590HP<\/td><td>\u2265100HP<\/td><td>\u2265110HP<\/td><\/tr><tr><td>Dimensi\u00f3n<\/td><td>1500*1810*3350mm<\/td><td>1480*1980*3500mm<\/td><td>1480*2130*3500mm<\/td><td>1480*2280*3500mm<\/td><td>1680*2460*3350mm<\/td><\/tr><tr><td>Peso<\/td><td>640kg<\/td><td>700kg<\/td><td>790kg<\/td><td>980kg<\/td><td>1000 kilos<\/td><\/tr><tr><td>Ancho de cosecha<\/td><td>1.3m<\/td><td>1.5m<\/td><td>1.65m<\/td><td>1.8m<\/td><td>2.0m<\/td><\/tr><tr><td>Tasa de reciclaje<\/td><td>\u226580%<\/td><td>\u226580%<\/td><td>\u226580%<\/td><td>\u226580%<\/td><td>\u226580%<\/td><\/tr><tr><td>Distancia de lanzamiento<\/td><td>3-5m<\/td><td>3-5m<\/td><td>3-5m<\/td><td>3-5m<\/td><td>3-5m<\/td><\/tr><tr><td>Altura de lanzamiento<\/td><td>\u22652m<\/td><td>\u22652m<\/td><td>\u22652m<\/td><td>\u22652m<\/td><td>\u22652m<\/td><\/tr><tr><td>Longitud de la paja triturada<\/td><td>&lt;8cm<\/td><td>&lt;8cm<\/td><td>&lt;8cm<\/td><td>&lt;8cm<\/td><td>&lt;8cm<\/td><\/tr><tr><td>Altura de la paja residual<\/td><td>8-15cm<\/td><td>8-15cm<\/td><td>8-15cm<\/td><td>8-15cm<\/td><td>8-15cm<\/td><\/tr><tr><td>Cuchilla giratoria<\/td><td>32<\/td><td>40<\/td><td>44<\/td><td>48<\/td><td>52<\/td><\/tr><tr><td>Velocidad del eje cortador<\/td><td>2160r\/min<\/td><td>2160r\/min<\/td><td>2160r\/min<\/td><td>2160r\/min<\/td><td>2160r\/min<\/td><\/tr><tr><td>Velocidad de trabajo<\/td><td>2-4km\/h<\/td><td>3-4km\/h<\/td><td>3-4km\/h<\/td><td>3-4km\/h<\/td><td>3-4km\/h<\/td><\/tr><tr><td>Capacidad<\/td><td>0.25-0.48hect\u00e1reas\/h<\/td><td>0.3-0.5hect\u00e1reas\/h<\/td><td>0.32-0.55hect\u00e1reas\/h<\/td><td>0.36-0.6hect\u00e1reas\/h<\/td><td>0.36-0.72hect\u00e1reas\/h<\/td><\/tr><\/tbody><\/table><figcaption class=\"wp-element-caption\">par\u00e1metros de la m\u00e1quina de ensilado<\/figcaption><\/figure>    <h2 class=\"wp-block-heading\"><strong>Opciones personalizables para la cosechadora de forraje<\/strong><\/h2>    <p class=\"translation-block\"><strong>Cesta de recolecci\u00f3n<\/strong><\/p>    <p>Los clientes pueden elegir si equipar o no un contenedor de recolecci\u00f3n seg\u00fan sus necesidades. Nuestros contenedores tienen una capacidad de 3m\u00b3 y pueden contener 1000 kilogramos de material, y pueden personalizarse seg\u00fan los requisitos del cliente.<\/p>    <figure class=\"wp-block-gallery has-nested-images columns-default is-cropped wp-block-gallery-3 is-layout-flex wp-block-gallery-is-layout-flex\"> <figure class=\"wp-block-image size-full\"><img loading=\"lazy\" decoding=\"async\" width=\"720\" height=\"540\" data-id=\"1446\" src=\"https:\/\/corn-machines.com\/wp-content\/uploads\/2026\/01\/07F9281960BEFF8C385DE324899E7E8F-tuya_\u7ed3\u679c.webp\" alt=\"cosechadora de ensilado sin cesta\" class=\"wp-image-1446\" srcset=\"https:\/\/corn-machines.com\/wp-content\/uploads\/2026\/01\/07F9281960BEFF8C385DE324899E7E8F-tuya_\u7ed3\u679c.webp 720w, https:\/\/corn-machines.com\/wp-content\/uploads\/2026\/01\/07F9281960BEFF8C385DE324899E7E8F-tuya_\u7ed3\u679c-300x225.webp 300w, https:\/\/corn-machines.com\/wp-content\/uploads\/2026\/01\/07F9281960BEFF8C385DE324899E7E8F-tuya_\u7ed3\u679c-16x12.webp 16w\" sizes=\"auto, (max-width: 720px) 100vw, 720px\" \/><figcaption class=\"wp-element-caption\">cosechadora de ensilado sin cesta<\/figcaption><\/figure>    <figure class=\"wp-block-image size-large\"><img loading=\"lazy\" decoding=\"async\" width=\"720\" height=\"540\" data-id=\"1445\" src=\"https:\/\/corn-machines.com\/wp-content\/uploads\/2026\/01\/corn-silage-cruhsing-and-collecting-machine.webp\" alt=\"cosechadora de ensilado de ma\u00edz equipada con cesta\" class=\"wp-image-1445\" srcset=\"https:\/\/corn-machines.com\/wp-content\/uploads\/2026\/01\/corn-silage-cruhsing-and-collecting-machine.webp 720w, https:\/\/corn-machines.com\/wp-content\/uploads\/2026\/01\/corn-silage-cruhsing-and-collecting-machine-300x225.webp 300w, https:\/\/corn-machines.com\/wp-content\/uploads\/2026\/01\/corn-silage-cruhsing-and-collecting-machine-16x12.webp 16w\" sizes=\"auto, (max-width: 720px) 100vw, 720px\" \/><figcaption class=\"wp-element-caption\">cosechadora de ensilado de ma\u00edz equipada con cesta<\/figcaption><\/figure> <\/figure>    <p class=\"translation-block\"><strong>2. Ruedas grandes<\/strong><\/p>    <p>Por lo general, la m\u00e1quina de cosecha de ensilado de ma\u00edz no tiene ruedas. Sin embargo, si desea que la paja vuelva a crecer, podemos equipar la m\u00e1quina de trituraci\u00f3n y recolecci\u00f3n de ensilado con neum\u00e1ticos adecuados para mantener la altura de corte en un nivel apropiado.<\/p>    <figure class=\"wp-block-gallery has-nested-images columns-default is-cropped wp-block-gallery-4 is-layout-flex wp-block-gallery-is-layout-flex\"> <figure class=\"wp-block-image size-large\"><img loading=\"lazy\" decoding=\"async\" width=\"720\" height=\"540\" data-id=\"1447\" src=\"https:\/\/corn-machines.com\/wp-content\/uploads\/2026\/01\/forage-harvesting-machine-equiped-with-wheels.webp\" alt=\"m\u00e1quina de cosecha de forraje equipada con ruedas\" class=\"wp-image-1447\" srcset=\"https:\/\/corn-machines.com\/wp-content\/uploads\/2026\/01\/forage-harvesting-machine-equiped-with-wheels.webp 720w, https:\/\/corn-machines.com\/wp-content\/uploads\/2026\/01\/forage-harvesting-machine-equiped-with-wheels-300x225.webp 300w, https:\/\/corn-machines.com\/wp-content\/uploads\/2026\/01\/forage-harvesting-machine-equiped-with-wheels-16x12.webp 16w\" sizes=\"auto, (max-width: 720px) 100vw, 720px\" \/><figcaption class=\"wp-element-caption\">m\u00e1quina de cosecha de forraje equipada con ruedas<\/figcaption><\/figure>    <figure class=\"wp-block-image size-large\"><img loading=\"lazy\" decoding=\"async\" width=\"720\" height=\"540\" data-id=\"1448\" src=\"https:\/\/corn-machines.com\/wp-content\/uploads\/2026\/01\/wheels-of-corn-stalk-harvester-machine.webp\" alt=\"ruedas de la m\u00e1quina cosechadora de tallos de ma\u00edz\" class=\"wp-image-1448\" srcset=\"https:\/\/corn-machines.com\/wp-content\/uploads\/2026\/01\/wheels-of-corn-stalk-harvester-machine.webp 720w, https:\/\/corn-machines.com\/wp-content\/uploads\/2026\/01\/wheels-of-corn-stalk-harvester-machine-300x225.webp 300w, https:\/\/corn-machines.com\/wp-content\/uploads\/2026\/01\/wheels-of-corn-stalk-harvester-machine-16x12.webp 16w\" sizes=\"auto, (max-width: 720px) 100vw, 720px\" \/><figcaption class=\"wp-element-caption\">ruedas de la m\u00e1quina cosechadora de tallos de ma\u00edz<\/figcaption><\/figure> <\/figure>    <p class=\"translation-block\"><strong>Secci\u00f3n de trituraci\u00f3n secundaria<\/strong><\/p>    <p>Tambi\u00e9n podemos agregar un dispositivo de trituraci\u00f3n secundaria seg\u00fan los requisitos del cliente. La funci\u00f3n de trituraci\u00f3n secundaria permite que la paja se triture en piezas m\u00e1s peque\u00f1as, facilitando su posterior reciclaje y utilizaci\u00f3n, como en procesamiento de alimentos o tratamiento de biomasa.<\/p>   <div class=\"wp-block-image\"> <figure class=\"aligncenter size-full\"><img loading=\"lazy\" decoding=\"async\" width=\"720\" height=\"540\" src=\"https:\/\/corn-machines.com\/wp-content\/uploads\/2026\/01\/second-crusshing-part-of-silage-harvesting-machine.webp\" alt=\"segunda parte de trituraci\u00f3n de la m\u00e1quina de cosecha de ensilado\" class=\"wp-image-1449\" srcset=\"https:\/\/corn-machines.com\/wp-content\/uploads\/2026\/01\/second-crusshing-part-of-silage-harvesting-machine.webp 720w, https:\/\/corn-machines.com\/wp-content\/uploads\/2026\/01\/second-crusshing-part-of-silage-harvesting-machine-300x225.webp 300w, https:\/\/corn-machines.com\/wp-content\/uploads\/2026\/01\/second-crusshing-part-of-silage-harvesting-machine-16x12.webp 16w\" sizes=\"auto, (max-width: 720px) 100vw, 720px\" \/><figcaption class=\"wp-element-caption\">segunda parte de trituraci\u00f3n de la m\u00e1quina de cosecha de ensilado<\/figcaption><\/figure> <\/div>   <h2 class=\"wp-block-heading\"><strong>Precio de la m\u00e1quina de cosecha de tallos de ma\u00edz<\/strong><\/h2>    <p>El precio de la m\u00e1quina de cosecha de ensilado de ma\u00edz est\u00e1 determinado por varios factores, principalmente los siguientes:<\/p>    <ol class=\"wp-block-list\"> <li><strong>Eficiencia de trabajo<\/strong>: Las estructuras de trituraci\u00f3n de alta velocidad y los sistemas de transmisi\u00f3n reforzados configurados para una operaci\u00f3n eficiente afectar\u00e1n el precio total de la m\u00e1quina.<\/li>    <li><strong>Nivel de configuraci\u00f3n<\/strong>: Diferentes configuraciones, como si incluye un dispositivo de descarga autom\u00e1tica hidr\u00e1ulico o un dispositivo de trituraci\u00f3n secundaria, resultar\u00e1n en diferentes costos.<\/li>    <li><strong>Emparejamiento de potencia<\/strong>: Diferentes requisitos de potencia del tractor exigir\u00e1n diferentes demandas en el sistema de transmisi\u00f3n y estructura general.<\/li>    <li><strong>Requisitos de personalizaci\u00f3n<\/strong>: Las configuraciones personalizadas seg\u00fan diferentes condiciones operativas afectar\u00e1n en cierta medida el precio final.<\/li> <\/ol>   <div class=\"wp-block-image\"> <figure class=\"aligncenter size-full\"><img loading=\"lazy\" decoding=\"async\" width=\"720\" height=\"540\" src=\"https:\/\/corn-machines.com\/wp-content\/uploads\/2026\/01\/corn-silage-harvesting-machine.webp\" alt=\"m\u00e1quina cosechadora de ensilaje de ma\u00edz\" class=\"wp-image-1450\" srcset=\"https:\/\/corn-machines.com\/wp-content\/uploads\/2026\/01\/corn-silage-harvesting-machine.webp 720w, https:\/\/corn-machines.com\/wp-content\/uploads\/2026\/01\/corn-silage-harvesting-machine-300x225.webp 300w, https:\/\/corn-machines.com\/wp-content\/uploads\/2026\/01\/corn-silage-harvesting-machine-16x12.webp 16w\" sizes=\"auto, (max-width: 720px) 100vw, 720px\" \/><figcaption class=\"wp-element-caption\">m\u00e1quina cosechadora de ensilaje de ma\u00edz<\/figcaption><\/figure> <\/div>   <h2 class=\"wp-block-heading\"><strong>Preguntas frecuentes sobre la m\u00e1quina de trituraci\u00f3n y recolecci\u00f3n de ensilado<\/strong><\/h2>   <div id=\"rank-math-faq\" class=\"rank-math-block\"> <div class=\"rank-math-list\"> <div id=\"faq-question-1767581261527\" class=\"rank-math-list-item\"> <h3 class=\"rank-math-question\">\u00bfQu\u00e9 funciones tiene la m\u00e1quina?<\/h3> <div class=\"rank-math-answer\">  <p>Funci\u00f3n de trituraci\u00f3n y reciclaje de paja.<\/p>  <\/div> <\/div> <div id=\"faq-question-1767581303237\" class=\"rank-math-list-item\"> <h3 class=\"rank-math-question\">\u00bfPuedo comprar solo la parte triturada?<\/h3> <div class=\"rank-math-answer\">  <p>S\u00ed, y el precio tambi\u00e9n ser\u00e1 m\u00e1s barato.<\/p>  <\/div> <\/div> <div id=\"faq-question-1767581453551\" class=\"rank-math-list-item\"> <h3 class=\"rank-math-question\">What is the typical lifting height of the machine&#8217;s hopper?<\/h3> <div class=\"rank-math-answer\">  <p>3.5 metros sobre el suelo.<\/p>  <\/div> <\/div> <div id=\"faq-question-1767581514164\" class=\"rank-math-list-item\"> <h3 class=\"rank-math-question\">\u00bfPuede procesar paja seca?<\/h3> <div class=\"rank-math-answer\">  <p>S\u00ed, puede usarse tanto para aplicaciones h\u00famedas como secas.<\/p>  <\/div> <\/div> <div id=\"faq-question-1767581556091\" class=\"rank-math-list-item\"> <h3 class=\"rank-math-question\">\u00bfCu\u00e1l es la altura del rastro restante despu\u00e9s de triturar?<\/h3> <div class=\"rank-math-answer\">  <p>8-15 cm (ajustable seg\u00fan los requisitos).<\/p>  <\/div> <\/div> <\/div> <\/div>   <h2 class=\"wp-block-heading\"><strong>\u00a1Cont\u00e1ctanos para soluciones de procesamiento de ensilado!<\/strong><\/h2>    <p class=\"translation-block\">Adem\u00e1s de la m\u00e1quina de cosecha de ensilado de ma\u00edz, tambi\u00e9n ofrecemos una <a href=\"https:\/\/corn-machines.com\/es\/product\/automatic-silage-baler-machine\/\">m\u00e1quina de empacado de ensilado<\/a> de alta eficiencia que puede usarse junto con ella, permitiendo operaciones integradas de trituraci\u00f3n, recolecci\u00f3n, empacado y envoltura. Si tiene alguna necesidad, no dude en contactarnos para soluciones de procesamiento de ensilado personalizadas.<\/p>","protected":false},"excerpt":{"rendered":"<p>Taizy corn silage harvesting machine is designed to crush and collect corn stalks, sorghum stalks, forage grass, and various dry and wet silage materials into pieces smaller than 80mm.  Its recycling rate is \u226580% and working efficiency is 0.25-0.72 hectares\/h.<\/p>","protected":false},"author":1,"featured_media":1451,"parent":0,"template":"","tags":[81,82],"product-type":[86],"class_list":["post-1439","product","type-product","status-publish","has-post-thumbnail","hentry","tag-corn-silage","tag-silage","product-type-corn-silage-processing-machine"],"_links":{"self":[{"href":"https:\/\/corn-machines.com\/es\/wp-json\/wp\/v2\/product\/1439","targetHints":{"allow":["GET"]}}],"collection":[{"href":"https:\/\/corn-machines.com\/es\/wp-json\/wp\/v2\/product"}],"about":[{"href":"https:\/\/corn-machines.com\/es\/wp-json\/wp\/v2\/types\/product"}],"author":[{"embeddable":true,"href":"https:\/\/corn-machines.com\/es\/wp-json\/wp\/v2\/users\/1"}],"wp:featuredmedia":[{"embeddable":true,"href":"https:\/\/corn-machines.com\/es\/wp-json\/wp\/v2\/media\/1451"}],"wp:attachment":[{"href":"https:\/\/corn-machines.com\/es\/wp-json\/wp\/v2\/media?parent=1439"}],"wp:term":[{"taxonomy":"post_tag","embeddable":true,"href":"https:\/\/corn-machines.com\/es\/wp-json\/wp\/v2\/tags?post=1439"},{"taxonomy":"product-type","embeddable":true,"href":"https:\/\/corn-machines.com\/es\/wp-json\/wp\/v2\/product-type?post=1439"}],"curies":[{"name":"wp","href":"https:\/\/api.w.org\/{rel}","templated":true}]}}