{"id":1378,"date":"2025-12-04T15:36:00","date_gmt":"2025-12-04T07:36:00","guid":{"rendered":"https:\/\/corn-machines.com\/?post_type=product&#038;p=1378"},"modified":"2025-12-05T09:43:09","modified_gmt":"2025-12-05T01:43:09","slug":"multifunctional-corn-sheller","status":"publish","type":"product","link":"https:\/\/corn-machines.com\/es\/product\/multifunctional-corn-sheller\/","title":{"rendered":"Desgranadora multifuncional de ma\u00edz para granos"},"content":{"rendered":"<p class=\"translation-block\">La <strong>despulpadora multifuncional de ma\u00edz<\/strong> de Taizy es un dispositivo de trilla que integra trilla, venteo y cribado. Es adecuada para varios granos como ma\u00edz, trigo, arroz, sorgo y soja. La threshadora de ma\u00edz puede lograr una capacidad de 1000 kg\/h, una tasa de trilla de \u226599% y una tasa de roturas de \u22640.5%.<\/p>    <p>La threshadora de granos est\u00e1 disponible en configuraciones de potencia con motor el\u00e9ctrico y motor di\u00e9sel y est\u00e1 equipada con neum\u00e1ticos grandes en un bastidor de remolque, lo que permite movilidad flexible entre diferentes sitios de trabajo.<\/p>    <h2 class=\"wp-block-heading\"><strong>Ventajas de la threshadora multifuncional de ma\u00edz<\/strong><\/h2>    <ul class=\"wp-block-list\"> <li>Nuestra despulpadora multifuncional de ma\u00edz <strong>puede procesar varios granos<\/strong> such as corn, wheat, rice, sorghum, and soybeans, meeting farmers&#8217; threshing needs for different crops throughout the year.<\/li>    <li>La threshadora de granos utiliza un proceso integrado, separando granos de paja, salvado y impurezas pesadas en una sola pasada, <strong>ahorra tiempo y mano de obra<\/strong>.<\/li>    <li>Un ventilador de gran caudal combinado con un tamiz de vibraci\u00f3n de precisi\u00f3n elimina eficazmente tanto impurezas ligeras como pesadas, <strong>garantizando granos m\u00e1s limpios y productos terminados de mayor calidad<\/strong>.<\/li>    <li>La threshadora multifuncional de ma\u00edz Taizy puede estar equipada con<strong> motor el\u00e9ctrico o motor di\u00e9sel<\/strong>, adecuada para diferentes condiciones de energ\u00eda y entornos de operaci\u00f3n al aire libre.<\/li>    <li>Presenta un bastidor de remolque y neum\u00e1ticos grandes, lo que permite <strong>movimiento f\u00e1cil a trav\u00e9s de diferentes terrenos<\/strong> y mejorar la flexibilidad operativa.<\/li>    <li>Nuestra m\u00e1quina despulpadora de granos funciona de forma suave y fiable, puede operar de forma continua durante per\u00edodos prolongados y alcanza un <strong>rendimiento de trilla de hasta 1000 kg\/h<\/strong>.<\/li> <\/ul>   <div class=\"wp-block-image\"> <figure class=\"aligncenter size-full\"><img loading=\"lazy\" decoding=\"async\" width=\"720\" height=\"540\" src=\"https:\/\/corn-machines.com\/wp-content\/uploads\/2025\/12\/multifunctional-corn-sheller.webp\" alt=\"desgranadora de ma\u00edz multifunci\u00f3n\" class=\"wp-image-1379\" srcset=\"https:\/\/corn-machines.com\/wp-content\/uploads\/2025\/12\/multifunctional-corn-sheller.webp 720w, https:\/\/corn-machines.com\/wp-content\/uploads\/2025\/12\/multifunctional-corn-sheller-300x225.webp 300w, https:\/\/corn-machines.com\/wp-content\/uploads\/2025\/12\/multifunctional-corn-sheller-16x12.webp 16w\" sizes=\"auto, (max-width: 720px) 100vw, 720px\" \/><figcaption class=\"wp-element-caption\">desgranadora de ma\u00edz multifunci\u00f3n<\/figcaption><\/figure> <\/div>   <h2 class=\"wp-block-heading\"><strong>Utilizaci\u00f3n de la threshadora de granos<\/strong><\/h2>    <p>La despulpadora de ma\u00edz multifuncional tiene una amplia gama de aplicaciones y puede procesar una variedad de granos comunes. Adem\u00e1s del ma\u00edz, la despulpadora de granos tambi\u00e9n puede desgranarse eficazmente trigo, arroz, sorgo, soja, mijo, s\u00e9samo y otros granos similares.<\/p>   <div class=\"wp-block-image\"> <figure class=\"aligncenter size-full\"><img loading=\"lazy\" decoding=\"async\" width=\"720\" height=\"540\" src=\"https:\/\/corn-machines.com\/wp-content\/uploads\/2025\/12\/application-of-multifunctional-corn-thresher.webp\" alt=\"aplicaci\u00f3n de la threshadora de ma\u00edz multifuncional\" class=\"wp-image-1380\" srcset=\"https:\/\/corn-machines.com\/wp-content\/uploads\/2025\/12\/application-of-multifunctional-corn-thresher.webp 720w, https:\/\/corn-machines.com\/wp-content\/uploads\/2025\/12\/application-of-multifunctional-corn-thresher-300x225.webp 300w, https:\/\/corn-machines.com\/wp-content\/uploads\/2025\/12\/application-of-multifunctional-corn-thresher-16x12.webp 16w\" sizes=\"auto, (max-width: 720px) 100vw, 720px\" \/><figcaption class=\"wp-element-caption\">aplicaci\u00f3n de la threshadora de ma\u00edz multifuncional<\/figcaption><\/figure> <\/div>   <p>Nuestra threshadora de ma\u00edz multifuncional puede ser ampliamente utilizada en granjas familiares, bases de siembra de granos, cooperativas de maquinaria agr\u00edcola y estaciones rurales de servicio agr\u00edcola.<\/p>    <h2 class=\"wp-block-heading\"><strong>Estructura principal de la despulpadora multifuncional de ma\u00edz<\/strong><\/h2>    <p>La threshadora de ma\u00edz multifuncional consta principalmente de tolva de alimentaci\u00f3n, marco, tamiz c\u00f3ncavo, tambor de trilla, placa de cubierta, placa gu\u00eda, ventilador, tamiz vibratorio y dispositivo de transmisi\u00f3n. Su estructura se muestra a continuaci\u00f3n:<\/p>   <div class=\"wp-block-image\"> <figure class=\"aligncenter size-full\"><img loading=\"lazy\" decoding=\"async\" width=\"720\" height=\"540\" src=\"https:\/\/corn-machines.com\/wp-content\/uploads\/2025\/12\/structure-of-multifunctional-maize-thresher-machine.webp\" alt=\"estructura de la threshadora de ma\u00edz de la planta\" class=\"wp-image-1388\" srcset=\"https:\/\/corn-machines.com\/wp-content\/uploads\/2025\/12\/structure-of-multifunctional-maize-thresher-machine.webp 720w, https:\/\/corn-machines.com\/wp-content\/uploads\/2025\/12\/structure-of-multifunctional-maize-thresher-machine-300x225.webp 300w, https:\/\/corn-machines.com\/wp-content\/uploads\/2025\/12\/structure-of-multifunctional-maize-thresher-machine-16x12.webp 16w\" sizes=\"auto, (max-width: 720px) 100vw, 720px\" \/><figcaption class=\"wp-element-caption\">estructura de la threshadora de ma\u00edz de la planta<\/figcaption><\/figure> <\/div>   <h2 class=\"wp-block-heading\"><strong>\u00bfC\u00f3mo funciona la m\u00e1quina despulpadora multprop\u00f3sito?<\/strong> <strong>\u00bftrabaja?<\/strong><\/h2>    <p>Despu\u00e9s de encenderse, el tambor gira a alta velocidad, golpeando los granos de la paja o de la corteza mediante clavijas dentadas. Los granos y los desechos caen sobre la pantalla c\u00f3ncava; las part\u00edculas grandes caen, mientras que las impurezas m\u00e1s peque\u00f1as son expulsadas por el soplador.<\/p>    <p>Dos ventiladores eliminan hojas, paja picada y hollejos. Los granos restantes pasan por un tamiz vibratorio para separar peque\u00f1as piedras y impurezas mayores.<\/p>    <figure class=\"wp-block-gallery has-nested-images columns-default is-cropped wp-block-gallery-2 is-layout-flex wp-block-gallery-is-layout-flex\"> <figure class=\"wp-block-image size-large\"><img loading=\"lazy\" decoding=\"async\" width=\"720\" height=\"540\" data-id=\"1382\" src=\"https:\/\/corn-machines.com\/wp-content\/uploads\/2025\/12\/grain-threshiing-machine.webp\" alt=\"desgranadora de granos\" class=\"wp-image-1382\" srcset=\"https:\/\/corn-machines.com\/wp-content\/uploads\/2025\/12\/grain-threshiing-machine.webp 720w, https:\/\/corn-machines.com\/wp-content\/uploads\/2025\/12\/grain-threshiing-machine-300x225.webp 300w, https:\/\/corn-machines.com\/wp-content\/uploads\/2025\/12\/grain-threshiing-machine-16x12.webp 16w\" sizes=\"auto, (max-width: 720px) 100vw, 720px\" \/><figcaption class=\"wp-element-caption\">desgranadora de granos<\/figcaption><\/figure>    <figure class=\"wp-block-image size-large\"><img loading=\"lazy\" decoding=\"async\" width=\"720\" height=\"540\" data-id=\"1383\" src=\"https:\/\/corn-machines.com\/wp-content\/uploads\/2025\/12\/multipurpose-grain-threshing-machine.webp\" alt=\"threshing multiusos de granos\" class=\"wp-image-1383\" srcset=\"https:\/\/corn-machines.com\/wp-content\/uploads\/2025\/12\/multipurpose-grain-threshing-machine.webp 720w, https:\/\/corn-machines.com\/wp-content\/uploads\/2025\/12\/multipurpose-grain-threshing-machine-300x225.webp 300w, https:\/\/corn-machines.com\/wp-content\/uploads\/2025\/12\/multipurpose-grain-threshing-machine-16x12.webp 16w\" sizes=\"auto, (max-width: 720px) 100vw, 720px\" \/><figcaption class=\"wp-element-caption\">threshing multiusos de granos<\/figcaption><\/figure> <\/figure>    <h2 class=\"wp-block-heading\"><strong>Especificaciones t\u00e9cnicas de la m\u00e1quina trilla de granos<\/strong><\/h2>    <figure class=\"wp-block-table\"><table class=\"has-fixed-layout\"><tbody><tr><td>Nombre de la m\u00e1quina<\/td><td>Despulpadora multifuncional<\/td><\/tr><tr><td>Modelo<\/td><td>SL-125<\/td><\/tr><tr><td>Fuerza<\/td><td>Motor de 11 kW o motor di\u00e9sel de 15 hp<\/td><\/tr><tr><td>Eje de velocidad<\/td><td>1200r\/min<\/td><\/tr><tr><td>Capacidad<\/td><td>aproximadamente 1000kg\/h<\/td><\/tr><tr><td>Tasa de despulpado<\/td><td>\u226599%<\/td><\/tr><tr><td>Peso<\/td><td>400kg<\/td><\/tr><tr><td>Tama\u00f1o<\/td><td>2030*1340*1380mm<\/td><\/tr><\/tbody><\/table><figcaption class=\"wp-element-caption\">par\u00e1metros de la m\u00e1quina de despulpado de granos<\/figcaption><\/figure>    <h2 class=\"wp-block-heading\"><strong>\u00bfCu\u00e1nto cuesta la despulpadora multiprop\u00f3sito de ma\u00edz?<\/strong><\/h2>    <p>The price of the multifunctional corn sheller depends on the selected model. Different models have different configurations and functions, and manufacturers usually provide a corresponding quote after understanding the customer&#8217;s needs.<\/p>   <div class=\"wp-block-image\"> <figure class=\"aligncenter size-full\"><img loading=\"lazy\" decoding=\"async\" width=\"720\" height=\"540\" src=\"https:\/\/corn-machines.com\/wp-content\/uploads\/2025\/12\/multipurpose-grain-threshing-equipment.webp\" alt=\"equipo de trilla de granos multifunci\u00f3n\" class=\"wp-image-1394\" srcset=\"https:\/\/corn-machines.com\/wp-content\/uploads\/2025\/12\/multipurpose-grain-threshing-equipment.webp 720w, https:\/\/corn-machines.com\/wp-content\/uploads\/2025\/12\/multipurpose-grain-threshing-equipment-300x225.webp 300w, https:\/\/corn-machines.com\/wp-content\/uploads\/2025\/12\/multipurpose-grain-threshing-equipment-16x12.webp 16w\" sizes=\"auto, (max-width: 720px) 100vw, 720px\" \/><figcaption class=\"wp-element-caption\">equipo de trilla de granos multifunci\u00f3n<\/figcaption><\/figure> <\/div>   <h2 class=\"wp-block-heading\"><strong>Caso de \u00e9xito de la threshadora multifuncional de granos Taizy<\/strong><\/h2>    <p>El a\u00f1o pasado, el gobierno de Nigeria, como parte de un proyecto para promover la mecanizaci\u00f3n agr\u00edcola, compr\u00f3 1,000 m\u00e1quinas despulpadoras multifuncionales de ma\u00edz, que luego fueron distribuidas entre varios estados y zonas rurales.<\/p>    <p>The deployment of these grain threshing machines has not only accelerated the local grain harvesting process but has also played a significant role in increasing farmers&#8217; incomes and promoting regional agricultural modernization.<\/p>    <figure class=\"wp-block-gallery has-nested-images columns-default is-cropped wp-block-gallery-3 is-layout-flex wp-block-gallery-is-layout-flex\"> <figure class=\"wp-block-image size-large\"><img loading=\"lazy\" decoding=\"async\" width=\"720\" height=\"540\" data-id=\"1385\" src=\"https:\/\/corn-machines.com\/wp-content\/uploads\/2025\/12\/multiourpose-maize-shelling-machine.webp\" alt=\"embaladora de ma\u00edz multi-uso\" class=\"wp-image-1385\" srcset=\"https:\/\/corn-machines.com\/wp-content\/uploads\/2025\/12\/multiourpose-maize-shelling-machine.webp 720w, https:\/\/corn-machines.com\/wp-content\/uploads\/2025\/12\/multiourpose-maize-shelling-machine-300x225.webp 300w, https:\/\/corn-machines.com\/wp-content\/uploads\/2025\/12\/multiourpose-maize-shelling-machine-16x12.webp 16w\" sizes=\"auto, (max-width: 720px) 100vw, 720px\" \/><figcaption class=\"wp-element-caption\">embaladora de ma\u00edz multi-uso<\/figcaption><\/figure>    <figure class=\"wp-block-image size-large\"><img loading=\"lazy\" decoding=\"async\" width=\"720\" height=\"540\" data-id=\"1386\" src=\"https:\/\/corn-machines.com\/wp-content\/uploads\/2025\/12\/fb4e00ef47764d21bbf8ce9449db2a8f-tuya_\u7ed3\u679c.webp\" alt=\"Clientes visitan la threshadora de granos\" class=\"wp-image-1386\" srcset=\"https:\/\/corn-machines.com\/wp-content\/uploads\/2025\/12\/fb4e00ef47764d21bbf8ce9449db2a8f-tuya_\u7ed3\u679c.webp 720w, https:\/\/corn-machines.com\/wp-content\/uploads\/2025\/12\/fb4e00ef47764d21bbf8ce9449db2a8f-tuya_\u7ed3\u679c-300x225.webp 300w, https:\/\/corn-machines.com\/wp-content\/uploads\/2025\/12\/fb4e00ef47764d21bbf8ce9449db2a8f-tuya_\u7ed3\u679c-16x12.webp 16w\" sizes=\"auto, (max-width: 720px) 100vw, 720px\" \/><figcaption class=\"wp-element-caption\">los clientes visitan la threshadora de granos<\/figcaption><\/figure> <\/figure>    <h2 class=\"wp-block-heading\"><strong>Otros equipos de procesamiento de ma\u00edz vendidos por Taizy<\/strong><\/h2>    <p class=\"translation-block\">Como proveedor profesional de equipos agr\u00edcolas, Taizy ofrece no solo despulpadora multifuncional de ma\u00edz, sino tambi\u00e9n una variedad de equipos de procesamiento de ma\u00edz, incluyendo <a href=\"https:\/\/corn-machines.com\/es\/product\/automated-corn-sowing-machine\/\">plantador de ma\u00edz<\/a>, <a href=\"https:\/\/corn-machines.com\/es\/product\/maize-harvesting-machine-with-seat\/\">cosechadora de ma\u00edz<\/a>, <a href=\"https:\/\/corn-machines.com\/es\/product\/corn-grits-machine\/\">m\u00e1quina para hacer s\u00e9mola de ma\u00edz<\/a>, y <a href=\"https:\/\/corn-machines.com\/es\/product\/corn-silage-harvester-machine\/\">cosechadora de forraje de ma\u00edz<\/a>. Proporcionamos a los usuarios una soluci\u00f3n integral desde la siembra y la cosecha hasta el procesamiento.<\/p>    <figure class=\"wp-block-gallery has-nested-images columns-default is-cropped wp-block-gallery-4 is-layout-flex wp-block-gallery-is-layout-flex\"> <figure class=\"wp-block-image size-full\"><img loading=\"lazy\" decoding=\"async\" width=\"720\" height=\"540\" data-id=\"1393\" src=\"https:\/\/corn-machines.com\/wp-content\/uploads\/2025\/12\/corn-planting-machine-1.webp\" alt=\"maquina sembradora de maiz\" class=\"wp-image-1393\" srcset=\"https:\/\/corn-machines.com\/wp-content\/uploads\/2025\/12\/corn-planting-machine-1.webp 720w, https:\/\/corn-machines.com\/wp-content\/uploads\/2025\/12\/corn-planting-machine-1-300x225.webp 300w, https:\/\/corn-machines.com\/wp-content\/uploads\/2025\/12\/corn-planting-machine-1-16x12.webp 16w\" sizes=\"auto, (max-width: 720px) 100vw, 720px\" \/><figcaption class=\"wp-element-caption\">maquina sembradora de maiz<\/figcaption><\/figure>    <figure class=\"wp-block-image size-large\"><img loading=\"lazy\" decoding=\"async\" width=\"720\" height=\"540\" data-id=\"1389\" src=\"https:\/\/corn-machines.com\/wp-content\/uploads\/2025\/12\/maize-harvester-machine.webp\" alt=\"m\u00e1quina cosechadora de ma\u00edz\" class=\"wp-image-1389\" srcset=\"https:\/\/corn-machines.com\/wp-content\/uploads\/2025\/12\/maize-harvester-machine.webp 720w, https:\/\/corn-machines.com\/wp-content\/uploads\/2025\/12\/maize-harvester-machine-300x225.webp 300w, https:\/\/corn-machines.com\/wp-content\/uploads\/2025\/12\/maize-harvester-machine-16x12.webp 16w\" sizes=\"auto, (max-width: 720px) 100vw, 720px\" \/><figcaption class=\"wp-element-caption\">m\u00e1quina cosechadora de ma\u00edz<\/figcaption><\/figure> <\/figure>    <figure class=\"wp-block-gallery has-nested-images columns-default is-cropped wp-block-gallery-5 is-layout-flex wp-block-gallery-is-layout-flex\"> <figure class=\"wp-block-image size-large\"><img loading=\"lazy\" decoding=\"async\" width=\"720\" height=\"540\" data-id=\"1390\" src=\"https:\/\/corn-machines.com\/wp-content\/uploads\/2025\/12\/maize-silage-harvesting-machine.webp\" alt=\"m\u00e1quina de cosecha de ensilaje de ma\u00edz\" class=\"wp-image-1390\" srcset=\"https:\/\/corn-machines.com\/wp-content\/uploads\/2025\/12\/maize-silage-harvesting-machine.webp 720w, https:\/\/corn-machines.com\/wp-content\/uploads\/2025\/12\/maize-silage-harvesting-machine-300x225.webp 300w, https:\/\/corn-machines.com\/wp-content\/uploads\/2025\/12\/maize-silage-harvesting-machine-16x12.webp 16w\" sizes=\"auto, (max-width: 720px) 100vw, 720px\" \/><figcaption class=\"wp-element-caption\">m\u00e1quina de cosecha de ensilaje de ma\u00edz<\/figcaption><\/figure>    <figure class=\"wp-block-image size-large\"><img loading=\"lazy\" decoding=\"async\" width=\"720\" height=\"540\" data-id=\"1392\" src=\"https:\/\/corn-machines.com\/wp-content\/uploads\/2025\/12\/corn-grits-making-machine.webp\" alt=\"m\u00e1quina para hacer s\u00e9mola de ma\u00edz\" class=\"wp-image-1392\" srcset=\"https:\/\/corn-machines.com\/wp-content\/uploads\/2025\/12\/corn-grits-making-machine.webp 720w, https:\/\/corn-machines.com\/wp-content\/uploads\/2025\/12\/corn-grits-making-machine-300x225.webp 300w, https:\/\/corn-machines.com\/wp-content\/uploads\/2025\/12\/corn-grits-making-machine-16x12.webp 16w\" sizes=\"auto, (max-width: 720px) 100vw, 720px\" \/><figcaption class=\"wp-element-caption\">m\u00e1quina para hacer s\u00e9mola de ma\u00edz<\/figcaption><\/figure> <\/figure>    <p>Si est\u00e1 interesado en threshers de ma\u00edz u otros equipos relacionados, no dude en contactarnos para obtener informaci\u00f3n detallada y cotizaciones de equipos. Recomendaremos la m\u00e1quina m\u00e1s adecuada para usted.<\/p>","protected":false},"excerpt":{"rendered":"<p>This article introduces the multifunctional corn sheller that integrates threshing, winnowing, and screening, enabling efficient grain threshing. It is suitable for corn, wheat, rice, sorghum, soybeans, and other grains. The machine has a processing capacity of up to 1000 kg\/h and a threshing rate of \u226599%.<\/p>","protected":false},"author":1,"featured_media":1387,"parent":0,"template":"","tags":[42,52],"product-type":[4],"class_list":["post-1378","product","type-product","status-publish","has-post-thumbnail","hentry","tag-corn","tag-grain","product-type-corn-thresher-machine"],"_links":{"self":[{"href":"https:\/\/corn-machines.com\/es\/wp-json\/wp\/v2\/product\/1378","targetHints":{"allow":["GET"]}}],"collection":[{"href":"https:\/\/corn-machines.com\/es\/wp-json\/wp\/v2\/product"}],"about":[{"href":"https:\/\/corn-machines.com\/es\/wp-json\/wp\/v2\/types\/product"}],"author":[{"embeddable":true,"href":"https:\/\/corn-machines.com\/es\/wp-json\/wp\/v2\/users\/1"}],"wp:featuredmedia":[{"embeddable":true,"href":"https:\/\/corn-machines.com\/es\/wp-json\/wp\/v2\/media\/1387"}],"wp:attachment":[{"href":"https:\/\/corn-machines.com\/es\/wp-json\/wp\/v2\/media?parent=1378"}],"wp:term":[{"taxonomy":"post_tag","embeddable":true,"href":"https:\/\/corn-machines.com\/es\/wp-json\/wp\/v2\/tags?post=1378"},{"taxonomy":"product-type","embeddable":true,"href":"https:\/\/corn-machines.com\/es\/wp-json\/wp\/v2\/product-type?post=1378"}],"curies":[{"name":"wp","href":"https:\/\/api.w.org\/{rel}","templated":true}]}}