{"id":1351,"date":"2025-11-27T14:33:15","date_gmt":"2025-11-27T06:33:15","guid":{"rendered":"https:\/\/corn-machines.com\/?post_type=product&#038;p=1351"},"modified":"2025-11-27T16:02:03","modified_gmt":"2025-11-27T08:02:03","slug":"silage-cutting-machine","status":"publish","type":"product","link":"https:\/\/corn-machines.com\/es\/product\/silage-cutting-machine\/","title":{"rendered":"M\u00e1quina de corte de ensilado para procesamiento de alimento"},"content":{"rendered":"<p class=\"translation-block\">Taizy <strong>m\u00e1quina de corte de ensilado<\/strong> se utiliza para triturar heno, hierba, tallos de ma\u00edz, paja de sorgo, alfalfa, morera y otras hierbas en piezas finas. El producto terminado tiene una longitud de 10-180 mm y un ancho de menos de 10 mm.<\/p>    <p>Ofrecemos una variedad de m\u00e1quinas cortadoras de paja con una capacidad que va desde 4 hasta 15 toneladas por hora. La cortadora de paja Taizy es un equipo ideal para el procesamiento de forraje para ganaderos de tama\u00f1o medio a grande. Si buscas una m\u00e1quina de corte de forraje de alta eficiencia, cont\u00e1ctanos ahora para la mejor cotizaci\u00f3n.<\/p>    <figure class=\"wp-block-embed is-type-video is-provider-youtube wp-block-embed-youtube wp-embed-aspect-16-9 wp-has-aspect-ratio\"><div class=\"wp-block-embed__wrapper\"> <iframe loading=\"lazy\" title=\"M\u00e1quina de corte de ensilaje de alta eficiencia | Trituradora de paja para picar hierba y residuos de ma\u00edz\" width=\"500\" height=\"281\" src=\"https:\/\/www.youtube.com\/embed\/YwEin-WRDcg?feature=oembed\" frameborder=\"0\" allow=\"accelerometer; autoplay; clipboard-write; encrypted-media; gyroscope; picture-in-picture; web-share\" referrerpolicy=\"strict-origin-when-cross-origin\" allowfullscreen><\/iframe> <\/div><figcaption class=\"wp-element-caption\">Video de trabajo de la m\u00e1quina cortadora de ensilaje<\/figcaption><\/figure>    <h2 class=\"wp-block-heading\"><strong>Caracter\u00edsticas superiores de la m\u00e1quina cortadora de paja<\/strong><\/h2>    <ul class=\"wp-block-list\"> <li><strong>Producto acabado fino<\/strong>: El forraje procesado tiene fibras finas y suaves, mejorando significativamente la palatabilidad y facilitando la digesti\u00f3n de vacas, ovejas, caballos, pollos, patos, conejos y otros animales.<\/li>    <li><strong>Amplias aplicaciones<\/strong>: Taizy silage shredder machine can cut and pulverize various forage materials, including hay, corn stalks, sorghum, and silage. It&#8217;s a multi-purpose machine suitable for various livestock farming scenarios.<\/li>    <li><strong>Larga vida \u00fatil<\/strong>: Nuestra m\u00e1quina de corte de ensilado utiliza un dise\u00f1o de cuchilla de martillo reforzada, que es dura, resistente al desgaste y no se da\u00f1a f\u00e1cilmente, adem\u00e1s de tener una larga vida \u00fatil, reduciendo significativamente los costos de mantenimiento.<\/li>    <li><strong>Alta eficiencia<\/strong>: La cortadora de paja Taizy se caracteriza por su alta eficiencia de procesamiento, con una capacidad de producci\u00f3n de hasta 15 toneladas por hora.<\/li>    <li><strong>Estructura estable<\/strong>: La m\u00e1quina cortadora de heno tiene un dise\u00f1o robusto y una fuerte estabilidad operativa a largo plazo, asegurando una producci\u00f3n continua y eficiente.<\/li>    <li><strong>F\u00e1cil operaci\u00f3n<\/strong>: Nuestra m\u00e1quina picadora de paja tiene una estructura clara, es f\u00e1cil de operar y requiere un mantenimiento diario sencillo, lo que la hace adecuada para diversos usuarios.<\/li> <\/ul>   <div class=\"wp-block-image\"> <figure class=\"aligncenter size-full\"><img loading=\"lazy\" decoding=\"async\" width=\"720\" height=\"540\" src=\"https:\/\/corn-machines.com\/wp-content\/uploads\/2025\/11\/silage-cutting-machine.webp\" alt=\"M\u00e1quina de corte de ensilaje\" class=\"wp-image-1352\" srcset=\"https:\/\/corn-machines.com\/wp-content\/uploads\/2025\/11\/silage-cutting-machine.webp 720w, https:\/\/corn-machines.com\/wp-content\/uploads\/2025\/11\/silage-cutting-machine-300x225.webp 300w, https:\/\/corn-machines.com\/wp-content\/uploads\/2025\/11\/silage-cutting-machine-16x12.webp 16w\" sizes=\"auto, (max-width: 720px) 100vw, 720px\" \/><figcaption class=\"wp-element-caption\">M\u00e1quina de corte de ensilaje<\/figcaption><\/figure> <\/div>   <h2 class=\"wp-block-heading\"><strong>Escenarios de aplicaci\u00f3n de la m\u00e1quina de corte de ensilado<\/strong><\/h2>    <p>Nuestra m\u00e1quina cortadora de paja puede procesar una variedad de pajas de cultivos y materiales de forraje, incluyendo heno, tallos de ma\u00edz, paja de trigo, tallos de sorgo, paja de arroz, vides de cacahuete, juncos, pasto de pastizal, ensilado y casi todos los materiales fibrosos comunes.<\/p>    <p>La m\u00e1quina cortadora de ensilado puede procesar estos materiales en hierba fina, haciendo que las fibras sean suaves y de longitud uniforme, f\u00e1ciles de comer para los animales. La m\u00e1quina se usa ampliamente para el procesamiento de forraje en granjas de ganado para vacas, ovejas, caballos y conejos, y tambi\u00e9n es adecuada para el pretratamiento del ensilado.<\/p>    <figure class=\"wp-block-gallery has-nested-images columns-default is-cropped wp-block-gallery-2 is-layout-flex wp-block-gallery-is-layout-flex\"> <figure class=\"wp-block-image size-large\"><img loading=\"lazy\" decoding=\"async\" width=\"540\" height=\"720\" data-id=\"1354\" src=\"https:\/\/corn-machines.com\/wp-content\/uploads\/2025\/11\/silage-chopper-machine-1.webp\" alt=\"m\u00e1quina picadora de ensilaje\" class=\"wp-image-1354\" srcset=\"https:\/\/corn-machines.com\/wp-content\/uploads\/2025\/11\/silage-chopper-machine-1.webp 540w, https:\/\/corn-machines.com\/wp-content\/uploads\/2025\/11\/silage-chopper-machine-1-225x300.webp 225w, https:\/\/corn-machines.com\/wp-content\/uploads\/2025\/11\/silage-chopper-machine-1-9x12.webp 9w\" sizes=\"auto, (max-width: 540px) 100vw, 540px\" \/><figcaption class=\"wp-element-caption\">m\u00e1quina picadora de ensilaje<\/figcaption><\/figure>    <figure class=\"wp-block-image size-large\"><img loading=\"lazy\" decoding=\"async\" width=\"540\" height=\"720\" data-id=\"1353\" src=\"https:\/\/corn-machines.com\/wp-content\/uploads\/2025\/11\/application-of-chaff-cutter-1.webp\" alt=\"Aplicaci\u00f3n de la cortadora de paja\" class=\"wp-image-1353\" srcset=\"https:\/\/corn-machines.com\/wp-content\/uploads\/2025\/11\/application-of-chaff-cutter-1.webp 540w, https:\/\/corn-machines.com\/wp-content\/uploads\/2025\/11\/application-of-chaff-cutter-1-225x300.webp 225w, https:\/\/corn-machines.com\/wp-content\/uploads\/2025\/11\/application-of-chaff-cutter-1-9x12.webp 9w\" sizes=\"auto, (max-width: 540px) 100vw, 540px\" \/><figcaption class=\"wp-element-caption\">Aplicaci\u00f3n de la cortadora de paja<\/figcaption><\/figure> <\/figure>    <h2 class=\"wp-block-heading\"><strong>Estructura de la m\u00e1quina cortadora de hierba<\/strong><\/h2>    <p>La m\u00e1quina de corte de ensilado consta de varios componentes clave que trabajan en conjunto. La estructura principal incluye un dispositivo de alimentaci\u00f3n autom\u00e1tica, rotor, motor, marco, martillos y ruedas.<\/p>    <figure class=\"wp-block-gallery has-nested-images columns-default is-cropped wp-block-gallery-3 is-layout-flex wp-block-gallery-is-layout-flex\"> <figure class=\"wp-block-image size-large\"><img loading=\"lazy\" decoding=\"async\" width=\"720\" height=\"540\" data-id=\"1355\" src=\"https:\/\/corn-machines.com\/wp-content\/uploads\/2025\/11\/Big-tires-of-hay-cutting-machine.webp\" alt=\"neum\u00e1ticos grandes de la m\u00e1quina de corte de heno\" class=\"wp-image-1355\" srcset=\"https:\/\/corn-machines.com\/wp-content\/uploads\/2025\/11\/Big-tires-of-hay-cutting-machine.webp 720w, https:\/\/corn-machines.com\/wp-content\/uploads\/2025\/11\/Big-tires-of-hay-cutting-machine-300x225.webp 300w, https:\/\/corn-machines.com\/wp-content\/uploads\/2025\/11\/Big-tires-of-hay-cutting-machine-16x12.webp 16w\" sizes=\"auto, (max-width: 720px) 100vw, 720px\" \/><figcaption class=\"wp-element-caption\">neum\u00e1ticos grandes de la m\u00e1quina de corte de heno<\/figcaption><\/figure>    <figure class=\"wp-block-image size-large\"><img loading=\"lazy\" decoding=\"async\" width=\"720\" height=\"540\" data-id=\"1359\" src=\"https:\/\/corn-machines.com\/wp-content\/uploads\/2025\/11\/conveyor-chain-of-hay-cutting-machine.webp\" alt=\"cadena transportadora de la m\u00e1quina de corte de heno\" class=\"wp-image-1359\" srcset=\"https:\/\/corn-machines.com\/wp-content\/uploads\/2025\/11\/conveyor-chain-of-hay-cutting-machine.webp 720w, https:\/\/corn-machines.com\/wp-content\/uploads\/2025\/11\/conveyor-chain-of-hay-cutting-machine-300x225.webp 300w, https:\/\/corn-machines.com\/wp-content\/uploads\/2025\/11\/conveyor-chain-of-hay-cutting-machine-16x12.webp 16w\" sizes=\"auto, (max-width: 720px) 100vw, 720px\" \/><figcaption class=\"wp-element-caption\">cadena transportadora de la m\u00e1quina de corte de heno<\/figcaption><\/figure>    <figure class=\"wp-block-image size-large\"><img loading=\"lazy\" decoding=\"async\" width=\"720\" height=\"540\" data-id=\"1357\" src=\"https:\/\/corn-machines.com\/wp-content\/uploads\/2025\/11\/details-of-silage-shredder.webp\" alt=\"cuchillas de la trituradora de ensilado\" class=\"wp-image-1357\" srcset=\"https:\/\/corn-machines.com\/wp-content\/uploads\/2025\/11\/details-of-silage-shredder.webp 720w, https:\/\/corn-machines.com\/wp-content\/uploads\/2025\/11\/details-of-silage-shredder-300x225.webp 300w, https:\/\/corn-machines.com\/wp-content\/uploads\/2025\/11\/details-of-silage-shredder-16x12.webp 16w\" sizes=\"auto, (max-width: 720px) 100vw, 720px\" \/><figcaption class=\"wp-element-caption\">cuchillas de la trituradora de ensilado<\/figcaption><\/figure> <\/figure>    <h2 class=\"wp-block-heading\"><strong>\u00bfC\u00f3mo funciona la m\u00e1quina cortadora de paja de grano?<\/strong><\/h2>    <p>Despu\u00e9s de poner en marcha la m\u00e1quina de corte de ensilado, permita que el rotor de fricci\u00f3n funcione de manera estable antes de activar el dispositivo de alimentaci\u00f3n autom\u00e1tica. Los trabajadores distribuyen la paja en la bandeja de alimentaci\u00f3n, que alimenta autom\u00e1ticamente la paja en la m\u00e1quina.<\/p>    <p>Una vez que la paja entra en el tambor de fricci\u00f3n, es golpeada, desgarrada y frotada continuamente por los martillos de alta velocidad, convirti\u00e9ndola gradualmente en filamentos finos y largos. Finalmente, la paja frotada es expulsada de la m\u00e1quina por fuerza centr\u00edfuga, completando el procesamiento.<\/p>   <div class=\"wp-block-image\"> <figure class=\"aligncenter size-full\"><img loading=\"lazy\" decoding=\"async\" width=\"720\" height=\"540\" src=\"https:\/\/corn-machines.com\/wp-content\/uploads\/2025\/11\/forage-cutting-machine-4.webp\" alt=\"m\u00e1quina de corte de forraje\" class=\"wp-image-1358\" srcset=\"https:\/\/corn-machines.com\/wp-content\/uploads\/2025\/11\/forage-cutting-machine-4.webp 720w, https:\/\/corn-machines.com\/wp-content\/uploads\/2025\/11\/forage-cutting-machine-4-300x225.webp 300w, https:\/\/corn-machines.com\/wp-content\/uploads\/2025\/11\/forage-cutting-machine-4-16x12.webp 16w\" sizes=\"auto, (max-width: 720px) 100vw, 720px\" \/><figcaption class=\"wp-element-caption\">m\u00e1quina de corte de forraje<\/figcaption><\/figure> <\/div>   <h2 class=\"wp-block-heading\"><strong>Informaci\u00f3n detallada de la m\u00e1quina trituradora de ensilado<\/strong><\/h2>    <p>Ofrecemos varios modelos de m\u00e1quinas de corte de ensilado con capacidades que van desde 4 hasta 15 toneladas por hora. Las especificaciones espec\u00edficas se muestran a continuaci\u00f3n.<\/p>    <figure class=\"wp-block-table\"><table><tbody><tr><td>Art\u00edculo<\/td><td>9RSZ-4<\/td><td>9RSZ-6<\/td><td>9RSZ-10<\/td><td>9RSZ-15<\/td><\/tr><tr><td>Fuerza<\/td><td>7,5 kw<\/td><td>15 2.2kw<\/td><td>22 3kw<\/td><td>30 5.5kw<\/td><\/tr><tr><td>Velocidad del eje principal<\/td><td>2860r\/min<\/td><td>2860r\/min<\/td><td>2860r\/min<\/td><td>2100r\/min<\/td><\/tr><tr><td>Capacidad<\/td><td>4t\/h<\/td><td>6t\/h<\/td><td>10t\/h<\/td><td>15t\/h<\/td><\/tr><tr><td>Cantidad de cuchillas<\/td><td>32 piezas<\/td><td>40 piezas<\/td><td>48 piezas<\/td><td>64 piezas<\/td><\/tr><tr><td>Ancho de la bandeja de alimentaci\u00f3n<\/td><td>240mm<\/td><td>300mm<\/td><td>500 mm<\/td><td>800mm<\/td><\/tr><tr><td>Distancia de lanzamiento<\/td><td>\u22652300mm<\/td><td>\u22652300mm<\/td><td>\u22652300mm<\/td><td>\u22652300mm<\/td><\/tr><tr><td>Dimensi\u00f3n (L*An*Al)<\/td><td>2000*750*800mm<\/td><td>3000*900*1050mm<\/td><td>3600*930*1240mm<\/td><td>4200*1170*1250mm<\/td><\/tr><tr><td>Peso<\/td><td>300kg<\/td><td>980kg<\/td><td>1100kg<\/td><td>1400kg<\/td><\/tr><\/tbody><\/table><figcaption class=\"wp-element-caption\">par\u00e1metros de la m\u00e1quina cortadora de paja<\/figcaption><\/figure>    <h2 class=\"wp-block-heading\"><strong>Factores que afectan el precio del picador de paja<\/strong><\/h2>    <p>The price of the silage cutting machine is affected by a variety of factors, including the machine&#8217;s output, whether it is equipped with an automatic feeding device, the thickness of the machine body material, and the motor power configuration.<\/p>    <figure class=\"wp-block-gallery has-nested-images columns-default is-cropped wp-block-gallery-4 is-layout-flex wp-block-gallery-is-layout-flex\"> <figure class=\"wp-block-image size-large\"><img loading=\"lazy\" decoding=\"async\" width=\"720\" height=\"540\" data-id=\"1361\" src=\"https:\/\/corn-machines.com\/wp-content\/uploads\/2025\/11\/silage-shredding-machine.webp\" alt=\"m\u00e1quina de triturado de ensilado\" class=\"wp-image-1361\" srcset=\"https:\/\/corn-machines.com\/wp-content\/uploads\/2025\/11\/silage-shredding-machine.webp 720w, https:\/\/corn-machines.com\/wp-content\/uploads\/2025\/11\/silage-shredding-machine-300x225.webp 300w, https:\/\/corn-machines.com\/wp-content\/uploads\/2025\/11\/silage-shredding-machine-16x12.webp 16w\" sizes=\"auto, (max-width: 720px) 100vw, 720px\" \/><figcaption class=\"wp-element-caption\">m\u00e1quina de triturado de ensilado<\/figcaption><\/figure>    <figure class=\"wp-block-image size-large\"><img loading=\"lazy\" decoding=\"async\" width=\"720\" height=\"540\" data-id=\"1362\" src=\"https:\/\/corn-machines.com\/wp-content\/uploads\/2025\/11\/chaff-cutter-machine-2.webp\" alt=\"m\u00e1quina cortadora de paja\" class=\"wp-image-1362\" srcset=\"https:\/\/corn-machines.com\/wp-content\/uploads\/2025\/11\/chaff-cutter-machine-2.webp 720w, https:\/\/corn-machines.com\/wp-content\/uploads\/2025\/11\/chaff-cutter-machine-2-300x225.webp 300w, https:\/\/corn-machines.com\/wp-content\/uploads\/2025\/11\/chaff-cutter-machine-2-16x12.webp 16w\" sizes=\"auto, (max-width: 720px) 100vw, 720px\" \/><figcaption class=\"wp-element-caption\">m\u00e1quina cortadora de paja<\/figcaption><\/figure> <\/figure>    <p>Adem\u00e1s, las diferencias en artesan\u00eda, calidad y servicio postventa entre diferentes fabricantes afectar\u00e1n directamente el precio final. En general, configuraciones m\u00e1s altas, mayor producci\u00f3n y materiales m\u00e1s duraderos resultar\u00e1n en un precio m\u00e1s alto.<\/p>    <h2 class=\"wp-block-heading\"><strong>Caso de \u00e9xito de la m\u00e1quina de corte de ensilado Taizy<\/strong><\/h2>    <p>Nuestra cortadora de paja serie 9RSZ fue exportada con \u00e9xito a Nigeria. El cliente, una granja de ganado y ovejas, eligi\u00f3 finalmente nuestro equipo despu\u00e9s de comparar varios proveedores. Despu\u00e9s de poner en marcha la m\u00e1quina, el cliente qued\u00f3 muy satisfecho con su calidad y eficiencia de procesamiento.<\/p>    <figure class=\"wp-block-embed is-type-video is-provider-youtube wp-block-embed-youtube wp-embed-aspect-9-16 wp-has-aspect-ratio\"><div class=\"wp-block-embed__wrapper\"> <iframe loading=\"lazy\" title=\"M\u00e1quina autom\u00e1tica de corte de ensilaje | Trituradora de paja para picar heno, hierba, residuos de cultivos, etc.\" width=\"422\" height=\"750\" src=\"https:\/\/www.youtube.com\/embed\/gyG45DUbjNo?feature=oembed\" frameborder=\"0\" allow=\"accelerometer; autoplay; clipboard-write; encrypted-media; gyroscope; picture-in-picture; web-share\" referrerpolicy=\"strict-origin-when-cross-origin\" allowfullscreen><\/iframe> <\/div><figcaption class=\"wp-element-caption\">Video de comentarios de clientes<\/figcaption><\/figure>    <h2 class=\"wp-block-heading\"><strong>\u00a1Cont\u00e1ctanos inmediatamente para una cotizaci\u00f3n detallada!<\/strong><\/h2>    <p>La m\u00e1quina de corte de ensilado serie 9RSZ, con sus capacidades de procesamiento eficientes y estables, se ha convertido en la opci\u00f3n ideal para muchas granjas y procesadores de forraje.<\/p>    <p class=\"translation-block\">Si buscas una soluci\u00f3n m\u00e1s completa para el procesamiento de forraje, tambi\u00e9n ofrecemos juegos completos de equipos, incluyendo <a href=\"https:\/\/corn-machines.com\/es\/product\/corn-silage-harvester-machine\/\">cosechadora de ensilado<\/a> y <a href=\"https:\/\/corn-machines.com\/es\/product\/automatic-silage-baler-machine\/\">m\u00e1quina de empacado de forraje<\/a>, que pueden configurarse para satisfacer tus necesidades espec\u00edficas. \u00a1No dudes en contactarnos en cualquier momento para consultas profesionales y cotizaciones de equipos!<\/p>","protected":false},"excerpt":{"rendered":"<p>This article describes the structural features, working principle, and application range of the silage cutting machine. This machine can process various raw materials such as chaff, hay, and corn stalks into 10-180mm filamentous forage. The machine operates efficiently and stably, with a production capacity of 4-15t\/h.<\/p>","protected":false},"author":1,"featured_media":1363,"parent":0,"template":"","tags":[42,87,82],"product-type":[86],"class_list":["post-1351","product","type-product","status-publish","has-post-thumbnail","hentry","tag-corn","tag-forage","tag-silage","product-type-corn-silage-processing-machine"],"_links":{"self":[{"href":"https:\/\/corn-machines.com\/es\/wp-json\/wp\/v2\/product\/1351","targetHints":{"allow":["GET"]}}],"collection":[{"href":"https:\/\/corn-machines.com\/es\/wp-json\/wp\/v2\/product"}],"about":[{"href":"https:\/\/corn-machines.com\/es\/wp-json\/wp\/v2\/types\/product"}],"author":[{"embeddable":true,"href":"https:\/\/corn-machines.com\/es\/wp-json\/wp\/v2\/users\/1"}],"wp:featuredmedia":[{"embeddable":true,"href":"https:\/\/corn-machines.com\/es\/wp-json\/wp\/v2\/media\/1363"}],"wp:attachment":[{"href":"https:\/\/corn-machines.com\/es\/wp-json\/wp\/v2\/media?parent=1351"}],"wp:term":[{"taxonomy":"post_tag","embeddable":true,"href":"https:\/\/corn-machines.com\/es\/wp-json\/wp\/v2\/tags?post=1351"},{"taxonomy":"product-type","embeddable":true,"href":"https:\/\/corn-machines.com\/es\/wp-json\/wp\/v2\/product-type?post=1351"}],"curies":[{"name":"wp","href":"https:\/\/api.w.org\/{rel}","templated":true}]}}