{"id":124,"date":"2022-09-08T00:59:16","date_gmt":"2022-09-08T00:59:16","guid":{"rendered":"https:\/\/corn-machines.com\/?post_type=product&#038;p=124"},"modified":"2024-12-11T17:43:49","modified_gmt":"2024-12-11T09:43:49","slug":"fresh-corn-thresher-sweet-corn-sheller","status":"publish","type":"product","link":"https:\/\/corn-machines.com\/es\/product\/fresh-corn-thresher-sweet-corn-sheller\/","title":{"rendered":"Trilladora de ma\u00edz fresco | Desgranadora de ma\u00edz dulce"},"content":{"rendered":"<p>La trilladora de ma\u00edz fresco puede desgranar eficientemente ma\u00edz fresco y cocido, con una capacidad de 400-500 kg\/h, lo que garantiza que los granos de ma\u00edz permanezcan intactos y sin da\u00f1os durante el proceso.<\/p>    <p>Los componentes de la trilladora de ma\u00edz fresco que entran en contacto con el ma\u00edz est\u00e1n elaborados para cumplir con estrictos est\u00e1ndares de higiene alimentaria, lo que garantiza un proceso de trilla limpio y sanitario.<\/p>    <p>La producci\u00f3n de la trilladora de ma\u00edz fresco es ideal para envasar ma\u00edz enlatado, jugo de ma\u00edz y productos congelados, lo que la convierte en una soluci\u00f3n vers\u00e1til para diversas industrias de procesamiento de alimentos.<\/p>    <figure class=\"wp-block-embed is-type-video is-provider-youtube wp-block-embed-youtube wp-embed-aspect-16-9 wp-has-aspect-ratio\"><div class=\"wp-block-embed__wrapper\"> <iframe loading=\"lazy\" title=\"Cosecha de ma\u00edz dulce simplificada: descripci\u00f3n general de la m\u00e1quina trilladora #maize #corn #farming #agriculture\" width=\"500\" height=\"281\" src=\"https:\/\/www.youtube.com\/embed\/yaa1-Qzv5Mk?feature=oembed\" frameborder=\"0\" allow=\"accelerometer; autoplay; clipboard-write; encrypted-media; gyroscope; picture-in-picture; web-share\" referrerpolicy=\"strict-origin-when-cross-origin\" allowfullscreen><\/iframe> <\/div><figcaption class=\"wp-element-caption\">V\u00eddeo de trabajo de trilladora de ma\u00edz fresco.<\/figcaption><\/figure>    <h2 class=\"wp-block-heading\" id=\"h-raw-materials-for-fresh-corn-thresher\">Se vende trilladora de ma\u00edz fresco<\/h2>    <div class=\"wp-block-media-text is-stacked-on-mobile\"><figure class=\"wp-block-media-text__media\"><img loading=\"lazy\" decoding=\"async\" width=\"720\" height=\"540\" src=\"https:\/\/corn-machines.com\/wp-content\/uploads\/2023\/12\/Sweet-Maize-Sheller-Machine.webp\" alt=\"M\u00e1quina desgranadora de ma\u00edz dulce\" class=\"wp-image-530 size-full\" srcset=\"https:\/\/corn-machines.com\/wp-content\/uploads\/2023\/12\/Sweet-Maize-Sheller-Machine.webp 720w, https:\/\/corn-machines.com\/wp-content\/uploads\/2023\/12\/Sweet-Maize-Sheller-Machine-300x225.webp 300w\" sizes=\"auto, (max-width: 720px) 100vw, 720px\" \/><\/figure><div class=\"wp-block-media-text__content\"> <p class=\"translation-block\"><strong>Requisitos de pelado<\/strong>:<\/p>    <ul class=\"wp-block-list\"> <li>El ma\u00edz debe pelarse antes de trillarlo.<\/li>    <li>El pelado se puede realizar manualmente o con un pelador de ma\u00edz.<\/li>    <li>Tambi\u00e9n se deben quitar los bigotes del ma\u00edz antes de trillar para evitar que queden en los granos.<\/li> <\/ul>    <p class=\"translation-block\"><strong>Tipos de ma\u00edz<\/strong>:<\/p>    <ul class=\"wp-block-list\"> <li>Apto para trillar todo tipo de ma\u00edz, incluido ma\u00edz fresco, dulce, glutinoso y congelado (despu\u00e9s de descongelarlo).<\/li> <\/ul> <\/div><\/div>    <div class=\"wp-block-media-text has-media-on-the-right is-stacked-on-mobile\"><div class=\"wp-block-media-text__content\"> <p class=\"translation-block\"><strong>Escala de producci\u00f3n<\/strong>:<\/p>    <ul class=\"wp-block-list\"> <li>Ideal para producci\u00f3n a gran escala en l\u00edneas de montaje.<\/li>    <li>Tambi\u00e9n apto para producciones a peque\u00f1a escala en talleres familiares.<\/li> <\/ul>    <p class=\"translation-block\"><strong>Juego de cuchillas<\/strong>:<\/p>    <ul class=\"wp-block-list\"> <li>Cuenta con un juego de cuchillos de alta calidad que se ajusta autom\u00e1ticamente seg\u00fan el tama\u00f1o de la mazorca de ma\u00edz.<\/li> <\/ul> <\/div><figure class=\"wp-block-media-text__media\"><img loading=\"lazy\" decoding=\"async\" width=\"720\" height=\"540\" src=\"https:\/\/corn-machines.com\/wp-content\/uploads\/2022\/09\/Raw-materials-for-fresh-corn-thresher.webp\" alt=\"Materias primas para trilladora de ma\u00edz fresco.\" class=\"wp-image-129 size-full\" srcset=\"https:\/\/corn-machines.com\/wp-content\/uploads\/2022\/09\/Raw-materials-for-fresh-corn-thresher.webp 720w, https:\/\/corn-machines.com\/wp-content\/uploads\/2022\/09\/Raw-materials-for-fresh-corn-thresher-300x225.webp 300w\" sizes=\"auto, (max-width: 720px) 100vw, 720px\" \/><\/figure><\/div>    <div class=\"wp-block-media-text is-stacked-on-mobile\"><figure class=\"wp-block-media-text__media\"><img loading=\"lazy\" decoding=\"async\" width=\"720\" height=\"540\" src=\"https:\/\/corn-machines.com\/wp-content\/uploads\/2023\/12\/Fresh-corn-thresher-machine-with-good-price.webp\" alt=\"Trilladora de ma\u00edz fresco a buen precio.\" class=\"wp-image-526 size-full\" srcset=\"https:\/\/corn-machines.com\/wp-content\/uploads\/2023\/12\/Fresh-corn-thresher-machine-with-good-price.webp 720w, https:\/\/corn-machines.com\/wp-content\/uploads\/2023\/12\/Fresh-corn-thresher-machine-with-good-price-300x225.webp 300w\" sizes=\"auto, (max-width: 720px) 100vw, 720px\" \/><\/figure><div class=\"wp-block-media-text__content\"> <p class=\"translation-block\"><strong>Desgranado ajustable<\/strong>:<\/p>    <ul class=\"wp-block-list\"> <li>La profundidad de trilla es ajustable para satisfacer diferentes necesidades.<\/li> <\/ul>    <p class=\"translation-block\"><strong>Eficiencia de desgranado<\/strong>:<\/p>    <ul class=\"wp-block-list\"> <li>Alcanza una eficiencia de trilla de hasta 99%, asegurando que el ma\u00edz se trille completamente sin perder nutrientes.<\/li> <\/ul> <\/div><\/div>    <h2 class=\"wp-block-heading\" id=\"h-parameters-of-sweet-corn-thresher\">Par\u00e1metros de la trilladora de ma\u00edz dulce.<\/h2>    <figure class=\"wp-block-table\"><table><tbody><tr><td>Modelo<\/td><td>SL-268<\/td><td>SL-368<\/td><\/tr><tr><td>Capacidad<\/td><td>400-500kg\/h<\/td><td>400-500kg\/h<\/td><\/tr><tr><td>Peso<\/td><td>100 kilos<\/td><td>110 kilos<\/td><\/tr><tr><td>Tama\u00f1o (mm)<\/td><td>700(largo)*620(ancho)*1250(alto)<\/td><td>1320(largo)*620(ancho)*1250(alto)<\/td><\/tr><tr><td>Voltaje<\/td><td>220V, 1 fase<\/td><td>220V, 1 fase<\/td><\/tr><tr><td>Fuerza<\/td><td>2,2 kw<\/td><td>2,2 kw<\/td><\/tr><\/tbody><\/table><figcaption class=\"wp-element-caption\">Par\u00e1metros t\u00e9cnicos de la m\u00e1quina trilladora de ma\u00edz fresco<\/figcaption><\/figure>    <h2 class=\"wp-block-heading\" id=\"h-sweet-corn-thresher-machine-structure\">Estructura de la m\u00e1quina trilladora de ma\u00edz dulce.<\/h2>    <div class=\"wp-block-media-text alignwide is-stacked-on-mobile\"><figure class=\"wp-block-media-text__media\"><img loading=\"lazy\" decoding=\"async\" width=\"720\" height=\"540\" src=\"https:\/\/corn-machines.com\/wp-content\/uploads\/2022\/09\/corn-sheller.webp\" alt=\"desgranadora de ma\u00edz\" class=\"wp-image-132 size-full\" srcset=\"https:\/\/corn-machines.com\/wp-content\/uploads\/2022\/09\/corn-sheller.webp 720w, https:\/\/corn-machines.com\/wp-content\/uploads\/2022\/09\/corn-sheller-300x225.webp 300w\" sizes=\"auto, (max-width: 720px) 100vw, 720px\" \/><\/figure><div class=\"wp-block-media-text__content\"> <h2 class=\"wp-block-heading\" id=\"h-frequency\">Frecuencia<\/h2>    <ul class=\"wp-block-list\"> <li><strong>Colocaci\u00f3n del inversor<\/strong>. Ubicado dentro de la m\u00e1quina para un funcionamiento eficiente.<\/li>    <li><strong>Velocidad ajustable<\/strong>. La velocidad de trabajo se puede personalizar seg\u00fan los requisitos espec\u00edficos.<\/li> <\/ul> <\/div><\/div>    <div class=\"wp-block-media-text alignwide has-media-on-the-right is-stacked-on-mobile\"><div class=\"wp-block-media-text__content\"> <h2 class=\"wp-block-heading\" id=\"h-automatic-shipping\">Transmisi\u00f3n autom\u00e1tica<\/h2>    <ul class=\"wp-block-list\"> <li><strong>Dispositivo transportador de cadena<\/strong>. Equipado con un sistema de cadena para un funcionamiento suave.<\/li>    <li><strong>Transporte autom\u00e1tico<\/strong>. Permite una manipulaci\u00f3n de materiales inteligente y sin problemas.<\/li>    <li><strong>Aumento de la eficiencia<\/strong>. Mejora significativamente la eficiencia general del trabajo.<\/li> <\/ul> <\/div><figure class=\"wp-block-media-text__media\"><img loading=\"lazy\" decoding=\"async\" width=\"720\" height=\"540\" src=\"https:\/\/corn-machines.com\/wp-content\/uploads\/2022\/09\/Automatic-shipping.webp\" alt=\"Env\u00edo autom\u00e1tico\" class=\"wp-image-136 size-full\" srcset=\"https:\/\/corn-machines.com\/wp-content\/uploads\/2022\/09\/Automatic-shipping.webp 720w, https:\/\/corn-machines.com\/wp-content\/uploads\/2022\/09\/Automatic-shipping-300x225.webp 300w\" sizes=\"auto, (max-width: 720px) 100vw, 720px\" \/><\/figure><\/div>    <div class=\"wp-block-media-text alignwide is-stacked-on-mobile\"><figure class=\"wp-block-media-text__media\"><img loading=\"lazy\" decoding=\"async\" width=\"720\" height=\"540\" src=\"https:\/\/corn-machines.com\/wp-content\/uploads\/2022\/09\/corn-sheller-1.webp\" alt=\"desgranadora de ma\u00edz\" class=\"wp-image-134 size-full\" srcset=\"https:\/\/corn-machines.com\/wp-content\/uploads\/2022\/09\/corn-sheller-1.webp 720w, https:\/\/corn-machines.com\/wp-content\/uploads\/2022\/09\/corn-sheller-1-300x225.webp 300w\" sizes=\"auto, (max-width: 720px) 100vw, 720px\" \/><\/figure><div class=\"wp-block-media-text__content\"> <h2 class=\"wp-block-heading\" id=\"h-blower-design\">Dise\u00f1o de soplador<\/h2>    <ul class=\"wp-block-list\"> <li><strong>Equipado con un soplador<\/strong>. Garantiza que el ma\u00edz quede completamente limpio despu\u00e9s de la trilla.<\/li>    <li><strong>Elimina la limpieza secundaria<\/strong>. Reduce la necesidad de pasos de limpieza adicionales.<\/li>    <li><strong>Ahorra tiempo y esfuerzo<\/strong>. Mejora la eficiencia al agilizar el proceso.<\/li> <\/ul> <\/div><\/div>    <div class=\"wp-block-media-text alignwide has-media-on-the-right is-stacked-on-mobile\"><div class=\"wp-block-media-text__content\"> <h2 class=\"wp-block-heading\" id=\"h-control-panel\">Panel de control<\/h2>    <ul class=\"wp-block-list\"> <li><strong>Funciones del panel de control<\/strong>. Incluye interruptor, llave de marcha atr\u00e1s y tecla de parada.<\/li>    <li><strong>Funcionalidad de tecla inversa<\/strong>. Permite que el ma\u00edz se mueva hacia atr\u00e1s si se atasca, resolviendo bloqueos.<\/li>    <li><strong>Funcionamiento fluido<\/strong>. Garantiza una trilla continua y eficiente de la m\u00e1quina.<\/li> <\/ul> <\/div><figure class=\"wp-block-media-text__media\"><img loading=\"lazy\" decoding=\"async\" width=\"720\" height=\"540\" src=\"https:\/\/corn-machines.com\/wp-content\/uploads\/2022\/09\/fresh-corn-thresher-2.webp\" alt=\"trilladora de ma\u00edz fresco\" class=\"wp-image-135 size-full\" srcset=\"https:\/\/corn-machines.com\/wp-content\/uploads\/2022\/09\/fresh-corn-thresher-2.webp 720w, https:\/\/corn-machines.com\/wp-content\/uploads\/2022\/09\/fresh-corn-thresher-2-300x225.webp 300w\" sizes=\"auto, (max-width: 720px) 100vw, 720px\" \/><\/figure><\/div>    <div class=\"wp-block-media-text alignwide is-stacked-on-mobile\"><figure class=\"wp-block-media-text__media\"><img loading=\"lazy\" decoding=\"async\" width=\"720\" height=\"540\" src=\"https:\/\/corn-machines.com\/wp-content\/uploads\/2022\/09\/Corn-cob-export.webp\" alt=\"exportaci\u00f3n de mazorcas de ma\u00edz\" class=\"wp-image-137 size-full\" srcset=\"https:\/\/corn-machines.com\/wp-content\/uploads\/2022\/09\/Corn-cob-export.webp 720w, https:\/\/corn-machines.com\/wp-content\/uploads\/2022\/09\/Corn-cob-export-300x225.webp 300w\" sizes=\"auto, (max-width: 720px) 100vw, 720px\" \/><\/figure><div class=\"wp-block-media-text__content\"> <h2 class=\"wp-block-heading\" id=\"h-corn-cob-export\">exportaci\u00f3n de mazorcas de ma\u00edz<\/h2>    <ul class=\"wp-block-list\"> <li><strong>Tama\u00f1o de salida ajustable<\/strong>. Se adapta autom\u00e1ticamente al tama\u00f1o del ma\u00edz.<\/li>    <li><strong>Eliminaci\u00f3n completa del kernel<\/strong>. Garantiza que todos los granos de ma\u00edz est\u00e9n completamente trillados.<\/li>    <li><strong>Prevenci\u00f3n de da\u00f1os<\/strong>. Protege el ma\u00edz de da\u00f1os durante la trilla.<\/li> <\/ul> <\/div><\/div>    <h2 class=\"wp-block-heading\" id=\"h-advantages-of-fresh-corn-thresher\">Ventajas de la trilladora de ma\u00edz fresco<\/h2>    <div class=\"wp-block-media-text is-stacked-on-mobile\"><figure class=\"wp-block-media-text__media\"><img loading=\"lazy\" decoding=\"async\" width=\"720\" height=\"540\" src=\"https:\/\/corn-machines.com\/wp-content\/uploads\/2022\/09\/corn-thresher-1.webp\" alt=\"trilladora de ma\u00edz\" class=\"wp-image-131 size-full\" srcset=\"https:\/\/corn-machines.com\/wp-content\/uploads\/2022\/09\/corn-thresher-1.webp 720w, https:\/\/corn-machines.com\/wp-content\/uploads\/2022\/09\/corn-thresher-1-300x225.webp 300w\" sizes=\"auto, (max-width: 720px) 100vw, 720px\" \/><\/figure><div class=\"wp-block-media-text__content\"> <ul class=\"wp-block-list\"> <li><strong>Dise\u00f1o bien pensado<\/strong>. Equipado con ruedas para un movimiento f\u00e1cil y flexible.<\/li>    <li><strong>Rodillo de goma seguro y duradero.<\/strong>. Hecho de material no t\u00f3xico, suave y el\u00e1stico para garantizar que la c\u00e1scara de ma\u00edz ultrafina permanezca intacta durante la alimentaci\u00f3n, evitando que la piel se rompa y el contenido se desborde.<\/li> <\/ul> <\/div><\/div>    <div class=\"wp-block-media-text has-media-on-the-right is-stacked-on-mobile\"><div class=\"wp-block-media-text__content\"> <ul class=\"wp-block-list\"> <li><strong>Ajuste autom\u00e1tico de tama\u00f1o<\/strong>. Se adapta al tama\u00f1o del ma\u00edz, garantizando una alta tasa de eliminaci\u00f3n de granos.<\/li>    <li><strong>Sistema de alimentaci\u00f3n eficiente<\/strong>. Utiliza un sistema de transporte por cadena para una alimentaci\u00f3n c\u00f3moda del ma\u00edz, lo que mejora significativamente la eficiencia del trabajo.<\/li> <\/ul> <\/div><figure class=\"wp-block-media-text__media\"><img loading=\"lazy\" decoding=\"async\" width=\"720\" height=\"540\" src=\"https:\/\/corn-machines.com\/wp-content\/uploads\/2022\/09\/Corn-thresher-effect.webp\" alt=\"Productos finales de la m\u00e1quina descascaradora de ma\u00edz dulce.\" class=\"wp-image-142 size-full\" srcset=\"https:\/\/corn-machines.com\/wp-content\/uploads\/2022\/09\/Corn-thresher-effect.webp 720w, https:\/\/corn-machines.com\/wp-content\/uploads\/2022\/09\/Corn-thresher-effect-300x225.webp 300w\" sizes=\"auto, (max-width: 720px) 100vw, 720px\" \/><\/figure><\/div>    <h2 class=\"wp-block-heading\">Un caso de \u00e9xito de nuestra m\u00e1quina trilladora de ma\u00edz fresco<\/h2>    <p>En una destacada empresa agr\u00edcola de Canad\u00e1, nuestra trilladora de ma\u00edz fresco ha arrojado resultados excepcionales. La m\u00e1quina ha demostrado ser muy eficiente en la trilla r\u00e1pida y es especialmente adecuada para gestionar cosechas de ma\u00edz a gran escala.<\/p>    <p>Al mejorar significativamente la eficiencia de la producci\u00f3n, la m\u00e1quina ha ayudado al cliente a reducir las horas de trabajo durante las temporadas pico de cosecha, manteniendo al mismo tiempo un rendimiento constante de ma\u00edz de alta calidad. <\/p>    <p>El cliente ha expresado su gran satisfacci\u00f3n con la durabilidad y fiabilidad de la m\u00e1quina, elogiando su papel en la modernizaci\u00f3n y racionalizaci\u00f3n de sus operaciones agr\u00edcolas.<\/p>    <figure class=\"wp-block-gallery has-nested-images columns-default is-cropped wp-block-gallery-2 is-layout-flex wp-block-gallery-is-layout-flex\"> <figure class=\"wp-block-image size-full\"><img loading=\"lazy\" decoding=\"async\" width=\"720\" height=\"540\" data-id=\"130\" src=\"https:\/\/corn-machines.com\/wp-content\/uploads\/2022\/09\/sweet-corn-thresher.webp\" alt=\"trilladora de ma\u00edz dulce\" class=\"wp-image-130\" srcset=\"https:\/\/corn-machines.com\/wp-content\/uploads\/2022\/09\/sweet-corn-thresher.webp 720w, https:\/\/corn-machines.com\/wp-content\/uploads\/2022\/09\/sweet-corn-thresher-300x225.webp 300w\" sizes=\"auto, (max-width: 720px) 100vw, 720px\" \/><figcaption class=\"wp-element-caption\">Se vende trilladora de ma\u00edz dulce<\/figcaption><\/figure>    <figure class=\"wp-block-image size-full\"><img loading=\"lazy\" decoding=\"async\" width=\"720\" height=\"540\" data-id=\"492\" src=\"https:\/\/corn-machines.com\/wp-content\/uploads\/2023\/11\/sweet-corn-sheller-machine-with-good-price.webp\" alt=\"M\u00e1quina desgranadora de ma\u00edz dulce a buen precio.\" class=\"wp-image-492\" srcset=\"https:\/\/corn-machines.com\/wp-content\/uploads\/2023\/11\/sweet-corn-sheller-machine-with-good-price.webp 720w, https:\/\/corn-machines.com\/wp-content\/uploads\/2023\/11\/sweet-corn-sheller-machine-with-good-price-300x225.webp 300w\" sizes=\"auto, (max-width: 720px) 100vw, 720px\" \/><figcaption class=\"wp-element-caption\">Desgranadora de ma\u00edz dulce a buen precio.<\/figcaption><\/figure> <\/figure>    <h2 class=\"wp-block-heading\">Conclusi\u00f3n<\/h2>    <p class=\"translation-block\">Adem\u00e1s de la Desgranadora de Ma\u00edz Fresco, ofrecemos una amplia gama de m\u00e1quinas de procesamiento de ma\u00edz, incluyendo <a href=\"https:\/\/corn-machines.com\/es\/product\/corn-peeling-and-threshing-machine\/\" data-type=\"link\" data-id=\"https:\/\/corn-machines.com\/product\/corn-peeling-and-threshing-machine\/\">peladoras de ma\u00edz<\/a>, <a href=\"https:\/\/corn-machines.com\/es\/product\/9fq-hammer-mill-machine\/\" data-type=\"link\" data-id=\"https:\/\/corn-machines.com\/product\/9fq-hammer-mill-machine\/\">molinos de ma\u00edz<\/a> y <a href=\"https:\/\/corn-machines.com\/es\/product\/corn-grain-mill-machine\/\" data-type=\"link\" data-id=\"https:\/\/corn-machines.com\/product\/corn-grain-mill-machine\/\">molinos de harina de ma\u00edz<\/a>, para satisfacer diversas necesidades de producci\u00f3n. <\/p>    <p class=\"translation-block\">No dude en ponerse en contacto con nosotros para obtener m\u00e1s informaci\u00f3n o solicitar un presupuesto. Estamos aqu\u00ed para proporcionarle las mejores soluciones para sus necesidades de procesamiento de <a href=\"https:\/\/en.wikipedia.org\/wiki\/Maize\" data-type=\"link\" data-id=\"https:\/\/en.wikipedia.org\/wiki\/Maize\" target=\"_blank\" rel=\"noopener\">ma\u00edz<\/a>.<\/p>    <figure class=\"wp-block-image size-full\"><img loading=\"lazy\" decoding=\"async\" width=\"720\" height=\"540\" src=\"https:\/\/corn-machines.com\/wp-content\/uploads\/2022\/09\/Application-of-fresh-corn-thresher.webp\" alt=\"Aplicaci\u00f3n de trilladora de ma\u00edz fresco.\" class=\"wp-image-127\" srcset=\"https:\/\/corn-machines.com\/wp-content\/uploads\/2022\/09\/Application-of-fresh-corn-thresher.webp 720w, https:\/\/corn-machines.com\/wp-content\/uploads\/2022\/09\/Application-of-fresh-corn-thresher-300x225.webp 300w\" sizes=\"auto, (max-width: 720px) 100vw, 720px\" \/><figcaption class=\"wp-element-caption\">Aplicaci\u00f3n de trilladora de ma\u00edz fresco.<\/figcaption><\/figure>","protected":false},"excerpt":{"rendered":"<p>La trilladora de ma\u00edz fresco puede desgranar eficientemente ma\u00edz fresco y cocido, con una capacidad de 400-500 kg\/h, lo que garantiza que los granos de ma\u00edz permanezcan intactos y sin da\u00f1os durante el proceso.<\/p>","protected":false},"author":1,"featured_media":126,"parent":0,"template":"","tags":[18,16,33,17],"product-type":[4],"class_list":["post-124","product","type-product","status-publish","has-post-thumbnail","hentry","tag-corn-shelling","tag-corn-thresher","tag-corn-threshing-machine","tag-sheller","product-type-corn-thresher-machine"],"_links":{"self":[{"href":"https:\/\/corn-machines.com\/es\/wp-json\/wp\/v2\/product\/124","targetHints":{"allow":["GET"]}}],"collection":[{"href":"https:\/\/corn-machines.com\/es\/wp-json\/wp\/v2\/product"}],"about":[{"href":"https:\/\/corn-machines.com\/es\/wp-json\/wp\/v2\/types\/product"}],"author":[{"embeddable":true,"href":"https:\/\/corn-machines.com\/es\/wp-json\/wp\/v2\/users\/1"}],"wp:featuredmedia":[{"embeddable":true,"href":"https:\/\/corn-machines.com\/es\/wp-json\/wp\/v2\/media\/126"}],"wp:attachment":[{"href":"https:\/\/corn-machines.com\/es\/wp-json\/wp\/v2\/media?parent=124"}],"wp:term":[{"taxonomy":"post_tag","embeddable":true,"href":"https:\/\/corn-machines.com\/es\/wp-json\/wp\/v2\/tags?post=124"},{"taxonomy":"product-type","embeddable":true,"href":"https:\/\/corn-machines.com\/es\/wp-json\/wp\/v2\/product-type?post=124"}],"curies":[{"name":"wp","href":"https:\/\/api.w.org\/{rel}","templated":true}]}}