{"id":1122,"date":"2025-10-30T11:33:43","date_gmt":"2025-10-30T03:33:43","guid":{"rendered":"https:\/\/corn-machines.com\/?post_type=product&#038;p=1122"},"modified":"2025-10-30T13:31:00","modified_gmt":"2025-10-30T05:31:00","slug":"maize-harvesting-machine-with-seat","status":"publish","type":"product","link":"https:\/\/corn-machines.com\/es\/product\/maize-harvesting-machine-with-seat\/","title":{"rendered":"Cosechadora de ma\u00edz con asiento"},"content":{"rendered":"<p class=\"translation-block\">La<strong>m\u00e1quina de recolecci\u00f3n de ma\u00edz<\/strong>con asiento es una m\u00e1quina multifuncional que integra la recolecci\u00f3n, el pelado, la trituraci\u00f3n del tallo y la recolecci\u00f3n del ma\u00edz. Puede completar todo el proceso de recolecci\u00f3n en una sola operaci\u00f3n, mejorando en gran medida la eficiencia laboral.<\/p>    <p>La eficiencia de producci\u00f3n de nuestra cosechadora de ma\u00edz es de 0.05\u20130.12 hm\u00b2\/h, y su rango de trabajo es de 650 mm. Esta m\u00e1quina cosechadora de ma\u00edz est\u00e1 equipada con un asiento para operador, lo que la hace c\u00f3moda y f\u00e1cil de operar, y adecuada para un uso continuo a largo plazo.<\/p>    <figure class=\"wp-block-embed is-type-video is-provider-youtube wp-block-embed-youtube wp-embed-aspect-16-9 wp-has-aspect-ratio\"><div class=\"wp-block-embed__wrapper\"> <iframe loading=\"lazy\" title=\"\ud83c\udf3d\ud83c\udf3dM\u00e1quina de recolecci\u00f3n de ma\u00edz con asiento | M\u00e1quina cosechadora de ma\u00edz para recolecci\u00f3n, pelado y recolecci\u00f3n\" width=\"500\" height=\"281\" src=\"https:\/\/www.youtube.com\/embed\/fg1-A7DeyfA?feature=oembed\" frameborder=\"0\" allow=\"accelerometer; autoplay; clipboard-write; encrypted-media; gyroscope; picture-in-picture; web-share\" referrerpolicy=\"strict-origin-when-cross-origin\" allowfullscreen><\/iframe> <\/div><figcaption class=\"wp-element-caption\">Video de trabajo de la m\u00e1quina cosechadora de ma\u00edz<\/figcaption><\/figure>    <h2 class=\"wp-block-heading\"><strong>Caracter\u00edsticas de la m\u00e1quina de recolecci\u00f3n de ma\u00edz con asiento<\/strong><\/h2>    <ul class=\"wp-block-list\"> <li><strong>Operaci\u00f3n multifuncional<\/strong>: Nuestra cosechadora de ma\u00edz puede realizar m\u00faltiples funciones, como recolectar, desgranizar y recoger ma\u00edz, ahorrando mano de obra y tiempo.<\/li>    <li><strong>Operaci\u00f3n c\u00f3moda<\/strong>: Taizy maize harvester machine&#8217;s seat design provides a wide field of vision, making the operation more comfortable and less tiring.<\/li>    <li><strong>Rendimiento estable<\/strong>: La m\u00e1quina cosechadora de ma\u00edz utiliza un sistema de energ\u00eda de alta eficiencia y un dise\u00f1o estructural optimizado, adapt\u00e1ndose a diferentes terrenos y entornos de trabajo.<\/li>    <li><strong>Larga vida \u00fatil<\/strong>: Sus partes son f\u00e1ciles de desmontar y mantener, lo que resulta en bajos costos operativos y una larga vida \u00fatil.<\/li> <\/ul>    <figure class=\"wp-block-gallery has-nested-images columns-default is-cropped wp-block-gallery-2 is-layout-flex wp-block-gallery-is-layout-flex\"> <figure class=\"wp-block-image size-large\"><img loading=\"lazy\" decoding=\"async\" width=\"720\" height=\"540\" data-id=\"1124\" src=\"https:\/\/corn-machines.com\/wp-content\/uploads\/2025\/10\/corn-harvester-with-seat.webp\" alt=\"cosechadora de ma\u00edz con asiento\" class=\"wp-image-1124\" srcset=\"https:\/\/corn-machines.com\/wp-content\/uploads\/2025\/10\/corn-harvester-with-seat.webp 720w, https:\/\/corn-machines.com\/wp-content\/uploads\/2025\/10\/corn-harvester-with-seat-300x225.webp 300w, https:\/\/corn-machines.com\/wp-content\/uploads\/2025\/10\/corn-harvester-with-seat-16x12.webp 16w\" sizes=\"auto, (max-width: 720px) 100vw, 720px\" \/><figcaption class=\"wp-element-caption\">cosechadora de ma\u00edz con asiento<\/figcaption><\/figure>    <figure class=\"wp-block-image size-large\"><img loading=\"lazy\" decoding=\"async\" width=\"720\" height=\"540\" data-id=\"1123\" src=\"https:\/\/corn-machines.com\/wp-content\/uploads\/2025\/10\/corn-harvested-by-mazie-harvester.webp\" alt=\"ma\u00edz cosechado por la cosechadora de ma\u00edz\" class=\"wp-image-1123\" srcset=\"https:\/\/corn-machines.com\/wp-content\/uploads\/2025\/10\/corn-harvested-by-mazie-harvester.webp 720w, https:\/\/corn-machines.com\/wp-content\/uploads\/2025\/10\/corn-harvested-by-mazie-harvester-300x225.webp 300w, https:\/\/corn-machines.com\/wp-content\/uploads\/2025\/10\/corn-harvested-by-mazie-harvester-16x12.webp 16w\" sizes=\"auto, (max-width: 720px) 100vw, 720px\" \/><figcaption class=\"wp-element-caption\">ma\u00edz cosechado por la cosechadora de ma\u00edz<\/figcaption><\/figure> <\/figure>    <h2 class=\"wp-block-heading\"><strong>Estructura de la m\u00e1quina de recolecci\u00f3n de ma\u00edz<\/strong><\/h2>    <p>Esta m\u00e1quina de recolecci\u00f3n de ma\u00edz presenta una estructura estable, una distribuci\u00f3n racional y una operaci\u00f3n coordinada de todos los m\u00f3dulos funcionales, garantizando un funcionamiento suave en general. Su estructura principal es la siguiente:<\/p>    <ul class=\"wp-block-list\"> <li><strong>Dispositivo de recolecci\u00f3n<\/strong>: Esta parte es el mecanismo operativo central de toda la m\u00e1quina. El dispositivo cortar\u00e1 las ca\u00f1as de ma\u00edz y completar\u00e1 la recolecci\u00f3n del ma\u00edz, separando eficazmente el ma\u00edz de las ca\u00f1as.<\/li>    <li><strong>Sistema de transporte y pelado<\/strong>: El mazorqu\u00edn se introduce en el mecanismo de pelado para un descascarillado autom\u00e1tico. Despu\u00e9s de quitar la c\u00e1scara exterior, se descarga autom\u00e1ticamente.<\/li>    <li><strong>Tolva de recolecci\u00f3n de ma\u00edz<\/strong>: Se utiliza para recolectar mazorcas de ma\u00edz desgranadas. Facilita la descarga manual o la transferencia.<\/li>    <li><strong>Sistema de energ\u00eda<\/strong>: El sistema de energ\u00eda proporciona una salida de potencia estable para los sistemas de cosecha, transmisi\u00f3n y trituraci\u00f3n de toda la m\u00e1quina.<\/li>    <li><strong>Componentes de conducci\u00f3n y control<\/strong>: El operador puede manejar el veh\u00edculo sentado, y las manijas de control est\u00e1n dispuestas de manera l\u00f3gica para facilitar su operaci\u00f3n.<\/li> <\/ul>   <div class=\"wp-block-image\"> <figure class=\"aligncenter size-full\"><img loading=\"lazy\" decoding=\"async\" width=\"720\" height=\"540\" src=\"https:\/\/corn-machines.com\/wp-content\/uploads\/2025\/10\/maize-harvester-with-seat.webp\" alt=\"cosechadora de ma\u00edz con asiento\" class=\"wp-image-1125\" srcset=\"https:\/\/corn-machines.com\/wp-content\/uploads\/2025\/10\/maize-harvester-with-seat.webp 720w, https:\/\/corn-machines.com\/wp-content\/uploads\/2025\/10\/maize-harvester-with-seat-300x225.webp 300w, https:\/\/corn-machines.com\/wp-content\/uploads\/2025\/10\/maize-harvester-with-seat-16x12.webp 16w\" sizes=\"auto, (max-width: 720px) 100vw, 720px\" \/><figcaption class=\"wp-element-caption\">cosechadora de ma\u00edz con asiento<\/figcaption><\/figure> <\/div>   <h2 class=\"wp-block-heading\"><strong>Datos t\u00e9cnicos de la cosechadora de ma\u00edz <\/strong><\/h2>    <p>Esta m\u00e1quina de recolecci\u00f3n de ma\u00edz presenta una estructura compacta, operaci\u00f3n suave y aptitud para diversos terrenos, ofreciendo una buena experiencia de usuario y rendimiento confiable. Sus principales par\u00e1metros t\u00e9cnicos son los siguientes:<\/p>    <figure class=\"wp-block-table\"><table class=\"has-fixed-layout\"><tbody><tr><td>Modelo<\/td><td>CM4YZP-1<\/td><\/tr><tr><td>Fuerza<\/td><td>25hp<\/td><\/tr><tr><td>Productividad<\/td><td>0,05-0,12h\u33a1\/h<\/td><\/tr><tr><td>Rango de trabajo<\/td><td>650mm<\/td><\/tr><tr><td>Altura m\u00ednima libre del suelo<\/td><td>200mm<\/td><\/tr><tr><td>Velocidad nominal<\/td><td>2200r\/min<\/td><\/tr><tr><td>Tama\u00f1o<\/td><td>3650*1000*1270mm<\/td><\/tr><tr><td>Peso<\/td><td>950kg<\/td><\/tr><\/tbody><\/table><figcaption class=\"wp-element-caption\">par\u00e1metros de la m\u00e1quina de recolecci\u00f3n de ma\u00edz<\/figcaption><\/figure>    <h2 class=\"wp-block-heading\"><strong>Otra m\u00e1quina de recolecci\u00f3n de ma\u00edz en venta<\/strong><\/h2>    <p class=\"translation-block\">Adem\u00e1s de esta m\u00e1quina de recolecci\u00f3n de ma\u00edz con asiento, tambi\u00e9n vendemos la<a href=\"https:\/\/corn-machines.com\/es\/product\/mini-corn-harvesting-machine-maize-picker-machine\/\">m\u00e1quina de recolecci\u00f3n de ma\u00edz manual<\/a>, que tiene un dise\u00f1o m\u00e1s compacto y flexible, adecuada para la agricultura a peque\u00f1a escala o agricultores individuales.<\/p>    <div class=\"wp-block-media-text is-stacked-on-mobile\"><figure class=\"wp-block-media-text__media\"><img loading=\"lazy\" decoding=\"async\" width=\"720\" height=\"540\" src=\"https:\/\/corn-machines.com\/wp-content\/uploads\/2025\/10\/hand-push-corn-harvesting-machine.webp\" alt=\"m\u00e1quina de recolecci\u00f3n de ma\u00edz manual\" class=\"wp-image-1126 size-full\" srcset=\"https:\/\/corn-machines.com\/wp-content\/uploads\/2025\/10\/hand-push-corn-harvesting-machine.webp 720w, https:\/\/corn-machines.com\/wp-content\/uploads\/2025\/10\/hand-push-corn-harvesting-machine-300x225.webp 300w, https:\/\/corn-machines.com\/wp-content\/uploads\/2025\/10\/hand-push-corn-harvesting-machine-16x12.webp 16w\" sizes=\"auto, (max-width: 720px) 100vw, 720px\" \/><\/figure><div class=\"wp-block-media-text__content\"> <ul class=\"wp-block-list\"> <li>Modelo: 4YZ-1<\/li>    <li>Velocidad de trabajo: 0,72-1,44km\/h<\/li>    <li>Productividad: 0,03-0,06h\u33a1\/h<\/li>    <li>Tama\u00f1o: 1820*800*1190mm<\/li>    <li>Peso: 265kg<\/li> <\/ul> <\/div><\/div>    <h2 class=\"wp-block-heading\"><strong>\u00bfCu\u00e1nto cuesta la m\u00e1quina cosechadora de ma\u00edz?<\/strong><\/h2>    <p>El precio de la m\u00e1quina cosechadora de ma\u00edz var\u00eda seg\u00fan el modelo, las caracter\u00edsticas y el proceso de producci\u00f3n. En general, la potencia de la m\u00e1quina, el nivel de automatizaci\u00f3n y si incluye el asiento y el dispositivo de desgranado influyen en el costo total.<\/p>    <figure class=\"wp-block-gallery has-nested-images columns-default is-cropped wp-block-gallery-3 is-layout-flex wp-block-gallery-is-layout-flex\"> <figure class=\"wp-block-image size-large\"><img loading=\"lazy\" decoding=\"async\" width=\"720\" height=\"540\" data-id=\"1129\" src=\"https:\/\/corn-machines.com\/wp-content\/uploads\/2025\/10\/corn-harvesting-machine.webp\" alt=\"maquina cosechadora de maiz\" class=\"wp-image-1129\" srcset=\"https:\/\/corn-machines.com\/wp-content\/uploads\/2025\/10\/corn-harvesting-machine.webp 720w, https:\/\/corn-machines.com\/wp-content\/uploads\/2025\/10\/corn-harvesting-machine-300x225.webp 300w, https:\/\/corn-machines.com\/wp-content\/uploads\/2025\/10\/corn-harvesting-machine-16x12.webp 16w\" sizes=\"auto, (max-width: 720px) 100vw, 720px\" \/><figcaption class=\"wp-element-caption\">maquina cosechadora de maiz<\/figcaption><\/figure>    <figure class=\"wp-block-image size-large\"><img loading=\"lazy\" decoding=\"async\" width=\"720\" height=\"540\" data-id=\"1128\" src=\"https:\/\/corn-machines.com\/wp-content\/uploads\/2025\/10\/corn-harvester-machine.webp\" alt=\"m\u00e1quina cosechadora de ma\u00edz\" class=\"wp-image-1128\" srcset=\"https:\/\/corn-machines.com\/wp-content\/uploads\/2025\/10\/corn-harvester-machine.webp 720w, https:\/\/corn-machines.com\/wp-content\/uploads\/2025\/10\/corn-harvester-machine-300x225.webp 300w, https:\/\/corn-machines.com\/wp-content\/uploads\/2025\/10\/corn-harvester-machine-16x12.webp 16w\" sizes=\"auto, (max-width: 720px) 100vw, 720px\" \/><figcaption class=\"wp-element-caption\">m\u00e1quina cosechadora de ma\u00edz<\/figcaption><\/figure> <\/figure>    <p>Al comprar la m\u00e1quina de recolecci\u00f3n de ma\u00edz, los usuarios deben considerar su escala de plantaci\u00f3n, condiciones del terreno y requisitos presupuestarios para seleccionar una m\u00e1quina rentable y estable.<\/p>    <h2 class=\"wp-block-heading\"><strong>\u00bfPor qu\u00e9 elegir Taizy como tu mejor opci\u00f3n?<\/strong><\/h2>    <ul class=\"wp-block-list\"> <li>Nos hemos enfocado en el campo de la maquinaria agr\u00edcola durante muchos a\u00f1os, ofreciendo productos confiables con rendimiento estable y <strong>amplia experiencia en exportaci\u00f3n<\/strong>.<\/li>    <li>Ofrecemos una gama completa de maquinaria agr\u00edcola, incluyendo m\u00e1quina cosechadora de ma\u00edz, <a href=\"https:\/\/corn-machines.com\/es\/product\/automated-corn-sowing-machine\/\">planter de ma\u00edz<\/a>, <a href=\"https:\/\/corn-machines.com\/es\/product\/corn-shelling-machine\/\">trilladora de ma\u00edz<\/a>, <a href=\"https:\/\/corn-machines.com\/es\/product\/corn-grits-machine\/\">m\u00e1quina para fabricar s\u00e9mola de ma\u00edz<\/a>, y otros equipos, ofreciendo un servicio integral.<\/li>    <li>Contamos con un <strong>equipo t\u00e9cnico profesional<\/strong> que puede ofrecer soluciones personalizadas seg\u00fan las diferentes necesidades de producci\u00f3n.<\/li>    <li>Contamos con un c<strong>sistema integral de servicio postventa<\/strong>. Proporcionamos a los clientes orientaci\u00f3n t\u00e9cnica, asesoramiento sobre mantenimiento de equipos y soporte para resoluci\u00f3n de problemas para garantizar un funcionamiento suave del equipo.<\/li> <\/ul>    <figure class=\"wp-block-gallery has-nested-images columns-default is-cropped wp-block-gallery-4 is-layout-flex wp-block-gallery-is-layout-flex\"> <figure class=\"wp-block-image size-large\"><img loading=\"lazy\" decoding=\"async\" width=\"720\" height=\"540\" data-id=\"1011\" src=\"https:\/\/corn-machines.com\/wp-content\/uploads\/2025\/09\/our-company-1.webp\" alt=\"nuestra empresa\" class=\"wp-image-1011\" srcset=\"https:\/\/corn-machines.com\/wp-content\/uploads\/2025\/09\/our-company-1.webp 720w, https:\/\/corn-machines.com\/wp-content\/uploads\/2025\/09\/our-company-1-300x225.webp 300w, https:\/\/corn-machines.com\/wp-content\/uploads\/2025\/09\/our-company-1-16x12.webp 16w\" sizes=\"auto, (max-width: 720px) 100vw, 720px\" \/><figcaption class=\"wp-element-caption\">nuestra empresa<\/figcaption><\/figure>    <figure class=\"wp-block-image size-large\"><img loading=\"lazy\" decoding=\"async\" width=\"720\" height=\"540\" data-id=\"1012\" src=\"https:\/\/corn-machines.com\/wp-content\/uploads\/2025\/09\/our-customer-1.webp\" alt=\"nuestro cliente\" class=\"wp-image-1012\" srcset=\"https:\/\/corn-machines.com\/wp-content\/uploads\/2025\/09\/our-customer-1.webp 720w, https:\/\/corn-machines.com\/wp-content\/uploads\/2025\/09\/our-customer-1-300x225.webp 300w, https:\/\/corn-machines.com\/wp-content\/uploads\/2025\/09\/our-customer-1-16x12.webp 16w\" sizes=\"auto, (max-width: 720px) 100vw, 720px\" \/><figcaption class=\"wp-element-caption\">nuestro cliente<\/figcaption><\/figure> <\/figure>    <h2 class=\"wp-block-heading\"><strong>\u00a1Cont\u00e1ctanos hoy!<\/strong><\/h2>    <p>Nuestra m\u00e1quina de recolecci\u00f3n de ma\u00edz no es solo una herramienta de alto rendimiento, sino tambi\u00e9n un asistente potente para una producci\u00f3n agr\u00edcola moderna eficiente. Facilita la recolecci\u00f3n en cada campo de ma\u00edz, haci\u00e9ndola m\u00e1s f\u00e1cil y eficiente.<\/p>    <p>Como proveedor profesional de equipos agr\u00edcolas, Taizy se compromete a crear valor real para nuestros clientes. Elegirnos significa optar por equipos de recolecci\u00f3n de ma\u00edz eficientes y confiables. Cont\u00e1ctanos hoy para obtener m\u00e1s detalles y soluciones personalizadas.<\/p>","protected":false},"excerpt":{"rendered":"<p>Este art\u00edculo presenta principalmente la m\u00e1quina cosechadora de ma\u00edz con un asiento, incluyendo sus funciones, estructura y par\u00e1metros. Nuestra cosechadora de ma\u00edz integra recolecci\u00f3n de ma\u00edz, desgranado y recogida, con una productividad de 0.05-0.12 hm\u00b2\/h y un ancho de trabajo de 650 mm.<\/p>","protected":false},"author":1,"featured_media":1130,"parent":0,"template":"","tags":[42,43],"product-type":[3],"class_list":["post-1122","product","type-product","status-publish","has-post-thumbnail","hentry","tag-corn","tag-maize","product-type-corn-harvesting-machine"],"_links":{"self":[{"href":"https:\/\/corn-machines.com\/es\/wp-json\/wp\/v2\/product\/1122","targetHints":{"allow":["GET"]}}],"collection":[{"href":"https:\/\/corn-machines.com\/es\/wp-json\/wp\/v2\/product"}],"about":[{"href":"https:\/\/corn-machines.com\/es\/wp-json\/wp\/v2\/types\/product"}],"author":[{"embeddable":true,"href":"https:\/\/corn-machines.com\/es\/wp-json\/wp\/v2\/users\/1"}],"wp:featuredmedia":[{"embeddable":true,"href":"https:\/\/corn-machines.com\/es\/wp-json\/wp\/v2\/media\/1130"}],"wp:attachment":[{"href":"https:\/\/corn-machines.com\/es\/wp-json\/wp\/v2\/media?parent=1122"}],"wp:term":[{"taxonomy":"post_tag","embeddable":true,"href":"https:\/\/corn-machines.com\/es\/wp-json\/wp\/v2\/tags?post=1122"},{"taxonomy":"product-type","embeddable":true,"href":"https:\/\/corn-machines.com\/es\/wp-json\/wp\/v2\/product-type?post=1122"}],"curies":[{"name":"wp","href":"https:\/\/api.w.org\/{rel}","templated":true}]}}