{"id":1061,"date":"2025-10-17T15:32:17","date_gmt":"2025-10-17T07:32:17","guid":{"rendered":"https:\/\/corn-machines.com\/?post_type=product&#038;p=1061"},"modified":"2025-10-20T14:06:57","modified_gmt":"2025-10-20T06:06:57","slug":"maize-threshing-machine","status":"publish","type":"product","link":"https:\/\/corn-machines.com\/es\/product\/maize-threshing-machine\/","title":{"rendered":"Trilladora de ma\u00edz para desgranar el ma\u00edz"},"content":{"rendered":"<p class=\"translation-block\">La <strong> trilladora de ma\u00edz <\/strong> se utiliza principalmente para separar las pepitas de ma\u00edz de las espigas. Nuestra trilladora de ma\u00edz es altamente eficiente, alcanzando una tasa de producci\u00f3n de 2,000-3,000 kg\/h, y su rendimiento de trilla puede superar el 99%.<\/p>    <p>La trilladora Taizy es f\u00e1cil de operar, muy eficiente, con una alta eficiencia de trillado y m\u00ednima rotura. Por ello, es popular en todo el mundo y se ha exportado a pa\u00edses como Sud\u00e1n, India y Nigeria. Si necesita la trilladora de ma\u00edz, p\u00f3ngase en contacto con nosotros hoy para una consulta gratuita.<\/p>    <figure class=\"wp-block-embed is-type-video is-provider-youtube wp-block-embed-youtube wp-embed-aspect-16-9 wp-has-aspect-ratio\"><div class=\"wp-block-embed__wrapper\"> <iframe loading=\"lazy\" title=\"Autom\u00e1tico desgranadora de ma\u00edz | M\u00e1quina de desgranado de ma\u00edz de alta eficiencia para desgranado de ma\u00edz\" width=\"500\" height=\"281\" src=\"https:\/\/www.youtube.com\/embed\/ajgutRLRBik?feature=oembed\" frameborder=\"0\" allow=\"accelerometer; autoplay; clipboard-write; encrypted-media; gyroscope; picture-in-picture; web-share\" referrerpolicy=\"strict-origin-when-cross-origin\" allowfullscreen><\/iframe> <\/div><figcaption class=\"wp-element-caption\">proceso de trabajo de la desgranadora de ma\u00edz<\/figcaption><\/figure>    <h2 class=\"wp-block-heading\"><strong>Caracter\u00edsticas destacadas de la m\u00e1quina desgranadora de ma\u00edz<\/strong><\/h2>    <ul class=\"wp-block-list\"> <li><strong>Alta eficiencia<\/strong>: Nuestra trilladora de ma\u00edz adopta una entrada de alimentaci\u00f3n vertical de gran di\u00e1metro de 440\u00d7440mm, y la eficiencia de trilla puede alcanzar las 2000-3000kg\/h, lo que ahorra mucho tiempo de operaci\u00f3n manual.<\/li>    <li><strong>Buen efecto de trilla<\/strong>: La trilladora de ma\u00edz Taizy adopta un dise\u00f1o \u00fanico de estructura de martillo en espiral, que permite trillado suave tanto de ma\u00edz seco como de ma\u00edz h\u00famedo, con una tasa de trilla superior al 99% y los granos de ma\u00edz permanecen intactos y sin romper.<\/li>    <li><strong>Rendimiento estable<\/strong>: Esta m\u00e1quina de trillar ma\u00edz utiliza un motor de n\u00facleo de cobre puro, que puede funcionar de forma continua durante mucho tiempo sin calentarse f\u00e1cilmente, garantizando el funcionamiento continuo y eficiente de la m\u00e1quina.<\/li>    <li><strong>Larga vida \u00fatil<\/strong>: Su cuerpo adopta tecnolog\u00eda de pulverizaci\u00f3n electrost\u00e1tica, la superficie es suave y hermosa, y tiene buena resistencia a la humedad y la corrosi\u00f3n, y una larga vida \u00fatil.<\/li>    <li><strong>Gran flexibilidad<\/strong>: Nuestra m\u00e1quina de desgranar ma\u00edz puede estar equipada con neum\u00e1ticos grandes en la parte inferior, facilitando su movimiento y satisfaciendo las necesidades de diferentes escenarios operativos.<\/li> <\/ul>    <figure class=\"wp-block-gallery has-nested-images columns-default is-cropped wp-block-gallery-2 is-layout-flex wp-block-gallery-is-layout-flex\"> <figure class=\"wp-block-image size-large\"><img loading=\"lazy\" decoding=\"async\" width=\"720\" height=\"540\" data-id=\"1062\" src=\"https:\/\/corn-machines.com\/wp-content\/uploads\/2025\/10\/corn-sheller-machine.webp\" alt=\"maquinaria trilladora de ma\u00edz\" class=\"wp-image-1062\" srcset=\"https:\/\/corn-machines.com\/wp-content\/uploads\/2025\/10\/corn-sheller-machine.webp 720w, https:\/\/corn-machines.com\/wp-content\/uploads\/2025\/10\/corn-sheller-machine-300x225.webp 300w, https:\/\/corn-machines.com\/wp-content\/uploads\/2025\/10\/corn-sheller-machine-16x12.webp 16w\" sizes=\"auto, (max-width: 720px) 100vw, 720px\" \/><figcaption class=\"wp-element-caption\">maquinaria trilladora de ma\u00edz<\/figcaption><\/figure>    <figure class=\"wp-block-image size-large\"><img loading=\"lazy\" decoding=\"async\" width=\"720\" height=\"540\" data-id=\"1063\" src=\"https:\/\/corn-machines.com\/wp-content\/uploads\/2025\/10\/corn-thresher.webp\" alt=\"trilladora de ma\u00edz\" class=\"wp-image-1063\" srcset=\"https:\/\/corn-machines.com\/wp-content\/uploads\/2025\/10\/corn-thresher.webp 720w, https:\/\/corn-machines.com\/wp-content\/uploads\/2025\/10\/corn-thresher-300x225.webp 300w, https:\/\/corn-machines.com\/wp-content\/uploads\/2025\/10\/corn-thresher-16x12.webp 16w\" sizes=\"auto, (max-width: 720px) 100vw, 720px\" \/><figcaption class=\"wp-element-caption\">trilladora de ma\u00edz<\/figcaption><\/figure> <\/figure>    <h2 class=\"wp-block-heading\"><strong>Estructura de la m\u00e1quina trilladora de ma\u00edz<\/strong><\/h2>    <p>La trilladora Taizy tiene una estructura compacta y razonable, por lo que es f\u00e1cil de operar. Consiste principalmente en una entrada desmontable, sistema de energ\u00eda (puede equiparse con motor di\u00e9sel o motor el\u00e9ctrico), salida de granos, salida de mazorcas, neum\u00e1ticos grandes y bastidor arrastrado.<\/p>   <div class=\"wp-block-image\"> <figure class=\"aligncenter size-full\"><img loading=\"lazy\" decoding=\"async\" width=\"720\" height=\"540\" src=\"https:\/\/corn-machines.com\/wp-content\/uploads\/2025\/10\/structure-of-corn-shelling-machine.webp\" alt=\"estructura de la m\u00e1quina desgranadora de ma\u00edz\" class=\"wp-image-1071\" srcset=\"https:\/\/corn-machines.com\/wp-content\/uploads\/2025\/10\/structure-of-corn-shelling-machine.webp 720w, https:\/\/corn-machines.com\/wp-content\/uploads\/2025\/10\/structure-of-corn-shelling-machine-300x225.webp 300w, https:\/\/corn-machines.com\/wp-content\/uploads\/2025\/10\/structure-of-corn-shelling-machine-16x12.webp 16w\" sizes=\"auto, (max-width: 720px) 100vw, 720px\" \/><figcaption class=\"wp-element-caption\">estructura de la m\u00e1quina desgranadora de ma\u00edz<\/figcaption><\/figure> <\/div>   <h2 class=\"wp-block-heading\"><strong>Par\u00e1metros de la m\u00e1quina trilladora de ma\u00edz<\/strong><\/h2>    <p>Los par\u00e1metros de la trilladora de ma\u00edz Taizy se muestran en la tabla siguiente.<\/p>    <figure class=\"wp-block-table\"><table class=\"has-fixed-layout\"><tbody><tr><td>Modelo<\/td><td>TZ-650<\/td><\/tr><tr><td>Eficiencia de trilla<\/td><td>2000-3000kg\/h<\/td><\/tr><tr><td>Tasa de trilla<\/td><td>&gt;99%<\/td><\/tr><tr><td>Potencia del motor<\/td><td>3.5hp<\/td><\/tr><tr><td>Tama\u00f1o de entrada<\/td><td>440*440mm<\/td><\/tr><tr><td>Tama\u00f1o de la m\u00e1quina<\/td><td>900*930*430mm<\/td><\/tr><tr><td>Peso de la m\u00e1quina<\/td><td>45kg<\/td><\/tr><\/tbody><\/table><figcaption class=\"wp-element-caption\">par\u00e1metros de la m\u00e1quina desgranadora de ma\u00edz<\/figcaption><\/figure>    <h2 class=\"wp-block-heading\"><strong>Beneficios del trillado de ma\u00edz<\/strong><\/h2>    <p>El desgranado de ma\u00edz es un proceso importante despu\u00e9s de la cosecha. Hay muchos beneficios al desgranarlo.<\/p>    <ul class=\"wp-block-list\"> <li>Despu\u00e9s de desgranar el ma\u00edz, su volumen se reduce significativamente, haciendo que sea <strong>m\u00e1s f\u00e1cil de embalar y transportar<\/strong>. El almacenamiento tambi\u00e9n se vuelve m\u00e1s conveniente y seguro.<\/li>    <li>Los granos de ma\u00edz desgranados pueden ser utilizados directamente para procesamiento de alimentos, producci\u00f3n de pienso o extracci\u00f3n de aceite, mientras que las mazorcas de ma\u00edz tambi\u00e9n pueden reutilizarse como combustible, pienso o materias primas industriales, <strong>mejorando el valor econ\u00f3mico general<\/strong>.<\/li>    <li>Las mazorcas de ma\u00edz sin trillar contienen mucha humedad, lo que las hace susceptibles a moho e insectos. Trillar y secar de manera efectiva <strong>reducir el contenido de humedad del ma\u00edz<\/strong>, previniendo el deterioro y extendiendo su vida \u00fatil de almacenamiento.<\/li>    <li>Los granos de ma\u00edz trillados pueden ingresar directamente a los enlaces de procesamiento posteriores, como pelado, trituraci\u00f3n, fabricaci\u00f3n de harina y elaboraci\u00f3n de s\u00e9mola, lo que <strong>mejora en gran medida la eficiencia del procesamiento<\/strong>.<\/li> <\/ul>    <figure class=\"wp-block-gallery has-nested-images columns-default is-cropped wp-block-gallery-3 is-layout-flex wp-block-gallery-is-layout-flex\"> <figure class=\"wp-block-image size-large\"><img loading=\"lazy\" decoding=\"async\" width=\"720\" height=\"540\" data-id=\"1065\" src=\"https:\/\/corn-machines.com\/wp-content\/uploads\/2025\/10\/maize-threshing-machine.webp\" alt=\"trilladora de maiz\" class=\"wp-image-1065\" srcset=\"https:\/\/corn-machines.com\/wp-content\/uploads\/2025\/10\/maize-threshing-machine.webp 720w, https:\/\/corn-machines.com\/wp-content\/uploads\/2025\/10\/maize-threshing-machine-300x225.webp 300w, https:\/\/corn-machines.com\/wp-content\/uploads\/2025\/10\/maize-threshing-machine-16x12.webp 16w\" sizes=\"auto, (max-width: 720px) 100vw, 720px\" \/><figcaption class=\"wp-element-caption\">trilladora de maiz<\/figcaption><\/figure>    <figure class=\"wp-block-image size-large\"><img loading=\"lazy\" decoding=\"async\" width=\"720\" height=\"540\" data-id=\"1064\" src=\"https:\/\/corn-machines.com\/wp-content\/uploads\/2025\/10\/threshing-effect-of-corn-thresher.webp\" alt=\"efecto de trillado de la trilladora de ma\u00edz\" class=\"wp-image-1064\" srcset=\"https:\/\/corn-machines.com\/wp-content\/uploads\/2025\/10\/threshing-effect-of-corn-thresher.webp 720w, https:\/\/corn-machines.com\/wp-content\/uploads\/2025\/10\/threshing-effect-of-corn-thresher-300x225.webp 300w, https:\/\/corn-machines.com\/wp-content\/uploads\/2025\/10\/threshing-effect-of-corn-thresher-16x12.webp 16w\" sizes=\"auto, (max-width: 720px) 100vw, 720px\" \/><figcaption class=\"wp-element-caption\">efecto de trillado de la trilladora de ma\u00edz<\/figcaption><\/figure> <\/figure>    <h2 class=\"wp-block-heading\"><strong>Precio de la m\u00e1quina desgranadora de ma\u00edz<\/strong><\/h2>    <p>El precio de la trilladora de ma\u00edz est\u00e1 influido por una variedad de factores, incluyendo el modelo de la m\u00e1quina, la producci\u00f3n, el material, la fuente de energ\u00eda y la configuraci\u00f3n. En t\u00e9rminos generales, mayor salida, caracter\u00edsticas m\u00e1s completas y materiales m\u00e1s duraderos resultar\u00e1n en precios m\u00e1s altos.<\/p>   <div class=\"wp-block-image\"> <figure class=\"aligncenter size-full\"><img loading=\"lazy\" decoding=\"async\" width=\"720\" height=\"540\" src=\"https:\/\/corn-machines.com\/wp-content\/uploads\/2025\/10\/corn-threshing-machine.webp\" alt=\"maquina trilladora de maiz\" class=\"wp-image-1066\" srcset=\"https:\/\/corn-machines.com\/wp-content\/uploads\/2025\/10\/corn-threshing-machine.webp 720w, https:\/\/corn-machines.com\/wp-content\/uploads\/2025\/10\/corn-threshing-machine-300x225.webp 300w, https:\/\/corn-machines.com\/wp-content\/uploads\/2025\/10\/corn-threshing-machine-16x12.webp 16w\" sizes=\"auto, (max-width: 720px) 100vw, 720px\" \/><figcaption class=\"wp-element-caption\">maquina trilladora de maiz<\/figcaption><\/figure> <\/div>   <p>A la hora de comprar la trilladora de ma\u00edz, los usuarios deben considerar no solo el precio, sino tambi\u00e9n la calidad y el rendimiento. Una trilladora de ma\u00edz de alta calidad no solo mejora la eficiencia, sino que tambi\u00e9n reduce la rotura de granos y alarga su vida \u00fatil, haci\u00e9ndola m\u00e1s rentable a largo plazo.<\/p>    <h2 class=\"wp-block-heading\"><strong>\u00bfPor qu\u00e9 elegir a Taizy como su proveedor principal?<\/strong><\/h2>    <ul class=\"wp-block-list\"> <li>Como fabricante profesional de maquinaria agr\u00edcola, Taizy cuenta con <strong>Amplia experiencia en producci\u00f3n y exportaci\u00f3n<\/strong>, lo que nos permite ofrecer equipos y soluciones adaptados a las necesidades espec\u00edficas de los clientes en diversas regiones.<\/li>    <li>Nos encargamos tanto de la producci\u00f3n como de la venta de nuestros productos. Este enfoque garantiza una calidad de producto constante y reduce significativamente los costos, permiti\u00e9ndonos ofrecer a los clientes equipos con <strong>mayores ventajas de precio<\/strong>.<\/li>    <li>En t\u00e9rminos de servicio, hemos establecido un <strong>sistema integral de postventa<\/strong>, proporcionando servicios integrales que incluyen orientaci\u00f3n t\u00e9cnica, instalaci\u00f3n y puesta en marcha, y capacitaci\u00f3n de operadores.<\/li>    <li>Taizy ofrece una gama completa de m\u00e1quinas, proporcionando a los clientes soluciones completas de equipos de procesamiento de ma\u00edz, incluyendo <a href=\"https:\/\/corn-machines.com\/es\/product\/mini-corn-harvesting-machine-maize-picker-machine\/\">cosechadora de maiz<\/a>, <a href=\"https:\/\/corn-machines.com\/es\/product\/mobile-grain-dryer-for-drying-grain\/\">secador de ma\u00edz<\/a>, <a href=\"https:\/\/corn-machines.com\/es\/product\/corn-grits-machine\/\">fabricante de s\u00e9mola de ma\u00edz<\/a>, y m\u00e1s.<\/li> <\/ul>    <figure class=\"wp-block-gallery has-nested-images columns-default is-cropped wp-block-gallery-4 is-layout-flex wp-block-gallery-is-layout-flex\"> <figure class=\"wp-block-image size-large\"><img loading=\"lazy\" decoding=\"async\" width=\"720\" height=\"540\" data-id=\"1067\" src=\"https:\/\/corn-machines.com\/wp-content\/uploads\/2025\/10\/maize-thresher-machine.webp\" alt=\"trilladora de ma\u00edz\" class=\"wp-image-1067\" srcset=\"https:\/\/corn-machines.com\/wp-content\/uploads\/2025\/10\/maize-thresher-machine.webp 720w, https:\/\/corn-machines.com\/wp-content\/uploads\/2025\/10\/maize-thresher-machine-300x225.webp 300w, https:\/\/corn-machines.com\/wp-content\/uploads\/2025\/10\/maize-thresher-machine-16x12.webp 16w\" sizes=\"auto, (max-width: 720px) 100vw, 720px\" \/><figcaption class=\"wp-element-caption\">trilladora de ma\u00edz<\/figcaption><\/figure>    <figure class=\"wp-block-image size-large\"><img loading=\"lazy\" decoding=\"async\" width=\"720\" height=\"540\" data-id=\"1068\" src=\"https:\/\/corn-machines.com\/wp-content\/uploads\/2025\/10\/maize-thresher.webp\" alt=\"trilladora de ma\u00edz\" class=\"wp-image-1068\" srcset=\"https:\/\/corn-machines.com\/wp-content\/uploads\/2025\/10\/maize-thresher.webp 720w, https:\/\/corn-machines.com\/wp-content\/uploads\/2025\/10\/maize-thresher-300x225.webp 300w, https:\/\/corn-machines.com\/wp-content\/uploads\/2025\/10\/maize-thresher-16x12.webp 16w\" sizes=\"auto, (max-width: 720px) 100vw, 720px\" \/><figcaption class=\"wp-element-caption\">trilladora de ma\u00edz<\/figcaption><\/figure> <\/figure>    <h2 class=\"wp-block-heading\"><strong>Caso de \u00e9xito de la trilladora de ma\u00edz<\/strong><\/h2>    <p class=\"translation-block\"><strong>Taizy export\u00f3 con \u00e9xito 48 trilladoras de ma\u00edz a Sud\u00e1n<\/strong><\/p>    <p>Tras la licitaci\u00f3n exitosa en una convocatoria gubernamental, el cliente local eligi\u00f3 a Taizy como proveedor de equipos. Tras exhaustivas comparaciones, el cliente finalmente eligi\u00f3 a Taizy como su proveedor, valorando principalmente el rendimiento estable y los precios razonables de nuestra m\u00e1quina trilladora de ma\u00edz.<\/p>   <div class=\"wp-block-image\"> <figure class=\"aligncenter size-full\"><img loading=\"lazy\" decoding=\"async\" width=\"720\" height=\"540\" src=\"https:\/\/corn-machines.com\/wp-content\/uploads\/2025\/10\/maize-sheller-machine.webp\" alt=\"m\u00e1quina desgranadora de ma\u00edz\" class=\"wp-image-1069\" srcset=\"https:\/\/corn-machines.com\/wp-content\/uploads\/2025\/10\/maize-sheller-machine.webp 720w, https:\/\/corn-machines.com\/wp-content\/uploads\/2025\/10\/maize-sheller-machine-300x225.webp 300w, https:\/\/corn-machines.com\/wp-content\/uploads\/2025\/10\/maize-sheller-machine-16x12.webp 16w\" sizes=\"auto, (max-width: 720px) 100vw, 720px\" \/><figcaption class=\"wp-element-caption\">m\u00e1quina desgranadora de ma\u00edz<\/figcaption><\/figure> <\/div>   <p>Este lote de trilladoras de ma\u00edz ha sido desplegado y ya est\u00e1 operando en Sud\u00e1n. Los comentarios de los clientes indican que las trilladoras de ma\u00edz proporcionan desgranado limpio y alta eficiencia, elevando significativamente las capacidades de procesamiento de ma\u00edz locales. <\/p>    <h2 class=\"wp-block-heading\"><strong>\u00a1Cont\u00e1ctenos de inmediato!<\/strong><\/h2>    <p>El uso de la desgranadora de ma\u00edz no solo mejora significativamente la eficiencia del desgranado y reduce los costos laborales, sino que tambi\u00e9n garantiza granos \u00edntegros y limpios, facilitando su almacenamiento y transporte. Es un dispositivo ideal, eficiente y fiable para la agricultura moderna.<\/p>    <p>Cont\u00e1ctanos hoy para obtener m\u00e1s informaci\u00f3n y una cotizaci\u00f3n. Proporcionaremos asesoramiento t\u00e9cnico gratuito y la mejor soluci\u00f3n.<\/p>","protected":false},"excerpt":{"rendered":"<p>The maize threshing machine can quickly and efficiently separate corn kernels from the cob. It&#8217;s a vital piece of equipment in agricultural production. This article describes the features, advantages, and specifications of a corn thresher for your reference.<\/p>","protected":false},"author":1,"featured_media":1070,"parent":0,"template":"","tags":[42,43],"product-type":[4],"class_list":["post-1061","product","type-product","status-publish","has-post-thumbnail","hentry","tag-corn","tag-maize","product-type-corn-thresher-machine"],"_links":{"self":[{"href":"https:\/\/corn-machines.com\/es\/wp-json\/wp\/v2\/product\/1061","targetHints":{"allow":["GET"]}}],"collection":[{"href":"https:\/\/corn-machines.com\/es\/wp-json\/wp\/v2\/product"}],"about":[{"href":"https:\/\/corn-machines.com\/es\/wp-json\/wp\/v2\/types\/product"}],"author":[{"embeddable":true,"href":"https:\/\/corn-machines.com\/es\/wp-json\/wp\/v2\/users\/1"}],"wp:featuredmedia":[{"embeddable":true,"href":"https:\/\/corn-machines.com\/es\/wp-json\/wp\/v2\/media\/1070"}],"wp:attachment":[{"href":"https:\/\/corn-machines.com\/es\/wp-json\/wp\/v2\/media?parent=1061"}],"wp:term":[{"taxonomy":"post_tag","embeddable":true,"href":"https:\/\/corn-machines.com\/es\/wp-json\/wp\/v2\/tags?post=1061"},{"taxonomy":"product-type","embeddable":true,"href":"https:\/\/corn-machines.com\/es\/wp-json\/wp\/v2\/product-type?post=1061"}],"curies":[{"name":"wp","href":"https:\/\/api.w.org\/{rel}","templated":true}]}}