{"id":1038,"date":"2025-10-11T14:23:16","date_gmt":"2025-10-11T06:23:16","guid":{"rendered":"https:\/\/corn-machines.com\/?post_type=product&#038;p=1038"},"modified":"2025-10-29T09:32:52","modified_gmt":"2025-10-29T01:32:52","slug":"corn-silage-harvester-machine","status":"publish","type":"product","link":"https:\/\/corn-machines.com\/es\/product\/corn-silage-harvester-machine\/","title":{"rendered":"M\u00e1quina picadora de ensilaje de ma\u00edz"},"content":{"rendered":"<p class=\"translation-block\">La <strong>cosechadora de ensilaje de ma\u00edz<\/strong> se utiliza principalmente para cosechar tallos de ma\u00edz, hierba y otros ensilajes. Se utiliza ampliamente en la ganader\u00eda y la agricultura. Integra la cosecha, trituraci\u00f3n y recogida, mejorando significativamente la eficiencia del ensilaje. Disponible en modelos de neum\u00e1ticos y de orugas, se adapta a diferentes terrenos.<\/p>    <p>La cosechadora de ensilaje de ma\u00edz Taizy es altamente eficiente. Su velocidad de cosecha puede alcanzar 1-5 km\/h, y su ancho de corte es de 1400-1800 mm. Nuestra cosechadora de ensilaje de ma\u00edz es muy popular en todo el mundo. Recientemente vendimos con \u00e9xito cuatro cosechadoras Taizy de ensilaje de ma\u00edz a M\u00e9xico y hemos recibido excelentes comentarios.<\/p>    <figure class=\"wp-block-embed is-type-video is-provider-youtube wp-block-embed-youtube wp-embed-aspect-16-9 wp-has-aspect-ratio\"><div class=\"wp-block-embed__wrapper\"> <iframe loading=\"lazy\" title=\"Maquinaria de cosecha de ensilaje de ma\u00edz de gran demanda | \u00bfC\u00f3mo funciona la cosechadora de ensilaje de ma\u00edz? #silage\" width=\"500\" height=\"281\" src=\"https:\/\/www.youtube.com\/embed\/3WeeO7POq9Q?feature=oembed\" frameborder=\"0\" allow=\"accelerometer; autoplay; clipboard-write; encrypted-media; gyroscope; picture-in-picture; web-share\" referrerpolicy=\"strict-origin-when-cross-origin\" allowfullscreen><\/iframe> <\/div><figcaption class=\"wp-element-caption\">video de funcionamiento de la cosechadora de ensilaje<\/figcaption><\/figure>    <h2 class=\"wp-block-heading\"><strong>Ventajas de la cosechadora de ensilaje de ma\u00edz<\/strong><\/h2>    <p>Como proveedor profesional de maquinaria agr\u00edcola, la cosechadora de ensilaje de ma\u00edz Taizy es confiada por clientes en todo el mundo. Su popularidad se debe a las siguientes ventajas:<\/p>    <ul class=\"wp-block-list\"> <li>La cosechadora Taizy produce ensilaje picado uniforme, resultando en <strong>Alta utilizaci\u00f3n del alimento<\/strong>.<\/li>    <li>Ofrece <strong>Alta flexibilidad<\/strong>, permitiendo ajustar la altura y la longitud del picado seg\u00fan sea necesario.<\/li>    <li>Nuestra m\u00e1quina de cosecha de ensilaje de ma\u00edz es altamente eficiente, con velocidades de cosecha que alcanzan <strong>1-5 km\/h<\/strong>.<\/li>    <li>La cosechadora de ensilaje de ma\u00edz Taizy cuenta con un <strong>estructura compacta y estable<\/strong>, lo que lo hace adecuado para una variedad de terrenos.<\/li>    <li>La cosechadora de paja de ma\u00edz tiene <strong>una amplia gama de aplicaciones<\/strong>, no solo para tallos de ma\u00edz, sino tambi\u00e9n para una variedad de cultivos forrajeros como pasto y sorgo.<\/li>    <li>Ofrecemos un <strong>Sistema de servicio integral<\/strong>, proporcionando soporte t\u00e9cnico integral desde la selecci\u00f3n del modelo y la entrega hasta la instalaci\u00f3n y puesta en marcha.<\/li> <\/ul>   <div class=\"wp-block-image\"> <figure class=\"aligncenter size-full\"><img loading=\"lazy\" decoding=\"async\" width=\"720\" height=\"540\" src=\"https:\/\/corn-machines.com\/wp-content\/uploads\/2025\/10\/corn-silage-harvester.webp\" alt=\"cosechadora de ensilado de ma\u00edz\" class=\"wp-image-1040\" srcset=\"https:\/\/corn-machines.com\/wp-content\/uploads\/2025\/10\/corn-silage-harvester.webp 720w, https:\/\/corn-machines.com\/wp-content\/uploads\/2025\/10\/corn-silage-harvester-300x225.webp 300w, https:\/\/corn-machines.com\/wp-content\/uploads\/2025\/10\/corn-silage-harvester-16x12.webp 16w\" sizes=\"auto, (max-width: 720px) 100vw, 720px\" \/><figcaption class=\"wp-element-caption\">cosechadora de ensilado de ma\u00edz<\/figcaption><\/figure> <\/div>   <h2 class=\"wp-block-heading\"><strong>Estructura principal y principios de funcionamiento<\/strong><\/h2>    <p>La cosechadora de ensilaje de ma\u00edz Taizy se compone de cabezal cortador, mecanismo de alimentaci\u00f3n, mecanismo de trituraci\u00f3n, sistema de transporte, tolva y sistema de potencia.<\/p>    <p>Cuando la cosechadora de ensilaje de ma\u00edz est\u00e1 trabajando, la recogedora corta el ma\u00edz, el sistema de trituraci\u00f3n lo deshace en trozos y luego lo env\u00eda al tolva, completando el proceso integrado de recolecci\u00f3n, trituraci\u00f3n y recogida.<\/p>   <div class=\"wp-block-image\"> <figure class=\"aligncenter size-full\"><img loading=\"lazy\" decoding=\"async\" width=\"720\" height=\"540\" src=\"https:\/\/corn-machines.com\/wp-content\/uploads\/2025\/10\/corn-silage-harvesting-machine.webp\" alt=\"m\u00e1quina cosechadora de ensilaje de ma\u00edz\" class=\"wp-image-1041\" srcset=\"https:\/\/corn-machines.com\/wp-content\/uploads\/2025\/10\/corn-silage-harvesting-machine.webp 720w, https:\/\/corn-machines.com\/wp-content\/uploads\/2025\/10\/corn-silage-harvesting-machine-300x225.webp 300w, https:\/\/corn-machines.com\/wp-content\/uploads\/2025\/10\/corn-silage-harvesting-machine-16x12.webp 16w\" sizes=\"auto, (max-width: 720px) 100vw, 720px\" \/><figcaption class=\"wp-element-caption\">m\u00e1quina cosechadora de ensilaje de ma\u00edz<\/figcaption><\/figure> <\/div>   <h2 class=\"wp-block-heading\"><strong>Cosechadora de ensilaje de ma\u00edz Taizy en venta<\/strong><\/h2>    <p>Para satisfacer las necesidades de diferentes clientes, ofrecemos dos tipos de cosechadoras de ensilaje de ma\u00edz:<\/p>    <ol class=\"wp-block-list\"> <li><strong>M\u00e1quina cosechadora de ensilaje de ma\u00edz con neum\u00e1ticos<\/strong><\/li>    <li><strong>M\u00e1quina cosechadora de ensilaje de ma\u00edz tipo oruga<\/strong><\/li> <\/ol>    <figure class=\"wp-block-gallery has-nested-images columns-default is-cropped wp-block-gallery-2 is-layout-flex wp-block-gallery-is-layout-flex\"> <figure class=\"wp-block-image size-large\"><img loading=\"lazy\" decoding=\"async\" width=\"720\" height=\"540\" data-id=\"1042\" src=\"https:\/\/corn-machines.com\/wp-content\/uploads\/2025\/10\/tire-type-corn-straw-harvester-machine.webp\" alt=\"cosechadora de paja de ma\u00edz tipo neum\u00e1tico\" class=\"wp-image-1042\" srcset=\"https:\/\/corn-machines.com\/wp-content\/uploads\/2025\/10\/tire-type-corn-straw-harvester-machine.webp 720w, https:\/\/corn-machines.com\/wp-content\/uploads\/2025\/10\/tire-type-corn-straw-harvester-machine-300x225.webp 300w, https:\/\/corn-machines.com\/wp-content\/uploads\/2025\/10\/tire-type-corn-straw-harvester-machine-16x12.webp 16w\" sizes=\"auto, (max-width: 720px) 100vw, 720px\" \/><figcaption class=\"wp-element-caption\">cosechadora de paja de ma\u00edz tipo neum\u00e1tico<\/figcaption><\/figure>    <figure class=\"wp-block-image size-large\"><img loading=\"lazy\" decoding=\"async\" width=\"720\" height=\"540\" data-id=\"1043\" src=\"https:\/\/corn-machines.com\/wp-content\/uploads\/2025\/10\/crawler-type-corn-silage-harvester.webp\" alt=\"cosechadora de ensilaje de ma\u00edz tipo oruga\" class=\"wp-image-1043\" srcset=\"https:\/\/corn-machines.com\/wp-content\/uploads\/2025\/10\/crawler-type-corn-silage-harvester.webp 720w, https:\/\/corn-machines.com\/wp-content\/uploads\/2025\/10\/crawler-type-corn-silage-harvester-300x225.webp 300w, https:\/\/corn-machines.com\/wp-content\/uploads\/2025\/10\/crawler-type-corn-silage-harvester-16x12.webp 16w\" sizes=\"auto, (max-width: 720px) 100vw, 720px\" \/><figcaption class=\"wp-element-caption\">cosechadora de ensilaje de ma\u00edz tipo oruga<\/figcaption><\/figure> <\/figure>    <h3 class=\"wp-block-heading\"><strong>Type 1: M\u00e1quina cosechadora de ma\u00edz ensilado tipo neum\u00e1tico<\/strong><\/h3>    <h4 class=\"wp-block-heading\"><strong>Caracter\u00edsticas de la cosechadora de ensilaje de ma\u00edz tipo neum\u00e1tico<\/strong><\/h4>    <ul class=\"wp-block-list\"> <li><strong>Alta velocidad<\/strong>: El dise\u00f1o con neum\u00e1ticos permite una maniobrabilidad flexible, lo que la hace adecuada para trabajar en grandes campos y tierras planas.<\/li>    <li><strong>Direcci\u00f3n flexible<\/strong>: Es ideal para granjas o cooperativas con cambios frecuentes en el campo.<\/li>    <li><strong>Bajo mantenimiento<\/strong>: Esta m\u00e1quina cuenta con f\u00e1cil reemplazo de neum\u00e1ticos y alta compatibilidad de piezas.<\/li> <\/ul>   <div class=\"wp-block-image\"> <figure class=\"aligncenter size-full\"><img loading=\"lazy\" decoding=\"async\" width=\"720\" height=\"540\" src=\"https:\/\/corn-machines.com\/wp-content\/uploads\/2025\/10\/corn-straw-harvester-machine.webp\" alt=\"cosechadora de paja de ma\u00edz\" class=\"wp-image-1044\" srcset=\"https:\/\/corn-machines.com\/wp-content\/uploads\/2025\/10\/corn-straw-harvester-machine.webp 720w, https:\/\/corn-machines.com\/wp-content\/uploads\/2025\/10\/corn-straw-harvester-machine-300x225.webp 300w, https:\/\/corn-machines.com\/wp-content\/uploads\/2025\/10\/corn-straw-harvester-machine-16x12.webp 16w\" sizes=\"auto, (max-width: 720px) 100vw, 720px\" \/><figcaption class=\"wp-element-caption\">cosechadora de paja de ma\u00edz<\/figcaption><\/figure> <\/div>   <h4 class=\"wp-block-heading\"><strong>Par\u00e1metros de la cosechadora de ma\u00edz ensilado sobre ruedas<\/strong><\/h4>    <figure class=\"wp-block-table\"><table><tbody><tr><td>Modelo<\/td><td>4QZ-1400<\/td><td>4QZ-1800<\/td><\/tr><tr><td>Dimensiones (estado de trabajo)<\/td><td>5022*1520*3800mm<\/td><td>5022*1520*3800mm<\/td><\/tr><tr><td>Potencia del motor<\/td><td>100-150HP<\/td><td>150HP<\/td><\/tr><tr><td>Velocidad nominal del motor<\/td><td>2400 r\/min<\/td><td>2400 r\/min<\/td><\/tr><tr><td>Ancho de corte<\/td><td>1400 mm<\/td><td>1800 mm<\/td><\/tr><tr><td>Velocidad de cosecha<\/td><td>\/<\/td><td>2-5 km\/h<\/td><\/tr><tr><td>Tipo de cabezal cortador<\/td><td>Fresa de disco<\/td><td>Fresa de disco<\/td><\/tr><tr><td>Mecanismo de alimentaci\u00f3n<\/td><td>4 unidades<\/td><td>4 unidades<\/td><\/tr><tr><td>Sistema de transmisi\u00f3n<\/td><td>Transmisi\u00f3n hidr\u00e1ulica<\/td><td>Transmisi\u00f3n hidr\u00e1ulica<\/td><\/tr><tr><td>Distancia entre ejes<\/td><td>2150 mm<\/td><td>2150 mm<\/td><\/tr><tr><td>Ancho de la pista<\/td><td>1300 mm<\/td><td>1300 mm<\/td><\/tr><tr><td>Capacidad del hopper<\/td><td>3.1 m\u00b3<\/td><td>3.1 m\u00b3<\/td><\/tr><tr><td>Longitud dise\u00f1ada del segmento de corte<\/td><td>15mm<\/td><td>15mm<\/td><\/tr><\/tbody><\/table><figcaption class=\"wp-element-caption\">par\u00e1metros del equipo de cosecha de ensilaje de ma\u00edz con ruedas<\/figcaption><\/figure>    <h3 class=\"wp-block-heading\"><strong>Tipo 2: <strong>M\u00e1quina cosechadora de ensilaje de ma\u00edz tipo oruga<\/strong><\/strong><\/h3>    <h4 class=\"wp-block-heading\"><strong>Caracter\u00edsticas de <strong>Equipo cosechador de ensilaje de ma\u00edz tipo oruga<\/strong><\/strong><\/h4>    <ul class=\"wp-block-list\"> <li><strong>Gran adaptabilidad<\/strong>: El chasis rastreado ofrece un excelente agarre, lo que lo hace adecuado para terrenos complejos como humedales, pendientes y campos embarrados.<\/li>    <li><strong>Mayor estabilidad<\/strong>: El bajo centro de gravedad y la vibraci\u00f3n m\u00ednima aseguran un funcionamiento suave en superficies irregulares.<\/li>    <li><strong>Protecci\u00f3n del suelo<\/strong>: The track&#8217;s large contact area reduces damage to farmland.<\/li> <\/ul>   <div class=\"wp-block-image\"> <figure class=\"aligncenter size-full\"><img loading=\"lazy\" decoding=\"async\" width=\"720\" height=\"540\" src=\"https:\/\/corn-machines.com\/wp-content\/uploads\/2025\/10\/maize-silage-harvester.webp\" alt=\"cosechadora de ensilaje de ma\u00edz (ma\u00edz)\" class=\"wp-image-1047\" srcset=\"https:\/\/corn-machines.com\/wp-content\/uploads\/2025\/10\/maize-silage-harvester.webp 720w, https:\/\/corn-machines.com\/wp-content\/uploads\/2025\/10\/maize-silage-harvester-300x225.webp 300w, https:\/\/corn-machines.com\/wp-content\/uploads\/2025\/10\/maize-silage-harvester-16x12.webp 16w\" sizes=\"auto, (max-width: 720px) 100vw, 720px\" \/><figcaption class=\"wp-element-caption\">cosechadora de ensilaje de ma\u00edz (ma\u00edz)<\/figcaption><\/figure> <\/div>   <h4 class=\"wp-block-heading\"><strong>Par\u00e1metros de <strong><strong>M\u00e1quina cosechadora de ensilaje de ma\u00edz con orugas<\/strong><\/strong><\/strong><\/h4>    <figure class=\"wp-block-table\"><table><tbody><tr><td>Modelo<\/td><td>4QZ-1400<\/td><td>4QZ-1600<\/td><td>4QZ-1800<\/td><\/tr><tr><td>Dimensiones (estado de trabajo)<\/td><td>5200*1520*3800 mm<\/td><td>5200*1680*4200 mm<\/td><td>5200*1520*3800 mm<\/td><\/tr><tr><td>Potencia del motor<\/td><td>100-150HP<\/td><td>150HP<\/td><td>150HP<\/td><\/tr><tr><td>Velocidad nominal del motor<\/td><td>2400 r\/min<\/td><td>2400 r\/min<\/td><td>2400 r\/min<\/td><\/tr><tr><td>Ancho de corte<\/td><td>1400 mm<\/td><td>1550 mm<\/td><td>1800 mm<\/td><\/tr><tr><td>Velocidad de cosecha<\/td><td>\/<\/td><td>1-3 km\/h<\/td><td>\/<\/td><\/tr><tr><td>Tipo de cabezal cortador<\/td><td>Fresa de disco<\/td><td>Fresa de disco<\/td><td>Fresa de disco<\/td><\/tr><tr><td>Sistema de transmisi\u00f3n<\/td><td>Transmisi\u00f3n hidr\u00e1ulica<\/td><td>Transmisi\u00f3n hidr\u00e1ulica<\/td><td>Transmisi\u00f3n hidr\u00e1ulica<\/td><\/tr><tr><td>Ancho de la pista<\/td><td>280\/350 mm<\/td><td>350 mm<\/td><td>280\/350 mm<\/td><\/tr><tr><td>Longitud de contacto con el suelo por las orugas<\/td><td>1400 mm<\/td><td>1400 mm<\/td><td>1400 mm<\/td><\/tr><tr><td>Razo de las orugas<\/td><td>1240 mm<\/td><td>1240 mm<\/td><td>1240 mm<\/td><\/tr><tr><td>Capacidad del hopper<\/td><td>3.1 m\u00b3<\/td><td>\/<\/td><td>3.1 m\u00b3<\/td><\/tr><tr><td>Longitud dise\u00f1ada del segmento de corte<\/td><td>15mm<\/td><td>15mm<\/td><td>15mm<\/td><\/tr><\/tbody><\/table><figcaption class=\"wp-element-caption\">par\u00e1metros del equipo de cosecha de ensilaje de ma\u00edz tipo oruga<\/figcaption><\/figure>    <h3 class=\"wp-block-heading\"><strong>Diferencia entre cosechadora de ma\u00edz silaje sobre ruedas y de orugas<\/strong><\/h3>    <p>La cosechadora de tallos de ma\u00edz con ruedas y la cosechadora de ensilaje de ma\u00edz con orugas tienen sus propias caracter\u00edsticas, y sus diferencias son las siguientes:<\/p>    <figure class=\"wp-block-table\"><table><tbody><tr><td>Tipo<\/td><td>Cosechadora de ensilaje de ma\u00edz tipo neum\u00e1tico<\/td><td>Cosechadora de ensilaje de ma\u00edz tipo oruga<\/td><\/tr><tr><td>Estilo de caminata<\/td><td>Con tracci\u00f3n en ruedas<\/td><td>Impulsada por orugas<\/td><\/tr><tr><td>Adapt\u00e1ndose al terreno<\/td><td>Llanura, terreno seco<\/td><td>Pendientes, humedales, terreno fangoso<\/td><\/tr><tr><td>Velocidad de operaci\u00f3n<\/td><td>R\u00e1pido, transici\u00f3n f\u00e1cil<\/td><td>Ligero descenso de velocidad, m\u00e1s estable<\/td><\/tr><\/tbody><\/table><figcaption class=\"wp-element-caption\"> diferencia entre los dos tipos de cosechadoras de ensilaje de ma\u00edz<\/figcaption><\/figure>    <h2 class=\"wp-block-heading\"><strong>Aplicaci\u00f3n de la cosecha de paja de ma\u00edz<\/strong><\/h2>    <p>La cosechadora de ensilaje de ma\u00edz se puede usar para cosechar ma\u00edz ensilado, sorgo, alfalfa, etc. Tiene una amplia gama de aplicaciones.<\/p>    <ul class=\"wp-block-list\"> <li><strong>Industria ganadera<\/strong>: Proporcionando ensilaje de alta calidad para rumiantes como vacas lecheras, ganado de carne y ovejas, mejorando la eficiencia alimentaria y los beneficios econ\u00f3micos.<\/li>    <li><strong>Industria de procesamiento de alimentos<\/strong>: Proporcionando materias primas para las f\u00e1bricas de piensos, asegurando la calidad de la fermentaci\u00f3n del pienso.<\/li>    <li><strong>Industria de la siembra de cultivos<\/strong>: Ayudando a los agricultores a cosechar eficientemente los cultivos forrajeros, reduciendo los costos laborales.<\/li>    <li><strong>Industria de protecci\u00f3n ambiental ecol\u00f3gica<\/strong>: Promoviendo la reutilizaci\u00f3n de subproductos como los tallos de ma\u00edz y fomentando el desarrollo de la agricultura ecol\u00f3gica.<\/li> <\/ul>    <figure class=\"wp-block-gallery has-nested-images columns-default is-cropped wp-block-gallery-3 is-layout-flex wp-block-gallery-is-layout-flex\"> <figure class=\"wp-block-image size-large\"><img loading=\"lazy\" decoding=\"async\" width=\"720\" height=\"540\" data-id=\"1050\" src=\"https:\/\/corn-machines.com\/wp-content\/uploads\/2025\/10\/application-of-corn-silage.webp\" alt=\"aplicaci\u00f3n del ensilaje de ma\u00edz\" class=\"wp-image-1050\" srcset=\"https:\/\/corn-machines.com\/wp-content\/uploads\/2025\/10\/application-of-corn-silage.webp 720w, https:\/\/corn-machines.com\/wp-content\/uploads\/2025\/10\/application-of-corn-silage-300x225.webp 300w, https:\/\/corn-machines.com\/wp-content\/uploads\/2025\/10\/application-of-corn-silage-16x12.webp 16w\" sizes=\"auto, (max-width: 720px) 100vw, 720px\" \/><figcaption class=\"wp-element-caption\">aplicaci\u00f3n del ensilaje de ma\u00edz<\/figcaption><\/figure>    <figure class=\"wp-block-image size-large\"><img loading=\"lazy\" decoding=\"async\" width=\"720\" height=\"540\" data-id=\"1051\" src=\"https:\/\/corn-machines.com\/wp-content\/uploads\/2025\/10\/application-of-maize-silage.webp\" alt=\"aplicaci\u00f3n del ensilaje de ma\u00edz\" class=\"wp-image-1051\" srcset=\"https:\/\/corn-machines.com\/wp-content\/uploads\/2025\/10\/application-of-maize-silage.webp 720w, https:\/\/corn-machines.com\/wp-content\/uploads\/2025\/10\/application-of-maize-silage-300x225.webp 300w, https:\/\/corn-machines.com\/wp-content\/uploads\/2025\/10\/application-of-maize-silage-16x12.webp 16w\" sizes=\"auto, (max-width: 720px) 100vw, 720px\" \/><figcaption class=\"wp-element-caption\">aplicaci\u00f3n del ensilaje de ma\u00edz<\/figcaption><\/figure> <\/figure>    <h2 class=\"wp-block-heading\"><strong>Precio de la cosechadora de paja de ma\u00edz<\/strong><\/h2>    <p>El costo de la cosechadora de ensilaje de ma\u00edz est\u00e1 influenciado principalmente por factores como el tipo de equipo, la configuraci\u00f3n y la eficiencia operativa.<\/p>    <p>Al adquirir, los usuarios deben considerar sus necesidades, escala de operaci\u00f3n y presupuesto para seleccionar un modelo con alta relaci\u00f3n calidad-precio y rendimiento estable para obtener el m\u00e1ximo beneficio.<\/p>    <figure class=\"wp-block-gallery has-nested-images columns-default is-cropped wp-block-gallery-4 is-layout-flex wp-block-gallery-is-layout-flex\"> <figure class=\"wp-block-image size-large\"><img loading=\"lazy\" decoding=\"async\" width=\"720\" height=\"540\" data-id=\"1048\" src=\"https:\/\/corn-machines.com\/wp-content\/uploads\/2025\/10\/maize-staw-harvester.webp\" alt=\"cosechadora de paja de ma\u00edz\" class=\"wp-image-1048\" srcset=\"https:\/\/corn-machines.com\/wp-content\/uploads\/2025\/10\/maize-staw-harvester.webp 720w, https:\/\/corn-machines.com\/wp-content\/uploads\/2025\/10\/maize-staw-harvester-300x225.webp 300w, https:\/\/corn-machines.com\/wp-content\/uploads\/2025\/10\/maize-staw-harvester-16x12.webp 16w\" sizes=\"auto, (max-width: 720px) 100vw, 720px\" \/><figcaption class=\"wp-element-caption\">cosechadora de paja de ma\u00edz<\/figcaption><\/figure>    <figure class=\"wp-block-image size-large\"><img loading=\"lazy\" decoding=\"async\" width=\"720\" height=\"540\" data-id=\"1049\" src=\"https:\/\/corn-machines.com\/wp-content\/uploads\/2025\/10\/corn-silage-harveste-machine.webp\" alt=\"cosechadora de ensilaje de ma\u00edz\" class=\"wp-image-1049\" srcset=\"https:\/\/corn-machines.com\/wp-content\/uploads\/2025\/10\/corn-silage-harveste-machine.webp 720w, https:\/\/corn-machines.com\/wp-content\/uploads\/2025\/10\/corn-silage-harveste-machine-300x225.webp 300w, https:\/\/corn-machines.com\/wp-content\/uploads\/2025\/10\/corn-silage-harveste-machine-16x12.webp 16w\" sizes=\"auto, (max-width: 720px) 100vw, 720px\" \/><figcaption class=\"wp-element-caption\">cosechadora de ensilaje de ma\u00edz<\/figcaption><\/figure> <\/figure>    <h2 class=\"wp-block-heading\"><strong>Caso de \u00e9xito de cosechadora de ensilaje de ma\u00edz<\/strong><\/h2>    <p class=\"translation-block\"><strong>Cuatro cosechadoras Taizy de ensilaje de ma\u00edz exportadas recientemente a M\u00e9xico.<\/strong><\/p>    <p>El cliente, un gran distribuidor de equipos para ranchos, eligi\u00f3 Taizy tras comparar varios proveedores y elogi\u00f3 mucho el rendimiento de la m\u00e1quina y el servicio postventa integral.<\/p>    <p>Esta colaboraci\u00f3n no solo mejor\u00f3 la eficiencia de la cosecha de ensilaje de la finca local, sino que adem\u00e1s fortaleci\u00f3 la influencia de la marca Taizy en M\u00e9xico.<\/p>    <figure class=\"wp-block-gallery has-nested-images columns-default is-cropped wp-block-gallery-5 is-layout-flex wp-block-gallery-is-layout-flex\"> <figure class=\"wp-block-image size-large\"><img loading=\"lazy\" decoding=\"async\" width=\"540\" height=\"720\" data-id=\"1052\" src=\"https:\/\/corn-machines.com\/wp-content\/uploads\/2025\/10\/corn-silage-harvesting-machine-loading.webp\" alt=\"cosechadora de ensilaje de ma\u00edz en carga\" class=\"wp-image-1052\" srcset=\"https:\/\/corn-machines.com\/wp-content\/uploads\/2025\/10\/corn-silage-harvesting-machine-loading.webp 540w, https:\/\/corn-machines.com\/wp-content\/uploads\/2025\/10\/corn-silage-harvesting-machine-loading-225x300.webp 225w, https:\/\/corn-machines.com\/wp-content\/uploads\/2025\/10\/corn-silage-harvesting-machine-loading-9x12.webp 9w\" sizes=\"auto, (max-width: 540px) 100vw, 540px\" \/><figcaption class=\"wp-element-caption\">cosechadora de ensilaje de ma\u00edz en carga<\/figcaption><\/figure>    <figure class=\"wp-block-image size-large\"><img loading=\"lazy\" decoding=\"async\" width=\"540\" height=\"720\" data-id=\"1053\" src=\"https:\/\/corn-machines.com\/wp-content\/uploads\/2025\/10\/maize-silage-harvester-machine-loading.webp\" alt=\"cosechadora de ensilaje de ma\u00edz en carga\" class=\"wp-image-1053\" srcset=\"https:\/\/corn-machines.com\/wp-content\/uploads\/2025\/10\/maize-silage-harvester-machine-loading.webp 540w, https:\/\/corn-machines.com\/wp-content\/uploads\/2025\/10\/maize-silage-harvester-machine-loading-225x300.webp 225w, https:\/\/corn-machines.com\/wp-content\/uploads\/2025\/10\/maize-silage-harvester-machine-loading-9x12.webp 9w\" sizes=\"auto, (max-width: 540px) 100vw, 540px\" \/><figcaption class=\"wp-element-caption\">cosechadora de ensilaje de ma\u00edz en carga<\/figcaption><\/figure> <\/figure>    <h2 class=\"wp-block-heading\"><strong>\u00a1Cont\u00e1ctanos ahora!<\/strong><\/h2>    <p>El uso de cosechadoras de ensilaje ha mejorado efectivamente la eficiencia y calidad de la cosecha de ensilaje, promoviendo el desarrollo de la ganader\u00eda moderna.<\/p>    <p class=\"translation-block\">Como proveedor profesional de maquinaria agr\u00edcola, Taizy ofrece no solo m\u00e1quinas de alta calidad sino tambi\u00e9n una amplia variedad de equipos. Adem\u00e1s de la cosechadora de ensilaje de ma\u00edz, tambi\u00e9n proporcionamos <a href=\"https:\/\/corn-machines.com\/es\/product\/automated-corn-sowing-machine\/\">sembradora de ma\u00edz<\/a>, <a href=\"https:\/\/corn-machines.com\/es\/product\/corn-shelling-machine\/\">zaranda de ma\u00edz<\/a>, <a href=\"https:\/\/corn-machines.com\/es\/products\/maize-grits-milling-machine\/\">molino de s\u00e9mola<\/a> y m\u00e1s. Si tienes alguna necesidad, no dudes en contactarnos!<\/p>","protected":false},"excerpt":{"rendered":"<p>La cosechadora de ensilaje de ma\u00edz es una m\u00e1quina agr\u00edcola de gran eficiencia que combina la cosecha, trituraci\u00f3n y recogida. Ofrece operaciones integradas y es adecuada para cosechar ensilaje de una variedad de cultivos verdes, incluyendo ma\u00edz, sorgo y hierba elefante. Disponible en modelos de neum\u00e1ticos y de orugas, se adaptan a terrenos variables. <\/p>","protected":false},"author":1,"featured_media":1054,"parent":0,"template":"","tags":[42,81,82],"product-type":[86],"class_list":["post-1038","product","type-product","status-publish","has-post-thumbnail","hentry","tag-corn","tag-corn-silage","tag-silage","product-type-corn-silage-processing-machine"],"_links":{"self":[{"href":"https:\/\/corn-machines.com\/es\/wp-json\/wp\/v2\/product\/1038","targetHints":{"allow":["GET"]}}],"collection":[{"href":"https:\/\/corn-machines.com\/es\/wp-json\/wp\/v2\/product"}],"about":[{"href":"https:\/\/corn-machines.com\/es\/wp-json\/wp\/v2\/types\/product"}],"author":[{"embeddable":true,"href":"https:\/\/corn-machines.com\/es\/wp-json\/wp\/v2\/users\/1"}],"wp:featuredmedia":[{"embeddable":true,"href":"https:\/\/corn-machines.com\/es\/wp-json\/wp\/v2\/media\/1054"}],"wp:attachment":[{"href":"https:\/\/corn-machines.com\/es\/wp-json\/wp\/v2\/media?parent=1038"}],"wp:term":[{"taxonomy":"post_tag","embeddable":true,"href":"https:\/\/corn-machines.com\/es\/wp-json\/wp\/v2\/tags?post=1038"},{"taxonomy":"product-type","embeddable":true,"href":"https:\/\/corn-machines.com\/es\/wp-json\/wp\/v2\/product-type?post=1038"}],"curies":[{"name":"wp","href":"https:\/\/api.w.org\/{rel}","templated":true}]}}