{"id":1013,"date":"2025-09-25T15:18:37","date_gmt":"2025-09-25T07:18:37","guid":{"rendered":"https:\/\/corn-machines.com\/?post_type=product&#038;p=1013"},"modified":"2025-10-20T14:07:42","modified_gmt":"2025-10-20T06:07:42","slug":"multifunctional-grain-thresher","status":"publish","type":"product","link":"https:\/\/corn-machines.com\/es\/product\/multifunctional-grain-thresher\/","title":{"rendered":"Desgranadora multifuncional de granos"},"content":{"rendered":"<p class=\"translation-block\">El <strong>segador multiusos de granos<\/strong> threshing de grain? Wait<\/p>    <p>La m\u00e1quina desgranadora de ma\u00edz multifuncional presenta c\u00e1maras dobles y sopladores dobles, lo que garantiza un desgranado de grano m\u00e1s limpio. Tambi\u00e9n cuenta con neum\u00e1ticos grandes, lo que permite una operaci\u00f3n flexible y conveniente. Si est\u00e1s interesado, cont\u00e1ctanos hoy para una consulta gratuita.<\/p>    <figure class=\"wp-block-embed is-type-video is-provider-youtube wp-block-embed-youtube wp-embed-aspect-16-9 wp-has-aspect-ratio\"><div class=\"wp-block-embed__wrapper\"> <iframe loading=\"lazy\" title=\"Trilladora multifuncional | M\u00e1quina trilladora de granos multifuncional para ma\u00edz, sorgo, trigo, mijo\" width=\"500\" height=\"281\" src=\"https:\/\/www.youtube.com\/embed\/v5GAfCG2C8I?feature=oembed\" frameborder=\"0\" allow=\"accelerometer; autoplay; clipboard-write; encrypted-media; gyroscope; picture-in-picture; web-share\" referrerpolicy=\"strict-origin-when-cross-origin\" allowfullscreen><\/iframe> <\/div><figcaption class=\"wp-element-caption\">proceso de trabajo de la trilladora de granos multiusos<\/figcaption><\/figure>    <h2 class=\"wp-block-heading\"><strong>Caracter\u00edsticas de la desgranadora m\u00faltiple de granos<\/strong><\/h2>    <ul class=\"wp-block-list\"> <li>La trilladora multifuncional de cereales Taizy ofrece dos opciones de energ\u00eda: <strong>motor di\u00e9sel y motor el\u00e9ctrico<\/strong>. El motor di\u00e9sel es adecuado para su uso en campos y \u00e1reas sin electricidad; el motor el\u00e9ctrico es estable y ahorra energ\u00eda.<\/li>    <li>: Nuestra m\u00e1quina de trillar cereales cuenta con <strong>una amplia gama de aplicaciones<\/strong>, capaz de trillar ma\u00edz, mijo, sorgo, soja, arroz, trigo y numerosos otros cultivos de cereales.<\/li>    <li>El trillador multifuncional de ma\u00edz cuenta con <strong>alta eficiencia operativa<\/strong>, logrando una capacidad m\u00e1xima de trilla de 5 toneladas por hora. Se adapta f\u00e1cilmente a las necesidades de producci\u00f3n de todos los tama\u00f1os.<\/li>    <li>Esta m\u00e1quina es <strong>equipada con neum\u00e1ticos resistentes y duraderos<\/strong>, que facilita el movimiento entre campos y granjas sin restricciones por el sitio, haciendo las operaciones m\u00e1s flexibles y eficientes.<\/li>    <li>El trillador de cultivos Taizy est\u00e1 hecho de <strong>acero reforzado y accesorios de alta calidad<\/strong>, que proporcionan una fuerte estabilidad y un mantenimiento f\u00e1cil, y pueden mantener un buen rendimiento incluso bajo operaciones de alta intensidad.<\/li> <\/ul>   <div class=\"wp-block-image\"> <figure class=\"aligncenter size-full\"><img loading=\"lazy\" decoding=\"async\" width=\"720\" height=\"540\" src=\"https:\/\/corn-machines.com\/wp-content\/uploads\/2025\/09\/multifunctional-corn-shelling-machine.webp\" alt=\"desgranadora de ma\u00edz multifuncional\" class=\"wp-image-1014\" srcset=\"https:\/\/corn-machines.com\/wp-content\/uploads\/2025\/09\/multifunctional-corn-shelling-machine.webp 720w, https:\/\/corn-machines.com\/wp-content\/uploads\/2025\/09\/multifunctional-corn-shelling-machine-300x225.webp 300w, https:\/\/corn-machines.com\/wp-content\/uploads\/2025\/09\/multifunctional-corn-shelling-machine-16x12.webp 16w\" sizes=\"auto, (max-width: 720px) 100vw, 720px\" \/><figcaption class=\"wp-element-caption\">desgranadora de ma\u00edz multifuncional<\/figcaption><\/figure> <\/div>   <h2 class=\"wp-block-heading\"><strong>Par\u00e1metros de la desgranadora de granos multifuncional<\/strong><\/h2>    <figure class=\"wp-block-table\"><table class=\"has-fixed-layout\"><tbody><tr><td>Modelo<\/td><td>MT-1500<\/td><\/tr><tr><td>Fuerza<\/td><td>7.5kw\/15-18hp<\/td><\/tr><tr><td>Capacidad<\/td><td>2-5t\/h<\/td><\/tr><tr><td>Solicitud<\/td><td>trigo, arroz, ma\u00edz, soja, mijo, etc.<\/td><\/tr><\/tbody><\/table><figcaption class=\"wp-element-caption\">par\u00e1metros de la desgranadora de ma\u00edz multifuncional<\/figcaption><\/figure>    <h2 class=\"wp-block-heading\">Componentes principales de la desgranadora multifuncional de ma\u00edz<\/h2>    <p>La desgranadora multifuncional Taizy est\u00e1 compuesta principalmente por las siguientes piezas:<\/p>    <ul class=\"wp-block-list\"> <li><strong>Entrada de alimentaci\u00f3n<\/strong>: Se utiliza para alimentar una variedad de granos, incluyendo ma\u00edz, mijo, sorgo, soja, arroz y trigo, en la m\u00e1quina. La entrada de alimentaci\u00f3n amplia facilita una operaci\u00f3n continua y mejora la eficiencia de carga.<\/li>    <li><strong>Sistema de doble c\u00e1mara<\/strong>: Se instalan dos c\u00e1maras de trilla dentro de la m\u00e1quina, permitiendo trillar y separar simult\u00e1neamente, mejorando significativamente la eficiencia.<\/li>    <li><strong>Sistema de cribado<\/strong>: Se equipa con una pantalla para realizar una separaci\u00f3n y filtraci\u00f3n preliminar del grano trillado, asegurando impurezas m\u00ednimas, un producto acabado limpio y una mayor calidad del grano.<\/li>    <li><strong>Doble ventilador<\/strong>: Ventiladores potentes que separan eficazmente las c\u00e1scaras, los residuos y el grano de la m\u00e1quina, mejorando la limpieza y reduciendo la limpieza secundaria.<\/li>    <li><strong>Sistema de energ\u00eda<\/strong>: Nuestra m\u00e1quina multifuncional de trilla de cereales est\u00e1 disponible tanto en opciones de motor di\u00e9sel como el\u00e9ctrico para adaptarse a diferentes entornos de operaci\u00f3n.<\/li>    <li><strong>Salida de descarga<\/strong>: Despu\u00e9s de la trilla, el grano se descarga por la salida de descarga, donde una pantalla y un soplador separan limpiamente el grano de las impurezas.<\/li>    <li><strong>Marco y neum\u00e1ticos<\/strong>: El marco est\u00e1 construido con acero reforzado para mayor resistencia y estabilidad. Equipado con neum\u00e1ticos duraderos para facilitar la movilidad entre campos, granjas o sitios de procesamiento, mejorando la flexibilidad operativa.<\/li> <\/ul>    <figure class=\"wp-block-gallery has-nested-images columns-default is-cropped wp-block-gallery-2 is-layout-flex wp-block-gallery-is-layout-flex\"> <figure class=\"wp-block-image size-large\"><img loading=\"lazy\" decoding=\"async\" width=\"720\" height=\"540\" data-id=\"1015\" src=\"https:\/\/corn-machines.com\/wp-content\/uploads\/2025\/09\/multifunctional-thresher.webp\" alt=\"desgranadora multifuncional\" class=\"wp-image-1015\" srcset=\"https:\/\/corn-machines.com\/wp-content\/uploads\/2025\/09\/multifunctional-thresher.webp 720w, https:\/\/corn-machines.com\/wp-content\/uploads\/2025\/09\/multifunctional-thresher-300x225.webp 300w, https:\/\/corn-machines.com\/wp-content\/uploads\/2025\/09\/multifunctional-thresher-16x12.webp 16w\" sizes=\"auto, (max-width: 720px) 100vw, 720px\" \/><figcaption class=\"wp-element-caption\">desgranadora multifuncional<\/figcaption><\/figure>    <figure class=\"wp-block-image size-large\"><img loading=\"lazy\" decoding=\"async\" width=\"720\" height=\"540\" data-id=\"1016\" src=\"https:\/\/corn-machines.com\/wp-content\/uploads\/2025\/09\/multifunctional-threshing-machine.webp\" alt=\"m\u00e1quina trilladora multifuncional\" class=\"wp-image-1016\" srcset=\"https:\/\/corn-machines.com\/wp-content\/uploads\/2025\/09\/multifunctional-threshing-machine.webp 720w, https:\/\/corn-machines.com\/wp-content\/uploads\/2025\/09\/multifunctional-threshing-machine-300x225.webp 300w, https:\/\/corn-machines.com\/wp-content\/uploads\/2025\/09\/multifunctional-threshing-machine-16x12.webp 16w\" sizes=\"auto, (max-width: 720px) 100vw, 720px\" \/><figcaption class=\"wp-element-caption\">m\u00e1quina trilladora multifuncional<\/figcaption><\/figure> <\/figure>    <h2 class=\"wp-block-heading\"><strong>Aplicaci\u00f3n de la desgranadora multifuncional de granos<\/strong><\/h2>    <p>La desgranadora multifuncional es adecuada para procesar una variedad de cultivos de cereales, incluyendo ma\u00edz, mijo, sorgo, soja, arroz y trigo. Ya sea en granjas familiares, cooperativas agr\u00edcolas o plantas de procesamiento de granos, esta m\u00e1quina ofrece una excelente eficiencia de desgranado.<\/p>   <div class=\"wp-block-image\"> <figure class=\"aligncenter size-full\"><img loading=\"lazy\" decoding=\"async\" width=\"720\" height=\"540\" src=\"https:\/\/corn-machines.com\/wp-content\/uploads\/2025\/09\/application-of-multifunctional-maize-sheller.webp\" alt=\"aplicaci\u00f3n de trilladora multifuncional de ma\u00edz\" class=\"wp-image-1023\" srcset=\"https:\/\/corn-machines.com\/wp-content\/uploads\/2025\/09\/application-of-multifunctional-maize-sheller.webp 720w, https:\/\/corn-machines.com\/wp-content\/uploads\/2025\/09\/application-of-multifunctional-maize-sheller-300x225.webp 300w, https:\/\/corn-machines.com\/wp-content\/uploads\/2025\/09\/application-of-multifunctional-maize-sheller-16x12.webp 16w\" sizes=\"auto, (max-width: 720px) 100vw, 720px\" \/><figcaption class=\"wp-element-caption\">aplicaci\u00f3n de trilladora multifuncional de ma\u00edz<\/figcaption><\/figure> <\/div>   <p>El grano procesado por nuestra desgranadora multifuncional presenta m\u00ednimas impurezas, bajas tasas de rotura y granos intactos, lo que permite secado al sol directo, almacenamiento o procesamiento adicional.<\/p>    <h2 class=\"wp-block-heading\"><strong>Beneficios de desprender cereales<\/strong><\/h2>    <ul class=\"wp-block-list\"> <li>Despu\u00e9s del desprendimiento, las envolturas se separan de los granos, reduciendo la humedad y las impurezas mientras disminuye el riesgo de moho y infestaci\u00f3n de insectos, permitiendo un almacenamiento m\u00e1s seguro y a largo plazo del grano.<\/li>    <li>El grano desgran\u00e9ado tiene un volumen menor y pesa menos que el grano con la c\u00e1scara, lo que facilita su embalaje y transporte, y reduce as\u00ed los costos log\u00edsticos.<\/li>    <li>El desprendimiento eficaz elimina impurezas, obteniendo granos m\u00e1s limpios y enteros, lo que facilita los procesos de secado al sol y el secado posterior.<\/li>    <li>Ya sea para molienda de arroz, producci\u00f3n de harina o procesamiento adicional, el grano desprendido est\u00e1 mejor preparado para las etapas de procesamiento directo, aumentando la eficiencia y la calidad del producto final.<\/li> <\/ul>    <figure class=\"wp-block-gallery has-nested-images columns-default is-cropped wp-block-gallery-3 is-layout-flex wp-block-gallery-is-layout-flex\"> <figure class=\"wp-block-image size-large\"><img loading=\"lazy\" decoding=\"async\" width=\"720\" height=\"540\" data-id=\"1021\" src=\"https:\/\/corn-machines.com\/wp-content\/uploads\/2025\/09\/finished-product-of-multifuncitonal-grian-sheller.webp\" alt=\"producto terminado de la desgranadora multifuncional de granos\" class=\"wp-image-1021\" srcset=\"https:\/\/corn-machines.com\/wp-content\/uploads\/2025\/09\/finished-product-of-multifuncitonal-grian-sheller.webp 720w, https:\/\/corn-machines.com\/wp-content\/uploads\/2025\/09\/finished-product-of-multifuncitonal-grian-sheller-300x225.webp 300w, https:\/\/corn-machines.com\/wp-content\/uploads\/2025\/09\/finished-product-of-multifuncitonal-grian-sheller-16x12.webp 16w\" sizes=\"auto, (max-width: 720px) 100vw, 720px\" \/><figcaption class=\"wp-element-caption\">producto terminado de la desgranadora multifuncional de granos<\/figcaption><\/figure>    <figure class=\"wp-block-image size-large\"><img loading=\"lazy\" decoding=\"async\" width=\"720\" height=\"540\" data-id=\"1020\" src=\"https:\/\/corn-machines.com\/wp-content\/uploads\/2025\/09\/finished-product-of-grian-thresher.webp\" alt=\"producto terminado de la desgranadora\" class=\"wp-image-1020\" srcset=\"https:\/\/corn-machines.com\/wp-content\/uploads\/2025\/09\/finished-product-of-grian-thresher.webp 720w, https:\/\/corn-machines.com\/wp-content\/uploads\/2025\/09\/finished-product-of-grian-thresher-300x225.webp 300w, https:\/\/corn-machines.com\/wp-content\/uploads\/2025\/09\/finished-product-of-grian-thresher-16x12.webp 16w\" sizes=\"auto, (max-width: 720px) 100vw, 720px\" \/><figcaption class=\"wp-element-caption\">producto terminado de la desgranadora<\/figcaption><\/figure> <\/figure>    <h2 class=\"wp-block-heading\"><strong>Precio de la desgranadora multifuncional de granos<\/strong><\/h2>    <p>El precio de la desgranadora de grano var\u00eda seg\u00fan su configuraci\u00f3n de potencia, caracter\u00edsticas adicionales y la cantidad adquirida. Por ejemplo, cuantas m\u00e1s unidades se compren, menor ser\u00e1 el precio por unidad. En general, el precio final puede necesitar ser determinado en funci\u00f3n de requisitos espec\u00edficos y la cantidad pedida.<\/p>   <div class=\"wp-block-image\"> <figure class=\"aligncenter size-full\"><img loading=\"lazy\" decoding=\"async\" width=\"720\" height=\"540\" src=\"https:\/\/corn-machines.com\/wp-content\/uploads\/2025\/09\/multi-purpose-thresher-machine.webp\" alt=\"maquinaria desgranadora multifunci\u00f3n\" class=\"wp-image-1017\" srcset=\"https:\/\/corn-machines.com\/wp-content\/uploads\/2025\/09\/multi-purpose-thresher-machine.webp 720w, https:\/\/corn-machines.com\/wp-content\/uploads\/2025\/09\/multi-purpose-thresher-machine-300x225.webp 300w, https:\/\/corn-machines.com\/wp-content\/uploads\/2025\/09\/multi-purpose-thresher-machine-16x12.webp 16w\" sizes=\"auto, (max-width: 720px) 100vw, 720px\" \/><figcaption class=\"wp-element-caption\">maquinaria desgranadora multifunci\u00f3n<\/figcaption><\/figure> <\/div>   <h2 class=\"wp-block-heading\"><strong>\u00bfPor qu\u00e9 elegir Taizy como su proveedor principal\uff1f<\/strong><\/h2>    <p>Elegir Taisi como su proveedor implica adquirir la desgranadora multifuncional de granos de calidad excepcional, rendimiento fiable y funcionalidad vers\u00e1til. Como empresa con amplia experiencia en la producci\u00f3n y exportaci\u00f3n de maquinaria agr\u00edcola, nuestros productos se distribuyen en todo el mundo.<\/p>    <figure class=\"wp-block-gallery has-nested-images columns-default is-cropped wp-block-gallery-4 is-layout-flex wp-block-gallery-is-layout-flex\"> <figure class=\"wp-block-image size-large\"><img loading=\"lazy\" decoding=\"async\" width=\"720\" height=\"540\" data-id=\"1018\" src=\"https:\/\/corn-machines.com\/wp-content\/uploads\/2025\/09\/multi-purpose-threshing-machine.webp\" alt=\"desgranadora multiuso\" class=\"wp-image-1018\" srcset=\"https:\/\/corn-machines.com\/wp-content\/uploads\/2025\/09\/multi-purpose-threshing-machine.webp 720w, https:\/\/corn-machines.com\/wp-content\/uploads\/2025\/09\/multi-purpose-threshing-machine-300x225.webp 300w, https:\/\/corn-machines.com\/wp-content\/uploads\/2025\/09\/multi-purpose-threshing-machine-16x12.webp 16w\" sizes=\"auto, (max-width: 720px) 100vw, 720px\" \/><figcaption class=\"wp-element-caption\">desgranadora multiuso<\/figcaption><\/figure>    <figure class=\"wp-block-image size-large\"><img loading=\"lazy\" decoding=\"async\" width=\"720\" height=\"540\" data-id=\"1019\" src=\"https:\/\/corn-machines.com\/wp-content\/uploads\/2025\/09\/multifunctional-corn-sheller.webp\" alt=\"desgranadora de ma\u00edz multifunci\u00f3n\" class=\"wp-image-1019\" srcset=\"https:\/\/corn-machines.com\/wp-content\/uploads\/2025\/09\/multifunctional-corn-sheller.webp 720w, https:\/\/corn-machines.com\/wp-content\/uploads\/2025\/09\/multifunctional-corn-sheller-300x225.webp 300w, https:\/\/corn-machines.com\/wp-content\/uploads\/2025\/09\/multifunctional-corn-sheller-16x12.webp 16w\" sizes=\"auto, (max-width: 720px) 100vw, 720px\" \/><figcaption class=\"wp-element-caption\">desgranadora de ma\u00edz multifunci\u00f3n<\/figcaption><\/figure> <\/figure>    <p class=\"translation-block\">Nuestra empresa se adhiere a estrictos est\u00e1ndares de producci\u00f3n, asegurando que cada unidad de la m\u00e1quina ofrezca durabilidad duradera y rendimiento estable. Adem\u00e1s, ofrecemos una gama completa de maquinaria agr\u00edcola, incluyendo <a href=\"https:\/\/corn-machines.com\/es\/product\/mobile-grain-dryer-for-drying-grain\/\">secador de granos<\/a>, <a href=\"https:\/\/corn-machines.com\/es\/product\/corn-grits-machine\/\">molinadora de ma\u00edz<\/a>, y <a href=\"https:\/\/corn-machines.com\/es\/product\/automated-corn-sowing-machine\/\">sembradora de ma\u00edz<\/a>, \u00a1proporcion\u00e1ndole una soluci\u00f3n integral!<\/p>    <h2 class=\"wp-block-heading\"><strong>Conclusi\u00f3n<\/strong><\/h2>    <p>Ya sea para granjas familiares, cooperativas agr\u00edcolas o plantas de procesamiento de granos, nuestra m\u00e1quina desgranadora polivalente puede aumentar significativamente su eficiencia de producci\u00f3n, aportando beneficios mucho m\u00e1s all\u00e1 del coste del equipo.<\/p>    <p>Si necesita la desgranadora multifuncional de granos, no dude en ponerse en contacto con nosotros. Le proporcionaremos el mejor equipo y servicio.<\/p>","protected":false},"excerpt":{"rendered":"<p>Este art\u00edculo describe en detalle las caracter\u00edsticas clave de rendimiento, la configuraci\u00f3n de potencia, las caracter\u00edsticas estructurales, el alcance de aplicaci\u00f3n y las ventajas del producto post-escardado para la trilladora multifuncional Taizy. El equipo demuestra una eficiencia operativa y versatilidad excepcionales al procesar varios cultivos, incluyendo ma\u00edz, mijo, sorgo, soja, arroz y trigo. <\/p>","protected":false},"author":1,"featured_media":1022,"parent":0,"template":"","tags":[42,52,61,57],"product-type":[4],"class_list":["post-1013","product","type-product","status-publish","has-post-thumbnail","hentry","tag-corn","tag-grain","tag-millet","tag-wheat","product-type-corn-thresher-machine"],"_links":{"self":[{"href":"https:\/\/corn-machines.com\/es\/wp-json\/wp\/v2\/product\/1013","targetHints":{"allow":["GET"]}}],"collection":[{"href":"https:\/\/corn-machines.com\/es\/wp-json\/wp\/v2\/product"}],"about":[{"href":"https:\/\/corn-machines.com\/es\/wp-json\/wp\/v2\/types\/product"}],"author":[{"embeddable":true,"href":"https:\/\/corn-machines.com\/es\/wp-json\/wp\/v2\/users\/1"}],"wp:featuredmedia":[{"embeddable":true,"href":"https:\/\/corn-machines.com\/es\/wp-json\/wp\/v2\/media\/1022"}],"wp:attachment":[{"href":"https:\/\/corn-machines.com\/es\/wp-json\/wp\/v2\/media?parent=1013"}],"wp:term":[{"taxonomy":"post_tag","embeddable":true,"href":"https:\/\/corn-machines.com\/es\/wp-json\/wp\/v2\/tags?post=1013"},{"taxonomy":"product-type","embeddable":true,"href":"https:\/\/corn-machines.com\/es\/wp-json\/wp\/v2\/product-type?post=1013"}],"curies":[{"name":"wp","href":"https:\/\/api.w.org\/{rel}","templated":true}]}}