{"id":100,"date":"2022-09-08T02:14:50","date_gmt":"2022-09-08T02:14:50","guid":{"rendered":"https:\/\/corn-machines.com\/?post_type=product&#038;p=100"},"modified":"2022-10-09T16:12:04","modified_gmt":"2022-10-09T08:12:04","slug":"mini-corn-harvesting-machine-maize-picker-machine","status":"publish","type":"product","link":"https:\/\/corn-machines.com\/es\/product\/mini-corn-harvesting-machine-maize-picker-machine\/","title":{"rendered":"Mini cosechadora de ma\u00edz | m\u00e1quina recolectora de ma\u00edz"},"content":{"rendered":"<p>Una m\u00e1quina cosechadora de ma\u00edz para cosechar ma\u00edz y devolver los tallos al campo. Los tallos de ma\u00edz se pueden triturar y devolver al campo como fertilizante al mismo tiempo que se cosecha el ma\u00edz. Es una peque\u00f1a cosechadora de ma\u00edz, f\u00e1cil de operar y que puede ser completada por una sola persona.<\/p>    <figure class=\"wp-block-image size-full\"><img loading=\"lazy\" decoding=\"async\" width=\"720\" height=\"540\" src=\"https:\/\/corn-machines.com\/wp-content\/uploads\/2022\/09\/corn-harvesting-machine.webp\" alt=\"maquina cosechadora de maiz\" class=\"wp-image-144\" srcset=\"https:\/\/corn-machines.com\/wp-content\/uploads\/2022\/09\/corn-harvesting-machine.webp 720w, https:\/\/corn-machines.com\/wp-content\/uploads\/2022\/09\/corn-harvesting-machine-300x225.webp 300w\" sizes=\"auto, (max-width: 720px) 100vw, 720px\" \/><figcaption>maquina cosechadora de maiz<\/figcaption><\/figure>    <h2 class=\"wp-block-heading\" id=\"h-the-role-of-the-corn-harvester\">El papel del cosechador de ma\u00edz.<\/h2>    <figure class=\"wp-block-image size-full\"><img loading=\"lazy\" decoding=\"async\" width=\"720\" height=\"540\" src=\"https:\/\/corn-machines.com\/wp-content\/uploads\/2022\/09\/corn-harvester.webp\" alt=\"cosechadora de maiz\" class=\"wp-image-145\" srcset=\"https:\/\/corn-machines.com\/wp-content\/uploads\/2022\/09\/corn-harvester.webp 720w, https:\/\/corn-machines.com\/wp-content\/uploads\/2022\/09\/corn-harvester-300x225.webp 300w\" sizes=\"auto, (max-width: 720px) 100vw, 720px\" \/><figcaption>cosechadora de maiz<\/figcaption><\/figure>    <p class=\"translation-block\">Esta cosechadora de ma\u00edz es una peque\u00f1a cosechadora de ma\u00edz que puede manejar una hilera. Puede completar la cosecha de ma\u00edz, el triturado de tallos y otras funciones a la vez. Se puede ajustar. Pero vale la pena se\u00f1alar que nuestra cosechadora de ma\u00edz no puede pelar el ma\u00edz, y el pelado del ma\u00edz requiere una m\u00e1quina peladora de ma\u00edz para funcionar. Tambi\u00e9n hay varios tipos de <a href=\"https:\/\/corn-machines.com\/es\/product\/corn-shelling-machine\/\" data-type=\"URL\" data-id=\"https:\/\/corn-machines.com\/product\/corn-shelling-machine\/\">desgranadoras de ma\u00edz en venta<\/a>.<\/p>    <h2 class=\"wp-block-heading\" id=\"h-how-to-use-a-corn-harvesting-machine\">\u00bfC\u00f3mo utilizar una m\u00e1quina cosechadora de ma\u00edz?<\/h2>    <figure class=\"wp-block-image size-full\"><img loading=\"lazy\" decoding=\"async\" width=\"720\" height=\"540\" src=\"https:\/\/corn-machines.com\/wp-content\/uploads\/2022\/09\/Corn-harvester-walking-in-the-field.webp\" alt=\"Cosechadora de ma\u00edz caminando en el campo\" class=\"wp-image-146\" srcset=\"https:\/\/corn-machines.com\/wp-content\/uploads\/2022\/09\/Corn-harvester-walking-in-the-field.webp 720w, https:\/\/corn-machines.com\/wp-content\/uploads\/2022\/09\/Corn-harvester-walking-in-the-field-300x225.webp 300w\" sizes=\"auto, (max-width: 720px) 100vw, 720px\" \/><figcaption>Cosechadora de ma\u00edz caminando en el campo<\/figcaption><\/figure>    <p class=\"translation-block\">Cuando est\u00e1 en uso, una persona puede empujar la m\u00e1quina hacia adelante para trabajar, y la m\u00e1quina completar\u00e1 autom\u00e1ticamente el trabajo de triturar paja y recolectar ma\u00edz, y el usuario no se sentir\u00e1 cansado incluso despu\u00e9s de un d\u00eda de trabajo. El mejor periodo de cosecha para la cosechadora de ma\u00edz es de 3 a 5 d\u00edas porque todav\u00eda hay una peque\u00f1a cantidad de agua en la paja en este momento, la m\u00e1quina cosechadora de ma\u00edz se puede triturar f\u00e1cilmente, y la eficiencia del triturado de paja se retrasar\u00e1 si el tiempo es demasiado temprano o demasiado tarde. La cosechadora de ma\u00edz es adecuada para una variedad de terrenos, como monta\u00f1as, <a href=\"https:\/\/en.wikipedia.org\/wiki\/Plain\" data-type=\"URL\" data-id=\"https:\/\/en.wikipedia.org\/wiki\/Plain\" target=\"_blank\" rel=\"noopener\">llanos<\/a>, invernaderos, colinas, laderas y otros terrenos que pueden trabajar normalmente.<\/p>    <h2 class=\"wp-block-heading\" id=\"h-parameters-of-the-corn-harvesting-machine\">Par\u00e1metros de la cosechadora de ma\u00edz.<\/h2>    <figure class=\"wp-block-image size-full\"><img loading=\"lazy\" decoding=\"async\" width=\"720\" height=\"540\" src=\"https:\/\/corn-machines.com\/wp-content\/uploads\/2022\/09\/corn-harvesting-machine-1.webp\" alt=\"maquina cosechadora de maiz\" class=\"wp-image-147\" srcset=\"https:\/\/corn-machines.com\/wp-content\/uploads\/2022\/09\/corn-harvesting-machine-1.webp 720w, https:\/\/corn-machines.com\/wp-content\/uploads\/2022\/09\/corn-harvesting-machine-1-300x225.webp 300w\" sizes=\"auto, (max-width: 720px) 100vw, 720px\" \/><figcaption>maquina cosechadora de maiz<\/figcaption><\/figure>    <figure class=\"wp-block-table\"><table><tbody><tr><td>Modelo<\/td><td>4YZ-1<\/td><\/tr><tr><td>tama\u00f1o<\/td><td>1820\u00d7800\u00d71190mm<\/td><\/tr><tr><td>peso<\/td><td>265 kilos<\/td><\/tr><tr><td>Velocidad de trabajo<\/td><td>0,72-1,44 km\/h<\/td><\/tr><tr><td>Consumo de combustible del \u00e1rea de trabajo de la unidad<\/td><td>\u226410kg\/h\u33a1<\/td><\/tr><tr><td>horas de productividad<\/td><td>0,03-0,06 hect\u00e1reas\/hora<\/td><\/tr><tr><td>N\u00famero de palas<\/td><td>10<\/td><\/tr><\/tbody><\/table><\/figure>    <h2 class=\"wp-block-heading\" id=\"h-structure-of-maize-picker-machine\">Estructura de la m\u00e1quina recolectora de ma\u00edz. <\/h2>    <figure class=\"wp-block-image size-full\"><img loading=\"lazy\" decoding=\"async\" width=\"720\" height=\"540\" src=\"https:\/\/corn-machines.com\/wp-content\/uploads\/2022\/09\/maize-picker-machine.webp\" alt=\"m\u00e1quina recolectora de ma\u00edz \" class=\"wp-image-148\" srcset=\"https:\/\/corn-machines.com\/wp-content\/uploads\/2022\/09\/maize-picker-machine.webp 720w, https:\/\/corn-machines.com\/wp-content\/uploads\/2022\/09\/maize-picker-machine-300x225.webp 300w\" sizes=\"auto, (max-width: 720px) 100vw, 720px\" \/><figcaption>m\u00e1quina recolectora de ma\u00edz <\/figcaption><\/figure>    <p>La m\u00e1quina cosechadora de ma\u00edz de una sola hilera consta de neum\u00e1ticos, reposabrazos, botones de ajuste de marchas, neum\u00e1ticos y un motor. La m\u00e1quina puede equiparse con un motor di\u00e9sel o de gasolina. La m\u00e1quina tiene m\u00faltiples ajustes de marcha, se puede controlar la velocidad y los neum\u00e1ticos est\u00e1n hechos de goma.<\/p>    <h2 class=\"wp-block-heading\" id=\"h-advantages-of-corn-harvester\">Ventajas de la cosechadora de ma\u00edz.<\/h2>    <figure class=\"wp-block-gallery has-nested-images columns-default is-cropped wp-block-gallery-2 is-layout-flex wp-block-gallery-is-layout-flex\"> <figure class=\"wp-block-image size-large\"><img loading=\"lazy\" decoding=\"async\" width=\"720\" height=\"540\" data-id=\"149\" src=\"https:\/\/corn-machines.com\/wp-content\/uploads\/2022\/09\/corn-harvester-1.webp\" alt=\"cosechadora de maiz\" class=\"wp-image-149\" srcset=\"https:\/\/corn-machines.com\/wp-content\/uploads\/2022\/09\/corn-harvester-1.webp 720w, https:\/\/corn-machines.com\/wp-content\/uploads\/2022\/09\/corn-harvester-1-300x225.webp 300w\" sizes=\"auto, (max-width: 720px) 100vw, 720px\" \/><figcaption>cosechadora de maiz<\/figcaption><\/figure>    <figure class=\"wp-block-image size-large\"><img loading=\"lazy\" decoding=\"async\" width=\"720\" height=\"540\" data-id=\"150\" src=\"https:\/\/corn-machines.com\/wp-content\/uploads\/2022\/09\/corn-harvester-2.webp\" alt=\"cosechadora de maiz\" class=\"wp-image-150\" srcset=\"https:\/\/corn-machines.com\/wp-content\/uploads\/2022\/09\/corn-harvester-2.webp 720w, https:\/\/corn-machines.com\/wp-content\/uploads\/2022\/09\/corn-harvester-2-300x225.webp 300w\" sizes=\"auto, (max-width: 720px) 100vw, 720px\" \/><figcaption>cosechadora de maiz<\/figcaption><\/figure>    <figure class=\"wp-block-image size-large\"><img loading=\"lazy\" decoding=\"async\" width=\"720\" height=\"540\" data-id=\"151\" src=\"https:\/\/corn-machines.com\/wp-content\/uploads\/2022\/09\/corn-harvester-3.webp\" alt=\"cosechadora de maiz\" class=\"wp-image-151\" srcset=\"https:\/\/corn-machines.com\/wp-content\/uploads\/2022\/09\/corn-harvester-3.webp 720w, https:\/\/corn-machines.com\/wp-content\/uploads\/2022\/09\/corn-harvester-3-300x225.webp 300w\" sizes=\"auto, (max-width: 720px) 100vw, 720px\" \/><figcaption>cosechadora de maiz<\/figcaption><\/figure>    <figure class=\"wp-block-image size-large\"><img loading=\"lazy\" decoding=\"async\" width=\"720\" height=\"540\" data-id=\"152\" src=\"https:\/\/corn-machines.com\/wp-content\/uploads\/2022\/09\/corn-harvester-4.webp\" alt=\"cosechadora de maiz\" class=\"wp-image-152\" srcset=\"https:\/\/corn-machines.com\/wp-content\/uploads\/2022\/09\/corn-harvester-4.webp 720w, https:\/\/corn-machines.com\/wp-content\/uploads\/2022\/09\/corn-harvester-4-300x225.webp 300w\" sizes=\"auto, (max-width: 720px) 100vw, 720px\" \/><figcaption>cosechadora de maiz<\/figcaption><\/figure>    <figure class=\"wp-block-image size-large\"><img loading=\"lazy\" decoding=\"async\" width=\"720\" height=\"540\" data-id=\"153\" src=\"https:\/\/corn-machines.com\/wp-content\/uploads\/2022\/09\/corn-harvesting-machine-shipping.webp\" alt=\"Env\u00edo de la m\u00e1quina cosechadora de ma\u00edz.\" class=\"wp-image-153\" srcset=\"https:\/\/corn-machines.com\/wp-content\/uploads\/2022\/09\/corn-harvesting-machine-shipping.webp 720w, https:\/\/corn-machines.com\/wp-content\/uploads\/2022\/09\/corn-harvesting-machine-shipping-300x225.webp 300w\" sizes=\"auto, (max-width: 720px) 100vw, 720px\" \/><figcaption>Env\u00edo de la m\u00e1quina cosechadora de ma\u00edz.<\/figcaption><\/figure>    <figure class=\"wp-block-image size-large\"><img loading=\"lazy\" decoding=\"async\" width=\"720\" height=\"540\" data-id=\"154\" src=\"https:\/\/corn-machines.com\/wp-content\/uploads\/2022\/09\/corn-harvester-amchine.webp\" alt=\"m\u00e1quina cosechadora de ma\u00edz\" class=\"wp-image-154\" srcset=\"https:\/\/corn-machines.com\/wp-content\/uploads\/2022\/09\/corn-harvester-amchine.webp 720w, https:\/\/corn-machines.com\/wp-content\/uploads\/2022\/09\/corn-harvester-amchine-300x225.webp 300w\" sizes=\"auto, (max-width: 720px) 100vw, 720px\" \/><figcaption>m\u00e1quina cosechadora de ma\u00edz<\/figcaption><\/figure> <\/figure>    <ol class=\"wp-block-list\"><li>Ampl\u00ede la caja de agregados, que puede contener media bolsa de ma\u00edz a la vez, lo cual es m\u00e1s conveniente para ensacar<\/li><li>Cuchilla trituradora de aleaci\u00f3n de 12 piezas<\/li><li>El modelo de m\u00e1quina cosechadora de ma\u00edz es peque\u00f1o, de funcionamiento flexible, libre de moverse y menos restringido por el terreno.<\/li><li>Ajuste de m\u00faltiples engranajes, puede ajustar la velocidad de trabajo<\/li><\/ol>    <figure class=\"wp-block-embed is-type-video is-provider-youtube wp-block-embed-youtube wp-embed-aspect-16-9 wp-has-aspect-ratio\"><div class=\"wp-block-embed__wrapper\"> <iframe loading=\"lazy\" title=\"Peque\u00f1a cosechadora de ma\u00edz | Una m\u00e1quina cosechadora de ma\u00edz crudo | trituradora de tallos de ma\u00edz multifuncional\" width=\"500\" height=\"281\" src=\"https:\/\/www.youtube.com\/embed\/dnuDU_P6r60?feature=oembed\" frameborder=\"0\" allow=\"accelerometer; autoplay; clipboard-write; encrypted-media; gyroscope; picture-in-picture; web-share\" referrerpolicy=\"strict-origin-when-cross-origin\" allowfullscreen><\/iframe> <\/div><figcaption>m\u00e1quina recolectora de ma\u00edz<\/figcaption><\/figure>","protected":false},"excerpt":{"rendered":"<p>Una m\u00e1quina cosechadora de ma\u00edz para cosechar ma\u00edz y devolver los tallos al campo.<\/p>","protected":false},"author":1,"featured_media":143,"parent":0,"template":"","tags":[19,35],"product-type":[3],"class_list":["post-100","product","type-product","status-publish","has-post-thumbnail","hentry","tag-corn-harvesting-machine","tag-corn-treshing-machine","product-type-corn-harvesting-machine"],"_links":{"self":[{"href":"https:\/\/corn-machines.com\/es\/wp-json\/wp\/v2\/product\/100","targetHints":{"allow":["GET"]}}],"collection":[{"href":"https:\/\/corn-machines.com\/es\/wp-json\/wp\/v2\/product"}],"about":[{"href":"https:\/\/corn-machines.com\/es\/wp-json\/wp\/v2\/types\/product"}],"author":[{"embeddable":true,"href":"https:\/\/corn-machines.com\/es\/wp-json\/wp\/v2\/users\/1"}],"wp:featuredmedia":[{"embeddable":true,"href":"https:\/\/corn-machines.com\/es\/wp-json\/wp\/v2\/media\/143"}],"wp:attachment":[{"href":"https:\/\/corn-machines.com\/es\/wp-json\/wp\/v2\/media?parent=100"}],"wp:term":[{"taxonomy":"post_tag","embeddable":true,"href":"https:\/\/corn-machines.com\/es\/wp-json\/wp\/v2\/tags?post=100"},{"taxonomy":"product-type","embeddable":true,"href":"https:\/\/corn-machines.com\/es\/wp-json\/wp\/v2\/product-type?post=100"}],"curies":[{"name":"wp","href":"https:\/\/api.w.org\/{rel}","templated":true}]}}