{"id":24,"date":"2022-09-06T07:20:01","date_gmt":"2022-09-06T07:20:01","guid":{"rendered":"https:\/\/corn-machines.com\/?page_id=24"},"modified":"2022-09-15T08:45:03","modified_gmt":"2022-09-15T08:45:03","slug":"about-us","status":"publish","type":"page","link":"https:\/\/corn-machines.com\/es\/about-us\/","title":{"rendered":"Sobre nosotros"},"content":{"rendered":"<p>Taizy es una empresa de equipos de procesamiento de ma\u00edz. Nuestra empresa puede proporcionar a los productores de ma\u00edz las m\u00e1quinas m\u00e1s completas y un servicio integral para brindar a los clientes los servicios m\u00e1s libres de preocupaciones y que ahorren tiempo. Contamos con cinco categor\u00edas principales de m\u00e1quinas, que incluyen sembradoras de ma\u00edz, cosechadoras de ma\u00edz, trilladoras de ma\u00edz, m\u00e1quinas para fabricar s\u00e9mola de ma\u00edz y secadoras de ma\u00edz. Nuestros clientes provienen de todo el mundo y los pa\u00edses donde m\u00e1s se venden m\u00e1quinas procesadoras de ma\u00edz son Italia, Bangladesh, Turqu\u00eda, Dubai, Estados Unidos, Nigeria, Ecuador y otros pa\u00edses.<\/p>    <figure class=\"wp-block-image size-full\"><img loading=\"lazy\" decoding=\"async\" width=\"720\" height=\"540\" src=\"https:\/\/corn-machines.com\/wp-content\/uploads\/2022\/09\/customer-visit.webp\" alt=\"visita de cliente\" class=\"wp-image-340\" srcset=\"https:\/\/corn-machines.com\/wp-content\/uploads\/2022\/09\/customer-visit.webp 720w, https:\/\/corn-machines.com\/wp-content\/uploads\/2022\/09\/customer-visit-300x225.webp 300w\" sizes=\"auto, (max-width: 720px) 100vw, 720px\" \/><figcaption>visita de cliente<\/figcaption><\/figure>    <h2 class=\"wp-block-heading\" id=\"h-what-can-we-do-for-our-clients\">\u00bfQu\u00e9 podemos hacer por nuestros clientes?<\/h2>    <figure class=\"wp-block-image size-full\"><img loading=\"lazy\" decoding=\"async\" width=\"750\" height=\"342\" src=\"https:\/\/corn-machines.com\/wp-content\/uploads\/2022\/09\/Qualification-certificate.webp\" alt=\"Certificado de calificaci\u00f3n\" class=\"wp-image-341\" srcset=\"https:\/\/corn-machines.com\/wp-content\/uploads\/2022\/09\/Qualification-certificate.webp 750w, https:\/\/corn-machines.com\/wp-content\/uploads\/2022\/09\/Qualification-certificate-300x137.webp 300w\" sizes=\"auto, (max-width: 750px) 100vw, 750px\" \/><figcaption>Certificado de calificaci\u00f3n<\/figcaption><\/figure>    <p>Maquina de pruebas. Taizai puede proporcionar a los clientes m\u00e1quinas de prueba y luego enviar videos relacionados para mostrar el efecto de funcionamiento de las m\u00e1quinas.<br>Proporcionar una soluci\u00f3n razonable. Proporcionaremos a los clientes soluciones razonables y las sugerencias m\u00e1s efectivas seg\u00fan las necesidades de cada cliente.<br>Resuelva el problema de los clientes que utilizan la m\u00e1quina. Despu\u00e9s de que los clientes compren la m\u00e1quina, si encuentran problemas durante el uso, Taizy tambi\u00e9n ayudar\u00e1 a resolverlos.<\/p>    <figure class=\"wp-block-image size-full\"><img loading=\"lazy\" decoding=\"async\" width=\"720\" height=\"540\" src=\"https:\/\/corn-machines.com\/wp-content\/uploads\/2022\/09\/corn.webp\" alt=\"ma\u00edz\" class=\"wp-image-342\" srcset=\"https:\/\/corn-machines.com\/wp-content\/uploads\/2022\/09\/corn.webp 720w, https:\/\/corn-machines.com\/wp-content\/uploads\/2022\/09\/corn-300x225.webp 300w\" sizes=\"auto, (max-width: 720px) 100vw, 720px\" \/><figcaption>ma\u00edz<\/figcaption><\/figure>    <h2 class=\"wp-block-heading\" id=\"h-the-growth-history-of-taize-company\">La historia de crecimiento de la empresa Taize<\/h2>    <figure class=\"wp-block-image size-full\"><img loading=\"lazy\" decoding=\"async\" width=\"750\" height=\"521\" src=\"https:\/\/corn-machines.com\/wp-content\/uploads\/2022\/09\/taizy-company.webp\" alt=\"empresa taizy\" class=\"wp-image-343\" srcset=\"https:\/\/corn-machines.com\/wp-content\/uploads\/2022\/09\/taizy-company.webp 750w, https:\/\/corn-machines.com\/wp-content\/uploads\/2022\/09\/taizy-company-300x208.webp 300w\" sizes=\"auto, (max-width: 750px) 100vw, 750px\" \/><figcaption>empresa taizy<\/figcaption><\/figure>    <p>Taize es una empresa con 20 a\u00f1os de antig\u00fcedad. Hemos pasado de ser una peque\u00f1a f\u00e1brica a una producci\u00f3n en masa a gran escala. Hemos crecido junto con nuestros clientes y tenemos una cooperaci\u00f3n a largo plazo con m\u00e1s de una docena de clientes. Habr\u00e1 un horario fijo para compras al por mayor cada a\u00f1o, Taizy es su socio m\u00e1s confiable, tenemos una amplia experiencia en importaci\u00f3n y exportaci\u00f3n y comunicaci\u00f3n con el cliente, y podemos trabajar de manera eficiente tanto en los procesos de importaci\u00f3n y exportaci\u00f3n como en la producci\u00f3n de documentos.<\/p>    <figure class=\"wp-block-image size-full\"><img loading=\"lazy\" decoding=\"async\" width=\"750\" height=\"903\" src=\"https:\/\/corn-machines.com\/wp-content\/uploads\/2022\/09\/Taizy-factory.webp\" alt=\"F\u00e1brica de Taizy\" class=\"wp-image-344\" srcset=\"https:\/\/corn-machines.com\/wp-content\/uploads\/2022\/09\/Taizy-factory.webp 750w, https:\/\/corn-machines.com\/wp-content\/uploads\/2022\/09\/Taizy-factory-249x300.webp 249w\" sizes=\"auto, (max-width: 750px) 100vw, 750px\" \/><figcaption>F\u00e1brica de Taizy<\/figcaption><\/figure>","protected":false},"excerpt":{"rendered":"<p>Taizy is a corn processing equipment company. Our company can provide corn producers with the most comprehensive machines and one-stop service to provide customers with the most worry-free and time-saving services. We have five major categories of machines, including corn planters, corn harvesters, corn threshers, corn grits-making machines, and corn dryers. Our customers come from [&hellip;]<\/p>\n","protected":false},"author":1,"featured_media":0,"parent":0,"menu_order":0,"comment_status":"closed","ping_status":"closed","template":"","meta":{"footnotes":""},"class_list":["post-24","page","type-page","status-publish","hentry"],"_links":{"self":[{"href":"https:\/\/corn-machines.com\/es\/wp-json\/wp\/v2\/pages\/24","targetHints":{"allow":["GET"]}}],"collection":[{"href":"https:\/\/corn-machines.com\/es\/wp-json\/wp\/v2\/pages"}],"about":[{"href":"https:\/\/corn-machines.com\/es\/wp-json\/wp\/v2\/types\/page"}],"author":[{"embeddable":true,"href":"https:\/\/corn-machines.com\/es\/wp-json\/wp\/v2\/users\/1"}],"replies":[{"embeddable":true,"href":"https:\/\/corn-machines.com\/es\/wp-json\/wp\/v2\/comments?post=24"}],"version-history":[{"count":0,"href":"https:\/\/corn-machines.com\/es\/wp-json\/wp\/v2\/pages\/24\/revisions"}],"wp:attachment":[{"href":"https:\/\/corn-machines.com\/es\/wp-json\/wp\/v2\/media?parent=24"}],"curies":[{"name":"wp","href":"https:\/\/api.w.org\/{rel}","templated":true}]}}